{"id":1132,"date":"2021-07-07T10:19:14","date_gmt":"2021-07-07T10:19:14","guid":{"rendered":"https:\/\/turismo.concellodeguitiriz.com\/camino\/camino-2\/"},"modified":"2026-02-13T12:52:31","modified_gmt":"2026-02-13T12:52:31","slug":"camino-2","status":"publish","type":"page","link":"https:\/\/turismo.concellodeguitiriz.com\/en\/camino\/camino-2\/","title":{"rendered":"La nueva variante del camino"},"content":{"rendered":"<p>[vc_row foundry_padding=&#8221;pt64 pb64&#8243; foundry_parallax=&#8221;not-parallax&#8221; css=&#8221;.vc_custom_1642008928208{background-image: url(https:\/\/turismo.concellodeguitiriz.com\/wp-content\/uploads\/2021\/07\/camino-bgwhite.svg?id=293) !important;background-position: center !important;background-repeat: no-repeat !important;background-size: cover !important;}&#8221;][vc_column][vc_row_inner el_class=&#8221;menu-atras&#8221;][vc_column_inner width=&#8221;1\/2&#8243;][vc_column_text]<a href=\"\/es\/camino\/\"><i class=\"fas fa-long-arrow-alt-left\"><\/i> Back Camino de Santiago<\/a>[\/vc_column_text][\/vc_column_inner][vc_column_inner width=&#8221;1\/2&#8243;][vc_column_text]<\/p>\n<p style=\"text-align: right;\"><a href=\"\/es\/camino\/camino-1\/\">See the Stage Baamonde &#8211; Sobrado through Santa Leocadia \u2013 Miraz <i class=\"fas fa-long-arrow-alt-right\"><\/i><\/a><\/p>\n<p>[\/vc_column_text][\/vc_column_inner][\/vc_row_inner][vc_row_inner][vc_column_inner width=&#8221;2\/3&#8243; offset=&#8221;vc_col-lg-offset-2 vc_col-md-offset-2&#8243;][vc_column_text]<\/p>\n<h1 style=\"text-align: center;\">Stage Baamonde &#8211; Sobrado through Vilar &#8211; As Cruces (32 km)<\/h1>\n<p>[\/vc_column_text][\/vc_column_inner][\/vc_row_inner][\/vc_column][\/vc_row][vc_row foundry_padding=&#8221;pb0&#8243; el_class=&#8221;hidden&#8221;][vc_column][vc_row_inner el_class=&#8221;ico-rutas hidden-xs hidden-sm&#8221;][vc_column_inner width=&#8221;1\/3&#8243;][vc_single_image image=&#8221;83&#8243; img_size=&#8221;full&#8221; alignment=&#8221;center&#8221; el_class=&#8221;ico&#8221;][vc_column_text]<\/p>\n<p style=\"text-align: center;\">Difficulty level:<\/p>\n<p style=\"text-align: center;\"><strong class=\"dificultad baja\">Medium &#8211; low<\/strong><\/p>\n<p>[\/vc_column_text][\/vc_column_inner][vc_column_inner width=&#8221;1\/3&#8243;][vc_single_image image=&#8221;85&#8243; img_size=&#8221;full&#8221; alignment=&#8221;center&#8221; el_class=&#8221;ico&#8221;][vc_column_text]<\/p>\n<p style=\"text-align: center;\">Duration:<\/p>\n<p style=\"text-align: center;\"><strong>1:25h<\/strong><\/p>\n<p>[\/vc_column_text][\/vc_column_inner][vc_column_inner width=&#8221;1\/3&#8243;][vc_single_image image=&#8221;81&#8243; img_size=&#8221;full&#8221; alignment=&#8221;center&#8221; el_class=&#8221;ico&#8221;][vc_column_text]<\/p>\n<p style=\"text-align: center;\">Distance:<\/p>\n<p style=\"text-align: center;\"><strong>7,7km<\/strong><\/p>\n<p>[\/vc_column_text][\/vc_column_inner][\/vc_row_inner][vc_row_inner equal_height=&#8221;yes&#8221; content_placement=&#8221;middle&#8221; el_class=&#8221;info-rutas visible-xs visible-sm&#8221;][vc_column_inner width=&#8221;1\/4&#8243; offset=&#8221;vc_col-xs-3&#8243;][vc_single_image image=&#8221;83&#8243; img_size=&#8221;full&#8221; alignment=&#8221;center&#8221; el_class=&#8221;ico&#8221;][\/vc_column_inner][vc_column_inner width=&#8221;3\/4&#8243; offset=&#8221;vc_col-xs-9&#8243;][vc_column_text]<\/p>\n<p style=\"text-align: left;\">Difficulty level: <strong class=\"dificultad baja\">Medium &#8211; low<\/strong><\/p>\n<p>[\/vc_column_text][\/vc_column_inner][\/vc_row_inner][vc_row_inner equal_height=&#8221;yes&#8221; content_placement=&#8221;middle&#8221; el_class=&#8221;info-rutas visible-xs visible-sm&#8221;][vc_column_inner width=&#8221;1\/4&#8243; offset=&#8221;vc_col-xs-3&#8243;][vc_single_image image=&#8221;85&#8243; img_size=&#8221;full&#8221; alignment=&#8221;center&#8221; el_class=&#8221;ico&#8221;][\/vc_column_inner][vc_column_inner width=&#8221;3\/4&#8243; offset=&#8221;vc_col-xs-9&#8243;][vc_column_text]<\/p>\n<p style=\"text-align: left;\">Duration: <strong>1:25h<\/strong><\/p>\n<p>[\/vc_column_text][\/vc_column_inner][\/vc_row_inner][vc_row_inner equal_height=&#8221;yes&#8221; content_placement=&#8221;middle&#8221; el_class=&#8221;info-rutas visible-xs visible-sm&#8221;][vc_column_inner width=&#8221;1\/4&#8243; offset=&#8221;vc_col-xs-3&#8243;][vc_single_image image=&#8221;81&#8243; img_size=&#8221;full&#8221; alignment=&#8221;center&#8221; el_class=&#8221;ico&#8221;][\/vc_column_inner][vc_column_inner width=&#8221;3\/4&#8243; offset=&#8221;vc_col-xs-9&#8243;][vc_column_text]<\/p>\n<p style=\"text-align: left;\">Distance: <strong>7,7km<\/strong><\/p>\n<p>[\/vc_column_text][\/vc_column_inner][\/vc_row_inner][\/vc_column][\/vc_row][vc_row foundry_padding=&#8221;pt64 pb64&#8243;][vc_column][vc_row_inner][vc_column_inner width=&#8221;2\/3&#8243; offset=&#8221;vc_col-lg-offset-2 vc_col-md-offset-2&#8243;][vc_column_text]<\/p>\n<p style=\"text-align: justify;\">This new route, signposted by the Xunta de Galicia in 2017, also starts in San Alberte and coincides with the other variant for several kilometres until reaching Toar, where they separate.<\/p>\n<p style=\"text-align: justify;\">The town of Toar belongs to the parish of Sambreixo. When we cross the beautiful village, we can see the little river of Toar which rises a little further to the left, in Eirexe, the site of the parish church of Sambreixo. Following the stream, which flows into the Parga River, we can see an old washhouse.<\/p>\n<p style=\"text-align: justify;\">A little further on, the path forks, on the right we take the route towards Pobra de Parga along a path surrounded by nature until the Rego de Portofontao junction. There we turn left towards A Belouchada.<\/p>\n<p style=\"text-align: justify;\">In A Belouchada we can see two crosses and the houses of the place. If we continue the route, we see the first houses of A Pobra with a landscape of lush forests and beautiful groves.<\/p>\n<p>[\/vc_column_text][\/vc_column_inner][\/vc_row_inner][\/vc_column][\/vc_row][vc_row full_width=&#8221;stretch_row_content_no_spaces&#8221; foundry_padding=&#8221;pt64 pb64&#8243; el_class=&#8221;row-fotos&#8221;][vc_column width=&#8221;1\/3&#8243;][vc_single_image image=&#8221;208&#8243; img_size=&#8221;full&#8221; alignment=&#8221;center&#8221;][\/vc_column][vc_column width=&#8221;1\/3&#8243;][vc_single_image image=&#8221;210&#8243; img_size=&#8221;full&#8221; alignment=&#8221;center&#8221;][\/vc_column][vc_column width=&#8221;1\/3&#8243;][vc_single_image image=&#8221;212&#8243; img_size=&#8221;full&#8221; alignment=&#8221;center&#8221;][\/vc_column][\/vc_row][vc_row foundry_padding=&#8221;pt64 pb64&#8243;][vc_column][vc_row_inner][vc_column_inner width=&#8221;2\/3&#8243; offset=&#8221;vc_col-lg-offset-2 vc_col-md-offset-2&#8243;][vc_column_text]A Pobra, a pre-Roman castrex enclosure, has the Parish Church of Santo Estevo and the 16th-century Castle of Parga, which has a small legend. It is said that during the reign of the Catholic Monarchs it was converted into a prison and that the groans of the prisoners could be heard throughout Parga when they were tortured.<\/p>\n<p>After passing through A Pobra, we head towards Ferreira and Monteme\u00e1. Upon reaching the place of Monteme\u00e1, the pilgrim will come across a crossroads, and must take the left hand side along the dirt track, and about 500 meters away take a path that will take him to the place of Rebordi\u00f1os do Monte to continue to Vilar.<\/p>\n<p>From Vilar, continue a stretch along the road until reaching the parish of As Negradas. Just before, where the sign with the name of the parish is located, we must take a path on the right hand side that will take us towards Penabranca, and from there we go to As Cruces to finally reach Sobrado, where the stage ends.[\/vc_column_text][vc_message]Santiago\u00b4s North Path reaches the declaration of World Heritage along with the Primitive Path, a declaration granted by Unesco in July 2015.[\/vc_message][\/vc_column_inner][\/vc_row_inner][\/vc_column][\/vc_row][vc_row foundry_background_style=&#8221;bg-secondary&#8221; foundry_padding=&#8221;pt0 pb0&#8243; el_class=&#8221;prefooter&#8221;][vc_column][vc_row_inner][vc_column_inner][vc_column_text]<\/p>\n<h3 style=\"text-align: center;\">Download the brochure<\/h3>\n<h3 style=\"text-align: center;\">the North Path walk-through Guitiriz.<\/h3>\n<p style=\"text-align: center;\"><a href=\"https:\/\/turismo.concellodeguitiriz.com\/wp-content\/uploads\/2026\/02\/folleto-xacobeo-guitiriz-2026.pdf\" target=\"_blank\" rel=\"noopener\">Download<\/a><\/p>\n<p>[\/vc_column_text][\/vc_column_inner][\/vc_row_inner][\/vc_column][\/vc_row]<\/p>\n","protected":false},"excerpt":{"rendered":"<p>[vc_row foundry_padding=&#8221;pt64 pb64&#8243; foundry_parallax=&#8221;not-parallax&#8221; css=&#8221;.vc_custom_1642008928208{background-image: url(https:\/\/turismo.concellodeguitiriz.com\/wp-content\/uploads\/2021\/07\/camino-bgwhite.svg?id=293) !important;background-position: center !important;background-repeat: no-repeat !important;background-size: cover !important;}&#8221;][vc_column][vc_row_inner el_class=&#8221;menu-atras&#8221;][vc_column_inner width=&#8221;1\/2&#8243;][vc_column_text] Back Camino de Santiago[\/vc_column_text][\/vc_column_inner][vc_column_inner width=&#8221;1\/2&#8243;][vc_column_text] See&#8230;<\/p>\n","protected":false},"author":1,"featured_media":0,"parent":1118,"menu_order":0,"comment_status":"closed","ping_status":"closed","template":"","meta":{"footnotes":"","_links_to":"","_links_to_target":""},"class_list":["post-1132","page","type-page","status-publish","hentry"],"yoast_head":"<!-- This site is optimized with the Yoast SEO plugin v19.13 - https:\/\/yoast.com\/wordpress\/plugins\/seo\/ -->\n<title>La nueva variante del camino | Turismo de Guitiriz<\/title>\n<meta name=\"description\" content=\"El Camino Primitivo de Santiago surge de la b\u00fasqueda de criterios hist\u00f3ricos y medio ambientales. Este nuevo recorrido permite a los caminantes conocer Guitiriz m\u00e1s a fondo y disfrutar de su riqueza natural, hist\u00f3rica y cultura de la Tierra de la Piedra y el Agua.\" \/>\n<meta name=\"robots\" content=\"index, follow, max-snippet:-1, max-image-preview:large, max-video-preview:-1\" \/>\n<link rel=\"canonical\" href=\"https:\/\/turismo.concellodeguitiriz.com\/en\/camino\/camino-2\/\" \/>\n<meta property=\"og:locale\" content=\"en_US\" \/>\n<meta property=\"og:type\" content=\"article\" \/>\n<meta property=\"og:title\" content=\"El Camino Primitivo | Turismo de Guitiriz\" \/>\n<meta property=\"og:description\" content=\"El Camino Primitivo de Santiago surge de la b\u00fasqueda de criterios hist\u00f3ricos y medio ambientales. Este nuevo recorrido permite a los caminantes conocer Guitiriz m\u00e1s a fondo y disfrutar de su riqueza natural, hist\u00f3rica y cultura de la Tierra de la Piedra y el Agua.\" \/>\n<meta property=\"og:url\" content=\"https:\/\/turismo.concellodeguitiriz.com\/en\/camino\/camino-2\/\" \/>\n<meta property=\"og:site_name\" content=\"Turismo de Guitiriz\" \/>\n<meta property=\"article:publisher\" content=\"https:\/\/www.facebook.com\/concellodeguitiriz\/\" \/>\n<meta property=\"article:modified_time\" content=\"2026-02-13T12:52:31+00:00\" \/>\n<meta name=\"twitter:card\" content=\"summary_large_image\" \/>\n<meta name=\"twitter:title\" content=\"El Camino Primitivo | Turismo de Guitiriz\" \/>\n<meta name=\"twitter:description\" content=\"El Camino Primitivo de Santiago surge de la b\u00fasqueda de criterios hist\u00f3ricos y medio ambientales. Este nuevo recorrido permite a los caminantes conocer Guitiriz m\u00e1s a fondo y disfrutar de su riqueza natural, hist\u00f3rica y cultura de la Tierra de la Piedra y el Agua.\" \/>\n<meta name=\"twitter:label1\" content=\"Est. reading time\" \/>\n\t<meta name=\"twitter:data1\" content=\"3 minutes\" \/>\n<script type=\"application\/ld+json\" class=\"yoast-schema-graph\">{\"@context\":\"https:\/\/schema.org\",\"@graph\":[{\"@type\":\"WebPage\",\"@id\":\"https:\/\/turismo.concellodeguitiriz.com\/en\/camino\/camino-2\/\",\"url\":\"https:\/\/turismo.concellodeguitiriz.com\/en\/camino\/camino-2\/\",\"name\":\"La nueva variante del camino | Turismo de Guitiriz\",\"isPartOf\":{\"@id\":\"https:\/\/turismo.concellodeguitiriz.com\/#website\"},\"datePublished\":\"2021-07-07T10:19:14+00:00\",\"dateModified\":\"2026-02-13T12:52:31+00:00\",\"description\":\"El Camino Primitivo de Santiago surge de la b\u00fasqueda de criterios hist\u00f3ricos y medio ambientales. Este nuevo recorrido permite a los caminantes conocer Guitiriz m\u00e1s a fondo y disfrutar de su riqueza natural, hist\u00f3rica y cultura de la Tierra de la Piedra y el Agua.\",\"breadcrumb\":{\"@id\":\"https:\/\/turismo.concellodeguitiriz.com\/en\/camino\/camino-2\/#breadcrumb\"},\"inLanguage\":\"en-US\",\"potentialAction\":[{\"@type\":\"ReadAction\",\"target\":[\"https:\/\/turismo.concellodeguitiriz.com\/en\/camino\/camino-2\/\"]}]},{\"@type\":\"BreadcrumbList\",\"@id\":\"https:\/\/turismo.concellodeguitiriz.com\/en\/camino\/camino-2\/#breadcrumb\",\"itemListElement\":[{\"@type\":\"ListItem\",\"position\":1,\"name\":\"Portada\",\"item\":\"https:\/\/turismo.concellodeguitiriz.com\/en\/\"},{\"@type\":\"ListItem\",\"position\":2,\"name\":\"El Camino de Santiago\",\"item\":\"https:\/\/turismo.concellodeguitiriz.com\/en\/camino\/\"},{\"@type\":\"ListItem\",\"position\":3,\"name\":\"La nueva variante del camino\"}]},{\"@type\":\"WebSite\",\"@id\":\"https:\/\/turismo.concellodeguitiriz.com\/#website\",\"url\":\"https:\/\/turismo.concellodeguitiriz.com\/\",\"name\":\"Turismo de Guitiriz\",\"description\":\"Concello de Guitiriz\",\"publisher\":{\"@id\":\"https:\/\/turismo.concellodeguitiriz.com\/#organization\"},\"potentialAction\":[{\"@type\":\"SearchAction\",\"target\":{\"@type\":\"EntryPoint\",\"urlTemplate\":\"https:\/\/turismo.concellodeguitiriz.com\/?s={search_term_string}\"},\"query-input\":\"required name=search_term_string\"}],\"inLanguage\":\"en-US\"},{\"@type\":\"Organization\",\"@id\":\"https:\/\/turismo.concellodeguitiriz.com\/#organization\",\"name\":\"Turismo Guitiriz\",\"url\":\"https:\/\/turismo.concellodeguitiriz.com\/\",\"logo\":{\"@type\":\"ImageObject\",\"inLanguage\":\"en-US\",\"@id\":\"https:\/\/turismo.concellodeguitiriz.com\/#\/schema\/logo\/image\/\",\"url\":\"https:\/\/turismo.concellodeguitiriz.com\/wp-content\/uploads\/2021\/06\/g-turismo-logopos.png\",\"contentUrl\":\"https:\/\/turismo.concellodeguitiriz.com\/wp-content\/uploads\/2021\/06\/g-turismo-logopos.png\",\"width\":2001,\"height\":1024,\"caption\":\"Turismo Guitiriz\"},\"image\":{\"@id\":\"https:\/\/turismo.concellodeguitiriz.com\/#\/schema\/logo\/image\/\"},\"sameAs\":[\"https:\/\/www.instagram.com\/guitirizigualdade\/\",\"https:\/\/www.facebook.com\/concellodeguitiriz\/\"]}]}<\/script>\n<!-- \/ Yoast SEO plugin. -->","yoast_head_json":{"title":"La nueva variante del camino | Turismo de Guitiriz","description":"El Camino Primitivo de Santiago surge de la b\u00fasqueda de criterios hist\u00f3ricos y medio ambientales. Este nuevo recorrido permite a los caminantes conocer Guitiriz m\u00e1s a fondo y disfrutar de su riqueza natural, hist\u00f3rica y cultura de la Tierra de la Piedra y el Agua.","robots":{"index":"index","follow":"follow","max-snippet":"max-snippet:-1","max-image-preview":"max-image-preview:large","max-video-preview":"max-video-preview:-1"},"canonical":"https:\/\/turismo.concellodeguitiriz.com\/en\/camino\/camino-2\/","og_locale":"en_US","og_type":"article","og_title":"El Camino Primitivo | Turismo de Guitiriz","og_description":"El Camino Primitivo de Santiago surge de la b\u00fasqueda de criterios hist\u00f3ricos y medio ambientales. Este nuevo recorrido permite a los caminantes conocer Guitiriz m\u00e1s a fondo y disfrutar de su riqueza natural, hist\u00f3rica y cultura de la Tierra de la Piedra y el Agua.","og_url":"https:\/\/turismo.concellodeguitiriz.com\/en\/camino\/camino-2\/","og_site_name":"Turismo de Guitiriz","article_publisher":"https:\/\/www.facebook.com\/concellodeguitiriz\/","article_modified_time":"2026-02-13T12:52:31+00:00","twitter_card":"summary_large_image","twitter_title":"El Camino Primitivo | Turismo de Guitiriz","twitter_description":"El Camino Primitivo de Santiago surge de la b\u00fasqueda de criterios hist\u00f3ricos y medio ambientales. Este nuevo recorrido permite a los caminantes conocer Guitiriz m\u00e1s a fondo y disfrutar de su riqueza natural, hist\u00f3rica y cultura de la Tierra de la Piedra y el Agua.","twitter_misc":{"Est. reading time":"3 minutes"},"schema":{"@context":"https:\/\/schema.org","@graph":[{"@type":"WebPage","@id":"https:\/\/turismo.concellodeguitiriz.com\/en\/camino\/camino-2\/","url":"https:\/\/turismo.concellodeguitiriz.com\/en\/camino\/camino-2\/","name":"La nueva variante del camino | Turismo de Guitiriz","isPartOf":{"@id":"https:\/\/turismo.concellodeguitiriz.com\/#website"},"datePublished":"2021-07-07T10:19:14+00:00","dateModified":"2026-02-13T12:52:31+00:00","description":"El Camino Primitivo de Santiago surge de la b\u00fasqueda de criterios hist\u00f3ricos y medio ambientales. Este nuevo recorrido permite a los caminantes conocer Guitiriz m\u00e1s a fondo y disfrutar de su riqueza natural, hist\u00f3rica y cultura de la Tierra de la Piedra y el Agua.","breadcrumb":{"@id":"https:\/\/turismo.concellodeguitiriz.com\/en\/camino\/camino-2\/#breadcrumb"},"inLanguage":"en-US","potentialAction":[{"@type":"ReadAction","target":["https:\/\/turismo.concellodeguitiriz.com\/en\/camino\/camino-2\/"]}]},{"@type":"BreadcrumbList","@id":"https:\/\/turismo.concellodeguitiriz.com\/en\/camino\/camino-2\/#breadcrumb","itemListElement":[{"@type":"ListItem","position":1,"name":"Portada","item":"https:\/\/turismo.concellodeguitiriz.com\/en\/"},{"@type":"ListItem","position":2,"name":"El Camino de Santiago","item":"https:\/\/turismo.concellodeguitiriz.com\/en\/camino\/"},{"@type":"ListItem","position":3,"name":"La nueva variante del camino"}]},{"@type":"WebSite","@id":"https:\/\/turismo.concellodeguitiriz.com\/#website","url":"https:\/\/turismo.concellodeguitiriz.com\/","name":"Turismo de Guitiriz","description":"Concello de Guitiriz","publisher":{"@id":"https:\/\/turismo.concellodeguitiriz.com\/#organization"},"potentialAction":[{"@type":"SearchAction","target":{"@type":"EntryPoint","urlTemplate":"https:\/\/turismo.concellodeguitiriz.com\/?s={search_term_string}"},"query-input":"required name=search_term_string"}],"inLanguage":"en-US"},{"@type":"Organization","@id":"https:\/\/turismo.concellodeguitiriz.com\/#organization","name":"Turismo Guitiriz","url":"https:\/\/turismo.concellodeguitiriz.com\/","logo":{"@type":"ImageObject","inLanguage":"en-US","@id":"https:\/\/turismo.concellodeguitiriz.com\/#\/schema\/logo\/image\/","url":"https:\/\/turismo.concellodeguitiriz.com\/wp-content\/uploads\/2021\/06\/g-turismo-logopos.png","contentUrl":"https:\/\/turismo.concellodeguitiriz.com\/wp-content\/uploads\/2021\/06\/g-turismo-logopos.png","width":2001,"height":1024,"caption":"Turismo Guitiriz"},"image":{"@id":"https:\/\/turismo.concellodeguitiriz.com\/#\/schema\/logo\/image\/"},"sameAs":["https:\/\/www.instagram.com\/guitirizigualdade\/","https:\/\/www.facebook.com\/concellodeguitiriz\/"]}]}},"_links":{"self":[{"href":"https:\/\/turismo.concellodeguitiriz.com\/en\/wp-json\/wp\/v2\/pages\/1132","targetHints":{"allow":["GET"]}}],"collection":[{"href":"https:\/\/turismo.concellodeguitiriz.com\/en\/wp-json\/wp\/v2\/pages"}],"about":[{"href":"https:\/\/turismo.concellodeguitiriz.com\/en\/wp-json\/wp\/v2\/types\/page"}],"author":[{"embeddable":true,"href":"https:\/\/turismo.concellodeguitiriz.com\/en\/wp-json\/wp\/v2\/users\/1"}],"replies":[{"embeddable":true,"href":"https:\/\/turismo.concellodeguitiriz.com\/en\/wp-json\/wp\/v2\/comments?post=1132"}],"version-history":[{"count":4,"href":"https:\/\/turismo.concellodeguitiriz.com\/en\/wp-json\/wp\/v2\/pages\/1132\/revisions"}],"predecessor-version":[{"id":1484,"href":"https:\/\/turismo.concellodeguitiriz.com\/en\/wp-json\/wp\/v2\/pages\/1132\/revisions\/1484"}],"up":[{"embeddable":true,"href":"https:\/\/turismo.concellodeguitiriz.com\/en\/wp-json\/wp\/v2\/pages\/1118"}],"wp:attachment":[{"href":"https:\/\/turismo.concellodeguitiriz.com\/en\/wp-json\/wp\/v2\/media?parent=1132"}],"curies":[{"name":"wp","href":"https:\/\/api.w.org\/{rel}","templated":true}]}}