{"id":1147,"date":"2021-07-15T19:14:02","date_gmt":"2021-07-15T19:14:02","guid":{"rendered":"https:\/\/turismo.concellodeguitiriz.com\/turismo-de-guitiriz-2\/"},"modified":"2026-02-12T09:20:14","modified_gmt":"2026-02-12T09:20:14","slug":"turismo-de-guitiriz-2","status":"publish","type":"page","link":"https:\/\/turismo.concellodeguitiriz.com\/en\/","title":{"rendered":"Turismo de Guitiriz"},"content":{"rendered":"<p>[vc_row full_width=&#8221;stretch_row_content_no_spaces&#8221; foundry_padding=&#8221;pt0 pb0&#8243; el_class=&#8221;fila-video hidden-xs hidden-sm&#8221;][vc_column][vc_raw_html]JTNDdmlkZW8lMjBhdXRvcGxheSUyMGxvb3AlMjBjb250cm9scyUyMG11dGVkJTIwaWQlM0QlMjJteVZpZGVvJTIyJTNFJTBBJTIwJTIwJTIwJTIwJTNDc291cmNlJTIwc3JjJTNEJTIyJTJGd3AtY29udGVudCUyRnVwbG9hZHMlMkYyMDIxJTJGMDclMkZ2aWRlb19ndWl0aXJpel9pbmljaW8ubXA0JTIyJTIwdHlwZSUzRCUyMnZpZGVvJTJGbXA0JTIyJTNFJTBBJTNDJTJGdmlkZW8lM0U=[\/vc_raw_html][vc_row_inner equal_height=&#8221;yes&#8221; content_placement=&#8221;middle&#8221; el_class=&#8221;titulo-home&#8221;][vc_column_inner][vc_column_text]<\/p>\n<h1 style=\"text-align: center;\">\u00a0Meet the land<\/h1>\n<h1 style=\"text-align: center;\">of water and stone<\/h1>\n<p>[\/vc_column_text][\/vc_column_inner][\/vc_row_inner][vc_row_inner equal_height=&#8221;yes&#8221; el_class=&#8221;col-categorias&#8221;][vc_column_inner el_class=&#8221;caja-btn home&#8221; width=&#8221;1\/3&#8243;][vc_raw_html]JTNDYSUyMGhyZWYlM0QlMjIlMkZwYXJyb3F1aWFzJTIyJTNFJTBBJTA5JTNDZGl2JTIwY2xhc3MlM0QlMjJ3cGJfdGV4dF9jb2x1bW4lMjB3cGJfY29udGVudF9lbGVtZW50JTIwJTIwd3BiX2FuaW1hdGVfd2hlbl9hbG1vc3RfdmlzaWJsZSUyMHdwYl9mYWRlSW4lMjBmYWRlSW4lMjB3cGJfc3RhcnRfYW5pbWF0aW9uJTIwYW5pbWF0ZWQlMjIlM0UlMEElM0NkaXYlMjBjbGFzcyUzRCUyMmljby1ydXRhcyUyMiUzRSUzQ2ltZyUyMHNyYyUzRCUyMiUyRndwLWNvbnRlbnQlMkZ1cGxvYWRzJTJGMjAyMSUyRjA3JTJGY2FtYXJhLnN2ZyUyMiUzRSUyMCUzQ2gyJTIwc3R5bGUlM0QlMjJ0ZXh0LWFsaWduJTNBY2VudGVyJTNCJTIyJTNFUXVlJTIwdmVyJTNDJTJGaDIlM0UlM0MlMkZkaXYlM0UlMEElMDklM0MlMkZkaXYlM0UlMEElM0MlMkZhJTNF[\/vc_raw_html][\/vc_column_inner][vc_column_inner el_class=&#8221;caja-btn home&#8221; width=&#8221;1\/3&#8243;][vc_raw_html]JTNDYSUyMGhyZWYlM0QlMjIlMkZjb25lY2UtZ3VpdGlyaXolMkYlMjNzaXR1YWNpb24lMjIlM0UlMEElMDklM0NkaXYlMjBjbGFzcyUzRCUyMndwYl90ZXh0X2NvbHVtbiUyMHdwYl9jb250ZW50X2VsZW1lbnQlMjAlMjB3cGJfYW5pbWF0ZV93aGVuX2FsbW9zdF92aXNpYmxlJTIwd3BiX2ZhZGVJbiUyMGZhZGVJbiUyMHdwYl9zdGFydF9hbmltYXRpb24lMjBhbmltYXRlZCUyMiUzRSUwQSUzQ2RpdiUyMGNsYXNzJTNEJTIyaWNvLXJ1dGFzJTIyJTNFJTNDaW1nJTIwc3JjJTNEJTIyJTJGd3AtY29udGVudCUyRnVwbG9hZHMlMkYyMDIxJTJGMDclMkZ1YmljYWNpb24uc3ZnJTIyJTNFJTIwJTNDaDIlMjBzdHlsZSUzRCUyMnRleHQtYWxpZ24lM0FjZW50ZXIlM0IlMjIlM0VDJUMzJUIzbW8lMjBjaGVnYXIlM0MlMkZoMiUzRSUzQyUyRmRpdiUzRSUwQSUwOSUzQyUyRmRpdiUzRSUwQSUzQyUyRmElM0U=[\/vc_raw_html][\/vc_column_inner][vc_column_inner el_class=&#8221;caja-btn home&#8221; width=&#8221;1\/3&#8243;][vc_raw_html]JTNDYSUyMGhyZWYlM0QlMjIlMkZjb21lci1kdXJtaXIlMjIlM0UlMEElMDklM0NkaXYlMjBjbGFzcyUzRCUyMndwYl90ZXh0X2NvbHVtbiUyMHdwYl9jb250ZW50X2VsZW1lbnQlMjAlMjB3cGJfYW5pbWF0ZV93aGVuX2FsbW9zdF92aXNpYmxlJTIwd3BiX2ZhZGVJbiUyMGZhZGVJbiUyMHdwYl9zdGFydF9hbmltYXRpb24lMjBhbmltYXRlZCUyMiUzRSUwQSUzQ2RpdiUyMGNsYXNzJTNEJTIyaWNvLXJ1dGFzJTIyJTNFJTNDaW1nJTIwc3JjJTNEJTIyJTJGd3AtY29udGVudCUyRnVwbG9hZHMlMkYyMDIxJTJGMDclMkZjb21lci5zdmclMjIlM0UlMjAlM0NoMiUyMHN0eWxlJTNEJTIydGV4dC1hbGlnbiUzQWNlbnRlciUzQiUyMiUzRUNvbWVyJTIwZSUyMGR1cm1pciUzQyUyRmgyJTNFJTNDJTJGZGl2JTNFJTBBJTA5JTNDJTJGZGl2JTNFJTBBJTNDJTJGYSUzRQ==[\/vc_raw_html][\/vc_column_inner][\/vc_row_inner][\/vc_column][\/vc_row][vc_row full_width=&#8221;stretch_row_content_no_spaces&#8221; foundry_padding=&#8221;pt0 pb0&#8243; foundry_parallax=&#8221;not-parallax&#8221; el_class=&#8221;fila-img hidden-md hidden-xl hidden-lg&#8221; css=&#8221;.vc_custom_1628094066156{background-image: url(https:\/\/turismo.concellodeguitiriz.com\/wp-content\/uploads\/2021\/07\/sanxoan-encoro.jpg?id=930) !important;}&#8221;][vc_column][vc_row_inner equal_height=&#8221;yes&#8221; content_placement=&#8221;middle&#8221; el_class=&#8221;titulo-home&#8221;][vc_column_inner][vc_column_text]<\/p>\n<h1 style=\"text-align: center;\">\u00a0Meet the land<\/h1>\n<h1 style=\"text-align: center;\">of water and stone<\/h1>\n<p>[\/vc_column_text][\/vc_column_inner][\/vc_row_inner][\/vc_column][\/vc_row][vc_row foundry_background_style=&#8221;bg-dark&#8221; foundry_padding=&#8221;pt0 pb0&#8243; el_class=&#8221;prefooter-home&#8221;][vc_column width=&#8221;2\/3&#8243; offset=&#8221;vc_col-lg-offset-2 vc_col-md-offset-2&#8243;][vc_row_inner equal_height=&#8221;yes&#8221; content_placement=&#8221;middle&#8221;][vc_column_inner width=&#8221;1\/2&#8243;][\/vc_column_inner][vc_column_inner width=&#8221;1\/2&#8243;][vc_single_image image=&#8221;618&#8243; img_size=&#8221;full&#8221; alignment=&#8221;center&#8221; onclick=&#8221;custom_link&#8221; img_link_target=&#8221;_blank&#8221; el_class=&#8221;logo&#8221; link=&#8221;http:\/\/villastermales.es\/villa-termal\/guitiriz\/&#8221;][\/vc_column_inner][\/vc_row_inner][\/vc_column][\/vc_row]<\/p>\n","protected":false},"excerpt":{"rendered":"<p>[vc_row full_width=&#8221;stretch_row_content_no_spaces&#8221; foundry_padding=&#8221;pt0 pb0&#8243; el_class=&#8221;fila-video hidden-xs hidden-sm&#8221;][vc_column][vc_raw_html]JTNDdmlkZW8lMjBhdXRvcGxheSUyMGxvb3AlMjBjb250cm9scyUyMG11dGVkJTIwaWQlM0QlMjJteVZpZGVvJTIyJTNFJTBBJTIwJTIwJTIwJTIwJTNDc291cmNlJTIwc3JjJTNEJTIyJTJGd3AtY29udGVudCUyRnVwbG9hZHMlMkYyMDIxJTJGMDclMkZ2aWRlb19ndWl0aXJpel9pbmljaW8ubXA0JTIyJTIwdHlwZSUzRCUyMnZpZGVvJTJGbXA0JTIyJTNFJTBBJTNDJTJGdmlkZW8lM0U=[\/vc_raw_html][vc_row_inner equal_height=&#8221;yes&#8221; content_placement=&#8221;middle&#8221; el_class=&#8221;titulo-home&#8221;][vc_column_inner][vc_column_text] \u00a0Meet the land of water and stone [\/vc_column_text][\/vc_column_inner][\/vc_row_inner][vc_row_inner equal_height=&#8221;yes&#8221; el_class=&#8221;col-categorias&#8221;][vc_column_inner el_class=&#8221;caja-btn&#8230;<\/p>\n","protected":false},"author":1,"featured_media":0,"parent":0,"menu_order":0,"comment_status":"closed","ping_status":"closed","template":"","meta":{"footnotes":"","_links_to":"","_links_to_target":""},"class_list":["post-1147","page","type-page","status-publish","hentry"],"yoast_head":"<!-- This site is optimized with the Yoast SEO plugin v19.13 - https:\/\/yoast.com\/wordpress\/plugins\/seo\/ -->\n<title>Turismo de Guitiriz | Turismo de Guitiriz<\/title>\n<meta name=\"description\" content=\"Co\u00f1ece o Concello de Guitiriz, un entorno id\u00edlico cun gran Patrimonio Hist\u00f3rico-Cultural, entornos naturais e gastronom\u00eda exquisita.\" \/>\n<meta name=\"robots\" content=\"index, follow, max-snippet:-1, max-image-preview:large, max-video-preview:-1\" \/>\n<link rel=\"canonical\" href=\"https:\/\/turismo.concellodeguitiriz.com\/en\/\" \/>\n<meta property=\"og:locale\" content=\"en_US\" \/>\n<meta property=\"og:type\" content=\"article\" \/>\n<meta property=\"og:title\" content=\"Turismo de Guitiriz\" \/>\n<meta property=\"og:description\" content=\"Co\u00f1ece o Concello de Guitiriz, un entorno id\u00edlico cun gran Patrimonio Hist\u00f3rico-Cultural, entornos naturais e gastronom\u00eda exquisita.\" \/>\n<meta property=\"og:url\" content=\"https:\/\/turismo.concellodeguitiriz.com\/en\/\" \/>\n<meta property=\"og:site_name\" content=\"Turismo de Guitiriz\" \/>\n<meta property=\"article:publisher\" content=\"https:\/\/www.facebook.com\/concellodeguitiriz\/\" \/>\n<meta property=\"article:modified_time\" content=\"2026-02-12T09:20:14+00:00\" \/>\n<meta property=\"og:image\" content=\"https:\/\/turismo.concellodeguitiriz.com\/wp-content\/uploads\/2021\/08\/SEOFB-concellodeguitiriz.jpg\" \/>\n\t<meta property=\"og:image:width\" content=\"2400\" \/>\n\t<meta property=\"og:image:height\" content=\"1260\" \/>\n\t<meta property=\"og:image:type\" content=\"image\/jpeg\" \/>\n<meta name=\"twitter:card\" content=\"summary_large_image\" \/>\n<meta name=\"twitter:title\" content=\"Turismo de Guitiriz\" \/>\n<meta name=\"twitter:description\" content=\"Co\u00f1ece o Concello de Guitiriz, un entorno id\u00edlico cun gran Patrimonio Hist\u00f3rico-Cultural, entornos naturais e gastronom\u00eda exquisita.\" \/>\n<meta name=\"twitter:image\" content=\"https:\/\/turismo.concellodeguitiriz.com\/wp-content\/uploads\/2021\/08\/SEOTW-concellodeguitiriz.jpg\" \/>\n<meta name=\"twitter:label1\" content=\"Est. reading time\" \/>\n\t<meta name=\"twitter:data1\" content=\"1 minute\" \/>\n<script type=\"application\/ld+json\" class=\"yoast-schema-graph\">{\"@context\":\"https:\/\/schema.org\",\"@graph\":[{\"@type\":\"WebPage\",\"@id\":\"https:\/\/turismo.concellodeguitiriz.com\/en\/\",\"url\":\"https:\/\/turismo.concellodeguitiriz.com\/en\/\",\"name\":\"Turismo de Guitiriz | Turismo de Guitiriz\",\"isPartOf\":{\"@id\":\"https:\/\/turismo.concellodeguitiriz.com\/#website\"},\"datePublished\":\"2021-07-15T19:14:02+00:00\",\"dateModified\":\"2026-02-12T09:20:14+00:00\",\"description\":\"Co\u00f1ece o Concello de Guitiriz, un entorno id\u00edlico cun gran Patrimonio Hist\u00f3rico-Cultural, entornos naturais e gastronom\u00eda exquisita.\",\"breadcrumb\":{\"@id\":\"https:\/\/turismo.concellodeguitiriz.com\/en\/#breadcrumb\"},\"inLanguage\":\"en-US\",\"potentialAction\":[{\"@type\":\"ReadAction\",\"target\":[\"https:\/\/turismo.concellodeguitiriz.com\/en\/\"]}]},{\"@type\":\"BreadcrumbList\",\"@id\":\"https:\/\/turismo.concellodeguitiriz.com\/en\/#breadcrumb\",\"itemListElement\":[{\"@type\":\"ListItem\",\"position\":1,\"name\":\"Portada\",\"item\":\"https:\/\/turismo.concellodeguitiriz.com\/en\/\"},{\"@type\":\"ListItem\",\"position\":2,\"name\":\"Turismo de Guitiriz\"}]},{\"@type\":\"WebSite\",\"@id\":\"https:\/\/turismo.concellodeguitiriz.com\/#website\",\"url\":\"https:\/\/turismo.concellodeguitiriz.com\/\",\"name\":\"Turismo de Guitiriz\",\"description\":\"Concello de Guitiriz\",\"publisher\":{\"@id\":\"https:\/\/turismo.concellodeguitiriz.com\/#organization\"},\"potentialAction\":[{\"@type\":\"SearchAction\",\"target\":{\"@type\":\"EntryPoint\",\"urlTemplate\":\"https:\/\/turismo.concellodeguitiriz.com\/?s={search_term_string}\"},\"query-input\":\"required name=search_term_string\"}],\"inLanguage\":\"en-US\"},{\"@type\":\"Organization\",\"@id\":\"https:\/\/turismo.concellodeguitiriz.com\/#organization\",\"name\":\"Turismo Guitiriz\",\"url\":\"https:\/\/turismo.concellodeguitiriz.com\/\",\"logo\":{\"@type\":\"ImageObject\",\"inLanguage\":\"en-US\",\"@id\":\"https:\/\/turismo.concellodeguitiriz.com\/#\/schema\/logo\/image\/\",\"url\":\"https:\/\/turismo.concellodeguitiriz.com\/wp-content\/uploads\/2021\/06\/g-turismo-logopos.png\",\"contentUrl\":\"https:\/\/turismo.concellodeguitiriz.com\/wp-content\/uploads\/2021\/06\/g-turismo-logopos.png\",\"width\":2001,\"height\":1024,\"caption\":\"Turismo Guitiriz\"},\"image\":{\"@id\":\"https:\/\/turismo.concellodeguitiriz.com\/#\/schema\/logo\/image\/\"},\"sameAs\":[\"https:\/\/www.instagram.com\/guitirizigualdade\/\",\"https:\/\/www.facebook.com\/concellodeguitiriz\/\"]}]}<\/script>\n<!-- \/ Yoast SEO plugin. -->","yoast_head_json":{"title":"Turismo de Guitiriz | Turismo de Guitiriz","description":"Co\u00f1ece o Concello de Guitiriz, un entorno id\u00edlico cun gran Patrimonio Hist\u00f3rico-Cultural, entornos naturais e gastronom\u00eda exquisita.","robots":{"index":"index","follow":"follow","max-snippet":"max-snippet:-1","max-image-preview":"max-image-preview:large","max-video-preview":"max-video-preview:-1"},"canonical":"https:\/\/turismo.concellodeguitiriz.com\/en\/","og_locale":"en_US","og_type":"article","og_title":"Turismo de Guitiriz","og_description":"Co\u00f1ece o Concello de Guitiriz, un entorno id\u00edlico cun gran Patrimonio Hist\u00f3rico-Cultural, entornos naturais e gastronom\u00eda exquisita.","og_url":"https:\/\/turismo.concellodeguitiriz.com\/en\/","og_site_name":"Turismo de Guitiriz","article_publisher":"https:\/\/www.facebook.com\/concellodeguitiriz\/","article_modified_time":"2026-02-12T09:20:14+00:00","og_image":[{"width":2400,"height":1260,"url":"https:\/\/turismo.concellodeguitiriz.com\/wp-content\/uploads\/2021\/08\/SEOFB-concellodeguitiriz.jpg","type":"image\/jpeg"}],"twitter_card":"summary_large_image","twitter_title":"Turismo de Guitiriz","twitter_description":"Co\u00f1ece o Concello de Guitiriz, un entorno id\u00edlico cun gran Patrimonio Hist\u00f3rico-Cultural, entornos naturais e gastronom\u00eda exquisita.","twitter_image":"https:\/\/turismo.concellodeguitiriz.com\/wp-content\/uploads\/2021\/08\/SEOTW-concellodeguitiriz.jpg","twitter_misc":{"Est. reading time":"1 minute"},"schema":{"@context":"https:\/\/schema.org","@graph":[{"@type":"WebPage","@id":"https:\/\/turismo.concellodeguitiriz.com\/en\/","url":"https:\/\/turismo.concellodeguitiriz.com\/en\/","name":"Turismo de Guitiriz | Turismo de Guitiriz","isPartOf":{"@id":"https:\/\/turismo.concellodeguitiriz.com\/#website"},"datePublished":"2021-07-15T19:14:02+00:00","dateModified":"2026-02-12T09:20:14+00:00","description":"Co\u00f1ece o Concello de Guitiriz, un entorno id\u00edlico cun gran Patrimonio Hist\u00f3rico-Cultural, entornos naturais e gastronom\u00eda exquisita.","breadcrumb":{"@id":"https:\/\/turismo.concellodeguitiriz.com\/en\/#breadcrumb"},"inLanguage":"en-US","potentialAction":[{"@type":"ReadAction","target":["https:\/\/turismo.concellodeguitiriz.com\/en\/"]}]},{"@type":"BreadcrumbList","@id":"https:\/\/turismo.concellodeguitiriz.com\/en\/#breadcrumb","itemListElement":[{"@type":"ListItem","position":1,"name":"Portada","item":"https:\/\/turismo.concellodeguitiriz.com\/en\/"},{"@type":"ListItem","position":2,"name":"Turismo de Guitiriz"}]},{"@type":"WebSite","@id":"https:\/\/turismo.concellodeguitiriz.com\/#website","url":"https:\/\/turismo.concellodeguitiriz.com\/","name":"Turismo de Guitiriz","description":"Concello de Guitiriz","publisher":{"@id":"https:\/\/turismo.concellodeguitiriz.com\/#organization"},"potentialAction":[{"@type":"SearchAction","target":{"@type":"EntryPoint","urlTemplate":"https:\/\/turismo.concellodeguitiriz.com\/?s={search_term_string}"},"query-input":"required name=search_term_string"}],"inLanguage":"en-US"},{"@type":"Organization","@id":"https:\/\/turismo.concellodeguitiriz.com\/#organization","name":"Turismo Guitiriz","url":"https:\/\/turismo.concellodeguitiriz.com\/","logo":{"@type":"ImageObject","inLanguage":"en-US","@id":"https:\/\/turismo.concellodeguitiriz.com\/#\/schema\/logo\/image\/","url":"https:\/\/turismo.concellodeguitiriz.com\/wp-content\/uploads\/2021\/06\/g-turismo-logopos.png","contentUrl":"https:\/\/turismo.concellodeguitiriz.com\/wp-content\/uploads\/2021\/06\/g-turismo-logopos.png","width":2001,"height":1024,"caption":"Turismo Guitiriz"},"image":{"@id":"https:\/\/turismo.concellodeguitiriz.com\/#\/schema\/logo\/image\/"},"sameAs":["https:\/\/www.instagram.com\/guitirizigualdade\/","https:\/\/www.facebook.com\/concellodeguitiriz\/"]}]}},"_links":{"self":[{"href":"https:\/\/turismo.concellodeguitiriz.com\/en\/wp-json\/wp\/v2\/pages\/1147","targetHints":{"allow":["GET"]}}],"collection":[{"href":"https:\/\/turismo.concellodeguitiriz.com\/en\/wp-json\/wp\/v2\/pages"}],"about":[{"href":"https:\/\/turismo.concellodeguitiriz.com\/en\/wp-json\/wp\/v2\/types\/page"}],"author":[{"embeddable":true,"href":"https:\/\/turismo.concellodeguitiriz.com\/en\/wp-json\/wp\/v2\/users\/1"}],"replies":[{"embeddable":true,"href":"https:\/\/turismo.concellodeguitiriz.com\/en\/wp-json\/wp\/v2\/comments?post=1147"}],"version-history":[{"count":2,"href":"https:\/\/turismo.concellodeguitiriz.com\/en\/wp-json\/wp\/v2\/pages\/1147\/revisions"}],"predecessor-version":[{"id":1470,"href":"https:\/\/turismo.concellodeguitiriz.com\/en\/wp-json\/wp\/v2\/pages\/1147\/revisions\/1470"}],"wp:attachment":[{"href":"https:\/\/turismo.concellodeguitiriz.com\/en\/wp-json\/wp\/v2\/media?parent=1147"}],"curies":[{"name":"wp","href":"https:\/\/api.w.org\/{rel}","templated":true}]}}