{"id":1155,"date":"2021-07-01T16:27:09","date_gmt":"2021-07-01T16:27:09","guid":{"rendered":"https:\/\/turismo.concellodeguitiriz.com\/rutas\/ruta-diazcastro\/"},"modified":"2024-01-30T19:25:21","modified_gmt":"2024-01-30T19:25:21","slug":"ruta-diazcastro","status":"publish","type":"page","link":"https:\/\/turismo.concellodeguitiriz.com\/en\/rutas\/ruta-diazcastro\/","title":{"rendered":"Ruta de la Piedra de D\u00edaz Castro"},"content":{"rendered":"<p>[vc_row foundry_background_style=&#8221;bg-primary&#8221; foundry_padding=&#8221;pt64 pb64&#8243;][vc_column][vc_column_text]<\/p>\n<h1 style=\"text-align: center;\">Diaz Castro\u00b4s stone Route<\/h1>\n<p>[\/vc_column_text][vc_row_inner][vc_column_inner width=&#8221;2\/3&#8243; offset=&#8221;vc_col-lg-offset-2 vc_col-md-offset-2&#8243;][vc_column_text]<strong>Diaz Castro\u00b4s Stone Route<\/strong> shows the beautiful landscapes that served as inspiration for the poems of Xos\u00e9 Mar\u00eda D\u00edaz Castro, imbued with the relationship between man and earth, through life\u00b4s vision of the village neighbours.<\/p>\n<p style=\"text-align: center;\"><a href=\"#\">Download the routes brochure.<\/a><\/p>\n<p>[\/vc_column_text][\/vc_column_inner][\/vc_row_inner][\/vc_column][\/vc_row][vc_row foundry_padding=&#8221;pb0&#8243;][vc_column][vc_row_inner el_class=&#8221;ico-rutas hidden-xs hidden-sm&#8221;][vc_column_inner width=&#8221;1\/3&#8243;][vc_single_image image=&#8221;83&#8243; img_size=&#8221;full&#8221; alignment=&#8221;center&#8221; el_class=&#8221;ico&#8221;][vc_column_text]<\/p>\n<p style=\"text-align: center;\">Difficulty level:<\/p>\n<p style=\"text-align: center;\"><strong class=\"dificultad baja\">Low<\/strong><\/p>\n<p>[\/vc_column_text][\/vc_column_inner][vc_column_inner width=&#8221;1\/3&#8243;][vc_single_image image=&#8221;85&#8243; img_size=&#8221;full&#8221; alignment=&#8221;center&#8221; el_class=&#8221;ico&#8221;][vc_column_text]<\/p>\n<p style=\"text-align: center;\">Duration<\/p>\n<p style=\"text-align: center;\"><strong>1:20h<\/strong><\/p>\n<p>[\/vc_column_text][\/vc_column_inner][vc_column_inner width=&#8221;1\/3&#8243;][vc_single_image image=&#8221;81&#8243; img_size=&#8221;full&#8221; alignment=&#8221;center&#8221; el_class=&#8221;ico&#8221;][vc_column_text]<\/p>\n<p style=\"text-align: center;\">Distance<\/p>\n<p style=\"text-align: center;\"><strong>4,85km<\/strong><\/p>\n<p>[\/vc_column_text][\/vc_column_inner][\/vc_row_inner][vc_row_inner equal_height=&#8221;yes&#8221; content_placement=&#8221;middle&#8221; el_class=&#8221;info-rutas visible-xs visible-sm&#8221;][vc_column_inner width=&#8221;1\/4&#8243; offset=&#8221;vc_col-xs-3&#8243;][vc_single_image image=&#8221;83&#8243; img_size=&#8221;full&#8221; alignment=&#8221;center&#8221; el_class=&#8221;ico&#8221;][\/vc_column_inner][vc_column_inner width=&#8221;3\/4&#8243; offset=&#8221;vc_col-xs-9&#8243;][vc_column_text]<\/p>\n<p style=\"text-align: left;\">Difficulty level: <strong>low<\/strong><\/p>\n<p>[\/vc_column_text][\/vc_column_inner][\/vc_row_inner][vc_row_inner equal_height=&#8221;yes&#8221; content_placement=&#8221;middle&#8221; el_class=&#8221;info-rutas visible-xs visible-sm&#8221;][vc_column_inner width=&#8221;1\/4&#8243; offset=&#8221;vc_col-xs-3&#8243;][vc_single_image image=&#8221;85&#8243; img_size=&#8221;full&#8221; alignment=&#8221;center&#8221; el_class=&#8221;ico&#8221;][\/vc_column_inner][vc_column_inner width=&#8221;3\/4&#8243; offset=&#8221;vc_col-xs-9&#8243;][vc_column_text]<\/p>\n<p style=\"text-align: left;\">Duration: <strong>1:20h<\/strong><\/p>\n<p>[\/vc_column_text][\/vc_column_inner][\/vc_row_inner][vc_row_inner equal_height=&#8221;yes&#8221; content_placement=&#8221;middle&#8221; el_class=&#8221;info-rutas visible-xs visible-sm&#8221;][vc_column_inner width=&#8221;1\/4&#8243; offset=&#8221;vc_col-xs-3&#8243;][vc_single_image image=&#8221;81&#8243; img_size=&#8221;full&#8221; alignment=&#8221;center&#8221; el_class=&#8221;ico&#8221;][\/vc_column_inner][vc_column_inner width=&#8221;3\/4&#8243; offset=&#8221;vc_col-xs-9&#8243;][vc_column_text]<\/p>\n<p style=\"text-align: left;\">Distance: <strong>4,85km<\/strong><\/p>\n<p>[\/vc_column_text][\/vc_column_inner][\/vc_row_inner][\/vc_column][\/vc_row][vc_row foundry_padding=&#8221;pt64 pb64&#8243;][vc_column][vc_row_inner][vc_column_inner width=&#8221;2\/3&#8243; offset=&#8221;vc_col-lg-offset-2 vc_col-md-offset-2&#8243;][vc_column_text]The route begins at O Vilari\u00f1o, next to the house where the poet was born, walking among oaks, birches and chestnut trees you will reach the ancient stonemasons house, witnesses of one of the most representative professions of the place.\u00a0 The route goes through dirt roads where the different stone walls delimit in a landscape touched by the hand of men, drawing a mosaic of fields alternating with natural forests.<\/p>\n<p>[\/vc_column_text][vc_column_text el_class=&#8221;hidden-xs hidde-sm&#8221;]Through a variant you can reduce the distance to O Buriz and visit the petroglyph \u201cO Agro das Calzadas\u201d. The route also presents two derivations, one that takes us to the Riotorto cruise and the other one takes us to Porto Mui\u00f1o where we can see the remains of a mill and an old laundry, where the poet, on his way to school, used to make a stop to talk to women who came there to wash their clothes, a place that is represented through the verses of the poem \u201cV\u00edsperas\u201d.[\/vc_column_text][\/vc_column_inner][\/vc_row_inner][\/vc_column][\/vc_row][vc_row full_width=&#8221;stretch_row_content_no_spaces&#8221; foundry_padding=&#8221;pt64 pb64&#8243; el_class=&#8221;row-fotos hidden&#8221;][vc_column width=&#8221;1\/2&#8243;][vc_single_image img_size=&#8221;full&#8221; alignment=&#8221;center&#8221;][\/vc_column][vc_column width=&#8221;1\/2&#8243;][vc_single_image img_size=&#8221;full&#8221; alignment=&#8221;center&#8221;][\/vc_column][\/vc_row][vc_row foundry_background_style=&#8221;bg-secondary&#8221; foundry_padding=&#8221;pt0 pb0&#8243; el_class=&#8221;prefooter&#8221;][vc_column][vc_row_inner][vc_column_inner width=&#8221;2\/3&#8243; offset=&#8221;vc_col-lg-offset-2 vc_col-md-offset-2&#8243;][vc_column_text]<strong>If you need more information, contact us and we will be happy to show you all the ins and outs of the route.<\/strong><\/p>\n<p style=\"text-align: center;\"><a class=\"btn\" href=\"https:\/\/turismo.concellodeguitiriz.com\/en\/contacto\/\">Contact<\/a><\/p>\n<p>[\/vc_column_text][\/vc_column_inner][\/vc_row_inner][\/vc_column][\/vc_row]<\/p>\n","protected":false},"excerpt":{"rendered":"<p>[vc_row foundry_background_style=&#8221;bg-primary&#8221; foundry_padding=&#8221;pt64 pb64&#8243;][vc_column][vc_column_text] Diaz Castro\u00b4s stone Route [\/vc_column_text][vc_row_inner][vc_column_inner width=&#8221;2\/3&#8243; offset=&#8221;vc_col-lg-offset-2 vc_col-md-offset-2&#8243;][vc_column_text]Diaz Castro\u00b4s Stone Route shows the beautiful landscapes that served&#8230;<\/p>\n","protected":false},"author":1,"featured_media":0,"parent":1153,"menu_order":0,"comment_status":"closed","ping_status":"closed","template":"","meta":{"footnotes":"","_links_to":"","_links_to_target":""},"class_list":["post-1155","page","type-page","status-publish","hentry"],"yoast_head":"<!-- This site is optimized with the Yoast SEO plugin v19.13 - https:\/\/yoast.com\/wordpress\/plugins\/seo\/ -->\n<title>Ruta de la Piedra de D\u00edaz Castro | Turismo de Guitiriz<\/title>\n<meta name=\"description\" content=\"La Ruta de la Piedra de D\u00edaz Castro muestra los hermosos paisajes que sirvieron de inspiraci\u00f3n de los poemas de Xos\u00e9 Mar\u00eda D\u00edaz Castro, impregnados de la relaci\u00f3n del hombre con la tierra, a trav\u00e9s de la visi\u00f3n de la vida de los vecinos de la aldea.\" \/>\n<meta name=\"robots\" content=\"index, follow, max-snippet:-1, max-image-preview:large, max-video-preview:-1\" \/>\n<link rel=\"canonical\" href=\"https:\/\/turismo.concellodeguitiriz.com\/en\/rutas\/ruta-diazcastro\/\" \/>\n<meta property=\"og:locale\" content=\"en_US\" \/>\n<meta property=\"og:type\" content=\"article\" \/>\n<meta property=\"og:title\" content=\"A Ruta da Pedra de D\u00edaz Castro | Turismo de Guitiriz\" \/>\n<meta property=\"og:description\" content=\"La Ruta de la Piedra de D\u00edaz Castro muestra los hermosos paisajes que sirvieron de inspiraci\u00f3n de los poemas de Xos\u00e9 Mar\u00eda D\u00edaz Castro, impregnados de la relaci\u00f3n del hombre con la tierra, a trav\u00e9s de la visi\u00f3n de la vida de los vecinos de la aldea.\" \/>\n<meta property=\"og:url\" content=\"https:\/\/turismo.concellodeguitiriz.com\/en\/rutas\/ruta-diazcastro\/\" \/>\n<meta property=\"og:site_name\" content=\"Turismo de Guitiriz\" \/>\n<meta property=\"article:publisher\" content=\"https:\/\/www.facebook.com\/concellodeguitiriz\/\" \/>\n<meta property=\"article:modified_time\" content=\"2024-01-30T19:25:21+00:00\" \/>\n<meta name=\"twitter:card\" content=\"summary_large_image\" \/>\n<meta name=\"twitter:title\" content=\"A Ruta da Pedra de D\u00edaz Castro | Turismo de Guitiriz\" \/>\n<meta name=\"twitter:description\" content=\"La Ruta de la Piedra de D\u00edaz Castro muestra los hermosos paisajes que sirvieron de inspiraci\u00f3n de los poemas de Xos\u00e9 Mar\u00eda D\u00edaz Castro, impregnados de la relaci\u00f3n del hombre con la tierra, a trav\u00e9s de la visi\u00f3n de la vida de los vecinos de la aldea.\" \/>\n<meta name=\"twitter:label1\" content=\"Est. reading time\" \/>\n\t<meta name=\"twitter:data1\" content=\"2 minutes\" \/>\n<script type=\"application\/ld+json\" class=\"yoast-schema-graph\">{\"@context\":\"https:\/\/schema.org\",\"@graph\":[{\"@type\":\"WebPage\",\"@id\":\"https:\/\/turismo.concellodeguitiriz.com\/en\/rutas\/ruta-diazcastro\/\",\"url\":\"https:\/\/turismo.concellodeguitiriz.com\/en\/rutas\/ruta-diazcastro\/\",\"name\":\"Ruta de la Piedra de D\u00edaz Castro | Turismo de Guitiriz\",\"isPartOf\":{\"@id\":\"https:\/\/turismo.concellodeguitiriz.com\/#website\"},\"datePublished\":\"2021-07-01T16:27:09+00:00\",\"dateModified\":\"2024-01-30T19:25:21+00:00\",\"description\":\"La Ruta de la Piedra de D\u00edaz Castro muestra los hermosos paisajes que sirvieron de inspiraci\u00f3n de los poemas de Xos\u00e9 Mar\u00eda D\u00edaz Castro, impregnados de la relaci\u00f3n del hombre con la tierra, a trav\u00e9s de la visi\u00f3n de la vida de los vecinos de la aldea.\",\"breadcrumb\":{\"@id\":\"https:\/\/turismo.concellodeguitiriz.com\/en\/rutas\/ruta-diazcastro\/#breadcrumb\"},\"inLanguage\":\"en-US\",\"potentialAction\":[{\"@type\":\"ReadAction\",\"target\":[\"https:\/\/turismo.concellodeguitiriz.com\/en\/rutas\/ruta-diazcastro\/\"]}]},{\"@type\":\"BreadcrumbList\",\"@id\":\"https:\/\/turismo.concellodeguitiriz.com\/en\/rutas\/ruta-diazcastro\/#breadcrumb\",\"itemListElement\":[{\"@type\":\"ListItem\",\"position\":1,\"name\":\"Portada\",\"item\":\"https:\/\/turismo.concellodeguitiriz.com\/en\/\"},{\"@type\":\"ListItem\",\"position\":2,\"name\":\"Rutas\",\"item\":\"https:\/\/turismo.concellodeguitiriz.com\/en\/rutas\/\"},{\"@type\":\"ListItem\",\"position\":3,\"name\":\"Ruta de la Piedra de D\u00edaz Castro\"}]},{\"@type\":\"WebSite\",\"@id\":\"https:\/\/turismo.concellodeguitiriz.com\/#website\",\"url\":\"https:\/\/turismo.concellodeguitiriz.com\/\",\"name\":\"Turismo de Guitiriz\",\"description\":\"Concello de Guitiriz\",\"publisher\":{\"@id\":\"https:\/\/turismo.concellodeguitiriz.com\/#organization\"},\"potentialAction\":[{\"@type\":\"SearchAction\",\"target\":{\"@type\":\"EntryPoint\",\"urlTemplate\":\"https:\/\/turismo.concellodeguitiriz.com\/?s={search_term_string}\"},\"query-input\":\"required name=search_term_string\"}],\"inLanguage\":\"en-US\"},{\"@type\":\"Organization\",\"@id\":\"https:\/\/turismo.concellodeguitiriz.com\/#organization\",\"name\":\"Turismo Guitiriz\",\"url\":\"https:\/\/turismo.concellodeguitiriz.com\/\",\"logo\":{\"@type\":\"ImageObject\",\"inLanguage\":\"en-US\",\"@id\":\"https:\/\/turismo.concellodeguitiriz.com\/#\/schema\/logo\/image\/\",\"url\":\"https:\/\/turismo.concellodeguitiriz.com\/wp-content\/uploads\/2021\/06\/g-turismo-logopos.png\",\"contentUrl\":\"https:\/\/turismo.concellodeguitiriz.com\/wp-content\/uploads\/2021\/06\/g-turismo-logopos.png\",\"width\":2001,\"height\":1024,\"caption\":\"Turismo Guitiriz\"},\"image\":{\"@id\":\"https:\/\/turismo.concellodeguitiriz.com\/#\/schema\/logo\/image\/\"},\"sameAs\":[\"https:\/\/www.instagram.com\/guitirizigualdade\/\",\"https:\/\/www.facebook.com\/concellodeguitiriz\/\"]}]}<\/script>\n<!-- \/ Yoast SEO plugin. -->","yoast_head_json":{"title":"Ruta de la Piedra de D\u00edaz Castro | Turismo de Guitiriz","description":"La Ruta de la Piedra de D\u00edaz Castro muestra los hermosos paisajes que sirvieron de inspiraci\u00f3n de los poemas de Xos\u00e9 Mar\u00eda D\u00edaz Castro, impregnados de la relaci\u00f3n del hombre con la tierra, a trav\u00e9s de la visi\u00f3n de la vida de los vecinos de la aldea.","robots":{"index":"index","follow":"follow","max-snippet":"max-snippet:-1","max-image-preview":"max-image-preview:large","max-video-preview":"max-video-preview:-1"},"canonical":"https:\/\/turismo.concellodeguitiriz.com\/en\/rutas\/ruta-diazcastro\/","og_locale":"en_US","og_type":"article","og_title":"A Ruta da Pedra de D\u00edaz Castro | Turismo de Guitiriz","og_description":"La Ruta de la Piedra de D\u00edaz Castro muestra los hermosos paisajes que sirvieron de inspiraci\u00f3n de los poemas de Xos\u00e9 Mar\u00eda D\u00edaz Castro, impregnados de la relaci\u00f3n del hombre con la tierra, a trav\u00e9s de la visi\u00f3n de la vida de los vecinos de la aldea.","og_url":"https:\/\/turismo.concellodeguitiriz.com\/en\/rutas\/ruta-diazcastro\/","og_site_name":"Turismo de Guitiriz","article_publisher":"https:\/\/www.facebook.com\/concellodeguitiriz\/","article_modified_time":"2024-01-30T19:25:21+00:00","twitter_card":"summary_large_image","twitter_title":"A Ruta da Pedra de D\u00edaz Castro | Turismo de Guitiriz","twitter_description":"La Ruta de la Piedra de D\u00edaz Castro muestra los hermosos paisajes que sirvieron de inspiraci\u00f3n de los poemas de Xos\u00e9 Mar\u00eda D\u00edaz Castro, impregnados de la relaci\u00f3n del hombre con la tierra, a trav\u00e9s de la visi\u00f3n de la vida de los vecinos de la aldea.","twitter_misc":{"Est. reading time":"2 minutes"},"schema":{"@context":"https:\/\/schema.org","@graph":[{"@type":"WebPage","@id":"https:\/\/turismo.concellodeguitiriz.com\/en\/rutas\/ruta-diazcastro\/","url":"https:\/\/turismo.concellodeguitiriz.com\/en\/rutas\/ruta-diazcastro\/","name":"Ruta de la Piedra de D\u00edaz Castro | Turismo de Guitiriz","isPartOf":{"@id":"https:\/\/turismo.concellodeguitiriz.com\/#website"},"datePublished":"2021-07-01T16:27:09+00:00","dateModified":"2024-01-30T19:25:21+00:00","description":"La Ruta de la Piedra de D\u00edaz Castro muestra los hermosos paisajes que sirvieron de inspiraci\u00f3n de los poemas de Xos\u00e9 Mar\u00eda D\u00edaz Castro, impregnados de la relaci\u00f3n del hombre con la tierra, a trav\u00e9s de la visi\u00f3n de la vida de los vecinos de la aldea.","breadcrumb":{"@id":"https:\/\/turismo.concellodeguitiriz.com\/en\/rutas\/ruta-diazcastro\/#breadcrumb"},"inLanguage":"en-US","potentialAction":[{"@type":"ReadAction","target":["https:\/\/turismo.concellodeguitiriz.com\/en\/rutas\/ruta-diazcastro\/"]}]},{"@type":"BreadcrumbList","@id":"https:\/\/turismo.concellodeguitiriz.com\/en\/rutas\/ruta-diazcastro\/#breadcrumb","itemListElement":[{"@type":"ListItem","position":1,"name":"Portada","item":"https:\/\/turismo.concellodeguitiriz.com\/en\/"},{"@type":"ListItem","position":2,"name":"Rutas","item":"https:\/\/turismo.concellodeguitiriz.com\/en\/rutas\/"},{"@type":"ListItem","position":3,"name":"Ruta de la Piedra de D\u00edaz Castro"}]},{"@type":"WebSite","@id":"https:\/\/turismo.concellodeguitiriz.com\/#website","url":"https:\/\/turismo.concellodeguitiriz.com\/","name":"Turismo de Guitiriz","description":"Concello de Guitiriz","publisher":{"@id":"https:\/\/turismo.concellodeguitiriz.com\/#organization"},"potentialAction":[{"@type":"SearchAction","target":{"@type":"EntryPoint","urlTemplate":"https:\/\/turismo.concellodeguitiriz.com\/?s={search_term_string}"},"query-input":"required name=search_term_string"}],"inLanguage":"en-US"},{"@type":"Organization","@id":"https:\/\/turismo.concellodeguitiriz.com\/#organization","name":"Turismo Guitiriz","url":"https:\/\/turismo.concellodeguitiriz.com\/","logo":{"@type":"ImageObject","inLanguage":"en-US","@id":"https:\/\/turismo.concellodeguitiriz.com\/#\/schema\/logo\/image\/","url":"https:\/\/turismo.concellodeguitiriz.com\/wp-content\/uploads\/2021\/06\/g-turismo-logopos.png","contentUrl":"https:\/\/turismo.concellodeguitiriz.com\/wp-content\/uploads\/2021\/06\/g-turismo-logopos.png","width":2001,"height":1024,"caption":"Turismo Guitiriz"},"image":{"@id":"https:\/\/turismo.concellodeguitiriz.com\/#\/schema\/logo\/image\/"},"sameAs":["https:\/\/www.instagram.com\/guitirizigualdade\/","https:\/\/www.facebook.com\/concellodeguitiriz\/"]}]}},"_links":{"self":[{"href":"https:\/\/turismo.concellodeguitiriz.com\/en\/wp-json\/wp\/v2\/pages\/1155","targetHints":{"allow":["GET"]}}],"collection":[{"href":"https:\/\/turismo.concellodeguitiriz.com\/en\/wp-json\/wp\/v2\/pages"}],"about":[{"href":"https:\/\/turismo.concellodeguitiriz.com\/en\/wp-json\/wp\/v2\/types\/page"}],"author":[{"embeddable":true,"href":"https:\/\/turismo.concellodeguitiriz.com\/en\/wp-json\/wp\/v2\/users\/1"}],"replies":[{"embeddable":true,"href":"https:\/\/turismo.concellodeguitiriz.com\/en\/wp-json\/wp\/v2\/comments?post=1155"}],"version-history":[{"count":2,"href":"https:\/\/turismo.concellodeguitiriz.com\/en\/wp-json\/wp\/v2\/pages\/1155\/revisions"}],"predecessor-version":[{"id":1157,"href":"https:\/\/turismo.concellodeguitiriz.com\/en\/wp-json\/wp\/v2\/pages\/1155\/revisions\/1157"}],"up":[{"embeddable":true,"href":"https:\/\/turismo.concellodeguitiriz.com\/en\/wp-json\/wp\/v2\/pages\/1153"}],"wp:attachment":[{"href":"https:\/\/turismo.concellodeguitiriz.com\/en\/wp-json\/wp\/v2\/media?parent=1155"}],"curies":[{"name":"wp","href":"https:\/\/api.w.org\/{rel}","templated":true}]}}