{"id":1161,"date":"2021-06-30T17:00:50","date_gmt":"2021-06-30T17:00:50","guid":{"rendered":"https:\/\/turismo.concellodeguitiriz.com\/rutas\/ruta-auga\/"},"modified":"2024-01-30T19:34:53","modified_gmt":"2024-01-30T19:34:53","slug":"ruta-auga","status":"publish","type":"page","link":"https:\/\/turismo.concellodeguitiriz.com\/en\/rutas\/ruta-auga\/","title":{"rendered":"Ruta da Auga"},"content":{"rendered":"<p>[vc_row foundry_background_style=&#8221;bg-primary&#8221; foundry_padding=&#8221;pt64 pb64&#8243;][vc_column][vc_column_text]<\/p>\n<h1 style=\"text-align: center;\">Water Route<\/h1>\n<p>[\/vc_column_text][vc_row_inner][vc_column_inner width=&#8221;2\/3&#8243; offset=&#8221;vc_col-lg-offset-2 vc_col-md-offset-2&#8243;][vc_column_text]<strong>The Water Route<\/strong> is a walk through nature, history, literature and ethnography of this neautiful City Council. This route of about 20km connects Santiago\u00b4s North Path with the 3 measurement fountains of the City Hall: Fuente de Valdov\u00edn, Parga; Fuente de San Xo\u00e1n, Lagostelle and Fuente de Pardi\u00f1as, Pardi\u00f1as.[\/vc_column_text][\/vc_column_inner][\/vc_row_inner][\/vc_column][\/vc_row][vc_row foundry_padding=&#8221;pb0&#8243;][vc_column][vc_row_inner el_class=&#8221;ico-rutas hidden-xs hidden-sm&#8221;][vc_column_inner width=&#8221;1\/3&#8243;][vc_single_image image=&#8221;83&#8243; img_size=&#8221;full&#8221; alignment=&#8221;center&#8221; el_class=&#8221;ico&#8221;][vc_column_text]<\/p>\n<p style=\"text-align: center;\">Difficulty level:<\/p>\n<p style=\"text-align: center;\"><strong class=\"dificultad baja\">Medium-low<\/strong><\/p>\n<p>[\/vc_column_text][\/vc_column_inner][vc_column_inner width=&#8221;1\/3&#8243;][vc_single_image image=&#8221;85&#8243; img_size=&#8221;full&#8221; alignment=&#8221;center&#8221; el_class=&#8221;ico&#8221;][vc_column_text]<\/p>\n<p style=\"text-align: center;\">Duration:<\/p>\n<p style=\"text-align: center;\"><strong>6:30h<\/strong><\/p>\n<p>[\/vc_column_text][\/vc_column_inner][vc_column_inner width=&#8221;1\/3&#8243;][vc_single_image image=&#8221;81&#8243; img_size=&#8221;full&#8221; alignment=&#8221;center&#8221; el_class=&#8221;ico&#8221;][vc_column_text]<\/p>\n<p style=\"text-align: center;\">Distance<\/p>\n<p style=\"text-align: center;\"><strong>19,6km<\/strong><\/p>\n<p>[\/vc_column_text][\/vc_column_inner][\/vc_row_inner][vc_row_inner equal_height=&#8221;yes&#8221; content_placement=&#8221;middle&#8221; el_class=&#8221;info-rutas visible-xs visible-sm&#8221;][vc_column_inner width=&#8221;1\/4&#8243; offset=&#8221;vc_col-xs-3&#8243;][vc_single_image image=&#8221;83&#8243; img_size=&#8221;full&#8221; alignment=&#8221;center&#8221; el_class=&#8221;ico&#8221;][\/vc_column_inner][vc_column_inner width=&#8221;3\/4&#8243; offset=&#8221;vc_col-xs-9&#8243;][vc_column_text]<\/p>\n<p style=\"text-align: left;\">Difficulty level: <strong>Medium-low<\/strong><\/p>\n<p>[\/vc_column_text][\/vc_column_inner][\/vc_row_inner][vc_row_inner equal_height=&#8221;yes&#8221; content_placement=&#8221;middle&#8221; el_class=&#8221;info-rutas visible-xs visible-sm&#8221;][vc_column_inner width=&#8221;1\/4&#8243; offset=&#8221;vc_col-xs-3&#8243;][vc_single_image image=&#8221;85&#8243; img_size=&#8221;full&#8221; alignment=&#8221;center&#8221; el_class=&#8221;ico&#8221;][\/vc_column_inner][vc_column_inner width=&#8221;3\/4&#8243; offset=&#8221;vc_col-xs-9&#8243;][vc_column_text]<\/p>\n<p style=\"text-align: left;\">Duration: <strong>6:30h<\/strong><\/p>\n<p>[\/vc_column_text][\/vc_column_inner][\/vc_row_inner][vc_row_inner equal_height=&#8221;yes&#8221; content_placement=&#8221;middle&#8221; el_class=&#8221;info-rutas visible-xs visible-sm&#8221;][vc_column_inner width=&#8221;1\/4&#8243; offset=&#8221;vc_col-xs-3&#8243;][vc_single_image image=&#8221;81&#8243; img_size=&#8221;full&#8221; alignment=&#8221;center&#8221; el_class=&#8221;ico&#8221;][\/vc_column_inner][vc_column_inner width=&#8221;3\/4&#8243; offset=&#8221;vc_col-xs-9&#8243;][vc_column_text]<\/p>\n<p style=\"text-align: left;\">Distance: <strong>19,6km<\/strong><\/p>\n<p>[\/vc_column_text][\/vc_column_inner][\/vc_row_inner][\/vc_column][\/vc_row][vc_row foundry_padding=&#8221;pt64 pb64&#8243;][vc_column][vc_row_inner][vc_column_inner width=&#8221;2\/3&#8243; offset=&#8221;vc_col-lg-offset-2 vc_col-md-offset-2&#8243;][vc_column_text]At the beginning, in an emblematic place of Guitiriz, there\u00b4s the parish of Sambreixo, in a unique place known as San Alberte where a roman bridge, an interesting Gothic chapel with a cruise of this century (sculpted by the local Josefa Quarry) and an amazing natural environment with a wide variety of trees converge; all on the bank of the Parga River that in this area is already and adult and runs to join the Landra, a few kilometres later. Close to this area, going up just a few metres to the left, is the Sambreixo viewpoint from which you can enjoy a beautiful skyline.[\/vc_column_text][\/vc_column_inner][\/vc_row_inner][\/vc_column][\/vc_row][vc_row full_width=&#8221;stretch_row_content_no_spaces&#8221; foundry_padding=&#8221;pt64 pb64&#8243; el_class=&#8221;row-fotos&#8221;][vc_column][vc_column_text]<\/p>\n<h2 style=\"text-align: center;\">The Route is divided into three sections<\/h2>\n<p>[\/vc_column_text][\/vc_column][vc_column width=&#8221;1\/3&#8243;][vc_single_image image=&#8221;737&#8243; img_size=&#8221;full&#8221; alignment=&#8221;center&#8221;][vc_column_text]<\/p>\n<p style=\"text-align: center;\">San Alberte \u2013 Fonte de Valdov\u00edn<br \/>\n4.650 m.<\/p>\n<p>[\/vc_column_text][\/vc_column][vc_column width=&#8221;1\/3&#8243;][vc_single_image image=&#8221;600&#8243; img_size=&#8221;full&#8221; alignment=&#8221;center&#8221;][vc_column_text]<\/p>\n<p style=\"text-align: center;\">Fonte de Valdov\u00edn \u2013 Fonte de San Xo\u00e1n<br \/>\n8.100 m.<\/p>\n<p>[\/vc_column_text][\/vc_column][vc_column width=&#8221;1\/3&#8243;][vc_single_image image=&#8221;739&#8243; img_size=&#8221;full&#8221; alignment=&#8221;center&#8221;][vc_column_text]<\/p>\n<p style=\"text-align: center;\">Fonte de San Xo\u00e1n \u2013 Fonte de Pardi\u00f1as<br \/>\n6.900 m.<\/p>\n<p>[\/vc_column_text][\/vc_column][\/vc_row][vc_row foundry_padding=&#8221;pt64 pb64&#8243;][vc_column][vc_row_inner][vc_column_inner width=&#8221;2\/3&#8243; offset=&#8221;vc_col-lg-offset-2 vc_col-md-offset-2&#8243;][vc_column_text el_class=&#8221;hidden-xs hidde-sm&#8221;]The sections indicate and are divided into four fundamental points of the route: The Camino de Santiago as it passes through the area of San Alberte in Sambreixo, Valdovin\u00b4s fountain in Parga, the one of San Xoan\u00b4s in the thermal complex of Lagostelle (Guitiriz) and the one located in Pardi\u00f1as. The sub-sections divide each main section by taking as a reference places that have road access. Some sub-trams still support other divisions because there are points that are accessed by old unpaved waggon roads.<\/p>\n<p>The Water Route, as its name indicates, aims to show the potential aquifer of Guitiriz, both in its health aspect and in the vital value of the liquid element in general. In addition to containing the water fountains that for more than a century have been healing aliments of Guitiricenses and tourists, the route runs for most of its route on the bank of a river and passes through several areas where two or three streams meet.[\/vc_column_text][\/vc_column_inner][\/vc_row_inner][\/vc_column][\/vc_row][vc_row foundry_background_style=&#8221;bg-secondary&#8221; foundry_padding=&#8221;pt0 pb0&#8243; el_class=&#8221;prefooter&#8221;][vc_column][vc_row_inner][vc_column_inner width=&#8221;2\/3&#8243; offset=&#8221;vc_col-lg-offset-2 vc_col-md-offset-2&#8243;][vc_column_text]<strong>If you need more information, contact us and we will be happy to show you all the ins and outs of the route.<\/strong><\/p>\n<p style=\"text-align: center;\"><a class=\"btn\" href=\"https:\/\/turismo.concellodeguitiriz.com\/en\/contacto\/\">Contact<\/a><\/p>\n<p>[\/vc_column_text][\/vc_column_inner][\/vc_row_inner][\/vc_column][\/vc_row]<\/p>\n","protected":false},"excerpt":{"rendered":"<p>[vc_row foundry_background_style=&#8221;bg-primary&#8221; foundry_padding=&#8221;pt64 pb64&#8243;][vc_column][vc_column_text] Water Route [\/vc_column_text][vc_row_inner][vc_column_inner width=&#8221;2\/3&#8243; offset=&#8221;vc_col-lg-offset-2 vc_col-md-offset-2&#8243;][vc_column_text]The Water Route is a walk through nature, history, literature and ethnography&#8230;<\/p>\n","protected":false},"author":1,"featured_media":0,"parent":1153,"menu_order":0,"comment_status":"closed","ping_status":"closed","template":"","meta":{"footnotes":"","_links_to":"","_links_to_target":""},"class_list":["post-1161","page","type-page","status-publish","hentry"],"yoast_head":"<!-- This site is optimized with the Yoast SEO plugin v19.13 - https:\/\/yoast.com\/wordpress\/plugins\/seo\/ -->\n<title>Ruta da Auga | Turismo de Guitiriz<\/title>\n<meta name=\"description\" content=\"A Ruta da Auga \u00e9 un paseo pola natureza, historia, literatura e etnograf\u00eda deste fermoso Concello.\" \/>\n<meta name=\"robots\" content=\"index, follow, max-snippet:-1, max-image-preview:large, max-video-preview:-1\" \/>\n<link rel=\"canonical\" href=\"https:\/\/turismo.concellodeguitiriz.com\/en\/rutas\/ruta-auga\/\" \/>\n<meta property=\"og:locale\" content=\"en_US\" \/>\n<meta property=\"og:type\" content=\"article\" \/>\n<meta property=\"og:title\" content=\"Ruta da Auga | Turismo de Guitiriz\" \/>\n<meta property=\"og:description\" content=\"A Ruta da Auga \u00e9 un paseo pola natureza, historia, literatura e etnograf\u00eda deste fermoso Concello.\" \/>\n<meta property=\"og:url\" content=\"https:\/\/turismo.concellodeguitiriz.com\/en\/rutas\/ruta-auga\/\" \/>\n<meta property=\"og:site_name\" content=\"Turismo de Guitiriz\" \/>\n<meta property=\"article:publisher\" content=\"https:\/\/www.facebook.com\/concellodeguitiriz\/\" \/>\n<meta property=\"article:modified_time\" content=\"2024-01-30T19:34:53+00:00\" \/>\n<meta name=\"twitter:card\" content=\"summary_large_image\" \/>\n<meta name=\"twitter:title\" content=\"Ruta da Auga | Turismo de Guitiriz\" \/>\n<meta name=\"twitter:description\" content=\"A Ruta da Auga \u00e9 un paseo pola natureza, historia, literatura e etnograf\u00eda deste fermoso Concello.\" \/>\n<meta name=\"twitter:label1\" content=\"Est. reading time\" \/>\n\t<meta name=\"twitter:data1\" content=\"3 minutes\" \/>\n<script type=\"application\/ld+json\" class=\"yoast-schema-graph\">{\"@context\":\"https:\/\/schema.org\",\"@graph\":[{\"@type\":\"WebPage\",\"@id\":\"https:\/\/turismo.concellodeguitiriz.com\/en\/rutas\/ruta-auga\/\",\"url\":\"https:\/\/turismo.concellodeguitiriz.com\/en\/rutas\/ruta-auga\/\",\"name\":\"Ruta da Auga | Turismo de Guitiriz\",\"isPartOf\":{\"@id\":\"https:\/\/turismo.concellodeguitiriz.com\/#website\"},\"datePublished\":\"2021-06-30T17:00:50+00:00\",\"dateModified\":\"2024-01-30T19:34:53+00:00\",\"description\":\"A Ruta da Auga \u00e9 un paseo pola natureza, historia, literatura e etnograf\u00eda deste fermoso Concello.\",\"breadcrumb\":{\"@id\":\"https:\/\/turismo.concellodeguitiriz.com\/en\/rutas\/ruta-auga\/#breadcrumb\"},\"inLanguage\":\"en-US\",\"potentialAction\":[{\"@type\":\"ReadAction\",\"target\":[\"https:\/\/turismo.concellodeguitiriz.com\/en\/rutas\/ruta-auga\/\"]}]},{\"@type\":\"BreadcrumbList\",\"@id\":\"https:\/\/turismo.concellodeguitiriz.com\/en\/rutas\/ruta-auga\/#breadcrumb\",\"itemListElement\":[{\"@type\":\"ListItem\",\"position\":1,\"name\":\"Portada\",\"item\":\"https:\/\/turismo.concellodeguitiriz.com\/en\/\"},{\"@type\":\"ListItem\",\"position\":2,\"name\":\"Rutas\",\"item\":\"https:\/\/turismo.concellodeguitiriz.com\/en\/rutas\/\"},{\"@type\":\"ListItem\",\"position\":3,\"name\":\"Ruta da Auga\"}]},{\"@type\":\"WebSite\",\"@id\":\"https:\/\/turismo.concellodeguitiriz.com\/#website\",\"url\":\"https:\/\/turismo.concellodeguitiriz.com\/\",\"name\":\"Turismo de Guitiriz\",\"description\":\"Concello de Guitiriz\",\"publisher\":{\"@id\":\"https:\/\/turismo.concellodeguitiriz.com\/#organization\"},\"potentialAction\":[{\"@type\":\"SearchAction\",\"target\":{\"@type\":\"EntryPoint\",\"urlTemplate\":\"https:\/\/turismo.concellodeguitiriz.com\/?s={search_term_string}\"},\"query-input\":\"required name=search_term_string\"}],\"inLanguage\":\"en-US\"},{\"@type\":\"Organization\",\"@id\":\"https:\/\/turismo.concellodeguitiriz.com\/#organization\",\"name\":\"Turismo Guitiriz\",\"url\":\"https:\/\/turismo.concellodeguitiriz.com\/\",\"logo\":{\"@type\":\"ImageObject\",\"inLanguage\":\"en-US\",\"@id\":\"https:\/\/turismo.concellodeguitiriz.com\/#\/schema\/logo\/image\/\",\"url\":\"https:\/\/turismo.concellodeguitiriz.com\/wp-content\/uploads\/2021\/06\/g-turismo-logopos.png\",\"contentUrl\":\"https:\/\/turismo.concellodeguitiriz.com\/wp-content\/uploads\/2021\/06\/g-turismo-logopos.png\",\"width\":2001,\"height\":1024,\"caption\":\"Turismo Guitiriz\"},\"image\":{\"@id\":\"https:\/\/turismo.concellodeguitiriz.com\/#\/schema\/logo\/image\/\"},\"sameAs\":[\"https:\/\/www.instagram.com\/guitirizigualdade\/\",\"https:\/\/www.facebook.com\/concellodeguitiriz\/\"]}]}<\/script>\n<!-- \/ Yoast SEO plugin. -->","yoast_head_json":{"title":"Ruta da Auga | Turismo de Guitiriz","description":"A Ruta da Auga \u00e9 un paseo pola natureza, historia, literatura e etnograf\u00eda deste fermoso Concello.","robots":{"index":"index","follow":"follow","max-snippet":"max-snippet:-1","max-image-preview":"max-image-preview:large","max-video-preview":"max-video-preview:-1"},"canonical":"https:\/\/turismo.concellodeguitiriz.com\/en\/rutas\/ruta-auga\/","og_locale":"en_US","og_type":"article","og_title":"Ruta da Auga | Turismo de Guitiriz","og_description":"A Ruta da Auga \u00e9 un paseo pola natureza, historia, literatura e etnograf\u00eda deste fermoso Concello.","og_url":"https:\/\/turismo.concellodeguitiriz.com\/en\/rutas\/ruta-auga\/","og_site_name":"Turismo de Guitiriz","article_publisher":"https:\/\/www.facebook.com\/concellodeguitiriz\/","article_modified_time":"2024-01-30T19:34:53+00:00","twitter_card":"summary_large_image","twitter_title":"Ruta da Auga | Turismo de Guitiriz","twitter_description":"A Ruta da Auga \u00e9 un paseo pola natureza, historia, literatura e etnograf\u00eda deste fermoso Concello.","twitter_misc":{"Est. reading time":"3 minutes"},"schema":{"@context":"https:\/\/schema.org","@graph":[{"@type":"WebPage","@id":"https:\/\/turismo.concellodeguitiriz.com\/en\/rutas\/ruta-auga\/","url":"https:\/\/turismo.concellodeguitiriz.com\/en\/rutas\/ruta-auga\/","name":"Ruta da Auga | Turismo de Guitiriz","isPartOf":{"@id":"https:\/\/turismo.concellodeguitiriz.com\/#website"},"datePublished":"2021-06-30T17:00:50+00:00","dateModified":"2024-01-30T19:34:53+00:00","description":"A Ruta da Auga \u00e9 un paseo pola natureza, historia, literatura e etnograf\u00eda deste fermoso Concello.","breadcrumb":{"@id":"https:\/\/turismo.concellodeguitiriz.com\/en\/rutas\/ruta-auga\/#breadcrumb"},"inLanguage":"en-US","potentialAction":[{"@type":"ReadAction","target":["https:\/\/turismo.concellodeguitiriz.com\/en\/rutas\/ruta-auga\/"]}]},{"@type":"BreadcrumbList","@id":"https:\/\/turismo.concellodeguitiriz.com\/en\/rutas\/ruta-auga\/#breadcrumb","itemListElement":[{"@type":"ListItem","position":1,"name":"Portada","item":"https:\/\/turismo.concellodeguitiriz.com\/en\/"},{"@type":"ListItem","position":2,"name":"Rutas","item":"https:\/\/turismo.concellodeguitiriz.com\/en\/rutas\/"},{"@type":"ListItem","position":3,"name":"Ruta da Auga"}]},{"@type":"WebSite","@id":"https:\/\/turismo.concellodeguitiriz.com\/#website","url":"https:\/\/turismo.concellodeguitiriz.com\/","name":"Turismo de Guitiriz","description":"Concello de Guitiriz","publisher":{"@id":"https:\/\/turismo.concellodeguitiriz.com\/#organization"},"potentialAction":[{"@type":"SearchAction","target":{"@type":"EntryPoint","urlTemplate":"https:\/\/turismo.concellodeguitiriz.com\/?s={search_term_string}"},"query-input":"required name=search_term_string"}],"inLanguage":"en-US"},{"@type":"Organization","@id":"https:\/\/turismo.concellodeguitiriz.com\/#organization","name":"Turismo Guitiriz","url":"https:\/\/turismo.concellodeguitiriz.com\/","logo":{"@type":"ImageObject","inLanguage":"en-US","@id":"https:\/\/turismo.concellodeguitiriz.com\/#\/schema\/logo\/image\/","url":"https:\/\/turismo.concellodeguitiriz.com\/wp-content\/uploads\/2021\/06\/g-turismo-logopos.png","contentUrl":"https:\/\/turismo.concellodeguitiriz.com\/wp-content\/uploads\/2021\/06\/g-turismo-logopos.png","width":2001,"height":1024,"caption":"Turismo Guitiriz"},"image":{"@id":"https:\/\/turismo.concellodeguitiriz.com\/#\/schema\/logo\/image\/"},"sameAs":["https:\/\/www.instagram.com\/guitirizigualdade\/","https:\/\/www.facebook.com\/concellodeguitiriz\/"]}]}},"_links":{"self":[{"href":"https:\/\/turismo.concellodeguitiriz.com\/en\/wp-json\/wp\/v2\/pages\/1161","targetHints":{"allow":["GET"]}}],"collection":[{"href":"https:\/\/turismo.concellodeguitiriz.com\/en\/wp-json\/wp\/v2\/pages"}],"about":[{"href":"https:\/\/turismo.concellodeguitiriz.com\/en\/wp-json\/wp\/v2\/types\/page"}],"author":[{"embeddable":true,"href":"https:\/\/turismo.concellodeguitiriz.com\/en\/wp-json\/wp\/v2\/users\/1"}],"replies":[{"embeddable":true,"href":"https:\/\/turismo.concellodeguitiriz.com\/en\/wp-json\/wp\/v2\/comments?post=1161"}],"version-history":[{"count":2,"href":"https:\/\/turismo.concellodeguitiriz.com\/en\/wp-json\/wp\/v2\/pages\/1161\/revisions"}],"predecessor-version":[{"id":1169,"href":"https:\/\/turismo.concellodeguitiriz.com\/en\/wp-json\/wp\/v2\/pages\/1161\/revisions\/1169"}],"up":[{"embeddable":true,"href":"https:\/\/turismo.concellodeguitiriz.com\/en\/wp-json\/wp\/v2\/pages\/1153"}],"wp:attachment":[{"href":"https:\/\/turismo.concellodeguitiriz.com\/en\/wp-json\/wp\/v2\/media?parent=1161"}],"curies":[{"name":"wp","href":"https:\/\/api.w.org\/{rel}","templated":true}]}}