{"id":1179,"date":"2021-07-13T13:54:24","date_gmt":"2021-07-13T13:54:24","guid":{"rendered":"https:\/\/turismo.concellodeguitiriz.com\/torta-maiz\/"},"modified":"2024-01-30T19:47:33","modified_gmt":"2024-01-30T19:47:33","slug":"torta-maiz","status":"publish","type":"page","link":"https:\/\/turismo.concellodeguitiriz.com\/en\/torta-maiz\/","title":{"rendered":"Torta de ma\u00edz"},"content":{"rendered":"<p>[vc_row foundry_padding=&#8221;pt64 pb64&#8243;][vc_column][vc_column_text]<\/p>\n<h1 style=\"text-align: center;\">Guitiriz\u00b4s Corn Cake<\/h1>\n<p>[\/vc_column_text][vc_row_inner equal_height=&#8221;yes&#8221; content_placement=&#8221;middle&#8221;][vc_column_inner el_class=&#8221;col-boxed&#8221; width=&#8221;1\/2&#8243;][vc_column_text]Guitiriz is known for its corn cake, an artisanal sponge cake that has as ingredients: eggs, sugar, butter and corn flour.<\/p>\n<p><strong>But, do you know the stories that surround the cake?<\/strong><\/p>\n<p>? Among the neighbours the is the legend that this recipe was born from a visit of the Kings of the Sagrada Familia to the village of Boedo. Nobody wanted to give them accommodation, except a humble family from O Boedo, who lend them their house, despite being very poor and not even having anything to eat. The queen asked the mother of the family to make a cake with corn flour, to which the woman refused not trusting the result. The queen, in face of her refusal, told her: \u201cIt is so true that a very good sponge cake is going to come out of there, like this village is going to be flooded\u201d and so it was.<\/p>\n<p>The most realistic story says that there was a family in the village that made this cake and that it was so successful that, when they had to leave, they left the recipe to other bakeries so that they could continue to commercialise this delicacy.[\/vc_column_text][\/vc_column_inner][vc_column_inner width=&#8221;1\/2&#8243;][vc_single_image image=&#8221;417&#8243; img_size=&#8221;full&#8221; alignment=&#8221;center&#8221; css_animation=&#8221;zoomIn&#8221;][\/vc_column_inner][\/vc_row_inner][\/vc_column][\/vc_row][vc_row foundry_padding=&#8221;pt64 pb64&#8243; el_class=&#8221;fondo-amarillo&#8221;][vc_column][vc_row_inner][vc_column_inner el_class=&#8221;col-boxed&#8221;][vc_column_text]<\/p>\n<h2 class=\"historia\" style=\"text-align: center;\">Where to find it<\/h2>\n<p>[\/vc_column_text][\/vc_column_inner][\/vc_row_inner][vc_row_inner][vc_column_inner el_class=&#8221;caja-sombra&#8221; width=&#8221;1\/4&#8243;][vc_single_image image=&#8221;424&#8243; img_size=&#8221;&#8221; alignment=&#8221;center&#8221; el_class=&#8221;ico&#8221;][vc_column_text]<\/p>\n<p style=\"text-align: center;\"><a href=\"https:\/\/panaderialaesquina.com\/nuestros-productos\/reposteria.html\" target=\"_blank\" rel=\"noopener\">Panader\u00eda La Esquina<\/a><\/p>\n<p>[\/vc_column_text][\/vc_column_inner][vc_column_inner el_class=&#8221;caja-sombra&#8221; width=&#8221;1\/4&#8243;][vc_single_image image=&#8221;424&#8243; img_size=&#8221;&#8221; alignment=&#8221;center&#8221; el_class=&#8221;ico&#8221;][vc_column_text]<\/p>\n<p style=\"text-align: center;\"><a href=\"https:\/\/www.panaderiadavid.com\/\" target=\"_blank\" rel=\"noopener\">Panader\u00eda David<\/a><\/p>\n<p>[\/vc_column_text][\/vc_column_inner][vc_column_inner el_class=&#8221;caja-sombra&#8221; width=&#8221;1\/4&#8243;][vc_single_image image=&#8221;424&#8243; img_size=&#8221;&#8221; alignment=&#8221;center&#8221; el_class=&#8221;ico&#8221;][vc_column_text]<\/p>\n<p style=\"text-align: center;\">Panader\u00eda G\u00f3mez<\/p>\n<p>[\/vc_column_text][\/vc_column_inner][vc_column_inner el_class=&#8221;caja-sombra&#8221; width=&#8221;1\/4&#8243;][vc_single_image image=&#8221;424&#8243; img_size=&#8221;&#8221; alignment=&#8221;center&#8221; el_class=&#8221;ico&#8221;][vc_column_text]<\/p>\n<p style=\"text-align: center;\">Panader\u00eda La Artesana<\/p>\n<p>[\/vc_column_text][\/vc_column_inner][\/vc_row_inner][\/vc_column][\/vc_row]<\/p>\n","protected":false},"excerpt":{"rendered":"<p>[vc_row foundry_padding=&#8221;pt64 pb64&#8243;][vc_column][vc_column_text] Guitiriz\u00b4s Corn Cake [\/vc_column_text][vc_row_inner equal_height=&#8221;yes&#8221; content_placement=&#8221;middle&#8221;][vc_column_inner el_class=&#8221;col-boxed&#8221; width=&#8221;1\/2&#8243;][vc_column_text]Guitiriz is known for its corn cake, an artisanal sponge cake&#8230;<\/p>\n","protected":false},"author":1,"featured_media":0,"parent":0,"menu_order":0,"comment_status":"closed","ping_status":"closed","template":"","meta":{"footnotes":"","_links_to":"","_links_to_target":""},"class_list":["post-1179","page","type-page","status-publish","hentry"],"yoast_head":"<!-- This site is optimized with the Yoast SEO plugin v19.13 - https:\/\/yoast.com\/wordpress\/plugins\/seo\/ -->\n<title>Torta de ma\u00edz | Turismo de Guitiriz<\/title>\n<meta name=\"description\" content=\"Guitiriz es conocida por su torta de ma\u00edz, un bizcocho artesanal que tiene como ingredientes: huevos, az\u00facar, mantequilla y harina de ma\u00edz.\" \/>\n<meta name=\"robots\" content=\"index, follow, max-snippet:-1, max-image-preview:large, max-video-preview:-1\" \/>\n<link rel=\"canonical\" href=\"https:\/\/turismo.concellodeguitiriz.com\/en\/torta-maiz\/\" \/>\n<meta property=\"og:locale\" content=\"en_US\" \/>\n<meta property=\"og:type\" content=\"article\" \/>\n<meta property=\"og:title\" content=\"Torta de Millo | Turismo de Guitiriz\" \/>\n<meta property=\"og:description\" content=\"Guitiriz es conocida por su torta de ma\u00edz, un bizcocho artesanal que tiene como ingredientes: huevos, az\u00facar, mantequilla y harina de ma\u00edz.\" \/>\n<meta property=\"og:url\" content=\"https:\/\/turismo.concellodeguitiriz.com\/en\/torta-maiz\/\" \/>\n<meta property=\"og:site_name\" content=\"Turismo de Guitiriz\" \/>\n<meta property=\"article:publisher\" content=\"https:\/\/www.facebook.com\/concellodeguitiriz\/\" \/>\n<meta property=\"article:modified_time\" content=\"2024-01-30T19:47:33+00:00\" \/>\n<meta name=\"twitter:card\" content=\"summary_large_image\" \/>\n<meta name=\"twitter:title\" content=\"Torta de Millo | Turismo de Guitiriz\" \/>\n<meta name=\"twitter:description\" content=\"Guitiriz es conocida por su torta de ma\u00edz, un bizcocho artesanal que tiene como ingredientes: huevos, az\u00facar, mantequilla y harina de ma\u00edz.\" \/>\n<meta name=\"twitter:label1\" content=\"Est. reading time\" \/>\n\t<meta name=\"twitter:data1\" content=\"2 minutes\" \/>\n<script type=\"application\/ld+json\" class=\"yoast-schema-graph\">{\"@context\":\"https:\/\/schema.org\",\"@graph\":[{\"@type\":\"WebPage\",\"@id\":\"https:\/\/turismo.concellodeguitiriz.com\/en\/torta-maiz\/\",\"url\":\"https:\/\/turismo.concellodeguitiriz.com\/en\/torta-maiz\/\",\"name\":\"Torta de ma\u00edz | Turismo de Guitiriz\",\"isPartOf\":{\"@id\":\"https:\/\/turismo.concellodeguitiriz.com\/#website\"},\"datePublished\":\"2021-07-13T13:54:24+00:00\",\"dateModified\":\"2024-01-30T19:47:33+00:00\",\"description\":\"Guitiriz es conocida por su torta de ma\u00edz, un bizcocho artesanal que tiene como ingredientes: huevos, az\u00facar, mantequilla y harina de ma\u00edz.\",\"breadcrumb\":{\"@id\":\"https:\/\/turismo.concellodeguitiriz.com\/en\/torta-maiz\/#breadcrumb\"},\"inLanguage\":\"en-US\",\"potentialAction\":[{\"@type\":\"ReadAction\",\"target\":[\"https:\/\/turismo.concellodeguitiriz.com\/en\/torta-maiz\/\"]}]},{\"@type\":\"BreadcrumbList\",\"@id\":\"https:\/\/turismo.concellodeguitiriz.com\/en\/torta-maiz\/#breadcrumb\",\"itemListElement\":[{\"@type\":\"ListItem\",\"position\":1,\"name\":\"Portada\",\"item\":\"https:\/\/turismo.concellodeguitiriz.com\/en\/\"},{\"@type\":\"ListItem\",\"position\":2,\"name\":\"Torta de ma\u00edz\"}]},{\"@type\":\"WebSite\",\"@id\":\"https:\/\/turismo.concellodeguitiriz.com\/#website\",\"url\":\"https:\/\/turismo.concellodeguitiriz.com\/\",\"name\":\"Turismo de Guitiriz\",\"description\":\"Concello de Guitiriz\",\"publisher\":{\"@id\":\"https:\/\/turismo.concellodeguitiriz.com\/#organization\"},\"potentialAction\":[{\"@type\":\"SearchAction\",\"target\":{\"@type\":\"EntryPoint\",\"urlTemplate\":\"https:\/\/turismo.concellodeguitiriz.com\/?s={search_term_string}\"},\"query-input\":\"required name=search_term_string\"}],\"inLanguage\":\"en-US\"},{\"@type\":\"Organization\",\"@id\":\"https:\/\/turismo.concellodeguitiriz.com\/#organization\",\"name\":\"Turismo Guitiriz\",\"url\":\"https:\/\/turismo.concellodeguitiriz.com\/\",\"logo\":{\"@type\":\"ImageObject\",\"inLanguage\":\"en-US\",\"@id\":\"https:\/\/turismo.concellodeguitiriz.com\/#\/schema\/logo\/image\/\",\"url\":\"https:\/\/turismo.concellodeguitiriz.com\/wp-content\/uploads\/2021\/06\/g-turismo-logopos.png\",\"contentUrl\":\"https:\/\/turismo.concellodeguitiriz.com\/wp-content\/uploads\/2021\/06\/g-turismo-logopos.png\",\"width\":2001,\"height\":1024,\"caption\":\"Turismo Guitiriz\"},\"image\":{\"@id\":\"https:\/\/turismo.concellodeguitiriz.com\/#\/schema\/logo\/image\/\"},\"sameAs\":[\"https:\/\/www.instagram.com\/guitirizigualdade\/\",\"https:\/\/www.facebook.com\/concellodeguitiriz\/\"]}]}<\/script>\n<!-- \/ Yoast SEO plugin. -->","yoast_head_json":{"title":"Torta de ma\u00edz | Turismo de Guitiriz","description":"Guitiriz es conocida por su torta de ma\u00edz, un bizcocho artesanal que tiene como ingredientes: huevos, az\u00facar, mantequilla y harina de ma\u00edz.","robots":{"index":"index","follow":"follow","max-snippet":"max-snippet:-1","max-image-preview":"max-image-preview:large","max-video-preview":"max-video-preview:-1"},"canonical":"https:\/\/turismo.concellodeguitiriz.com\/en\/torta-maiz\/","og_locale":"en_US","og_type":"article","og_title":"Torta de Millo | Turismo de Guitiriz","og_description":"Guitiriz es conocida por su torta de ma\u00edz, un bizcocho artesanal que tiene como ingredientes: huevos, az\u00facar, mantequilla y harina de ma\u00edz.","og_url":"https:\/\/turismo.concellodeguitiriz.com\/en\/torta-maiz\/","og_site_name":"Turismo de Guitiriz","article_publisher":"https:\/\/www.facebook.com\/concellodeguitiriz\/","article_modified_time":"2024-01-30T19:47:33+00:00","twitter_card":"summary_large_image","twitter_title":"Torta de Millo | Turismo de Guitiriz","twitter_description":"Guitiriz es conocida por su torta de ma\u00edz, un bizcocho artesanal que tiene como ingredientes: huevos, az\u00facar, mantequilla y harina de ma\u00edz.","twitter_misc":{"Est. reading time":"2 minutes"},"schema":{"@context":"https:\/\/schema.org","@graph":[{"@type":"WebPage","@id":"https:\/\/turismo.concellodeguitiriz.com\/en\/torta-maiz\/","url":"https:\/\/turismo.concellodeguitiriz.com\/en\/torta-maiz\/","name":"Torta de ma\u00edz | Turismo de Guitiriz","isPartOf":{"@id":"https:\/\/turismo.concellodeguitiriz.com\/#website"},"datePublished":"2021-07-13T13:54:24+00:00","dateModified":"2024-01-30T19:47:33+00:00","description":"Guitiriz es conocida por su torta de ma\u00edz, un bizcocho artesanal que tiene como ingredientes: huevos, az\u00facar, mantequilla y harina de ma\u00edz.","breadcrumb":{"@id":"https:\/\/turismo.concellodeguitiriz.com\/en\/torta-maiz\/#breadcrumb"},"inLanguage":"en-US","potentialAction":[{"@type":"ReadAction","target":["https:\/\/turismo.concellodeguitiriz.com\/en\/torta-maiz\/"]}]},{"@type":"BreadcrumbList","@id":"https:\/\/turismo.concellodeguitiriz.com\/en\/torta-maiz\/#breadcrumb","itemListElement":[{"@type":"ListItem","position":1,"name":"Portada","item":"https:\/\/turismo.concellodeguitiriz.com\/en\/"},{"@type":"ListItem","position":2,"name":"Torta de ma\u00edz"}]},{"@type":"WebSite","@id":"https:\/\/turismo.concellodeguitiriz.com\/#website","url":"https:\/\/turismo.concellodeguitiriz.com\/","name":"Turismo de Guitiriz","description":"Concello de Guitiriz","publisher":{"@id":"https:\/\/turismo.concellodeguitiriz.com\/#organization"},"potentialAction":[{"@type":"SearchAction","target":{"@type":"EntryPoint","urlTemplate":"https:\/\/turismo.concellodeguitiriz.com\/?s={search_term_string}"},"query-input":"required name=search_term_string"}],"inLanguage":"en-US"},{"@type":"Organization","@id":"https:\/\/turismo.concellodeguitiriz.com\/#organization","name":"Turismo Guitiriz","url":"https:\/\/turismo.concellodeguitiriz.com\/","logo":{"@type":"ImageObject","inLanguage":"en-US","@id":"https:\/\/turismo.concellodeguitiriz.com\/#\/schema\/logo\/image\/","url":"https:\/\/turismo.concellodeguitiriz.com\/wp-content\/uploads\/2021\/06\/g-turismo-logopos.png","contentUrl":"https:\/\/turismo.concellodeguitiriz.com\/wp-content\/uploads\/2021\/06\/g-turismo-logopos.png","width":2001,"height":1024,"caption":"Turismo Guitiriz"},"image":{"@id":"https:\/\/turismo.concellodeguitiriz.com\/#\/schema\/logo\/image\/"},"sameAs":["https:\/\/www.instagram.com\/guitirizigualdade\/","https:\/\/www.facebook.com\/concellodeguitiriz\/"]}]}},"_links":{"self":[{"href":"https:\/\/turismo.concellodeguitiriz.com\/en\/wp-json\/wp\/v2\/pages\/1179","targetHints":{"allow":["GET"]}}],"collection":[{"href":"https:\/\/turismo.concellodeguitiriz.com\/en\/wp-json\/wp\/v2\/pages"}],"about":[{"href":"https:\/\/turismo.concellodeguitiriz.com\/en\/wp-json\/wp\/v2\/types\/page"}],"author":[{"embeddable":true,"href":"https:\/\/turismo.concellodeguitiriz.com\/en\/wp-json\/wp\/v2\/users\/1"}],"replies":[{"embeddable":true,"href":"https:\/\/turismo.concellodeguitiriz.com\/en\/wp-json\/wp\/v2\/comments?post=1179"}],"version-history":[{"count":2,"href":"https:\/\/turismo.concellodeguitiriz.com\/en\/wp-json\/wp\/v2\/pages\/1179\/revisions"}],"predecessor-version":[{"id":1184,"href":"https:\/\/turismo.concellodeguitiriz.com\/en\/wp-json\/wp\/v2\/pages\/1179\/revisions\/1184"}],"wp:attachment":[{"href":"https:\/\/turismo.concellodeguitiriz.com\/en\/wp-json\/wp\/v2\/media?parent=1179"}],"curies":[{"name":"wp","href":"https:\/\/api.w.org\/{rel}","templated":true}]}}