{"id":1185,"date":"2021-07-21T15:17:12","date_gmt":"2021-07-21T15:17:12","guid":{"rendered":"https:\/\/turismo.concellodeguitiriz.com\/parroquias\/negradas\/"},"modified":"2024-01-30T20:39:25","modified_gmt":"2024-01-30T20:39:25","slug":"negradas","status":"publish","type":"page","link":"https:\/\/turismo.concellodeguitiriz.com\/en\/parroquias\/negradas\/","title":{"rendered":"As Negradas"},"content":{"rendered":"<p>[vc_row foundry_background_style=&#8221;bg-secondary&#8221; foundry_padding=&#8221;pt64 pb64&#8243;][vc_column][vc_column_text]<a href=\"https:\/\/turismo.concellodeguitiriz.com\/en\/parroquias\/\"><i class=\"fas fa-long-arrow-alt-left\"><\/i> Ver todas as Parroquias<\/a>[\/vc_column_text][vc_column_text]<\/p>\n<h1 style=\"text-align: center;\">As Negradas<\/h1>\n<p>[\/vc_column_text][\/vc_column][\/vc_row][vc_row foundry_padding=&#8221;pt64 pb64&#8243; el_class=&#8221;container-parroquias&#8221;][vc_column el_class=&#8221;grid-parroquias&#8221;][vc_tta_tour active_section=&#8221;1&#8243; el_class=&#8221;tour-parroquias&#8221;][vc_tta_section i_icon_fontawesome=&#8221;fas fa-map-marker-alt&#8221; add_icon=&#8221;true&#8221; title=&#8221;Situation&#8221; tab_id=&#8221;situation&#8221;][vc_column_text]<i class=\"fas fa-map-marker-alt\"><\/i> <strong>Situation<\/strong>: Located 10km from the municipal core.<br \/>\n<a href=\"https:\/\/maps.app.goo.gl\/qaSTY8SjAHzxGyLd6\" target=\"_blank\" rel=\"noopener\">Check location<\/a><\/p>\n<p><i class=\"fas fa-route\"><\/i><strong>Population entities:<\/strong> 21<br \/>\nA Tarroeira, O Alto, Bistixo\u00e1n, O Calvo, O Campo da Pena,As Cancelas, Os Candedos, A Casa Lousada, Cerdeiras, Porto Seixo, Rebordi\u00f1os, Grad\u00f3n, O Lousado, Ouz\u00e1s, A Penabranca, A Pereira, Sutorgedo, O Torguedo, A Vacariza, Vix\u00f3n, A Xarela.[\/vc_column_text][\/vc_tta_section][vc_tta_section i_icon_fontawesome=&#8221;fas fa-book-open&#8221; add_icon=&#8221;true&#8221; title=&#8221;Know As Negradas&#8221; tab_id=&#8221;conoce&#8221;][vc_row_inner][vc_column_inner][vc_column_text]In the parish of Las Negradas is the well-known &#8220;Cave of the Serpent&#8221;, where you can see a beautiful panorama of all Guitiriz. This is an ideal place to enjoy local fauna and flora.<\/p>\n<p>The Serpent Cave has a beautiful legend, it is said that a snake of a disjointed size lived there. This scared the neighbors, because, he ate cows and even some people. It is said that when he went out to eat, his mouth caught reses in Miraz&#8217;s fields, but that his tail did not completely come out of\u00a0&#8220;Pena Furada&#8221;, and between one point and another there is 8 km in a straight line. To end it, the neighbors joined a donkey with alking as bait, and when the snake swallowed it, they predated it on fire. It is also said that in the Castillo de Narla (Friol) lived a princess in love with a peasant, both fled to this place and met the snake. She ate the boy, so the king&#8217;s envoys killed the snake and saved the princess.<\/p>\n<p>At the foot of this famous Cave is the Parish Church, in O Lousado. The &#8220;Mill of the Devesela&#8221; of 1875 and the &#8220;Mill of the Crego&#8221; of 1900, both are located in the village of Lousado, are preserved in good condition, the second even functioning to this day.<\/p>\n<p>[\/vc_column_text][\/vc_column_inner][\/vc_row_inner][\/vc_tta_section][vc_tta_section i_icon_fontawesome=&#8221;fas fa-eye&#8221; add_icon=&#8221;true&#8221; title=&#8221;What to see&#8221; tab_id=&#8221;que-ver&#8221;][vc_row_inner][vc_column_inner width=&#8221;1\/2&#8243; offset=&#8221;vc_col-xs-6&#8243;][vc_single_image image=&#8221;577&#8243; img_size=&#8221;full&#8221; alignment=&#8221;center&#8221;][\/vc_column_inner][vc_column_inner width=&#8221;1\/2&#8243;][vc_single_image image=&#8221;573&#8243; img_size=&#8221;full&#8221; alignment=&#8221;center&#8221;][\/vc_column_inner][\/vc_row_inner][vc_row_inner][vc_column_inner width=&#8221;1\/2&#8243; offset=&#8221;vc_col-xs-6&#8243;][vc_single_image image=&#8221;575&#8243; img_size=&#8221;full&#8221; alignment=&#8221;center&#8221;][\/vc_column_inner][vc_column_inner width=&#8221;1\/2&#8243;][vc_single_image image=&#8221;571&#8243; img_size=&#8221;full&#8221; alignment=&#8221;center&#8221;][\/vc_column_inner][\/vc_row_inner][\/vc_tta_section][vc_tta_section i_icon_fontawesome=&#8221;fas fa-calendar&#8221; add_icon=&#8221;true&#8221; title=&#8221;Holidays&#8221; tab_id=&#8221;festas&#8221;][vc_column_text]<i class=\"fas fa-calendar\"><\/i><strong>Festivities:<\/strong> The last weekend of September in honor of St. Michael&#8217;s.[\/vc_column_text][\/vc_tta_section][\/vc_tta_tour][\/vc_column][\/vc_row]<\/p>\n","protected":false},"excerpt":{"rendered":"<p>[vc_row foundry_background_style=&#8221;bg-secondary&#8221; foundry_padding=&#8221;pt64 pb64&#8243;][vc_column][vc_column_text] Ver todas as Parroquias[\/vc_column_text][vc_column_text] As Negradas [\/vc_column_text][\/vc_column][\/vc_row][vc_row foundry_padding=&#8221;pt64 pb64&#8243; el_class=&#8221;container-parroquias&#8221;][vc_column el_class=&#8221;grid-parroquias&#8221;][vc_tta_tour active_section=&#8221;1&#8243; el_class=&#8221;tour-parroquias&#8221;][vc_tta_section i_icon_fontawesome=&#8221;fas fa-map-marker-alt&#8221; add_icon=&#8221;true&#8221; title=&#8221;Situation&#8221;&#8230;<\/p>\n","protected":false},"author":1,"featured_media":0,"parent":1138,"menu_order":0,"comment_status":"closed","ping_status":"closed","template":"","meta":{"footnotes":"","_links_to":"","_links_to_target":""},"class_list":["post-1185","page","type-page","status-publish","hentry"],"yoast_head":"<!-- This site is optimized with the Yoast SEO plugin v19.13 - https:\/\/yoast.com\/wordpress\/plugins\/seo\/ -->\n<title>As Negradas | Turismo de Guitiriz<\/title>\n<meta name=\"description\" content=\"As Negradas, a 10km do n\u00facleo municipal, destaca o co\u00f1ecido lugar de \u201cA Cova da Serpe\u201d, adem\u00e1is de a s\u00faa Igrexa Parroquial e os seus mui\u00f1os.\" \/>\n<meta name=\"robots\" content=\"index, follow, max-snippet:-1, max-image-preview:large, max-video-preview:-1\" \/>\n<link rel=\"canonical\" href=\"https:\/\/turismo.concellodeguitiriz.com\/en\/parroquias\/negradas\/\" \/>\n<meta property=\"og:locale\" content=\"en_US\" \/>\n<meta property=\"og:type\" content=\"article\" \/>\n<meta property=\"og:title\" content=\"As Negradas | Turismo de Guitiriz\" \/>\n<meta property=\"og:description\" content=\"As Negradas, a 10km do n\u00facleo municipal, destaca o co\u00f1ecido lugar de \u201cA Cova da Serpe\u201d, adem\u00e1is de a s\u00faa Igrexa Parroquial e os seus mui\u00f1os.\" \/>\n<meta property=\"og:url\" content=\"https:\/\/turismo.concellodeguitiriz.com\/en\/parroquias\/negradas\/\" \/>\n<meta property=\"og:site_name\" content=\"Turismo de Guitiriz\" \/>\n<meta property=\"article:publisher\" content=\"https:\/\/www.facebook.com\/concellodeguitiriz\/\" \/>\n<meta property=\"article:modified_time\" content=\"2024-01-30T20:39:25+00:00\" \/>\n<meta name=\"twitter:card\" content=\"summary_large_image\" \/>\n<meta name=\"twitter:title\" content=\"As Negradas | Turismo de Guitiriz\" \/>\n<meta name=\"twitter:description\" content=\"As Negradas, a 10km do n\u00facleo municipal, destaca o co\u00f1ecido lugar de \u201cA Cova da Serpe\u201d, adem\u00e1is de a s\u00faa Igrexa Parroquial e os seus mui\u00f1os.\" \/>\n<meta name=\"twitter:label1\" content=\"Est. reading time\" \/>\n\t<meta name=\"twitter:data1\" content=\"2 minutes\" \/>\n<script type=\"application\/ld+json\" class=\"yoast-schema-graph\">{\"@context\":\"https:\/\/schema.org\",\"@graph\":[{\"@type\":\"WebPage\",\"@id\":\"https:\/\/turismo.concellodeguitiriz.com\/en\/parroquias\/negradas\/\",\"url\":\"https:\/\/turismo.concellodeguitiriz.com\/en\/parroquias\/negradas\/\",\"name\":\"As Negradas | Turismo de Guitiriz\",\"isPartOf\":{\"@id\":\"https:\/\/turismo.concellodeguitiriz.com\/#website\"},\"datePublished\":\"2021-07-21T15:17:12+00:00\",\"dateModified\":\"2024-01-30T20:39:25+00:00\",\"description\":\"As Negradas, a 10km do n\u00facleo municipal, destaca o co\u00f1ecido lugar de \u201cA Cova da Serpe\u201d, adem\u00e1is de a s\u00faa Igrexa Parroquial e os seus mui\u00f1os.\",\"breadcrumb\":{\"@id\":\"https:\/\/turismo.concellodeguitiriz.com\/en\/parroquias\/negradas\/#breadcrumb\"},\"inLanguage\":\"en-US\",\"potentialAction\":[{\"@type\":\"ReadAction\",\"target\":[\"https:\/\/turismo.concellodeguitiriz.com\/en\/parroquias\/negradas\/\"]}]},{\"@type\":\"BreadcrumbList\",\"@id\":\"https:\/\/turismo.concellodeguitiriz.com\/en\/parroquias\/negradas\/#breadcrumb\",\"itemListElement\":[{\"@type\":\"ListItem\",\"position\":1,\"name\":\"Portada\",\"item\":\"https:\/\/turismo.concellodeguitiriz.com\/en\/\"},{\"@type\":\"ListItem\",\"position\":2,\"name\":\"Parroquias\",\"item\":\"https:\/\/turismo.concellodeguitiriz.com\/en\/parroquias\/\"},{\"@type\":\"ListItem\",\"position\":3,\"name\":\"As Negradas\"}]},{\"@type\":\"WebSite\",\"@id\":\"https:\/\/turismo.concellodeguitiriz.com\/#website\",\"url\":\"https:\/\/turismo.concellodeguitiriz.com\/\",\"name\":\"Turismo de Guitiriz\",\"description\":\"Concello de Guitiriz\",\"publisher\":{\"@id\":\"https:\/\/turismo.concellodeguitiriz.com\/#organization\"},\"potentialAction\":[{\"@type\":\"SearchAction\",\"target\":{\"@type\":\"EntryPoint\",\"urlTemplate\":\"https:\/\/turismo.concellodeguitiriz.com\/?s={search_term_string}\"},\"query-input\":\"required name=search_term_string\"}],\"inLanguage\":\"en-US\"},{\"@type\":\"Organization\",\"@id\":\"https:\/\/turismo.concellodeguitiriz.com\/#organization\",\"name\":\"Turismo Guitiriz\",\"url\":\"https:\/\/turismo.concellodeguitiriz.com\/\",\"logo\":{\"@type\":\"ImageObject\",\"inLanguage\":\"en-US\",\"@id\":\"https:\/\/turismo.concellodeguitiriz.com\/#\/schema\/logo\/image\/\",\"url\":\"https:\/\/turismo.concellodeguitiriz.com\/wp-content\/uploads\/2021\/06\/g-turismo-logopos.png\",\"contentUrl\":\"https:\/\/turismo.concellodeguitiriz.com\/wp-content\/uploads\/2021\/06\/g-turismo-logopos.png\",\"width\":2001,\"height\":1024,\"caption\":\"Turismo Guitiriz\"},\"image\":{\"@id\":\"https:\/\/turismo.concellodeguitiriz.com\/#\/schema\/logo\/image\/\"},\"sameAs\":[\"https:\/\/www.instagram.com\/guitirizigualdade\/\",\"https:\/\/www.facebook.com\/concellodeguitiriz\/\"]}]}<\/script>\n<!-- \/ Yoast SEO plugin. -->","yoast_head_json":{"title":"As Negradas | Turismo de Guitiriz","description":"As Negradas, a 10km do n\u00facleo municipal, destaca o co\u00f1ecido lugar de \u201cA Cova da Serpe\u201d, adem\u00e1is de a s\u00faa Igrexa Parroquial e os seus mui\u00f1os.","robots":{"index":"index","follow":"follow","max-snippet":"max-snippet:-1","max-image-preview":"max-image-preview:large","max-video-preview":"max-video-preview:-1"},"canonical":"https:\/\/turismo.concellodeguitiriz.com\/en\/parroquias\/negradas\/","og_locale":"en_US","og_type":"article","og_title":"As Negradas | Turismo de Guitiriz","og_description":"As Negradas, a 10km do n\u00facleo municipal, destaca o co\u00f1ecido lugar de \u201cA Cova da Serpe\u201d, adem\u00e1is de a s\u00faa Igrexa Parroquial e os seus mui\u00f1os.","og_url":"https:\/\/turismo.concellodeguitiriz.com\/en\/parroquias\/negradas\/","og_site_name":"Turismo de Guitiriz","article_publisher":"https:\/\/www.facebook.com\/concellodeguitiriz\/","article_modified_time":"2024-01-30T20:39:25+00:00","twitter_card":"summary_large_image","twitter_title":"As Negradas | Turismo de Guitiriz","twitter_description":"As Negradas, a 10km do n\u00facleo municipal, destaca o co\u00f1ecido lugar de \u201cA Cova da Serpe\u201d, adem\u00e1is de a s\u00faa Igrexa Parroquial e os seus mui\u00f1os.","twitter_misc":{"Est. reading time":"2 minutes"},"schema":{"@context":"https:\/\/schema.org","@graph":[{"@type":"WebPage","@id":"https:\/\/turismo.concellodeguitiriz.com\/en\/parroquias\/negradas\/","url":"https:\/\/turismo.concellodeguitiriz.com\/en\/parroquias\/negradas\/","name":"As Negradas | Turismo de Guitiriz","isPartOf":{"@id":"https:\/\/turismo.concellodeguitiriz.com\/#website"},"datePublished":"2021-07-21T15:17:12+00:00","dateModified":"2024-01-30T20:39:25+00:00","description":"As Negradas, a 10km do n\u00facleo municipal, destaca o co\u00f1ecido lugar de \u201cA Cova da Serpe\u201d, adem\u00e1is de a s\u00faa Igrexa Parroquial e os seus mui\u00f1os.","breadcrumb":{"@id":"https:\/\/turismo.concellodeguitiriz.com\/en\/parroquias\/negradas\/#breadcrumb"},"inLanguage":"en-US","potentialAction":[{"@type":"ReadAction","target":["https:\/\/turismo.concellodeguitiriz.com\/en\/parroquias\/negradas\/"]}]},{"@type":"BreadcrumbList","@id":"https:\/\/turismo.concellodeguitiriz.com\/en\/parroquias\/negradas\/#breadcrumb","itemListElement":[{"@type":"ListItem","position":1,"name":"Portada","item":"https:\/\/turismo.concellodeguitiriz.com\/en\/"},{"@type":"ListItem","position":2,"name":"Parroquias","item":"https:\/\/turismo.concellodeguitiriz.com\/en\/parroquias\/"},{"@type":"ListItem","position":3,"name":"As Negradas"}]},{"@type":"WebSite","@id":"https:\/\/turismo.concellodeguitiriz.com\/#website","url":"https:\/\/turismo.concellodeguitiriz.com\/","name":"Turismo de Guitiriz","description":"Concello de Guitiriz","publisher":{"@id":"https:\/\/turismo.concellodeguitiriz.com\/#organization"},"potentialAction":[{"@type":"SearchAction","target":{"@type":"EntryPoint","urlTemplate":"https:\/\/turismo.concellodeguitiriz.com\/?s={search_term_string}"},"query-input":"required name=search_term_string"}],"inLanguage":"en-US"},{"@type":"Organization","@id":"https:\/\/turismo.concellodeguitiriz.com\/#organization","name":"Turismo Guitiriz","url":"https:\/\/turismo.concellodeguitiriz.com\/","logo":{"@type":"ImageObject","inLanguage":"en-US","@id":"https:\/\/turismo.concellodeguitiriz.com\/#\/schema\/logo\/image\/","url":"https:\/\/turismo.concellodeguitiriz.com\/wp-content\/uploads\/2021\/06\/g-turismo-logopos.png","contentUrl":"https:\/\/turismo.concellodeguitiriz.com\/wp-content\/uploads\/2021\/06\/g-turismo-logopos.png","width":2001,"height":1024,"caption":"Turismo Guitiriz"},"image":{"@id":"https:\/\/turismo.concellodeguitiriz.com\/#\/schema\/logo\/image\/"},"sameAs":["https:\/\/www.instagram.com\/guitirizigualdade\/","https:\/\/www.facebook.com\/concellodeguitiriz\/"]}]}},"_links":{"self":[{"href":"https:\/\/turismo.concellodeguitiriz.com\/en\/wp-json\/wp\/v2\/pages\/1185","targetHints":{"allow":["GET"]}}],"collection":[{"href":"https:\/\/turismo.concellodeguitiriz.com\/en\/wp-json\/wp\/v2\/pages"}],"about":[{"href":"https:\/\/turismo.concellodeguitiriz.com\/en\/wp-json\/wp\/v2\/types\/page"}],"author":[{"embeddable":true,"href":"https:\/\/turismo.concellodeguitiriz.com\/en\/wp-json\/wp\/v2\/users\/1"}],"replies":[{"embeddable":true,"href":"https:\/\/turismo.concellodeguitiriz.com\/en\/wp-json\/wp\/v2\/comments?post=1185"}],"version-history":[{"count":2,"href":"https:\/\/turismo.concellodeguitiriz.com\/en\/wp-json\/wp\/v2\/pages\/1185\/revisions"}],"predecessor-version":[{"id":1191,"href":"https:\/\/turismo.concellodeguitiriz.com\/en\/wp-json\/wp\/v2\/pages\/1185\/revisions\/1191"}],"up":[{"embeddable":true,"href":"https:\/\/turismo.concellodeguitiriz.com\/en\/wp-json\/wp\/v2\/pages\/1138"}],"wp:attachment":[{"href":"https:\/\/turismo.concellodeguitiriz.com\/en\/wp-json\/wp\/v2\/media?parent=1185"}],"curies":[{"name":"wp","href":"https:\/\/api.w.org\/{rel}","templated":true}]}}