{"id":1192,"date":"2021-07-21T14:59:46","date_gmt":"2021-07-21T14:59:46","guid":{"rendered":"https:\/\/turismo.concellodeguitiriz.com\/parroquias\/becin\/"},"modified":"2024-01-30T20:47:15","modified_gmt":"2024-01-30T20:47:15","slug":"becin","status":"publish","type":"page","link":"https:\/\/turismo.concellodeguitiriz.com\/en\/parroquias\/becin\/","title":{"rendered":"Bec\u00edn"},"content":{"rendered":"<p>[vc_row foundry_background_style=&#8221;bg-secondary&#8221; foundry_padding=&#8221;pt64 pb64&#8243;][vc_column][vc_column_text]<a href=\"https:\/\/turismo.concellodeguitiriz.com\/en\/parroquias\/\"><i class=\"fas fa-long-arrow-alt-left\"><\/i> Ver todas as Parroquias<\/a>[\/vc_column_text][vc_column_text]<\/p>\n<h1 style=\"text-align: center;\">Bec\u00edn<\/h1>\n<p>[\/vc_column_text][\/vc_column][\/vc_row][vc_row foundry_padding=&#8221;pt64 pb64&#8243; el_class=&#8221;container-parroquias&#8221;][vc_column el_class=&#8221;grid-parroquias&#8221;][vc_tta_tour active_section=&#8221;1&#8243; el_class=&#8221;tour-parroquias&#8221;][vc_tta_section i_icon_fontawesome=&#8221;fas fa-map-marker-alt&#8221; add_icon=&#8221;true&#8221; title=&#8221;Location&#8221; tab_id=&#8221;1706647465403-e47981bb-85c7&#8243;][vc_column_text]<i class=\"fas fa-map-marker-alt\"><\/i><strong>Location:<\/strong> Located 3.5 km from the municipal core.<br \/>\n<a href=\"https:\/\/maps.app.goo.gl\/zMEsYfkTMou5gG8M8\" target=\"_blank\" rel=\"noopener\">Check location<\/a><\/p>\n<p><i class=\"fas fa-route\"><\/i> <strong>Population entities:<\/strong> 12<br \/>\nAbelendro, Bec\u00edn, O Candendo, O Castro, Chinote, A Gra\u00f1a, Mende, Moeiro, O Navallo, Raposeiro, Recimil, Tarulle.[\/vc_column_text][\/vc_tta_section][vc_tta_section i_icon_fontawesome=&#8221;fas fa-book-open&#8221; add_icon=&#8221;true&#8221; title=&#8221;Know Bec\u00edn&#8221; tab_id=&#8221;conoce&#8221;][vc_row_inner][vc_column_inner][vc_column_text]In Bec\u00edn, remains of mounds such as the &#8220;Medorra de O Gandar\u00f3n and castros, such as the &#8220;Castro de Recemil&#8221; are preserved. Also notable is the Romanesque church of San Xuli\u00e1n, expanded in the 19th century. In the atrium of the church is the Cruceiro, which was built by Don Xos\u00e9 Gonz\u00e1lez Losada Pasar\u00edn in 1978. It highlights the crucified Christ, separated from the cross, the marked anatomy and his Virgin with his hands crossed on the shaft.[\/vc_column_text][\/vc_column_inner][\/vc_row_inner][\/vc_tta_section][vc_tta_section i_icon_fontawesome=&#8221;fas fa-eye&#8221; add_icon=&#8221;true&#8221; title=&#8221;What to see&#8221; tab_id=&#8221;que-ver&#8221;][vc_row_inner][vc_column_inner width=&#8221;1\/2&#8243; offset=&#8221;vc_col-xs-6&#8243;][vc_single_image image=&#8221;556&#8243; img_size=&#8221;full&#8221; alignment=&#8221;center&#8221;][\/vc_column_inner][vc_column_inner width=&#8221;1\/2&#8243; offset=&#8221;vc_col-xs-6&#8243;][vc_single_image image=&#8221;554&#8243; img_size=&#8221;full&#8221; alignment=&#8221;center&#8221;][\/vc_column_inner][\/vc_row_inner][vc_row_inner][vc_column_inner width=&#8221;1\/2&#8243; offset=&#8221;vc_col-xs-6&#8243;][vc_single_image image=&#8221;560&#8243; img_size=&#8221;full&#8221; alignment=&#8221;center&#8221;][\/vc_column_inner][vc_column_inner width=&#8221;1\/2&#8243; offset=&#8221;vc_col-xs-6&#8243;][vc_single_image image=&#8221;558&#8243; img_size=&#8221;full&#8221; alignment=&#8221;center&#8221;][\/vc_column_inner][\/vc_row_inner][\/vc_tta_section][vc_tta_section i_icon_fontawesome=&#8221;fas fa-calendar&#8221; add_icon=&#8221;true&#8221; title=&#8221;Festivities&#8221; tab_id=&#8221;festas&#8221;][vc_column_text]<i class=\"fas fa-calendar\"><\/i> <strong>Festivities<\/strong>: August\u00b4s last weekend, San Ram\u00f3n.[\/vc_column_text][\/vc_tta_section][\/vc_tta_tour][\/vc_column][\/vc_row]<\/p>\n","protected":false},"excerpt":{"rendered":"<p>[vc_row foundry_background_style=&#8221;bg-secondary&#8221; foundry_padding=&#8221;pt64 pb64&#8243;][vc_column][vc_column_text] Ver todas as Parroquias[\/vc_column_text][vc_column_text] Bec\u00edn [\/vc_column_text][\/vc_column][\/vc_row][vc_row foundry_padding=&#8221;pt64 pb64&#8243; el_class=&#8221;container-parroquias&#8221;][vc_column el_class=&#8221;grid-parroquias&#8221;][vc_tta_tour active_section=&#8221;1&#8243; el_class=&#8221;tour-parroquias&#8221;][vc_tta_section i_icon_fontawesome=&#8221;fas fa-map-marker-alt&#8221; add_icon=&#8221;true&#8221; title=&#8221;Location&#8221; tab_id=&#8221;1706647465403-e47981bb-85c7&#8243;][vc_column_text]Location:&#8230;<\/p>\n","protected":false},"author":1,"featured_media":0,"parent":1138,"menu_order":0,"comment_status":"closed","ping_status":"closed","template":"","meta":{"footnotes":"","_links_to":"","_links_to_target":""},"class_list":["post-1192","page","type-page","status-publish","hentry"],"yoast_head":"<!-- This site is optimized with the Yoast SEO plugin v19.13 - https:\/\/yoast.com\/wordpress\/plugins\/seo\/ -->\n<title>Bec\u00edn | Turismo de Guitiriz<\/title>\n<meta name=\"description\" content=\"En Bec\u00edn podes atopar restos de m\u00e1moas e castros. Destaca tam\u00e9n, o Cristo crucificadoe a s\u00faa Virxe coas mans cruzadas no fuste.\" \/>\n<meta name=\"robots\" content=\"index, follow, max-snippet:-1, max-image-preview:large, max-video-preview:-1\" \/>\n<link rel=\"canonical\" href=\"https:\/\/turismo.concellodeguitiriz.com\/en\/parroquias\/becin\/\" \/>\n<meta property=\"og:locale\" content=\"en_US\" \/>\n<meta property=\"og:type\" content=\"article\" \/>\n<meta property=\"og:title\" content=\"Bec\u00edn | Turismo de Guitiriz\" \/>\n<meta property=\"og:description\" content=\"En Bec\u00edn podes atopar restos de m\u00e1moas e castros. Destaca tam\u00e9n, o Cristo crucificadoe a s\u00faa Virxe coas mans cruzadas no fuste.\" \/>\n<meta property=\"og:url\" content=\"https:\/\/turismo.concellodeguitiriz.com\/en\/parroquias\/becin\/\" \/>\n<meta property=\"og:site_name\" content=\"Turismo de Guitiriz\" \/>\n<meta property=\"article:publisher\" content=\"https:\/\/www.facebook.com\/concellodeguitiriz\/\" \/>\n<meta property=\"article:modified_time\" content=\"2024-01-30T20:47:15+00:00\" \/>\n<meta name=\"twitter:card\" content=\"summary_large_image\" \/>\n<meta name=\"twitter:title\" content=\"Bec\u00edn | Turismo de Guitiriz\" \/>\n<meta name=\"twitter:description\" content=\"En Bec\u00edn podes atopar restos de m\u00e1moas e castros. Destaca tam\u00e9n, o Cristo crucificadoe a s\u00faa Virxe coas mans cruzadas no fuste.\" \/>\n<meta name=\"twitter:label1\" content=\"Est. reading time\" \/>\n\t<meta name=\"twitter:data1\" content=\"1 minute\" \/>\n<script type=\"application\/ld+json\" class=\"yoast-schema-graph\">{\"@context\":\"https:\/\/schema.org\",\"@graph\":[{\"@type\":\"WebPage\",\"@id\":\"https:\/\/turismo.concellodeguitiriz.com\/en\/parroquias\/becin\/\",\"url\":\"https:\/\/turismo.concellodeguitiriz.com\/en\/parroquias\/becin\/\",\"name\":\"Bec\u00edn | Turismo de Guitiriz\",\"isPartOf\":{\"@id\":\"https:\/\/turismo.concellodeguitiriz.com\/#website\"},\"datePublished\":\"2021-07-21T14:59:46+00:00\",\"dateModified\":\"2024-01-30T20:47:15+00:00\",\"description\":\"En Bec\u00edn podes atopar restos de m\u00e1moas e castros. Destaca tam\u00e9n, o Cristo crucificadoe a s\u00faa Virxe coas mans cruzadas no fuste.\",\"breadcrumb\":{\"@id\":\"https:\/\/turismo.concellodeguitiriz.com\/en\/parroquias\/becin\/#breadcrumb\"},\"inLanguage\":\"en-US\",\"potentialAction\":[{\"@type\":\"ReadAction\",\"target\":[\"https:\/\/turismo.concellodeguitiriz.com\/en\/parroquias\/becin\/\"]}]},{\"@type\":\"BreadcrumbList\",\"@id\":\"https:\/\/turismo.concellodeguitiriz.com\/en\/parroquias\/becin\/#breadcrumb\",\"itemListElement\":[{\"@type\":\"ListItem\",\"position\":1,\"name\":\"Portada\",\"item\":\"https:\/\/turismo.concellodeguitiriz.com\/en\/\"},{\"@type\":\"ListItem\",\"position\":2,\"name\":\"Parroquias\",\"item\":\"https:\/\/turismo.concellodeguitiriz.com\/en\/parroquias\/\"},{\"@type\":\"ListItem\",\"position\":3,\"name\":\"Bec\u00edn\"}]},{\"@type\":\"WebSite\",\"@id\":\"https:\/\/turismo.concellodeguitiriz.com\/#website\",\"url\":\"https:\/\/turismo.concellodeguitiriz.com\/\",\"name\":\"Turismo de Guitiriz\",\"description\":\"Concello de Guitiriz\",\"publisher\":{\"@id\":\"https:\/\/turismo.concellodeguitiriz.com\/#organization\"},\"potentialAction\":[{\"@type\":\"SearchAction\",\"target\":{\"@type\":\"EntryPoint\",\"urlTemplate\":\"https:\/\/turismo.concellodeguitiriz.com\/?s={search_term_string}\"},\"query-input\":\"required name=search_term_string\"}],\"inLanguage\":\"en-US\"},{\"@type\":\"Organization\",\"@id\":\"https:\/\/turismo.concellodeguitiriz.com\/#organization\",\"name\":\"Turismo Guitiriz\",\"url\":\"https:\/\/turismo.concellodeguitiriz.com\/\",\"logo\":{\"@type\":\"ImageObject\",\"inLanguage\":\"en-US\",\"@id\":\"https:\/\/turismo.concellodeguitiriz.com\/#\/schema\/logo\/image\/\",\"url\":\"https:\/\/turismo.concellodeguitiriz.com\/wp-content\/uploads\/2021\/06\/g-turismo-logopos.png\",\"contentUrl\":\"https:\/\/turismo.concellodeguitiriz.com\/wp-content\/uploads\/2021\/06\/g-turismo-logopos.png\",\"width\":2001,\"height\":1024,\"caption\":\"Turismo Guitiriz\"},\"image\":{\"@id\":\"https:\/\/turismo.concellodeguitiriz.com\/#\/schema\/logo\/image\/\"},\"sameAs\":[\"https:\/\/www.instagram.com\/guitirizigualdade\/\",\"https:\/\/www.facebook.com\/concellodeguitiriz\/\"]}]}<\/script>\n<!-- \/ Yoast SEO plugin. -->","yoast_head_json":{"title":"Bec\u00edn | Turismo de Guitiriz","description":"En Bec\u00edn podes atopar restos de m\u00e1moas e castros. Destaca tam\u00e9n, o Cristo crucificadoe a s\u00faa Virxe coas mans cruzadas no fuste.","robots":{"index":"index","follow":"follow","max-snippet":"max-snippet:-1","max-image-preview":"max-image-preview:large","max-video-preview":"max-video-preview:-1"},"canonical":"https:\/\/turismo.concellodeguitiriz.com\/en\/parroquias\/becin\/","og_locale":"en_US","og_type":"article","og_title":"Bec\u00edn | Turismo de Guitiriz","og_description":"En Bec\u00edn podes atopar restos de m\u00e1moas e castros. Destaca tam\u00e9n, o Cristo crucificadoe a s\u00faa Virxe coas mans cruzadas no fuste.","og_url":"https:\/\/turismo.concellodeguitiriz.com\/en\/parroquias\/becin\/","og_site_name":"Turismo de Guitiriz","article_publisher":"https:\/\/www.facebook.com\/concellodeguitiriz\/","article_modified_time":"2024-01-30T20:47:15+00:00","twitter_card":"summary_large_image","twitter_title":"Bec\u00edn | Turismo de Guitiriz","twitter_description":"En Bec\u00edn podes atopar restos de m\u00e1moas e castros. Destaca tam\u00e9n, o Cristo crucificadoe a s\u00faa Virxe coas mans cruzadas no fuste.","twitter_misc":{"Est. reading time":"1 minute"},"schema":{"@context":"https:\/\/schema.org","@graph":[{"@type":"WebPage","@id":"https:\/\/turismo.concellodeguitiriz.com\/en\/parroquias\/becin\/","url":"https:\/\/turismo.concellodeguitiriz.com\/en\/parroquias\/becin\/","name":"Bec\u00edn | Turismo de Guitiriz","isPartOf":{"@id":"https:\/\/turismo.concellodeguitiriz.com\/#website"},"datePublished":"2021-07-21T14:59:46+00:00","dateModified":"2024-01-30T20:47:15+00:00","description":"En Bec\u00edn podes atopar restos de m\u00e1moas e castros. Destaca tam\u00e9n, o Cristo crucificadoe a s\u00faa Virxe coas mans cruzadas no fuste.","breadcrumb":{"@id":"https:\/\/turismo.concellodeguitiriz.com\/en\/parroquias\/becin\/#breadcrumb"},"inLanguage":"en-US","potentialAction":[{"@type":"ReadAction","target":["https:\/\/turismo.concellodeguitiriz.com\/en\/parroquias\/becin\/"]}]},{"@type":"BreadcrumbList","@id":"https:\/\/turismo.concellodeguitiriz.com\/en\/parroquias\/becin\/#breadcrumb","itemListElement":[{"@type":"ListItem","position":1,"name":"Portada","item":"https:\/\/turismo.concellodeguitiriz.com\/en\/"},{"@type":"ListItem","position":2,"name":"Parroquias","item":"https:\/\/turismo.concellodeguitiriz.com\/en\/parroquias\/"},{"@type":"ListItem","position":3,"name":"Bec\u00edn"}]},{"@type":"WebSite","@id":"https:\/\/turismo.concellodeguitiriz.com\/#website","url":"https:\/\/turismo.concellodeguitiriz.com\/","name":"Turismo de Guitiriz","description":"Concello de Guitiriz","publisher":{"@id":"https:\/\/turismo.concellodeguitiriz.com\/#organization"},"potentialAction":[{"@type":"SearchAction","target":{"@type":"EntryPoint","urlTemplate":"https:\/\/turismo.concellodeguitiriz.com\/?s={search_term_string}"},"query-input":"required name=search_term_string"}],"inLanguage":"en-US"},{"@type":"Organization","@id":"https:\/\/turismo.concellodeguitiriz.com\/#organization","name":"Turismo Guitiriz","url":"https:\/\/turismo.concellodeguitiriz.com\/","logo":{"@type":"ImageObject","inLanguage":"en-US","@id":"https:\/\/turismo.concellodeguitiriz.com\/#\/schema\/logo\/image\/","url":"https:\/\/turismo.concellodeguitiriz.com\/wp-content\/uploads\/2021\/06\/g-turismo-logopos.png","contentUrl":"https:\/\/turismo.concellodeguitiriz.com\/wp-content\/uploads\/2021\/06\/g-turismo-logopos.png","width":2001,"height":1024,"caption":"Turismo Guitiriz"},"image":{"@id":"https:\/\/turismo.concellodeguitiriz.com\/#\/schema\/logo\/image\/"},"sameAs":["https:\/\/www.instagram.com\/guitirizigualdade\/","https:\/\/www.facebook.com\/concellodeguitiriz\/"]}]}},"_links":{"self":[{"href":"https:\/\/turismo.concellodeguitiriz.com\/en\/wp-json\/wp\/v2\/pages\/1192","targetHints":{"allow":["GET"]}}],"collection":[{"href":"https:\/\/turismo.concellodeguitiriz.com\/en\/wp-json\/wp\/v2\/pages"}],"about":[{"href":"https:\/\/turismo.concellodeguitiriz.com\/en\/wp-json\/wp\/v2\/types\/page"}],"author":[{"embeddable":true,"href":"https:\/\/turismo.concellodeguitiriz.com\/en\/wp-json\/wp\/v2\/users\/1"}],"replies":[{"embeddable":true,"href":"https:\/\/turismo.concellodeguitiriz.com\/en\/wp-json\/wp\/v2\/comments?post=1192"}],"version-history":[{"count":2,"href":"https:\/\/turismo.concellodeguitiriz.com\/en\/wp-json\/wp\/v2\/pages\/1192\/revisions"}],"predecessor-version":[{"id":1198,"href":"https:\/\/turismo.concellodeguitiriz.com\/en\/wp-json\/wp\/v2\/pages\/1192\/revisions\/1198"}],"up":[{"embeddable":true,"href":"https:\/\/turismo.concellodeguitiriz.com\/en\/wp-json\/wp\/v2\/pages\/1138"}],"wp:attachment":[{"href":"https:\/\/turismo.concellodeguitiriz.com\/en\/wp-json\/wp\/v2\/media?parent=1192"}],"curies":[{"name":"wp","href":"https:\/\/api.w.org\/{rel}","templated":true}]}}