{"id":1199,"date":"2021-07-12T15:57:48","date_gmt":"2021-07-12T15:57:48","guid":{"rendered":"https:\/\/turismo.concellodeguitiriz.com\/parroquias\/labrada\/"},"modified":"2024-01-30T20:51:23","modified_gmt":"2024-01-30T20:51:23","slug":"labrada","status":"publish","type":"page","link":"https:\/\/turismo.concellodeguitiriz.com\/en\/parroquias\/labrada\/","title":{"rendered":"Labrada"},"content":{"rendered":"<p>[vc_row foundry_background_style=&#8221;bg-secondary&#8221; foundry_padding=&#8221;pt64 pb64&#8243;][vc_column][vc_column_text]<a href=\"https:\/\/turismo.concellodeguitiriz.com\/en\/parroquias\/\"><i class=\"fas fa-long-arrow-alt-left\"><\/i> Ver todas as Parroquias<\/a>[\/vc_column_text][vc_column_text]<\/p>\n<h1 style=\"text-align: center;\">Labrada<\/h1>\n<p>[\/vc_column_text][\/vc_column][\/vc_row][vc_row foundry_padding=&#8221;pt64 pb64&#8243; el_class=&#8221;container-parroquias&#8221;][vc_column el_class=&#8221;grid-parroquias&#8221;][vc_tta_tour active_section=&#8221;1&#8243; el_class=&#8221;tour-parroquias&#8221;][vc_tta_section i_icon_fontawesome=&#8221;fas fa-map-marker-alt&#8221; add_icon=&#8221;true&#8221; title=&#8221;Location&#8221; tab_id=&#8221;1626104508151-e213e3ee-fac9&#8243;][vc_column_text]<i class=\"fas fa-map-marker-alt\"><\/i>Location: Located 14.3 km from the municipal core.<br \/>\n<a href=\"https:\/\/maps.app.goo.gl\/5B9Et77TUcibKUoS8\" target=\"_blank\" rel=\"noopener\">Check location<\/a><\/p>\n<p><i class=\"fas fa-route\"><\/i> <strong>Population entities:<\/strong> 32<br \/>\nOs Aboares, As Ameixeiras, A Balsa, Ba\u00f1obre, O Bernaldo, O Cal, Os Carballi\u00f1os, O Carballo, A Carreira, Os Castelos, O Castro, O Cece, O Codeso,\u00a0 Estremil, Gali\u00f1eiro, A Gandarela, Gatelle, A Granxa Vella, Marg\u00e1 , Munx\u00edn, A Paderna, A Pena, As Penas, O Prado Vello, O Pumari\u00f1o, A Puza, O Regueiro, O Rodeiro, Saa, San Cristovo, San Mateo, Sinde, A Tara\u00f1eira, A Torre de Labrada, As Toxeiras, O Toxi\u00f1o, A Vacariza, Os Xiros, Xove Novo, Xunto \u00e1 Igrexa.[\/vc_column_text][\/vc_tta_section][vc_tta_section i_icon_fontawesome=&#8221;fas fa-book-open&#8221; add_icon=&#8221;true&#8221; title=&#8221;Know Labrada&#8221; tab_id=&#8221;1626104508172-014b1174-4d4f&#8221;][vc_row_inner][vc_column_inner][vc_column_text]Labrada was one of the most important properties of the Monfero Monastery, therefore, the most remarkable of this village is its parish church and the monastic complex of the Farm.<\/p>\n<p>The parish was created in the 13th century, due to the need to serve the faithful of this vast territory. Thus, a small monastic ensemble was built, which was called &#8220;The Farm&#8221;. Along with the monastic complex, the Parish Church of Santa Maria stands out, a Romanesque temple rebuilt between S. XVII and S.XVIII.[\/vc_column_text][vc_column_text]En Labrada, tam\u00e9n destacan as \u201cm\u00e1moas ou medorras\u201d como poden ser a \u201cMedorra de Formosa\u201d en o Castro ou a \u201cMedorra da Pena dos Nenos\u201d na Serra da Loba. As\u00ed mesmo, O Castro de Marg\u00e1, situado na aldea do mesmo nome, na ladeira do outeiro, en lugar de nun alto como soe ser habitual, ou o Castro da Torre en A Torre.[\/vc_column_text][vc_message]If you wish, you can request a guided tour of St. Mary&#8217;s Church of Labrada, for the historical outreach of the frescoes of it.<\/p>\n<p>If you would like to know about these paintings, you can contact the Guitiriz Tourist Office or contact the Blanca Villar guide at 622 554 773.<\/p>\n<p>Find out more on Facebook The Hidden Secrets.[\/vc_message][\/vc_column_inner][\/vc_row_inner][\/vc_tta_section][vc_tta_section i_icon_fontawesome=&#8221;fas fa-eye&#8221; add_icon=&#8221;true&#8221; title=&#8221;What to see&#8221; tab_id=&#8221;1626104508245-d19cbee7-38a0&#8243;][vc_row_inner][vc_column_inner width=&#8221;1\/2&#8243; offset=&#8221;vc_col-xs-6&#8243;][vc_single_image image=&#8221;460&#8243; img_size=&#8221;full&#8221; alignment=&#8221;center&#8221;][\/vc_column_inner][vc_column_inner width=&#8221;1\/2&#8243; offset=&#8221;vc_col-xs-6&#8243;][vc_single_image image=&#8221;458&#8243; img_size=&#8221;full&#8221; alignment=&#8221;center&#8221;][\/vc_column_inner][\/vc_row_inner][\/vc_tta_section][vc_tta_section i_icon_fontawesome=&#8221;fas fa-calendar&#8221; add_icon=&#8221;true&#8221; title=&#8221;Festas&#8221; tab_id=&#8221;1626104508272-bcaf4ba1-fe16&#8243;][vc_column_text]<i class=\"fas fa-calendar\"><\/i> <strong>Festivities<\/strong>: August 14th &#8211; 15th. In honor of Santa Mar\u00eda.[\/vc_column_text][\/vc_tta_section][\/vc_tta_tour][\/vc_column][\/vc_row]<\/p>\n","protected":false},"excerpt":{"rendered":"<p>[vc_row foundry_background_style=&#8221;bg-secondary&#8221; foundry_padding=&#8221;pt64 pb64&#8243;][vc_column][vc_column_text] Ver todas as Parroquias[\/vc_column_text][vc_column_text] Labrada [\/vc_column_text][\/vc_column][\/vc_row][vc_row foundry_padding=&#8221;pt64 pb64&#8243; el_class=&#8221;container-parroquias&#8221;][vc_column el_class=&#8221;grid-parroquias&#8221;][vc_tta_tour active_section=&#8221;1&#8243; el_class=&#8221;tour-parroquias&#8221;][vc_tta_section i_icon_fontawesome=&#8221;fas fa-map-marker-alt&#8221; add_icon=&#8221;true&#8221; title=&#8221;Location&#8221; tab_id=&#8221;1626104508151-e213e3ee-fac9&#8243;][vc_column_text]Location:&#8230;<\/p>\n","protected":false},"author":1,"featured_media":0,"parent":1138,"menu_order":0,"comment_status":"closed","ping_status":"closed","template":"","meta":{"footnotes":"","_links_to":"","_links_to_target":""},"class_list":["post-1199","page","type-page","status-publish","hentry"],"yoast_head":"<!-- This site is optimized with the Yoast SEO plugin v19.13 - https:\/\/yoast.com\/wordpress\/plugins\/seo\/ -->\n<title>Labrada | Turismo de Guitiriz<\/title>\n<meta name=\"description\" content=\"Santa Mar\u00eda de Labrada \u00e9 unha parroquia que se localiza \u00f3 norte do concello de Guitiriz na comarca da Terra Ch\u00e1, a uns 14,3 km aproximadamente do n\u00facleo municipal.\" \/>\n<meta name=\"robots\" content=\"index, follow, max-snippet:-1, max-image-preview:large, max-video-preview:-1\" \/>\n<link rel=\"canonical\" href=\"https:\/\/turismo.concellodeguitiriz.com\/en\/parroquias\/labrada\/\" \/>\n<meta property=\"og:locale\" content=\"en_US\" \/>\n<meta property=\"og:type\" content=\"article\" \/>\n<meta property=\"og:title\" content=\"Labrada | Turismo de Guitiriz\" \/>\n<meta property=\"og:description\" content=\"Santa Mar\u00eda de Labrada \u00e9 unha parroquia que se localiza \u00f3 norte do concello de Guitiriz na comarca da Terra Ch\u00e1, a uns 14,3 km aproximadamente do n\u00facleo municipal.\" \/>\n<meta property=\"og:url\" content=\"https:\/\/turismo.concellodeguitiriz.com\/en\/parroquias\/labrada\/\" \/>\n<meta property=\"og:site_name\" content=\"Turismo de Guitiriz\" \/>\n<meta property=\"article:publisher\" content=\"https:\/\/www.facebook.com\/concellodeguitiriz\/\" \/>\n<meta property=\"article:modified_time\" content=\"2024-01-30T20:51:23+00:00\" \/>\n<meta name=\"twitter:card\" content=\"summary_large_image\" \/>\n<meta name=\"twitter:title\" content=\"Labrada | Turismo de Guitiriz\" \/>\n<meta name=\"twitter:description\" content=\"Santa Mar\u00eda de Labrada \u00e9 unha parroquia que se localiza \u00f3 norte do concello de Guitiriz na comarca da Terra Ch\u00e1, a uns 14,3 km aproximadamente do n\u00facleo municipal.\" \/>\n<meta name=\"twitter:label1\" content=\"Est. reading time\" \/>\n\t<meta name=\"twitter:data1\" content=\"2 minutes\" \/>\n<script type=\"application\/ld+json\" class=\"yoast-schema-graph\">{\"@context\":\"https:\/\/schema.org\",\"@graph\":[{\"@type\":\"WebPage\",\"@id\":\"https:\/\/turismo.concellodeguitiriz.com\/en\/parroquias\/labrada\/\",\"url\":\"https:\/\/turismo.concellodeguitiriz.com\/en\/parroquias\/labrada\/\",\"name\":\"Labrada | Turismo de Guitiriz\",\"isPartOf\":{\"@id\":\"https:\/\/turismo.concellodeguitiriz.com\/#website\"},\"datePublished\":\"2021-07-12T15:57:48+00:00\",\"dateModified\":\"2024-01-30T20:51:23+00:00\",\"description\":\"Santa Mar\u00eda de Labrada \u00e9 unha parroquia que se localiza \u00f3 norte do concello de Guitiriz na comarca da Terra Ch\u00e1, a uns 14,3 km aproximadamente do n\u00facleo municipal.\",\"breadcrumb\":{\"@id\":\"https:\/\/turismo.concellodeguitiriz.com\/en\/parroquias\/labrada\/#breadcrumb\"},\"inLanguage\":\"en-US\",\"potentialAction\":[{\"@type\":\"ReadAction\",\"target\":[\"https:\/\/turismo.concellodeguitiriz.com\/en\/parroquias\/labrada\/\"]}]},{\"@type\":\"BreadcrumbList\",\"@id\":\"https:\/\/turismo.concellodeguitiriz.com\/en\/parroquias\/labrada\/#breadcrumb\",\"itemListElement\":[{\"@type\":\"ListItem\",\"position\":1,\"name\":\"Portada\",\"item\":\"https:\/\/turismo.concellodeguitiriz.com\/en\/\"},{\"@type\":\"ListItem\",\"position\":2,\"name\":\"Parroquias\",\"item\":\"https:\/\/turismo.concellodeguitiriz.com\/en\/parroquias\/\"},{\"@type\":\"ListItem\",\"position\":3,\"name\":\"Labrada\"}]},{\"@type\":\"WebSite\",\"@id\":\"https:\/\/turismo.concellodeguitiriz.com\/#website\",\"url\":\"https:\/\/turismo.concellodeguitiriz.com\/\",\"name\":\"Turismo de Guitiriz\",\"description\":\"Concello de Guitiriz\",\"publisher\":{\"@id\":\"https:\/\/turismo.concellodeguitiriz.com\/#organization\"},\"potentialAction\":[{\"@type\":\"SearchAction\",\"target\":{\"@type\":\"EntryPoint\",\"urlTemplate\":\"https:\/\/turismo.concellodeguitiriz.com\/?s={search_term_string}\"},\"query-input\":\"required name=search_term_string\"}],\"inLanguage\":\"en-US\"},{\"@type\":\"Organization\",\"@id\":\"https:\/\/turismo.concellodeguitiriz.com\/#organization\",\"name\":\"Turismo Guitiriz\",\"url\":\"https:\/\/turismo.concellodeguitiriz.com\/\",\"logo\":{\"@type\":\"ImageObject\",\"inLanguage\":\"en-US\",\"@id\":\"https:\/\/turismo.concellodeguitiriz.com\/#\/schema\/logo\/image\/\",\"url\":\"https:\/\/turismo.concellodeguitiriz.com\/wp-content\/uploads\/2021\/06\/g-turismo-logopos.png\",\"contentUrl\":\"https:\/\/turismo.concellodeguitiriz.com\/wp-content\/uploads\/2021\/06\/g-turismo-logopos.png\",\"width\":2001,\"height\":1024,\"caption\":\"Turismo Guitiriz\"},\"image\":{\"@id\":\"https:\/\/turismo.concellodeguitiriz.com\/#\/schema\/logo\/image\/\"},\"sameAs\":[\"https:\/\/www.instagram.com\/guitirizigualdade\/\",\"https:\/\/www.facebook.com\/concellodeguitiriz\/\"]}]}<\/script>\n<!-- \/ Yoast SEO plugin. -->","yoast_head_json":{"title":"Labrada | Turismo de Guitiriz","description":"Santa Mar\u00eda de Labrada \u00e9 unha parroquia que se localiza \u00f3 norte do concello de Guitiriz na comarca da Terra Ch\u00e1, a uns 14,3 km aproximadamente do n\u00facleo municipal.","robots":{"index":"index","follow":"follow","max-snippet":"max-snippet:-1","max-image-preview":"max-image-preview:large","max-video-preview":"max-video-preview:-1"},"canonical":"https:\/\/turismo.concellodeguitiriz.com\/en\/parroquias\/labrada\/","og_locale":"en_US","og_type":"article","og_title":"Labrada | Turismo de Guitiriz","og_description":"Santa Mar\u00eda de Labrada \u00e9 unha parroquia que se localiza \u00f3 norte do concello de Guitiriz na comarca da Terra Ch\u00e1, a uns 14,3 km aproximadamente do n\u00facleo municipal.","og_url":"https:\/\/turismo.concellodeguitiriz.com\/en\/parroquias\/labrada\/","og_site_name":"Turismo de Guitiriz","article_publisher":"https:\/\/www.facebook.com\/concellodeguitiriz\/","article_modified_time":"2024-01-30T20:51:23+00:00","twitter_card":"summary_large_image","twitter_title":"Labrada | Turismo de Guitiriz","twitter_description":"Santa Mar\u00eda de Labrada \u00e9 unha parroquia que se localiza \u00f3 norte do concello de Guitiriz na comarca da Terra Ch\u00e1, a uns 14,3 km aproximadamente do n\u00facleo municipal.","twitter_misc":{"Est. reading time":"2 minutes"},"schema":{"@context":"https:\/\/schema.org","@graph":[{"@type":"WebPage","@id":"https:\/\/turismo.concellodeguitiriz.com\/en\/parroquias\/labrada\/","url":"https:\/\/turismo.concellodeguitiriz.com\/en\/parroquias\/labrada\/","name":"Labrada | Turismo de Guitiriz","isPartOf":{"@id":"https:\/\/turismo.concellodeguitiriz.com\/#website"},"datePublished":"2021-07-12T15:57:48+00:00","dateModified":"2024-01-30T20:51:23+00:00","description":"Santa Mar\u00eda de Labrada \u00e9 unha parroquia que se localiza \u00f3 norte do concello de Guitiriz na comarca da Terra Ch\u00e1, a uns 14,3 km aproximadamente do n\u00facleo municipal.","breadcrumb":{"@id":"https:\/\/turismo.concellodeguitiriz.com\/en\/parroquias\/labrada\/#breadcrumb"},"inLanguage":"en-US","potentialAction":[{"@type":"ReadAction","target":["https:\/\/turismo.concellodeguitiriz.com\/en\/parroquias\/labrada\/"]}]},{"@type":"BreadcrumbList","@id":"https:\/\/turismo.concellodeguitiriz.com\/en\/parroquias\/labrada\/#breadcrumb","itemListElement":[{"@type":"ListItem","position":1,"name":"Portada","item":"https:\/\/turismo.concellodeguitiriz.com\/en\/"},{"@type":"ListItem","position":2,"name":"Parroquias","item":"https:\/\/turismo.concellodeguitiriz.com\/en\/parroquias\/"},{"@type":"ListItem","position":3,"name":"Labrada"}]},{"@type":"WebSite","@id":"https:\/\/turismo.concellodeguitiriz.com\/#website","url":"https:\/\/turismo.concellodeguitiriz.com\/","name":"Turismo de Guitiriz","description":"Concello de Guitiriz","publisher":{"@id":"https:\/\/turismo.concellodeguitiriz.com\/#organization"},"potentialAction":[{"@type":"SearchAction","target":{"@type":"EntryPoint","urlTemplate":"https:\/\/turismo.concellodeguitiriz.com\/?s={search_term_string}"},"query-input":"required name=search_term_string"}],"inLanguage":"en-US"},{"@type":"Organization","@id":"https:\/\/turismo.concellodeguitiriz.com\/#organization","name":"Turismo Guitiriz","url":"https:\/\/turismo.concellodeguitiriz.com\/","logo":{"@type":"ImageObject","inLanguage":"en-US","@id":"https:\/\/turismo.concellodeguitiriz.com\/#\/schema\/logo\/image\/","url":"https:\/\/turismo.concellodeguitiriz.com\/wp-content\/uploads\/2021\/06\/g-turismo-logopos.png","contentUrl":"https:\/\/turismo.concellodeguitiriz.com\/wp-content\/uploads\/2021\/06\/g-turismo-logopos.png","width":2001,"height":1024,"caption":"Turismo Guitiriz"},"image":{"@id":"https:\/\/turismo.concellodeguitiriz.com\/#\/schema\/logo\/image\/"},"sameAs":["https:\/\/www.instagram.com\/guitirizigualdade\/","https:\/\/www.facebook.com\/concellodeguitiriz\/"]}]}},"_links":{"self":[{"href":"https:\/\/turismo.concellodeguitiriz.com\/en\/wp-json\/wp\/v2\/pages\/1199","targetHints":{"allow":["GET"]}}],"collection":[{"href":"https:\/\/turismo.concellodeguitiriz.com\/en\/wp-json\/wp\/v2\/pages"}],"about":[{"href":"https:\/\/turismo.concellodeguitiriz.com\/en\/wp-json\/wp\/v2\/types\/page"}],"author":[{"embeddable":true,"href":"https:\/\/turismo.concellodeguitiriz.com\/en\/wp-json\/wp\/v2\/users\/1"}],"replies":[{"embeddable":true,"href":"https:\/\/turismo.concellodeguitiriz.com\/en\/wp-json\/wp\/v2\/comments?post=1199"}],"version-history":[{"count":2,"href":"https:\/\/turismo.concellodeguitiriz.com\/en\/wp-json\/wp\/v2\/pages\/1199\/revisions"}],"predecessor-version":[{"id":1203,"href":"https:\/\/turismo.concellodeguitiriz.com\/en\/wp-json\/wp\/v2\/pages\/1199\/revisions\/1203"}],"up":[{"embeddable":true,"href":"https:\/\/turismo.concellodeguitiriz.com\/en\/wp-json\/wp\/v2\/pages\/1138"}],"wp:attachment":[{"href":"https:\/\/turismo.concellodeguitiriz.com\/en\/wp-json\/wp\/v2\/media?parent=1199"}],"curies":[{"name":"wp","href":"https:\/\/api.w.org\/{rel}","templated":true}]}}