{"id":1216,"date":"2021-07-13T16:08:09","date_gmt":"2021-07-13T16:08:09","guid":{"rendered":"https:\/\/turismo.concellodeguitiriz.com\/parroquias\/vilares\/"},"modified":"2024-01-31T17:27:46","modified_gmt":"2024-01-31T17:27:46","slug":"vilares","status":"publish","type":"page","link":"https:\/\/turismo.concellodeguitiriz.com\/en\/parroquias\/vilares\/","title":{"rendered":"Os Vilares"},"content":{"rendered":"<p>[vc_row foundry_background_style=&#8221;bg-secondary&#8221; foundry_padding=&#8221;pt64 pb64&#8243;][vc_column][vc_column_text]<a href=\"\/es\/parroquias\/\"><i class=\"fas fa-long-arrow-alt-left\"><\/i> Ver todas las Parroquias<\/a>[\/vc_column_text][vc_column_text]<\/p>\n<h1 style=\"text-align: center;\">Os Vilares<\/h1>\n<p>[\/vc_column_text][\/vc_column][\/vc_row][vc_row foundry_padding=&#8221;pt64 pb64&#8243; el_class=&#8221;container-parroquias&#8221;][vc_column el_class=&#8221;grid-parroquias&#8221;][vc_tta_tour active_section=&#8221;1&#8243; el_class=&#8221;tour-parroquias&#8221;][vc_tta_section i_icon_fontawesome=&#8221;fas fa-map-marker-alt&#8221; add_icon=&#8221;true&#8221; title=&#8221;Location&#8221; tab_id=&#8221;situacion&#8221;][vc_column_text]<i class=\"fas fa-map-marker-alt\"><\/i> <strong>Location<\/strong>: Located 7 km from the municipal core.<br \/>\n<a href=\"https:\/\/maps.app.goo.gl\/tZ5BZGDtUw5rjBG76\" target=\"_blank\" rel=\"noopener\">Check location<\/a><\/p>\n<p><i class=\"fas fa-route\"><\/i> <strong>Population entities:<\/strong> 44<br \/>\nAci\u00f3n, Os Ares, O Barreiro, Berulfe, O Cancelo, A Casa Nova de Vilari\u00f1o, As Casa Vellas, Cibreiro, Nov\u00e1s, As Costoiras, O Coto, Drada, O Fagundo, Forcamu\u00f1iz, O Gorgulfe, O Laxoso, Lea, Li\u00f1arede, Malde, Os Manch\u00e1s, O Mato, O Meao, O Merendero, Nandulfe, A Ti\u00f1az, O Pazo, A Pena, Pena Rold\u00e1n, A Pena Fachada, O Pico Farelo, Os ramos, A Reboira, Rego Pequeno, As Reixa, Requeixo, A Ribeira, San Miguel , O Tarrelo, A Tolda, O Toxo Bra\u00f1\u00edo, Vilarch\u00e1n, Vilargab\u00edn, O Vilari\u00f1o, Vilasuso.[\/vc_column_text][\/vc_tta_section][vc_tta_section i_icon_fontawesome=&#8221;fas fa-book-open&#8221; add_icon=&#8221;true&#8221; title=&#8221;Know Os Vilares&#8221; tab_id=&#8221;conoce&#8221;][vc_row_inner][vc_column_inner][vc_column_text]Os Vilares cuenta con un gran patrimonio hist\u00f3rico-cultural. Destaca su Iglesia Parroquial, situada en la plaza del Campo de la Fiesta de As Reixas, y el Calvario \u2013 conjunto de cruceros que representan la pasi\u00f3n y la muerte de Jes\u00fas \u2013 que est\u00e1 al lado de la iglesia. Esta iglesia empez\u00f3 siendo una capilla del siglo XII y fue\u00a0transform\u00e1ndose hasta llegar a lo que es hoy.<\/p>\n<p>La parroquia tambi\u00e9n conserva restos de la cultura castre\u00f1a como el Castro de As Reixas. Otro de los tesoros de esta parroquia es A Pena Rold\u00e1n, situada en el lugar de Pena Fachada, una enorme roca situada en un contorno natural que la hace digna de ver y conocer su leyenda.[\/vc_column_text][\/vc_column_inner][\/vc_row_inner][\/vc_tta_section][vc_tta_section i_icon_fontawesome=&#8221;fas fa-eye&#8221; add_icon=&#8221;true&#8221; title=&#8221;What to see&#8221; tab_id=&#8221;que-ver&#8221;][vc_row_inner][vc_column_inner width=&#8221;1\/2&#8243; offset=&#8221;vc_col-xs-6&#8243;][vc_single_image image=&#8221;480&#8243; img_size=&#8221;full&#8221; alignment=&#8221;center&#8221;][\/vc_column_inner][vc_column_inner width=&#8221;1\/2&#8243; offset=&#8221;vc_col-xs-6&#8243;][vc_single_image image=&#8221;482&#8243; img_size=&#8221;full&#8221; alignment=&#8221;center&#8221;][\/vc_column_inner][\/vc_row_inner][\/vc_tta_section][vc_tta_section i_icon_fontawesome=&#8221;fas fa-calendar&#8221; add_icon=&#8221;true&#8221; title=&#8221;Festivities &#8221; tab_id=&#8221;festas&#8221;][vc_column_text]<i class=\"fas fa-calendar\"><\/i> <strong>Festivities<\/strong>:<\/p>\n<ul>\n<li>St. Vincent patronal feasts<\/li>\n<li>Popular Easter Festival held in Holy Week<\/li>\n<li>laborer pilgrimage from Chaira held in O Cancelo<\/li>\n<\/ul>\n<p>[\/vc_column_text][\/vc_tta_section][\/vc_tta_tour][\/vc_column][\/vc_row]<\/p>\n","protected":false},"excerpt":{"rendered":"<p>[vc_row foundry_background_style=&#8221;bg-secondary&#8221; foundry_padding=&#8221;pt64 pb64&#8243;][vc_column][vc_column_text] Ver todas las Parroquias[\/vc_column_text][vc_column_text] Os Vilares [\/vc_column_text][\/vc_column][\/vc_row][vc_row foundry_padding=&#8221;pt64 pb64&#8243; el_class=&#8221;container-parroquias&#8221;][vc_column el_class=&#8221;grid-parroquias&#8221;][vc_tta_tour active_section=&#8221;1&#8243; el_class=&#8221;tour-parroquias&#8221;][vc_tta_section i_icon_fontawesome=&#8221;fas fa-map-marker-alt&#8221; add_icon=&#8221;true&#8221; title=&#8221;Location&#8221;&#8230;<\/p>\n","protected":false},"author":1,"featured_media":0,"parent":1138,"menu_order":0,"comment_status":"closed","ping_status":"closed","template":"","meta":{"footnotes":"","_links_to":"","_links_to_target":""},"class_list":["post-1216","page","type-page","status-publish","hentry"],"yoast_head":"<!-- This site is optimized with the Yoast SEO plugin v19.13 - https:\/\/yoast.com\/wordpress\/plugins\/seo\/ -->\n<title>Os Vilares | Turismo de Guitiriz<\/title>\n<meta name=\"description\" content=\"San Vicenzo dos Vilares es una parroquia situada a 7km de la villa. Os Vilares cuenta con un gran patrimonio hist\u00f3rico-cultural.\" \/>\n<meta name=\"robots\" content=\"index, follow, max-snippet:-1, max-image-preview:large, max-video-preview:-1\" \/>\n<link rel=\"canonical\" href=\"https:\/\/turismo.concellodeguitiriz.com\/en\/parroquias\/vilares\/\" \/>\n<meta property=\"og:locale\" content=\"en_US\" \/>\n<meta property=\"og:type\" content=\"article\" \/>\n<meta property=\"og:title\" content=\"Os Vilares | Turismo de Guitiriz\" \/>\n<meta property=\"og:description\" content=\"San Vicenzo dos Vilares es una parroquia situada a 7km de la villa. Os Vilares cuenta con un gran patrimonio hist\u00f3rico-cultural.\" \/>\n<meta property=\"og:url\" content=\"https:\/\/turismo.concellodeguitiriz.com\/en\/parroquias\/vilares\/\" \/>\n<meta property=\"og:site_name\" content=\"Turismo de Guitiriz\" \/>\n<meta property=\"article:publisher\" content=\"https:\/\/www.facebook.com\/concellodeguitiriz\/\" \/>\n<meta property=\"article:modified_time\" content=\"2024-01-31T17:27:46+00:00\" \/>\n<meta name=\"twitter:card\" content=\"summary_large_image\" \/>\n<meta name=\"twitter:title\" content=\"Os Vilares | Turismo de Guitiriz\" \/>\n<meta name=\"twitter:description\" content=\"San Vicenzo dos Vilares es una parroquia situada a 7km de la villa. Os Vilares cuenta con un gran patrimonio hist\u00f3rico-cultural.\" \/>\n<meta name=\"twitter:label1\" content=\"Est. reading time\" \/>\n\t<meta name=\"twitter:data1\" content=\"2 minutes\" \/>\n<script type=\"application\/ld+json\" class=\"yoast-schema-graph\">{\"@context\":\"https:\/\/schema.org\",\"@graph\":[{\"@type\":\"WebPage\",\"@id\":\"https:\/\/turismo.concellodeguitiriz.com\/en\/parroquias\/vilares\/\",\"url\":\"https:\/\/turismo.concellodeguitiriz.com\/en\/parroquias\/vilares\/\",\"name\":\"Os Vilares | Turismo de Guitiriz\",\"isPartOf\":{\"@id\":\"https:\/\/turismo.concellodeguitiriz.com\/#website\"},\"datePublished\":\"2021-07-13T16:08:09+00:00\",\"dateModified\":\"2024-01-31T17:27:46+00:00\",\"description\":\"San Vicenzo dos Vilares es una parroquia situada a 7km de la villa. Os Vilares cuenta con un gran patrimonio hist\u00f3rico-cultural.\",\"breadcrumb\":{\"@id\":\"https:\/\/turismo.concellodeguitiriz.com\/en\/parroquias\/vilares\/#breadcrumb\"},\"inLanguage\":\"en-US\",\"potentialAction\":[{\"@type\":\"ReadAction\",\"target\":[\"https:\/\/turismo.concellodeguitiriz.com\/en\/parroquias\/vilares\/\"]}]},{\"@type\":\"BreadcrumbList\",\"@id\":\"https:\/\/turismo.concellodeguitiriz.com\/en\/parroquias\/vilares\/#breadcrumb\",\"itemListElement\":[{\"@type\":\"ListItem\",\"position\":1,\"name\":\"Portada\",\"item\":\"https:\/\/turismo.concellodeguitiriz.com\/en\/\"},{\"@type\":\"ListItem\",\"position\":2,\"name\":\"Parroquias\",\"item\":\"https:\/\/turismo.concellodeguitiriz.com\/en\/parroquias\/\"},{\"@type\":\"ListItem\",\"position\":3,\"name\":\"Os Vilares\"}]},{\"@type\":\"WebSite\",\"@id\":\"https:\/\/turismo.concellodeguitiriz.com\/#website\",\"url\":\"https:\/\/turismo.concellodeguitiriz.com\/\",\"name\":\"Turismo de Guitiriz\",\"description\":\"Concello de Guitiriz\",\"publisher\":{\"@id\":\"https:\/\/turismo.concellodeguitiriz.com\/#organization\"},\"potentialAction\":[{\"@type\":\"SearchAction\",\"target\":{\"@type\":\"EntryPoint\",\"urlTemplate\":\"https:\/\/turismo.concellodeguitiriz.com\/?s={search_term_string}\"},\"query-input\":\"required name=search_term_string\"}],\"inLanguage\":\"en-US\"},{\"@type\":\"Organization\",\"@id\":\"https:\/\/turismo.concellodeguitiriz.com\/#organization\",\"name\":\"Turismo Guitiriz\",\"url\":\"https:\/\/turismo.concellodeguitiriz.com\/\",\"logo\":{\"@type\":\"ImageObject\",\"inLanguage\":\"en-US\",\"@id\":\"https:\/\/turismo.concellodeguitiriz.com\/#\/schema\/logo\/image\/\",\"url\":\"https:\/\/turismo.concellodeguitiriz.com\/wp-content\/uploads\/2021\/06\/g-turismo-logopos.png\",\"contentUrl\":\"https:\/\/turismo.concellodeguitiriz.com\/wp-content\/uploads\/2021\/06\/g-turismo-logopos.png\",\"width\":2001,\"height\":1024,\"caption\":\"Turismo Guitiriz\"},\"image\":{\"@id\":\"https:\/\/turismo.concellodeguitiriz.com\/#\/schema\/logo\/image\/\"},\"sameAs\":[\"https:\/\/www.instagram.com\/guitirizigualdade\/\",\"https:\/\/www.facebook.com\/concellodeguitiriz\/\"]}]}<\/script>\n<!-- \/ Yoast SEO plugin. -->","yoast_head_json":{"title":"Os Vilares | Turismo de Guitiriz","description":"San Vicenzo dos Vilares es una parroquia situada a 7km de la villa. Os Vilares cuenta con un gran patrimonio hist\u00f3rico-cultural.","robots":{"index":"index","follow":"follow","max-snippet":"max-snippet:-1","max-image-preview":"max-image-preview:large","max-video-preview":"max-video-preview:-1"},"canonical":"https:\/\/turismo.concellodeguitiriz.com\/en\/parroquias\/vilares\/","og_locale":"en_US","og_type":"article","og_title":"Os Vilares | Turismo de Guitiriz","og_description":"San Vicenzo dos Vilares es una parroquia situada a 7km de la villa. Os Vilares cuenta con un gran patrimonio hist\u00f3rico-cultural.","og_url":"https:\/\/turismo.concellodeguitiriz.com\/en\/parroquias\/vilares\/","og_site_name":"Turismo de Guitiriz","article_publisher":"https:\/\/www.facebook.com\/concellodeguitiriz\/","article_modified_time":"2024-01-31T17:27:46+00:00","twitter_card":"summary_large_image","twitter_title":"Os Vilares | Turismo de Guitiriz","twitter_description":"San Vicenzo dos Vilares es una parroquia situada a 7km de la villa. Os Vilares cuenta con un gran patrimonio hist\u00f3rico-cultural.","twitter_misc":{"Est. reading time":"2 minutes"},"schema":{"@context":"https:\/\/schema.org","@graph":[{"@type":"WebPage","@id":"https:\/\/turismo.concellodeguitiriz.com\/en\/parroquias\/vilares\/","url":"https:\/\/turismo.concellodeguitiriz.com\/en\/parroquias\/vilares\/","name":"Os Vilares | Turismo de Guitiriz","isPartOf":{"@id":"https:\/\/turismo.concellodeguitiriz.com\/#website"},"datePublished":"2021-07-13T16:08:09+00:00","dateModified":"2024-01-31T17:27:46+00:00","description":"San Vicenzo dos Vilares es una parroquia situada a 7km de la villa. Os Vilares cuenta con un gran patrimonio hist\u00f3rico-cultural.","breadcrumb":{"@id":"https:\/\/turismo.concellodeguitiriz.com\/en\/parroquias\/vilares\/#breadcrumb"},"inLanguage":"en-US","potentialAction":[{"@type":"ReadAction","target":["https:\/\/turismo.concellodeguitiriz.com\/en\/parroquias\/vilares\/"]}]},{"@type":"BreadcrumbList","@id":"https:\/\/turismo.concellodeguitiriz.com\/en\/parroquias\/vilares\/#breadcrumb","itemListElement":[{"@type":"ListItem","position":1,"name":"Portada","item":"https:\/\/turismo.concellodeguitiriz.com\/en\/"},{"@type":"ListItem","position":2,"name":"Parroquias","item":"https:\/\/turismo.concellodeguitiriz.com\/en\/parroquias\/"},{"@type":"ListItem","position":3,"name":"Os Vilares"}]},{"@type":"WebSite","@id":"https:\/\/turismo.concellodeguitiriz.com\/#website","url":"https:\/\/turismo.concellodeguitiriz.com\/","name":"Turismo de Guitiriz","description":"Concello de Guitiriz","publisher":{"@id":"https:\/\/turismo.concellodeguitiriz.com\/#organization"},"potentialAction":[{"@type":"SearchAction","target":{"@type":"EntryPoint","urlTemplate":"https:\/\/turismo.concellodeguitiriz.com\/?s={search_term_string}"},"query-input":"required name=search_term_string"}],"inLanguage":"en-US"},{"@type":"Organization","@id":"https:\/\/turismo.concellodeguitiriz.com\/#organization","name":"Turismo Guitiriz","url":"https:\/\/turismo.concellodeguitiriz.com\/","logo":{"@type":"ImageObject","inLanguage":"en-US","@id":"https:\/\/turismo.concellodeguitiriz.com\/#\/schema\/logo\/image\/","url":"https:\/\/turismo.concellodeguitiriz.com\/wp-content\/uploads\/2021\/06\/g-turismo-logopos.png","contentUrl":"https:\/\/turismo.concellodeguitiriz.com\/wp-content\/uploads\/2021\/06\/g-turismo-logopos.png","width":2001,"height":1024,"caption":"Turismo Guitiriz"},"image":{"@id":"https:\/\/turismo.concellodeguitiriz.com\/#\/schema\/logo\/image\/"},"sameAs":["https:\/\/www.instagram.com\/guitirizigualdade\/","https:\/\/www.facebook.com\/concellodeguitiriz\/"]}]}},"_links":{"self":[{"href":"https:\/\/turismo.concellodeguitiriz.com\/en\/wp-json\/wp\/v2\/pages\/1216","targetHints":{"allow":["GET"]}}],"collection":[{"href":"https:\/\/turismo.concellodeguitiriz.com\/en\/wp-json\/wp\/v2\/pages"}],"about":[{"href":"https:\/\/turismo.concellodeguitiriz.com\/en\/wp-json\/wp\/v2\/types\/page"}],"author":[{"embeddable":true,"href":"https:\/\/turismo.concellodeguitiriz.com\/en\/wp-json\/wp\/v2\/users\/1"}],"replies":[{"embeddable":true,"href":"https:\/\/turismo.concellodeguitiriz.com\/en\/wp-json\/wp\/v2\/comments?post=1216"}],"version-history":[{"count":2,"href":"https:\/\/turismo.concellodeguitiriz.com\/en\/wp-json\/wp\/v2\/pages\/1216\/revisions"}],"predecessor-version":[{"id":1220,"href":"https:\/\/turismo.concellodeguitiriz.com\/en\/wp-json\/wp\/v2\/pages\/1216\/revisions\/1220"}],"up":[{"embeddable":true,"href":"https:\/\/turismo.concellodeguitiriz.com\/en\/wp-json\/wp\/v2\/pages\/1138"}],"wp:attachment":[{"href":"https:\/\/turismo.concellodeguitiriz.com\/en\/wp-json\/wp\/v2\/media?parent=1216"}],"curies":[{"name":"wp","href":"https:\/\/api.w.org\/{rel}","templated":true}]}}