{"id":1237,"date":"2021-07-21T15:24:11","date_gmt":"2021-07-21T15:24:11","guid":{"rendered":"https:\/\/turismo.concellodeguitiriz.com\/parroquias\/pedrafita\/"},"modified":"2024-02-02T10:41:53","modified_gmt":"2024-02-02T10:41:53","slug":"pedrafita","status":"publish","type":"page","link":"https:\/\/turismo.concellodeguitiriz.com\/en\/parroquias\/pedrafita\/","title":{"rendered":"Pedrafita"},"content":{"rendered":"<p>[vc_row foundry_background_style=&#8221;bg-secondary&#8221; foundry_padding=&#8221;pt64 pb64&#8243;][vc_column][vc_column_text]<a href=\"https:\/\/turismo.concellodeguitiriz.com\/en\/parroquias\/\"><i class=\"fas fa-long-arrow-alt-left\"><\/i> Ver todas as Parroquias<\/a>[\/vc_column_text][vc_column_text]<\/p>\n<h1 style=\"text-align: center;\">Pedrafita<\/h1>\n<p>[\/vc_column_text][\/vc_column][\/vc_row][vc_row foundry_padding=&#8221;pt64 pb64&#8243; el_class=&#8221;container-parroquias&#8221;][vc_column el_class=&#8221;grid-parroquias&#8221;][vc_tta_tour active_section=&#8221;1&#8243; el_class=&#8221;tour-parroquias&#8221;][vc_tta_section i_icon_fontawesome=&#8221;fas fa-map-marker-alt&#8221; add_icon=&#8221;true&#8221; title=&#8221;Location&#8221; tab_id=&#8221;situacion&#8221;][vc_column_text]<i class=\"fas fa-map-marker-alt\"><\/i><strong>Location<\/strong>: Located 12 km from municipal core.<br \/>\n<a href=\"https:\/\/maps.app.goo.gl\/qvT1MHjbiwZsfrEu8\" target=\"_blank\" rel=\"noopener\">Check location<\/a><\/p>\n<p><i class=\"fas fa-route\"><\/i><strong>Population entities:<\/strong> 15<br \/>\nAbeledo, Cabanarril, O Carballedo, Os Corredoiros,Guimar\u00e1s, Lavandeira, O Navallo, O Outeiro, A Pena dos Di\u00f1eiros, Penas de Gulfe, O Pereiro, Rego do Ameneiro, Romariz, Tomboli\u00f1o, Vieiro.[\/vc_column_text][\/vc_tta_section][vc_tta_section i_icon_fontawesome=&#8221;fas fa-book-open&#8221; add_icon=&#8221;true&#8221; title=&#8221;Know Pedrafita&#8221; tab_id=&#8221;conoce&#8221;][vc_row_inner][vc_column_inner][vc_column_text]In Pedrafita there are plenty of mamoas. Most famous ones are: \u201cMedorra do Carballi\u00f1o\u201d in O Pereiro, \u201cMedorra de A Regui\u00f1a\u201d in Lavandeira e \u201cMedorra de A G\u00e1ndara\u201d in A Pena dos Di\u00f1eiros.<\/p>\n<p>In addition to San Mamede\u00b4s Parrochial Chuch, of lates Romanesque style, it also stands out \u201cRego dos Ameneiros Chapel\u201d, which possesses a popular Reinaissance altarpiece from the 18th Century.<\/p>\n<p>As in the rest parishes of Guitiriz, fountains abound: \u201cFonte do Boxedoiro\u201d located in Abeledo, \u201cFonte do Pereiro\u201d, \u201cFonte da Lavandeira\u201d e \u201cFonte do Seixo\u201d located Ximar\u00e1s.[\/vc_column_text][\/vc_column_inner][\/vc_row_inner][\/vc_tta_section][vc_tta_section i_icon_fontawesome=&#8221;fas fa-eye&#8221; add_icon=&#8221;true&#8221; title=&#8221;What to see&#8221; tab_id=&#8221;que-ver&#8221;][vc_row_inner][vc_column_inner offset=&#8221;vc_col-xs-6&#8243;][vc_single_image image=&#8221;581&#8243; img_size=&#8221;full&#8221; alignment=&#8221;center&#8221;][\/vc_column_inner][\/vc_row_inner][\/vc_tta_section][vc_tta_section i_icon_fontawesome=&#8221;fas fa-calendar&#8221; add_icon=&#8221;true&#8221; title=&#8221;Festivities&#8221; tab_id=&#8221;festas&#8221;][vc_column_text]<i class=\"fas fa-calendar\"><\/i> <strong>Festivities<\/strong>: August\u00b4s second weekend, Saint Roque.[\/vc_column_text][\/vc_tta_section][\/vc_tta_tour][\/vc_column][\/vc_row]<\/p>\n","protected":false},"excerpt":{"rendered":"<p>[vc_row foundry_background_style=&#8221;bg-secondary&#8221; foundry_padding=&#8221;pt64 pb64&#8243;][vc_column][vc_column_text] Ver todas as Parroquias[\/vc_column_text][vc_column_text] Pedrafita [\/vc_column_text][\/vc_column][\/vc_row][vc_row foundry_padding=&#8221;pt64 pb64&#8243; el_class=&#8221;container-parroquias&#8221;][vc_column el_class=&#8221;grid-parroquias&#8221;][vc_tta_tour active_section=&#8221;1&#8243; el_class=&#8221;tour-parroquias&#8221;][vc_tta_section i_icon_fontawesome=&#8221;fas fa-map-marker-alt&#8221; add_icon=&#8221;true&#8221; title=&#8221;Location&#8221; tab_id=&#8221;situacion&#8221;][vc_column_text]Location:&#8230;<\/p>\n","protected":false},"author":1,"featured_media":0,"parent":1138,"menu_order":0,"comment_status":"closed","ping_status":"closed","template":"","meta":{"footnotes":"","_links_to":"","_links_to_target":""},"class_list":["post-1237","page","type-page","status-publish","hentry"],"yoast_head":"<!-- This site is optimized with the Yoast SEO plugin v19.13 - https:\/\/yoast.com\/wordpress\/plugins\/seo\/ -->\n<title>Pedrafita | Turismo de Guitiriz<\/title>\n<meta name=\"description\" content=\"En Pedrafita, a 12km do n\u00facleo municipal, podemos atopar m\u00faltiples pegadas dos romanos e abundan as m\u00e1moas ou medorras.\" \/>\n<meta name=\"robots\" content=\"index, follow, max-snippet:-1, max-image-preview:large, max-video-preview:-1\" \/>\n<link rel=\"canonical\" href=\"https:\/\/turismo.concellodeguitiriz.com\/en\/parroquias\/pedrafita\/\" \/>\n<meta property=\"og:locale\" content=\"en_US\" \/>\n<meta property=\"og:type\" content=\"article\" \/>\n<meta property=\"og:title\" content=\"Pedrafita | Turismo de Guitiriz\" \/>\n<meta property=\"og:description\" content=\"En Pedrafita, a 12km do n\u00facleo municipal, podemos atopar m\u00faltiples pegadas dos romanos e abundan as m\u00e1moas ou medorras.\" \/>\n<meta property=\"og:url\" content=\"https:\/\/turismo.concellodeguitiriz.com\/en\/parroquias\/pedrafita\/\" \/>\n<meta property=\"og:site_name\" content=\"Turismo de Guitiriz\" \/>\n<meta property=\"article:publisher\" content=\"https:\/\/www.facebook.com\/concellodeguitiriz\/\" \/>\n<meta property=\"article:modified_time\" content=\"2024-02-02T10:41:53+00:00\" \/>\n<meta name=\"twitter:card\" content=\"summary_large_image\" \/>\n<meta name=\"twitter:title\" content=\"Pedrafita | Turismo de Guitiriz\" \/>\n<meta name=\"twitter:description\" content=\"En Pedrafita, a 12km do n\u00facleo municipal, podemos atopar m\u00faltiples pegadas dos romanos e abundan as m\u00e1moas ou medorras.\" \/>\n<meta name=\"twitter:label1\" content=\"Est. reading time\" \/>\n\t<meta name=\"twitter:data1\" content=\"1 minute\" \/>\n<script type=\"application\/ld+json\" class=\"yoast-schema-graph\">{\"@context\":\"https:\/\/schema.org\",\"@graph\":[{\"@type\":\"WebPage\",\"@id\":\"https:\/\/turismo.concellodeguitiriz.com\/en\/parroquias\/pedrafita\/\",\"url\":\"https:\/\/turismo.concellodeguitiriz.com\/en\/parroquias\/pedrafita\/\",\"name\":\"Pedrafita | Turismo de Guitiriz\",\"isPartOf\":{\"@id\":\"https:\/\/turismo.concellodeguitiriz.com\/#website\"},\"datePublished\":\"2021-07-21T15:24:11+00:00\",\"dateModified\":\"2024-02-02T10:41:53+00:00\",\"description\":\"En Pedrafita, a 12km do n\u00facleo municipal, podemos atopar m\u00faltiples pegadas dos romanos e abundan as m\u00e1moas ou medorras.\",\"breadcrumb\":{\"@id\":\"https:\/\/turismo.concellodeguitiriz.com\/en\/parroquias\/pedrafita\/#breadcrumb\"},\"inLanguage\":\"en-US\",\"potentialAction\":[{\"@type\":\"ReadAction\",\"target\":[\"https:\/\/turismo.concellodeguitiriz.com\/en\/parroquias\/pedrafita\/\"]}]},{\"@type\":\"BreadcrumbList\",\"@id\":\"https:\/\/turismo.concellodeguitiriz.com\/en\/parroquias\/pedrafita\/#breadcrumb\",\"itemListElement\":[{\"@type\":\"ListItem\",\"position\":1,\"name\":\"Portada\",\"item\":\"https:\/\/turismo.concellodeguitiriz.com\/en\/\"},{\"@type\":\"ListItem\",\"position\":2,\"name\":\"Parroquias\",\"item\":\"https:\/\/turismo.concellodeguitiriz.com\/en\/parroquias\/\"},{\"@type\":\"ListItem\",\"position\":3,\"name\":\"Pedrafita\"}]},{\"@type\":\"WebSite\",\"@id\":\"https:\/\/turismo.concellodeguitiriz.com\/#website\",\"url\":\"https:\/\/turismo.concellodeguitiriz.com\/\",\"name\":\"Turismo de Guitiriz\",\"description\":\"Concello de Guitiriz\",\"publisher\":{\"@id\":\"https:\/\/turismo.concellodeguitiriz.com\/#organization\"},\"potentialAction\":[{\"@type\":\"SearchAction\",\"target\":{\"@type\":\"EntryPoint\",\"urlTemplate\":\"https:\/\/turismo.concellodeguitiriz.com\/?s={search_term_string}\"},\"query-input\":\"required name=search_term_string\"}],\"inLanguage\":\"en-US\"},{\"@type\":\"Organization\",\"@id\":\"https:\/\/turismo.concellodeguitiriz.com\/#organization\",\"name\":\"Turismo Guitiriz\",\"url\":\"https:\/\/turismo.concellodeguitiriz.com\/\",\"logo\":{\"@type\":\"ImageObject\",\"inLanguage\":\"en-US\",\"@id\":\"https:\/\/turismo.concellodeguitiriz.com\/#\/schema\/logo\/image\/\",\"url\":\"https:\/\/turismo.concellodeguitiriz.com\/wp-content\/uploads\/2021\/06\/g-turismo-logopos.png\",\"contentUrl\":\"https:\/\/turismo.concellodeguitiriz.com\/wp-content\/uploads\/2021\/06\/g-turismo-logopos.png\",\"width\":2001,\"height\":1024,\"caption\":\"Turismo Guitiriz\"},\"image\":{\"@id\":\"https:\/\/turismo.concellodeguitiriz.com\/#\/schema\/logo\/image\/\"},\"sameAs\":[\"https:\/\/www.instagram.com\/guitirizigualdade\/\",\"https:\/\/www.facebook.com\/concellodeguitiriz\/\"]}]}<\/script>\n<!-- \/ Yoast SEO plugin. -->","yoast_head_json":{"title":"Pedrafita | Turismo de Guitiriz","description":"En Pedrafita, a 12km do n\u00facleo municipal, podemos atopar m\u00faltiples pegadas dos romanos e abundan as m\u00e1moas ou medorras.","robots":{"index":"index","follow":"follow","max-snippet":"max-snippet:-1","max-image-preview":"max-image-preview:large","max-video-preview":"max-video-preview:-1"},"canonical":"https:\/\/turismo.concellodeguitiriz.com\/en\/parroquias\/pedrafita\/","og_locale":"en_US","og_type":"article","og_title":"Pedrafita | Turismo de Guitiriz","og_description":"En Pedrafita, a 12km do n\u00facleo municipal, podemos atopar m\u00faltiples pegadas dos romanos e abundan as m\u00e1moas ou medorras.","og_url":"https:\/\/turismo.concellodeguitiriz.com\/en\/parroquias\/pedrafita\/","og_site_name":"Turismo de Guitiriz","article_publisher":"https:\/\/www.facebook.com\/concellodeguitiriz\/","article_modified_time":"2024-02-02T10:41:53+00:00","twitter_card":"summary_large_image","twitter_title":"Pedrafita | Turismo de Guitiriz","twitter_description":"En Pedrafita, a 12km do n\u00facleo municipal, podemos atopar m\u00faltiples pegadas dos romanos e abundan as m\u00e1moas ou medorras.","twitter_misc":{"Est. reading time":"1 minute"},"schema":{"@context":"https:\/\/schema.org","@graph":[{"@type":"WebPage","@id":"https:\/\/turismo.concellodeguitiriz.com\/en\/parroquias\/pedrafita\/","url":"https:\/\/turismo.concellodeguitiriz.com\/en\/parroquias\/pedrafita\/","name":"Pedrafita | Turismo de Guitiriz","isPartOf":{"@id":"https:\/\/turismo.concellodeguitiriz.com\/#website"},"datePublished":"2021-07-21T15:24:11+00:00","dateModified":"2024-02-02T10:41:53+00:00","description":"En Pedrafita, a 12km do n\u00facleo municipal, podemos atopar m\u00faltiples pegadas dos romanos e abundan as m\u00e1moas ou medorras.","breadcrumb":{"@id":"https:\/\/turismo.concellodeguitiriz.com\/en\/parroquias\/pedrafita\/#breadcrumb"},"inLanguage":"en-US","potentialAction":[{"@type":"ReadAction","target":["https:\/\/turismo.concellodeguitiriz.com\/en\/parroquias\/pedrafita\/"]}]},{"@type":"BreadcrumbList","@id":"https:\/\/turismo.concellodeguitiriz.com\/en\/parroquias\/pedrafita\/#breadcrumb","itemListElement":[{"@type":"ListItem","position":1,"name":"Portada","item":"https:\/\/turismo.concellodeguitiriz.com\/en\/"},{"@type":"ListItem","position":2,"name":"Parroquias","item":"https:\/\/turismo.concellodeguitiriz.com\/en\/parroquias\/"},{"@type":"ListItem","position":3,"name":"Pedrafita"}]},{"@type":"WebSite","@id":"https:\/\/turismo.concellodeguitiriz.com\/#website","url":"https:\/\/turismo.concellodeguitiriz.com\/","name":"Turismo de Guitiriz","description":"Concello de Guitiriz","publisher":{"@id":"https:\/\/turismo.concellodeguitiriz.com\/#organization"},"potentialAction":[{"@type":"SearchAction","target":{"@type":"EntryPoint","urlTemplate":"https:\/\/turismo.concellodeguitiriz.com\/?s={search_term_string}"},"query-input":"required name=search_term_string"}],"inLanguage":"en-US"},{"@type":"Organization","@id":"https:\/\/turismo.concellodeguitiriz.com\/#organization","name":"Turismo Guitiriz","url":"https:\/\/turismo.concellodeguitiriz.com\/","logo":{"@type":"ImageObject","inLanguage":"en-US","@id":"https:\/\/turismo.concellodeguitiriz.com\/#\/schema\/logo\/image\/","url":"https:\/\/turismo.concellodeguitiriz.com\/wp-content\/uploads\/2021\/06\/g-turismo-logopos.png","contentUrl":"https:\/\/turismo.concellodeguitiriz.com\/wp-content\/uploads\/2021\/06\/g-turismo-logopos.png","width":2001,"height":1024,"caption":"Turismo Guitiriz"},"image":{"@id":"https:\/\/turismo.concellodeguitiriz.com\/#\/schema\/logo\/image\/"},"sameAs":["https:\/\/www.instagram.com\/guitirizigualdade\/","https:\/\/www.facebook.com\/concellodeguitiriz\/"]}]}},"_links":{"self":[{"href":"https:\/\/turismo.concellodeguitiriz.com\/en\/wp-json\/wp\/v2\/pages\/1237","targetHints":{"allow":["GET"]}}],"collection":[{"href":"https:\/\/turismo.concellodeguitiriz.com\/en\/wp-json\/wp\/v2\/pages"}],"about":[{"href":"https:\/\/turismo.concellodeguitiriz.com\/en\/wp-json\/wp\/v2\/types\/page"}],"author":[{"embeddable":true,"href":"https:\/\/turismo.concellodeguitiriz.com\/en\/wp-json\/wp\/v2\/users\/1"}],"replies":[{"embeddable":true,"href":"https:\/\/turismo.concellodeguitiriz.com\/en\/wp-json\/wp\/v2\/comments?post=1237"}],"version-history":[{"count":2,"href":"https:\/\/turismo.concellodeguitiriz.com\/en\/wp-json\/wp\/v2\/pages\/1237\/revisions"}],"predecessor-version":[{"id":1240,"href":"https:\/\/turismo.concellodeguitiriz.com\/en\/wp-json\/wp\/v2\/pages\/1237\/revisions\/1240"}],"up":[{"embeddable":true,"href":"https:\/\/turismo.concellodeguitiriz.com\/en\/wp-json\/wp\/v2\/pages\/1138"}],"wp:attachment":[{"href":"https:\/\/turismo.concellodeguitiriz.com\/en\/wp-json\/wp\/v2\/media?parent=1237"}],"curies":[{"name":"wp","href":"https:\/\/api.w.org\/{rel}","templated":true}]}}