{"id":1246,"date":"2021-07-21T15:35:56","date_gmt":"2021-07-21T15:35:56","guid":{"rendered":"https:\/\/turismo.concellodeguitiriz.com\/parroquias\/roca\/"},"modified":"2024-02-02T11:48:49","modified_gmt":"2024-02-02T11:48:49","slug":"roca","status":"publish","type":"page","link":"https:\/\/turismo.concellodeguitiriz.com\/en\/parroquias\/roca\/","title":{"rendered":"Roca"},"content":{"rendered":"<p>[vc_row foundry_background_style=&#8221;bg-secondary&#8221; foundry_padding=&#8221;pt64 pb64&#8243;][vc_column][vc_column_text]<a href=\"https:\/\/turismo.concellodeguitiriz.com\/en\/parroquias\/\"><i class=\"fas fa-long-arrow-alt-left\"><\/i> Ver todas as Parroquias<\/a>[\/vc_column_text][vc_column_text]<\/p>\n<h1 style=\"text-align: center;\">Roca<\/h1>\n<p>[\/vc_column_text][\/vc_column][\/vc_row][vc_row foundry_padding=&#8221;pt64 pb64&#8243; el_class=&#8221;container-parroquias&#8221;][vc_column el_class=&#8221;grid-parroquias&#8221;][vc_tta_tour active_section=&#8221;1&#8243; el_class=&#8221;tour-parroquias&#8221;][vc_tta_section i_icon_fontawesome=&#8221;fas fa-map-marker-alt&#8221; add_icon=&#8221;true&#8221; title=&#8221;Location&#8221; tab_id=&#8221;situacion&#8221;][vc_column_text]<i class=\"fas fa-map-marker-alt\"><\/i> <strong>Location<\/strong>: Located 8,4 km from municipal core.<br \/>\n<a href=\"https:\/\/maps.app.goo.gl\/aXv2iTfwh3B3HHjy6\" target=\"_blank\" rel=\"noopener\">Check location<\/a><\/p>\n<p><i class=\"fas fa-route\"><\/i><strong>Population entities:<\/strong> 9<br \/>\nAltamira, Alto de Roca, As Lamas, As Penas, A Ponte de Roca, O Portodola, Quint\u00e1n, Roca, Santa Ana.[\/vc_column_text][\/vc_tta_section][vc_tta_section i_icon_fontawesome=&#8221;fas fa-book-open&#8221; add_icon=&#8221;true&#8221; title=&#8221;Know Roca&#8221; tab_id=&#8221;conoce&#8221;][vc_row_inner][vc_column_inner][vc_column_text]In this parish there are remains of mamoas such as the &#8220;Medorra de Pena Gallada&#8221;, and also of the castrexa culture such as the &#8220;Castro de Quint\u00e1n&#8221;. The water and the mills are one of the main tourist attractions of Guitiriz and a good example of this can be seen in this parish.<\/p>\n<p>Thus, the Water Route, passing through Roca is one of the most beautiful parishes, and submerge us in a haven of peace and tranquillity, walking along the river, watching the waterfalls, and the magnificence of the forest that surrounds it. One of the most charming stages is the one that goes from Pitero &#8211; Parga.<\/p>\n<p>In Roca there are also plenty of fountains such as &#8220;Fonte do Ferreiro&#8221; (Roca-bridge), &#8220;Fonte da Branca e coral&#8221; and &#8220;Fonte de Bureiros&#8221; (Quintan). In addition to nature, in Roca we can also enjoy its religious architecture, highlighting the Parish Church of San Xuli\u00e1n, which dates from the first third of the 18th century. Its fa\u00e7ade is made of carved stone and the structure of the nave is rectangular.<\/p>\n<p>In front of the church we can also see a beautiful cross. Next to the parish church there is also the chapel of Santa Ana in the village of the same name (private).[\/vc_column_text][\/vc_column_inner][\/vc_row_inner][\/vc_tta_section][vc_tta_section i_icon_fontawesome=&#8221;fas fa-eye&#8221; add_icon=&#8221;true&#8221; title=&#8221;What to see&#8221; tab_id=&#8221;que-ver&#8221;][vc_row_inner][vc_column_inner offset=&#8221;vc_col-xs-6&#8243;][vc_single_image image=&#8221;590&#8243; img_size=&#8221;full&#8221; alignment=&#8221;center&#8221;][\/vc_column_inner][\/vc_row_inner][\/vc_tta_section][vc_tta_section i_icon_fontawesome=&#8221;fas fa-calendar&#8221; add_icon=&#8221;true&#8221; title=&#8221;Festivities&#8221; tab_id=&#8221;festas&#8221;][vc_column_text]<i class=\"fas fa-calendar\"><\/i> <strong>Festivities<\/strong>: 6-7 January, Saint Xuli\u00e1n.[\/vc_column_text][\/vc_tta_section][\/vc_tta_tour][\/vc_column][\/vc_row]<\/p>\n","protected":false},"excerpt":{"rendered":"<p>[vc_row foundry_background_style=&#8221;bg-secondary&#8221; foundry_padding=&#8221;pt64 pb64&#8243;][vc_column][vc_column_text] Ver todas as Parroquias[\/vc_column_text][vc_column_text] Roca [\/vc_column_text][\/vc_column][\/vc_row][vc_row foundry_padding=&#8221;pt64 pb64&#8243; el_class=&#8221;container-parroquias&#8221;][vc_column el_class=&#8221;grid-parroquias&#8221;][vc_tta_tour active_section=&#8221;1&#8243; el_class=&#8221;tour-parroquias&#8221;][vc_tta_section i_icon_fontawesome=&#8221;fas fa-map-marker-alt&#8221; add_icon=&#8221;true&#8221; title=&#8221;Location&#8221; tab_id=&#8221;situacion&#8221;][vc_column_text]&#8230;<\/p>\n","protected":false},"author":1,"featured_media":0,"parent":1138,"menu_order":0,"comment_status":"closed","ping_status":"closed","template":"","meta":{"footnotes":"","_links_to":"","_links_to_target":""},"class_list":["post-1246","page","type-page","status-publish","hentry"],"yoast_head":"<!-- This site is optimized with the Yoast SEO plugin v19.13 - https:\/\/yoast.com\/wordpress\/plugins\/seo\/ -->\n<title>Roca | Turismo de Guitiriz<\/title>\n<meta name=\"description\" content=\"Roca \u00e9 unha das parroquias m\u00e1is fermosas, e som\u00e9rxenos nun remanso de paz e tranquilidade, cami\u00f1ando a beira do r\u00edo observando as cascadas, e a maxestuosidade do bosque que o rodea.\" \/>\n<meta name=\"robots\" content=\"index, follow, max-snippet:-1, max-image-preview:large, max-video-preview:-1\" \/>\n<link rel=\"canonical\" href=\"https:\/\/turismo.concellodeguitiriz.com\/en\/parroquias\/roca\/\" \/>\n<meta property=\"og:locale\" content=\"en_US\" \/>\n<meta property=\"og:type\" content=\"article\" \/>\n<meta property=\"og:title\" content=\"Roca | Turismo de Guitiriz\" \/>\n<meta property=\"og:description\" content=\"Roca \u00e9 unha das parroquias m\u00e1is fermosas, e som\u00e9rxenos nun remanso de paz e tranquilidade, cami\u00f1ando a beira do r\u00edo observando as cascadas, e a maxestuosidade do bosque que o rodea.\" \/>\n<meta property=\"og:url\" content=\"https:\/\/turismo.concellodeguitiriz.com\/en\/parroquias\/roca\/\" \/>\n<meta property=\"og:site_name\" content=\"Turismo de Guitiriz\" \/>\n<meta property=\"article:publisher\" content=\"https:\/\/www.facebook.com\/concellodeguitiriz\/\" \/>\n<meta property=\"article:modified_time\" content=\"2024-02-02T11:48:49+00:00\" \/>\n<meta name=\"twitter:card\" content=\"summary_large_image\" \/>\n<meta name=\"twitter:title\" content=\"Roca | Turismo de Guitiriz\" \/>\n<meta name=\"twitter:description\" content=\"Roca \u00e9 unha das parroquias m\u00e1is fermosas, e som\u00e9rxenos nun remanso de paz e tranquilidade, cami\u00f1ando a beira do r\u00edo observando as cascadas, e a maxestuosidade do bosque que o rodea.\" \/>\n<meta name=\"twitter:label1\" content=\"Est. reading time\" \/>\n\t<meta name=\"twitter:data1\" content=\"2 minutes\" \/>\n<script type=\"application\/ld+json\" class=\"yoast-schema-graph\">{\"@context\":\"https:\/\/schema.org\",\"@graph\":[{\"@type\":\"WebPage\",\"@id\":\"https:\/\/turismo.concellodeguitiriz.com\/en\/parroquias\/roca\/\",\"url\":\"https:\/\/turismo.concellodeguitiriz.com\/en\/parroquias\/roca\/\",\"name\":\"Roca | Turismo de Guitiriz\",\"isPartOf\":{\"@id\":\"https:\/\/turismo.concellodeguitiriz.com\/#website\"},\"datePublished\":\"2021-07-21T15:35:56+00:00\",\"dateModified\":\"2024-02-02T11:48:49+00:00\",\"description\":\"Roca \u00e9 unha das parroquias m\u00e1is fermosas, e som\u00e9rxenos nun remanso de paz e tranquilidade, cami\u00f1ando a beira do r\u00edo observando as cascadas, e a maxestuosidade do bosque que o rodea.\",\"breadcrumb\":{\"@id\":\"https:\/\/turismo.concellodeguitiriz.com\/en\/parroquias\/roca\/#breadcrumb\"},\"inLanguage\":\"en-US\",\"potentialAction\":[{\"@type\":\"ReadAction\",\"target\":[\"https:\/\/turismo.concellodeguitiriz.com\/en\/parroquias\/roca\/\"]}]},{\"@type\":\"BreadcrumbList\",\"@id\":\"https:\/\/turismo.concellodeguitiriz.com\/en\/parroquias\/roca\/#breadcrumb\",\"itemListElement\":[{\"@type\":\"ListItem\",\"position\":1,\"name\":\"Portada\",\"item\":\"https:\/\/turismo.concellodeguitiriz.com\/en\/\"},{\"@type\":\"ListItem\",\"position\":2,\"name\":\"Parroquias\",\"item\":\"https:\/\/turismo.concellodeguitiriz.com\/en\/parroquias\/\"},{\"@type\":\"ListItem\",\"position\":3,\"name\":\"Roca\"}]},{\"@type\":\"WebSite\",\"@id\":\"https:\/\/turismo.concellodeguitiriz.com\/#website\",\"url\":\"https:\/\/turismo.concellodeguitiriz.com\/\",\"name\":\"Turismo de Guitiriz\",\"description\":\"Concello de Guitiriz\",\"publisher\":{\"@id\":\"https:\/\/turismo.concellodeguitiriz.com\/#organization\"},\"potentialAction\":[{\"@type\":\"SearchAction\",\"target\":{\"@type\":\"EntryPoint\",\"urlTemplate\":\"https:\/\/turismo.concellodeguitiriz.com\/?s={search_term_string}\"},\"query-input\":\"required name=search_term_string\"}],\"inLanguage\":\"en-US\"},{\"@type\":\"Organization\",\"@id\":\"https:\/\/turismo.concellodeguitiriz.com\/#organization\",\"name\":\"Turismo Guitiriz\",\"url\":\"https:\/\/turismo.concellodeguitiriz.com\/\",\"logo\":{\"@type\":\"ImageObject\",\"inLanguage\":\"en-US\",\"@id\":\"https:\/\/turismo.concellodeguitiriz.com\/#\/schema\/logo\/image\/\",\"url\":\"https:\/\/turismo.concellodeguitiriz.com\/wp-content\/uploads\/2021\/06\/g-turismo-logopos.png\",\"contentUrl\":\"https:\/\/turismo.concellodeguitiriz.com\/wp-content\/uploads\/2021\/06\/g-turismo-logopos.png\",\"width\":2001,\"height\":1024,\"caption\":\"Turismo Guitiriz\"},\"image\":{\"@id\":\"https:\/\/turismo.concellodeguitiriz.com\/#\/schema\/logo\/image\/\"},\"sameAs\":[\"https:\/\/www.instagram.com\/guitirizigualdade\/\",\"https:\/\/www.facebook.com\/concellodeguitiriz\/\"]}]}<\/script>\n<!-- \/ Yoast SEO plugin. -->","yoast_head_json":{"title":"Roca | Turismo de Guitiriz","description":"Roca \u00e9 unha das parroquias m\u00e1is fermosas, e som\u00e9rxenos nun remanso de paz e tranquilidade, cami\u00f1ando a beira do r\u00edo observando as cascadas, e a maxestuosidade do bosque que o rodea.","robots":{"index":"index","follow":"follow","max-snippet":"max-snippet:-1","max-image-preview":"max-image-preview:large","max-video-preview":"max-video-preview:-1"},"canonical":"https:\/\/turismo.concellodeguitiriz.com\/en\/parroquias\/roca\/","og_locale":"en_US","og_type":"article","og_title":"Roca | Turismo de Guitiriz","og_description":"Roca \u00e9 unha das parroquias m\u00e1is fermosas, e som\u00e9rxenos nun remanso de paz e tranquilidade, cami\u00f1ando a beira do r\u00edo observando as cascadas, e a maxestuosidade do bosque que o rodea.","og_url":"https:\/\/turismo.concellodeguitiriz.com\/en\/parroquias\/roca\/","og_site_name":"Turismo de Guitiriz","article_publisher":"https:\/\/www.facebook.com\/concellodeguitiriz\/","article_modified_time":"2024-02-02T11:48:49+00:00","twitter_card":"summary_large_image","twitter_title":"Roca | Turismo de Guitiriz","twitter_description":"Roca \u00e9 unha das parroquias m\u00e1is fermosas, e som\u00e9rxenos nun remanso de paz e tranquilidade, cami\u00f1ando a beira do r\u00edo observando as cascadas, e a maxestuosidade do bosque que o rodea.","twitter_misc":{"Est. reading time":"2 minutes"},"schema":{"@context":"https:\/\/schema.org","@graph":[{"@type":"WebPage","@id":"https:\/\/turismo.concellodeguitiriz.com\/en\/parroquias\/roca\/","url":"https:\/\/turismo.concellodeguitiriz.com\/en\/parroquias\/roca\/","name":"Roca | Turismo de Guitiriz","isPartOf":{"@id":"https:\/\/turismo.concellodeguitiriz.com\/#website"},"datePublished":"2021-07-21T15:35:56+00:00","dateModified":"2024-02-02T11:48:49+00:00","description":"Roca \u00e9 unha das parroquias m\u00e1is fermosas, e som\u00e9rxenos nun remanso de paz e tranquilidade, cami\u00f1ando a beira do r\u00edo observando as cascadas, e a maxestuosidade do bosque que o rodea.","breadcrumb":{"@id":"https:\/\/turismo.concellodeguitiriz.com\/en\/parroquias\/roca\/#breadcrumb"},"inLanguage":"en-US","potentialAction":[{"@type":"ReadAction","target":["https:\/\/turismo.concellodeguitiriz.com\/en\/parroquias\/roca\/"]}]},{"@type":"BreadcrumbList","@id":"https:\/\/turismo.concellodeguitiriz.com\/en\/parroquias\/roca\/#breadcrumb","itemListElement":[{"@type":"ListItem","position":1,"name":"Portada","item":"https:\/\/turismo.concellodeguitiriz.com\/en\/"},{"@type":"ListItem","position":2,"name":"Parroquias","item":"https:\/\/turismo.concellodeguitiriz.com\/en\/parroquias\/"},{"@type":"ListItem","position":3,"name":"Roca"}]},{"@type":"WebSite","@id":"https:\/\/turismo.concellodeguitiriz.com\/#website","url":"https:\/\/turismo.concellodeguitiriz.com\/","name":"Turismo de Guitiriz","description":"Concello de Guitiriz","publisher":{"@id":"https:\/\/turismo.concellodeguitiriz.com\/#organization"},"potentialAction":[{"@type":"SearchAction","target":{"@type":"EntryPoint","urlTemplate":"https:\/\/turismo.concellodeguitiriz.com\/?s={search_term_string}"},"query-input":"required name=search_term_string"}],"inLanguage":"en-US"},{"@type":"Organization","@id":"https:\/\/turismo.concellodeguitiriz.com\/#organization","name":"Turismo Guitiriz","url":"https:\/\/turismo.concellodeguitiriz.com\/","logo":{"@type":"ImageObject","inLanguage":"en-US","@id":"https:\/\/turismo.concellodeguitiriz.com\/#\/schema\/logo\/image\/","url":"https:\/\/turismo.concellodeguitiriz.com\/wp-content\/uploads\/2021\/06\/g-turismo-logopos.png","contentUrl":"https:\/\/turismo.concellodeguitiriz.com\/wp-content\/uploads\/2021\/06\/g-turismo-logopos.png","width":2001,"height":1024,"caption":"Turismo Guitiriz"},"image":{"@id":"https:\/\/turismo.concellodeguitiriz.com\/#\/schema\/logo\/image\/"},"sameAs":["https:\/\/www.instagram.com\/guitirizigualdade\/","https:\/\/www.facebook.com\/concellodeguitiriz\/"]}]}},"_links":{"self":[{"href":"https:\/\/turismo.concellodeguitiriz.com\/en\/wp-json\/wp\/v2\/pages\/1246","targetHints":{"allow":["GET"]}}],"collection":[{"href":"https:\/\/turismo.concellodeguitiriz.com\/en\/wp-json\/wp\/v2\/pages"}],"about":[{"href":"https:\/\/turismo.concellodeguitiriz.com\/en\/wp-json\/wp\/v2\/types\/page"}],"author":[{"embeddable":true,"href":"https:\/\/turismo.concellodeguitiriz.com\/en\/wp-json\/wp\/v2\/users\/1"}],"replies":[{"embeddable":true,"href":"https:\/\/turismo.concellodeguitiriz.com\/en\/wp-json\/wp\/v2\/comments?post=1246"}],"version-history":[{"count":2,"href":"https:\/\/turismo.concellodeguitiriz.com\/en\/wp-json\/wp\/v2\/pages\/1246\/revisions"}],"predecessor-version":[{"id":1249,"href":"https:\/\/turismo.concellodeguitiriz.com\/en\/wp-json\/wp\/v2\/pages\/1246\/revisions\/1249"}],"up":[{"embeddable":true,"href":"https:\/\/turismo.concellodeguitiriz.com\/en\/wp-json\/wp\/v2\/pages\/1138"}],"wp:attachment":[{"href":"https:\/\/turismo.concellodeguitiriz.com\/en\/wp-json\/wp\/v2\/media?parent=1246"}],"curies":[{"name":"wp","href":"https:\/\/api.w.org\/{rel}","templated":true}]}}