{"id":1283,"date":"2021-07-21T17:56:51","date_gmt":"2021-07-21T17:56:51","guid":{"rendered":"https:\/\/turismo.concellodeguitiriz.com\/sicted\/"},"modified":"2024-02-02T12:16:51","modified_gmt":"2024-02-02T12:16:51","slug":"sicted","status":"publish","type":"page","link":"https:\/\/turismo.concellodeguitiriz.com\/en\/sicted\/","title":{"rendered":"SICTED"},"content":{"rendered":"<p>[vc_row foundry_padding=&#8221;pt64 pb64&#8243;][vc_column][vc_column_text]<\/p>\n<h1 style=\"text-align: center;\">SICTED<\/h1>\n<p>[\/vc_column_text][vc_row_inner][vc_column_inner width=&#8221;2\/3&#8243; offset=&#8221;vc_col-lg-offset-2 vc_col-md-offset-2&#8243;][vc_column_text]The Tourism Quality System in Destinations (SICTED) is a project sponsored by the General Secretariat of Tourism and the Spanish Federation of Municipalities and Provinces, integrated within a framework of action of the Integral Plan for Spanish Tourism (PICTE) aimed at organisations and institutions, both public and mixed, in the municipalities.<\/p>\n<p>The idea arises from the need to provide tourist destinations with mechanisms to direct and combine efforts towards a common goal: to improve the quality of the services offered in the same destination and achieve a homogeneous level of quality (it is useless to be treated very well in one establishment if the rest is not good, they must all work together and in an integrated way in favour of quality and that has an impact on customer satisfaction).<\/p>\n<p>O Concello de Guitiriz comeza a traballar no SICTED no ano 2005, sofre un par\u00f3n de ano e medio por motivos alleos \u00e1 xesti\u00f3n municipal e retomise en maio de 2007. Since then the participating companies continue working to achieve the highest levels of quality and offer their customers the best service.[\/vc_column_text][vc_single_image image=&#8221;636&#8243; img_size=&#8221;full&#8221; alignment=&#8221;center&#8221; onclick=&#8221;custom_link&#8221; img_link_target=&#8221;_blank&#8221; el_class=&#8221;logo&#8221; link=&#8221;https:\/\/www.calidadendestino.es\/&#8221;][\/vc_column_inner][\/vc_row_inner][\/vc_column][\/vc_row][vc_row foundry_background_style=&#8221;bg-secondary&#8221; foundry_padding=&#8221;pt64 pb64&#8243;][vc_column][vc_row_inner][vc_column_inner width=&#8221;2\/3&#8243; offset=&#8221;vc_col-lg-offset-2 vc_col-md-offset-2&#8243;][vc_column_text]<\/p>\n<h2 style=\"text-align: center;\"><strong>16 entidades<\/strong><\/h2>\n<p class=\"subtitulo\" style=\"text-align: center;\">de diferentes sectores, tanto p\u00fablicos como privados, participan no programa na actualidade<\/p>\n<p>[\/vc_column_text][\/vc_column_inner][\/vc_row_inner][vc_row_inner equal_height=&#8221;yes&#8221; content_placement=&#8221;middle&#8221;][vc_column_inner el_class=&#8221;caja-sombra&#8221; width=&#8221;1\/4&#8243;][vc_column_text]<\/p>\n<h5 style=\"text-align: center;\">O.M de Turismo<\/h5>\n<p>[\/vc_column_text][\/vc_column_inner][vc_column_inner el_class=&#8221;caja-sombra&#8221; width=&#8221;1\/4&#8243;][vc_column_text]<\/p>\n<h5 style=\"text-align: center;\">Policia Local<\/h5>\n<p>[\/vc_column_text][\/vc_column_inner][vc_column_inner el_class=&#8221;caja-sombra&#8221; width=&#8221;1\/4&#8243;][vc_column_text]<\/p>\n<h5 style=\"text-align: center;\">Panader\u00eda La Esquina<\/h5>\n<p>[\/vc_column_text][\/vc_column_inner][vc_column_inner el_class=&#8221;caja-sombra&#8221; width=&#8221;1\/4&#8243;][vc_column_text]<\/p>\n<h5 style=\"text-align: center;\">Panader\u00eda David<\/h5>\n<p>[\/vc_column_text][\/vc_column_inner][vc_column_inner][\/vc_column_inner][vc_column_inner el_class=&#8221;caja-sombra&#8221; width=&#8221;1\/4&#8243;][vc_column_text]<\/p>\n<h5 style=\"text-align: center;\">Fotograf\u00eda Kantero<\/h5>\n<p>[\/vc_column_text][\/vc_column_inner][vc_column_inner el_class=&#8221;caja-sombra&#8221; width=&#8221;1\/4&#8243;][vc_column_text]<\/p>\n<h5 style=\"text-align: center;\">Bar Xoldra<\/h5>\n<p>[\/vc_column_text][\/vc_column_inner][vc_column_inner el_class=&#8221;caja-sombra&#8221; width=&#8221;1\/4&#8243;][vc_column_text]<\/p>\n<h5 style=\"text-align: center;\">Taper\u00eda O Korreo<\/h5>\n<p>[\/vc_column_text][\/vc_column_inner][vc_column_inner el_class=&#8221;caja-sombra&#8221; width=&#8221;1\/4&#8243;][vc_column_text]<\/p>\n<h5 style=\"text-align: center;\">Bar Cit<\/h5>\n<p>[\/vc_column_text][\/vc_column_inner][vc_column_inner][\/vc_column_inner][vc_column_inner el_class=&#8221;caja-sombra&#8221; width=&#8221;1\/4&#8243;][vc_column_text]<\/p>\n<h5 style=\"text-align: center;\">Restaurante La Casilla<\/h5>\n<p>[\/vc_column_text][\/vc_column_inner][vc_column_inner el_class=&#8221;caja-sombra&#8221; width=&#8221;1\/4&#8243;][vc_column_text]<\/p>\n<h5 style=\"text-align: center;\">Albergue Wittericus<\/h5>\n<p>[\/vc_column_text][\/vc_column_inner][vc_column_inner el_class=&#8221;caja-sombra&#8221; width=&#8221;1\/4&#8243;][vc_column_text]<\/p>\n<h5 style=\"text-align: center;\">Parrillada Merendero<\/h5>\n<p>[\/vc_column_text][\/vc_column_inner][vc_column_inner el_class=&#8221;caja-sombra&#8221; width=&#8221;1\/4&#8243;][vc_column_text]<\/p>\n<h5 style=\"text-align: center;\">Parrillada A Capela<\/h5>\n<p>[\/vc_column_text][\/vc_column_inner][vc_column_inner][\/vc_column_inner][vc_column_inner el_class=&#8221;caja-sombra&#8221; width=&#8221;1\/4&#8243;][vc_column_text]<\/p>\n<h5 style=\"text-align: center;\">Caf\u00e9 Bar Recreo<\/h5>\n<p>[\/vc_column_text][\/vc_column_inner][vc_column_inner el_class=&#8221;caja-sombra&#8221; width=&#8221;1\/4&#8243;][vc_column_text]<\/p>\n<h5 style=\"text-align: center;\">Camping El Mes\u00f3n<\/h5>\n<p>[\/vc_column_text][\/vc_column_inner][vc_column_inner el_class=&#8221;caja-sombra&#8221; width=&#8221;1\/4&#8243;][vc_column_text]<\/p>\n<h5 style=\"text-align: center;\">Taxi \u00c1ngel Neira<\/h5>\n<p>[\/vc_column_text][\/vc_column_inner][vc_column_inner el_class=&#8221;caja-sombra&#8221; width=&#8221;1\/4&#8243;][vc_column_text]<\/p>\n<h5 style=\"text-align: center;\">Protecci\u00f3n Civil<\/h5>\n<p>[\/vc_column_text][\/vc_column_inner][\/vc_row_inner][\/vc_column][\/vc_row]<\/p>\n","protected":false},"excerpt":{"rendered":"<p>[vc_row foundry_padding=&#8221;pt64 pb64&#8243;][vc_column][vc_column_text] SICTED [\/vc_column_text][vc_row_inner][vc_column_inner width=&#8221;2\/3&#8243; offset=&#8221;vc_col-lg-offset-2 vc_col-md-offset-2&#8243;][vc_column_text]The Tourism Quality System in Destinations (SICTED) is a project sponsored by the General&#8230;<\/p>\n","protected":false},"author":1,"featured_media":0,"parent":0,"menu_order":0,"comment_status":"closed","ping_status":"closed","template":"","meta":{"footnotes":"","_links_to":"","_links_to_target":""},"class_list":["post-1283","page","type-page","status-publish","hentry"],"yoast_head":"<!-- This site is optimized with the Yoast SEO plugin v19.13 - https:\/\/yoast.com\/wordpress\/plugins\/seo\/ -->\n<title>SICTED | Turismo de Guitiriz<\/title>\n<meta name=\"description\" content=\"O Concello de Guitiriz traballa co SICTED e as empresas participantes traballan para acadar os niveis m\u00e1ximos de calidade.\" \/>\n<meta name=\"robots\" content=\"index, follow, max-snippet:-1, max-image-preview:large, max-video-preview:-1\" \/>\n<link rel=\"canonical\" href=\"https:\/\/turismo.concellodeguitiriz.com\/en\/sicted\/\" \/>\n<meta property=\"og:locale\" content=\"en_US\" \/>\n<meta property=\"og:type\" content=\"article\" \/>\n<meta property=\"og:title\" content=\"SICTED | Turismo de Guitiriz\" \/>\n<meta property=\"og:description\" content=\"O Concello de Guitiriz traballa co SICTED e as empresas participantes traballan para acadar os niveis m\u00e1ximos de calidade.\" \/>\n<meta property=\"og:url\" content=\"https:\/\/turismo.concellodeguitiriz.com\/en\/sicted\/\" \/>\n<meta property=\"og:site_name\" content=\"Turismo de Guitiriz\" \/>\n<meta property=\"article:publisher\" content=\"https:\/\/www.facebook.com\/concellodeguitiriz\/\" \/>\n<meta property=\"article:modified_time\" content=\"2024-02-02T12:16:51+00:00\" \/>\n<meta name=\"twitter:card\" content=\"summary_large_image\" \/>\n<meta name=\"twitter:title\" content=\"SICTED | Turismo de Guitiriz\" \/>\n<meta name=\"twitter:description\" content=\"O Concello de Guitiriz traballa co SICTED e as empresas participantes traballan para acadar os niveis m\u00e1ximos de calidade.\" \/>\n<meta name=\"twitter:label1\" content=\"Est. reading time\" \/>\n\t<meta name=\"twitter:data1\" content=\"2 minutes\" \/>\n<script type=\"application\/ld+json\" class=\"yoast-schema-graph\">{\"@context\":\"https:\/\/schema.org\",\"@graph\":[{\"@type\":\"WebPage\",\"@id\":\"https:\/\/turismo.concellodeguitiriz.com\/en\/sicted\/\",\"url\":\"https:\/\/turismo.concellodeguitiriz.com\/en\/sicted\/\",\"name\":\"SICTED | Turismo de Guitiriz\",\"isPartOf\":{\"@id\":\"https:\/\/turismo.concellodeguitiriz.com\/#website\"},\"datePublished\":\"2021-07-21T17:56:51+00:00\",\"dateModified\":\"2024-02-02T12:16:51+00:00\",\"description\":\"O Concello de Guitiriz traballa co SICTED e as empresas participantes traballan para acadar os niveis m\u00e1ximos de calidade.\",\"breadcrumb\":{\"@id\":\"https:\/\/turismo.concellodeguitiriz.com\/en\/sicted\/#breadcrumb\"},\"inLanguage\":\"en-US\",\"potentialAction\":[{\"@type\":\"ReadAction\",\"target\":[\"https:\/\/turismo.concellodeguitiriz.com\/en\/sicted\/\"]}]},{\"@type\":\"BreadcrumbList\",\"@id\":\"https:\/\/turismo.concellodeguitiriz.com\/en\/sicted\/#breadcrumb\",\"itemListElement\":[{\"@type\":\"ListItem\",\"position\":1,\"name\":\"Portada\",\"item\":\"https:\/\/turismo.concellodeguitiriz.com\/en\/\"},{\"@type\":\"ListItem\",\"position\":2,\"name\":\"SICTED\"}]},{\"@type\":\"WebSite\",\"@id\":\"https:\/\/turismo.concellodeguitiriz.com\/#website\",\"url\":\"https:\/\/turismo.concellodeguitiriz.com\/\",\"name\":\"Turismo de Guitiriz\",\"description\":\"Concello de Guitiriz\",\"publisher\":{\"@id\":\"https:\/\/turismo.concellodeguitiriz.com\/#organization\"},\"potentialAction\":[{\"@type\":\"SearchAction\",\"target\":{\"@type\":\"EntryPoint\",\"urlTemplate\":\"https:\/\/turismo.concellodeguitiriz.com\/?s={search_term_string}\"},\"query-input\":\"required name=search_term_string\"}],\"inLanguage\":\"en-US\"},{\"@type\":\"Organization\",\"@id\":\"https:\/\/turismo.concellodeguitiriz.com\/#organization\",\"name\":\"Turismo Guitiriz\",\"url\":\"https:\/\/turismo.concellodeguitiriz.com\/\",\"logo\":{\"@type\":\"ImageObject\",\"inLanguage\":\"en-US\",\"@id\":\"https:\/\/turismo.concellodeguitiriz.com\/#\/schema\/logo\/image\/\",\"url\":\"https:\/\/turismo.concellodeguitiriz.com\/wp-content\/uploads\/2021\/06\/g-turismo-logopos.png\",\"contentUrl\":\"https:\/\/turismo.concellodeguitiriz.com\/wp-content\/uploads\/2021\/06\/g-turismo-logopos.png\",\"width\":2001,\"height\":1024,\"caption\":\"Turismo Guitiriz\"},\"image\":{\"@id\":\"https:\/\/turismo.concellodeguitiriz.com\/#\/schema\/logo\/image\/\"},\"sameAs\":[\"https:\/\/www.instagram.com\/guitirizigualdade\/\",\"https:\/\/www.facebook.com\/concellodeguitiriz\/\"]}]}<\/script>\n<!-- \/ Yoast SEO plugin. -->","yoast_head_json":{"title":"SICTED | Turismo de Guitiriz","description":"O Concello de Guitiriz traballa co SICTED e as empresas participantes traballan para acadar os niveis m\u00e1ximos de calidade.","robots":{"index":"index","follow":"follow","max-snippet":"max-snippet:-1","max-image-preview":"max-image-preview:large","max-video-preview":"max-video-preview:-1"},"canonical":"https:\/\/turismo.concellodeguitiriz.com\/en\/sicted\/","og_locale":"en_US","og_type":"article","og_title":"SICTED | Turismo de Guitiriz","og_description":"O Concello de Guitiriz traballa co SICTED e as empresas participantes traballan para acadar os niveis m\u00e1ximos de calidade.","og_url":"https:\/\/turismo.concellodeguitiriz.com\/en\/sicted\/","og_site_name":"Turismo de Guitiriz","article_publisher":"https:\/\/www.facebook.com\/concellodeguitiriz\/","article_modified_time":"2024-02-02T12:16:51+00:00","twitter_card":"summary_large_image","twitter_title":"SICTED | Turismo de Guitiriz","twitter_description":"O Concello de Guitiriz traballa co SICTED e as empresas participantes traballan para acadar os niveis m\u00e1ximos de calidade.","twitter_misc":{"Est. reading time":"2 minutes"},"schema":{"@context":"https:\/\/schema.org","@graph":[{"@type":"WebPage","@id":"https:\/\/turismo.concellodeguitiriz.com\/en\/sicted\/","url":"https:\/\/turismo.concellodeguitiriz.com\/en\/sicted\/","name":"SICTED | Turismo de Guitiriz","isPartOf":{"@id":"https:\/\/turismo.concellodeguitiriz.com\/#website"},"datePublished":"2021-07-21T17:56:51+00:00","dateModified":"2024-02-02T12:16:51+00:00","description":"O Concello de Guitiriz traballa co SICTED e as empresas participantes traballan para acadar os niveis m\u00e1ximos de calidade.","breadcrumb":{"@id":"https:\/\/turismo.concellodeguitiriz.com\/en\/sicted\/#breadcrumb"},"inLanguage":"en-US","potentialAction":[{"@type":"ReadAction","target":["https:\/\/turismo.concellodeguitiriz.com\/en\/sicted\/"]}]},{"@type":"BreadcrumbList","@id":"https:\/\/turismo.concellodeguitiriz.com\/en\/sicted\/#breadcrumb","itemListElement":[{"@type":"ListItem","position":1,"name":"Portada","item":"https:\/\/turismo.concellodeguitiriz.com\/en\/"},{"@type":"ListItem","position":2,"name":"SICTED"}]},{"@type":"WebSite","@id":"https:\/\/turismo.concellodeguitiriz.com\/#website","url":"https:\/\/turismo.concellodeguitiriz.com\/","name":"Turismo de Guitiriz","description":"Concello de Guitiriz","publisher":{"@id":"https:\/\/turismo.concellodeguitiriz.com\/#organization"},"potentialAction":[{"@type":"SearchAction","target":{"@type":"EntryPoint","urlTemplate":"https:\/\/turismo.concellodeguitiriz.com\/?s={search_term_string}"},"query-input":"required name=search_term_string"}],"inLanguage":"en-US"},{"@type":"Organization","@id":"https:\/\/turismo.concellodeguitiriz.com\/#organization","name":"Turismo Guitiriz","url":"https:\/\/turismo.concellodeguitiriz.com\/","logo":{"@type":"ImageObject","inLanguage":"en-US","@id":"https:\/\/turismo.concellodeguitiriz.com\/#\/schema\/logo\/image\/","url":"https:\/\/turismo.concellodeguitiriz.com\/wp-content\/uploads\/2021\/06\/g-turismo-logopos.png","contentUrl":"https:\/\/turismo.concellodeguitiriz.com\/wp-content\/uploads\/2021\/06\/g-turismo-logopos.png","width":2001,"height":1024,"caption":"Turismo Guitiriz"},"image":{"@id":"https:\/\/turismo.concellodeguitiriz.com\/#\/schema\/logo\/image\/"},"sameAs":["https:\/\/www.instagram.com\/guitirizigualdade\/","https:\/\/www.facebook.com\/concellodeguitiriz\/"]}]}},"_links":{"self":[{"href":"https:\/\/turismo.concellodeguitiriz.com\/en\/wp-json\/wp\/v2\/pages\/1283","targetHints":{"allow":["GET"]}}],"collection":[{"href":"https:\/\/turismo.concellodeguitiriz.com\/en\/wp-json\/wp\/v2\/pages"}],"about":[{"href":"https:\/\/turismo.concellodeguitiriz.com\/en\/wp-json\/wp\/v2\/types\/page"}],"author":[{"embeddable":true,"href":"https:\/\/turismo.concellodeguitiriz.com\/en\/wp-json\/wp\/v2\/users\/1"}],"replies":[{"embeddable":true,"href":"https:\/\/turismo.concellodeguitiriz.com\/en\/wp-json\/wp\/v2\/comments?post=1283"}],"version-history":[{"count":1,"href":"https:\/\/turismo.concellodeguitiriz.com\/en\/wp-json\/wp\/v2\/pages\/1283\/revisions"}],"predecessor-version":[{"id":1285,"href":"https:\/\/turismo.concellodeguitiriz.com\/en\/wp-json\/wp\/v2\/pages\/1283\/revisions\/1285"}],"wp:attachment":[{"href":"https:\/\/turismo.concellodeguitiriz.com\/en\/wp-json\/wp\/v2\/media?parent=1283"}],"curies":[{"name":"wp","href":"https:\/\/api.w.org\/{rel}","templated":true}]}}