{"id":1307,"date":"2024-03-14T11:59:11","date_gmt":"2024-03-14T11:59:11","guid":{"rendered":"https:\/\/turismo.concellodeguitiriz.com\/?page_id=1307"},"modified":"2024-03-14T11:59:11","modified_gmt":"2024-03-14T11:59:11","slug":"ruta-da-auga-e-a-pedra","status":"publish","type":"page","link":"https:\/\/turismo.concellodeguitiriz.com\/en\/rutas\/ruta-da-auga-e-a-pedra\/","title":{"rendered":"Ruta da Auga e a Pedra"},"content":{"rendered":"<p>[vc_row foundry_background_style=&#8221;bg-primary&#8221; foundry_padding=&#8221;pt64 pb64&#8243;][vc_column][vc_column_text]<\/p>\n<h1 class=\"historia\" style=\"text-align: center;\">Stone and water Route<\/h1>\n<p>[\/vc_column_text][vc_row_inner][vc_column_inner width=&#8221;2\/3&#8243; offset=&#8221;vc_col-lg-offset-2 vc_col-md-offset-2&#8243;][vc_column_text]<strong>The Water and Stone route<\/strong> begins at \u201cOs Sete Mu\u00ed\u00f1os\u201d and continues on the right bank of the Esc\u00e1debas river, where it returns to its origin by a dirt road.[\/vc_column_text][\/vc_column_inner][\/vc_row_inner][\/vc_column][\/vc_row][vc_row foundry_padding=&#8221;pb0&#8243;][vc_column][vc_row_inner el_class=&#8221;ico-rutas hidden-xs hidden-sm&#8221;][vc_column_inner width=&#8221;1\/3&#8243;][vc_single_image image=&#8221;83&#8243; img_size=&#8221;full&#8221; alignment=&#8221;center&#8221; el_class=&#8221;ico&#8221;][vc_column_text]<\/p>\n<p style=\"text-align: center;\">Difficulty level<\/p>\n<p style=\"text-align: center;\"><strong class=\"dificultad baja\">Medium &#8211; low<\/strong><\/p>\n<p>[\/vc_column_text][\/vc_column_inner][vc_column_inner width=&#8221;1\/3&#8243;][vc_single_image image=&#8221;85&#8243; img_size=&#8221;full&#8221; alignment=&#8221;center&#8221; el_class=&#8221;ico&#8221;][vc_column_text]<\/p>\n<p style=\"text-align: center;\">Duration<\/p>\n<p style=\"text-align: center;\"><strong>1:30h<\/strong><\/p>\n<p>[\/vc_column_text][\/vc_column_inner][vc_column_inner width=&#8221;1\/3&#8243;][vc_single_image image=&#8221;81&#8243; img_size=&#8221;full&#8221; alignment=&#8221;center&#8221; el_class=&#8221;ico&#8221;][vc_column_text]<\/p>\n<p style=\"text-align: center;\">Distance<\/p>\n<p style=\"text-align: center;\"><strong>2,34km<\/strong><\/p>\n<p>[\/vc_column_text][\/vc_column_inner][\/vc_row_inner][vc_row_inner equal_height=&#8221;yes&#8221; content_placement=&#8221;middle&#8221; el_class=&#8221;info-rutas visible-xs visible-sm&#8221;][vc_column_inner width=&#8221;1\/4&#8243; offset=&#8221;vc_col-xs-3&#8243;][vc_single_image image=&#8221;83&#8243; img_size=&#8221;full&#8221; alignment=&#8221;center&#8221; el_class=&#8221;ico&#8221;][\/vc_column_inner][vc_column_inner width=&#8221;3\/4&#8243; offset=&#8221;vc_col-xs-9&#8243;][vc_column_text]<\/p>\n<p style=\"text-align: left;\">Difficulty level:<strong> Medium &#8211; low<\/strong><\/p>\n<p>[\/vc_column_text][\/vc_column_inner][\/vc_row_inner][vc_row_inner equal_height=&#8221;yes&#8221; content_placement=&#8221;middle&#8221; el_class=&#8221;info-rutas visible-xs visible-sm&#8221;][vc_column_inner width=&#8221;1\/4&#8243; offset=&#8221;vc_col-xs-3&#8243;][vc_single_image image=&#8221;85&#8243; img_size=&#8221;full&#8221; alignment=&#8221;center&#8221; el_class=&#8221;ico&#8221;][\/vc_column_inner][vc_column_inner width=&#8221;3\/4&#8243; offset=&#8221;vc_col-xs-9&#8243;][vc_column_text]<\/p>\n<p style=\"text-align: left;\">Duration: <strong>1:30h<\/strong><\/p>\n<p>[\/vc_column_text][\/vc_column_inner][\/vc_row_inner][vc_row_inner equal_height=&#8221;yes&#8221; content_placement=&#8221;middle&#8221; el_class=&#8221;info-rutas visible-xs visible-sm&#8221;][vc_column_inner width=&#8221;1\/4&#8243; offset=&#8221;vc_col-xs-3&#8243;][vc_single_image image=&#8221;81&#8243; img_size=&#8221;full&#8221; alignment=&#8221;center&#8221; el_class=&#8221;ico&#8221;][\/vc_column_inner][vc_column_inner width=&#8221;3\/4&#8243; offset=&#8221;vc_col-xs-9&#8243;][vc_column_text]<\/p>\n<p style=\"text-align: left;\">Distance: <strong>2,34km<\/strong><\/p>\n<p>[\/vc_column_text][\/vc_column_inner][\/vc_row_inner][\/vc_column][\/vc_row][vc_row foundry_padding=&#8221;pt64 pb64&#8243;][vc_column][vc_row_inner][vc_column_inner width=&#8221;2\/3&#8243; offset=&#8221;vc_col-lg-offset-2 vc_col-md-offset-2&#8243;][vc_column_text]Travelling through this route you\u00b4ll enjoy an excellent natural environment, where the men hand helped keep both the native flora and fauna intact.[\/vc_column_text][vc_column_text el_class=&#8221;hidden-xs hidde-sm&#8221;]In addition, a large number of birds will accompany with their sounds the noise made by the water against the stones that dot the riverbed.[\/vc_column_text][\/vc_column_inner][\/vc_row_inner][\/vc_column][\/vc_row][vc_row full_width=&#8221;stretch_row_content_no_spaces&#8221; foundry_padding=&#8221;pt64 pb64&#8243; el_class=&#8221;row-fotos hidden&#8221;][vc_column][vc_column_text]<\/p>\n<h2 style=\"text-align: center;\">Div\u00eddese en 2 tramos<\/h2>\n<p>[\/vc_column_text][\/vc_column][vc_column width=&#8221;1\/2&#8243;][vc_column_text]<\/p>\n<p style=\"text-align: center;\">Sete Mu\u00ed\u00f1os &#8211; Ponte Esc\u00e1debas<br \/>\n940m.<\/p>\n<p>[\/vc_column_text][\/vc_column][vc_column width=&#8221;1\/2&#8243;][vc_column_text]<\/p>\n<p style=\"text-align: center;\">Ponte Esc\u00e1debas &#8211; Sete Mu\u00ed\u00f1os<br \/>\n1.400m.<\/p>\n<p>[\/vc_column_text][\/vc_column][\/vc_row][vc_row foundry_background_style=&#8221;bg-secondary&#8221; foundry_padding=&#8221;pt0 pb0&#8243; el_class=&#8221;prefooter&#8221;][vc_column][vc_row_inner][vc_column_inner width=&#8221;2\/3&#8243; offset=&#8221;vc_col-lg-offset-2 vc_col-md-offset-2&#8243;][vc_column_text]<strong>If you need more information, contact us and we will be happy to show you all the ins and outs of the route.<\/strong><\/p>\n<p style=\"text-align: center;\"><a class=\"btn\" href=\"https:\/\/turismo.concellodeguitiriz.com\/en\/contacto\/\">Contact<\/a><\/p>\n<p>[\/vc_column_text][\/vc_column_inner][\/vc_row_inner][\/vc_column][\/vc_row]<\/p>\n","protected":false},"excerpt":{"rendered":"<p>[vc_row foundry_background_style=&#8221;bg-primary&#8221; foundry_padding=&#8221;pt64 pb64&#8243;][vc_column][vc_column_text] Stone and water Route [\/vc_column_text][vc_row_inner][vc_column_inner width=&#8221;2\/3&#8243; offset=&#8221;vc_col-lg-offset-2 vc_col-md-offset-2&#8243;][vc_column_text]The Water and Stone route begins at \u201cOs Sete Mu\u00ed\u00f1os\u201d&#8230;<\/p>\n","protected":false},"author":1,"featured_media":0,"parent":1153,"menu_order":0,"comment_status":"closed","ping_status":"closed","template":"","meta":{"footnotes":"","_links_to":"","_links_to_target":""},"class_list":["post-1307","page","type-page","status-publish","hentry"],"yoast_head":"<!-- This site is optimized with the Yoast SEO plugin v19.13 - https:\/\/yoast.com\/wordpress\/plugins\/seo\/ -->\n<title>Ruta da Auga e a Pedra | Turismo de Guitiriz<\/title>\n<meta name=\"description\" content=\"A Ruta da Auga e da Pedra in\u00edciase nos Sete Mu\u00ed\u00f1os e contin\u00faa pola marxe dereita do R\u00edo Esc\u00e1debas ata a aldea de As Esc\u00e1debas, por donde retorna \u00e1 s\u00faa orixe por un cami\u00f1o de terra.\" \/>\n<meta name=\"robots\" content=\"index, follow, max-snippet:-1, max-image-preview:large, max-video-preview:-1\" \/>\n<link rel=\"canonical\" href=\"https:\/\/turismo.concellodeguitiriz.com\/en\/rutas\/ruta-da-auga-e-a-pedra\/\" \/>\n<meta property=\"og:locale\" content=\"en_US\" \/>\n<meta property=\"og:type\" content=\"article\" \/>\n<meta property=\"og:title\" content=\"Ruta da Auga e da Pedra | Turismo de Guitiriz\" \/>\n<meta property=\"og:description\" content=\"A Ruta da Auga e da Pedra in\u00edciase nos Sete Mu\u00ed\u00f1os e contin\u00faa pola marxe dereita do R\u00edo Esc\u00e1debas ata a aldea de As Esc\u00e1debas, por donde retorna \u00e1 s\u00faa orixe por un cami\u00f1o de terra.\" \/>\n<meta property=\"og:url\" content=\"https:\/\/turismo.concellodeguitiriz.com\/en\/rutas\/ruta-da-auga-e-a-pedra\/\" \/>\n<meta property=\"og:site_name\" content=\"Turismo de Guitiriz\" \/>\n<meta property=\"article:publisher\" content=\"https:\/\/www.facebook.com\/concellodeguitiriz\/\" \/>\n<meta name=\"twitter:card\" content=\"summary_large_image\" \/>\n<meta name=\"twitter:title\" content=\"Ruta da Auga e da Pedra | Turismo de Guitiriz\" \/>\n<meta name=\"twitter:description\" content=\"A Ruta da Auga e da Pedra in\u00edciase nos Sete Mu\u00ed\u00f1os e contin\u00faa pola marxe dereita do R\u00edo Esc\u00e1debas ata a aldea de As Esc\u00e1debas, por donde retorna \u00e1 s\u00faa orixe por un cami\u00f1o de terra.\" \/>\n<meta name=\"twitter:label1\" content=\"Est. reading time\" \/>\n\t<meta name=\"twitter:data1\" content=\"2 minutes\" \/>\n<script type=\"application\/ld+json\" class=\"yoast-schema-graph\">{\"@context\":\"https:\/\/schema.org\",\"@graph\":[{\"@type\":\"WebPage\",\"@id\":\"https:\/\/turismo.concellodeguitiriz.com\/en\/rutas\/ruta-da-auga-e-a-pedra\/\",\"url\":\"https:\/\/turismo.concellodeguitiriz.com\/en\/rutas\/ruta-da-auga-e-a-pedra\/\",\"name\":\"Ruta da Auga e a Pedra | Turismo de Guitiriz\",\"isPartOf\":{\"@id\":\"https:\/\/turismo.concellodeguitiriz.com\/#website\"},\"datePublished\":\"2024-03-14T11:59:11+00:00\",\"dateModified\":\"2024-03-14T11:59:11+00:00\",\"description\":\"A Ruta da Auga e da Pedra in\u00edciase nos Sete Mu\u00ed\u00f1os e contin\u00faa pola marxe dereita do R\u00edo Esc\u00e1debas ata a aldea de As Esc\u00e1debas, por donde retorna \u00e1 s\u00faa orixe por un cami\u00f1o de terra.\",\"breadcrumb\":{\"@id\":\"https:\/\/turismo.concellodeguitiriz.com\/en\/rutas\/ruta-da-auga-e-a-pedra\/#breadcrumb\"},\"inLanguage\":\"en-US\",\"potentialAction\":[{\"@type\":\"ReadAction\",\"target\":[\"https:\/\/turismo.concellodeguitiriz.com\/en\/rutas\/ruta-da-auga-e-a-pedra\/\"]}]},{\"@type\":\"BreadcrumbList\",\"@id\":\"https:\/\/turismo.concellodeguitiriz.com\/en\/rutas\/ruta-da-auga-e-a-pedra\/#breadcrumb\",\"itemListElement\":[{\"@type\":\"ListItem\",\"position\":1,\"name\":\"Portada\",\"item\":\"https:\/\/turismo.concellodeguitiriz.com\/en\/\"},{\"@type\":\"ListItem\",\"position\":2,\"name\":\"Rutas\",\"item\":\"https:\/\/turismo.concellodeguitiriz.com\/en\/rutas\/\"},{\"@type\":\"ListItem\",\"position\":3,\"name\":\"Ruta da Auga e a Pedra\"}]},{\"@type\":\"WebSite\",\"@id\":\"https:\/\/turismo.concellodeguitiriz.com\/#website\",\"url\":\"https:\/\/turismo.concellodeguitiriz.com\/\",\"name\":\"Turismo de Guitiriz\",\"description\":\"Concello de Guitiriz\",\"publisher\":{\"@id\":\"https:\/\/turismo.concellodeguitiriz.com\/#organization\"},\"potentialAction\":[{\"@type\":\"SearchAction\",\"target\":{\"@type\":\"EntryPoint\",\"urlTemplate\":\"https:\/\/turismo.concellodeguitiriz.com\/?s={search_term_string}\"},\"query-input\":\"required name=search_term_string\"}],\"inLanguage\":\"en-US\"},{\"@type\":\"Organization\",\"@id\":\"https:\/\/turismo.concellodeguitiriz.com\/#organization\",\"name\":\"Turismo Guitiriz\",\"url\":\"https:\/\/turismo.concellodeguitiriz.com\/\",\"logo\":{\"@type\":\"ImageObject\",\"inLanguage\":\"en-US\",\"@id\":\"https:\/\/turismo.concellodeguitiriz.com\/#\/schema\/logo\/image\/\",\"url\":\"https:\/\/turismo.concellodeguitiriz.com\/wp-content\/uploads\/2021\/06\/g-turismo-logopos.png\",\"contentUrl\":\"https:\/\/turismo.concellodeguitiriz.com\/wp-content\/uploads\/2021\/06\/g-turismo-logopos.png\",\"width\":2001,\"height\":1024,\"caption\":\"Turismo Guitiriz\"},\"image\":{\"@id\":\"https:\/\/turismo.concellodeguitiriz.com\/#\/schema\/logo\/image\/\"},\"sameAs\":[\"https:\/\/www.instagram.com\/guitirizigualdade\/\",\"https:\/\/www.facebook.com\/concellodeguitiriz\/\"]}]}<\/script>\n<!-- \/ Yoast SEO plugin. -->","yoast_head_json":{"title":"Ruta da Auga e a Pedra | Turismo de Guitiriz","description":"A Ruta da Auga e da Pedra in\u00edciase nos Sete Mu\u00ed\u00f1os e contin\u00faa pola marxe dereita do R\u00edo Esc\u00e1debas ata a aldea de As Esc\u00e1debas, por donde retorna \u00e1 s\u00faa orixe por un cami\u00f1o de terra.","robots":{"index":"index","follow":"follow","max-snippet":"max-snippet:-1","max-image-preview":"max-image-preview:large","max-video-preview":"max-video-preview:-1"},"canonical":"https:\/\/turismo.concellodeguitiriz.com\/en\/rutas\/ruta-da-auga-e-a-pedra\/","og_locale":"en_US","og_type":"article","og_title":"Ruta da Auga e da Pedra | Turismo de Guitiriz","og_description":"A Ruta da Auga e da Pedra in\u00edciase nos Sete Mu\u00ed\u00f1os e contin\u00faa pola marxe dereita do R\u00edo Esc\u00e1debas ata a aldea de As Esc\u00e1debas, por donde retorna \u00e1 s\u00faa orixe por un cami\u00f1o de terra.","og_url":"https:\/\/turismo.concellodeguitiriz.com\/en\/rutas\/ruta-da-auga-e-a-pedra\/","og_site_name":"Turismo de Guitiriz","article_publisher":"https:\/\/www.facebook.com\/concellodeguitiriz\/","twitter_card":"summary_large_image","twitter_title":"Ruta da Auga e da Pedra | Turismo de Guitiriz","twitter_description":"A Ruta da Auga e da Pedra in\u00edciase nos Sete Mu\u00ed\u00f1os e contin\u00faa pola marxe dereita do R\u00edo Esc\u00e1debas ata a aldea de As Esc\u00e1debas, por donde retorna \u00e1 s\u00faa orixe por un cami\u00f1o de terra.","twitter_misc":{"Est. reading time":"2 minutes"},"schema":{"@context":"https:\/\/schema.org","@graph":[{"@type":"WebPage","@id":"https:\/\/turismo.concellodeguitiriz.com\/en\/rutas\/ruta-da-auga-e-a-pedra\/","url":"https:\/\/turismo.concellodeguitiriz.com\/en\/rutas\/ruta-da-auga-e-a-pedra\/","name":"Ruta da Auga e a Pedra | Turismo de Guitiriz","isPartOf":{"@id":"https:\/\/turismo.concellodeguitiriz.com\/#website"},"datePublished":"2024-03-14T11:59:11+00:00","dateModified":"2024-03-14T11:59:11+00:00","description":"A Ruta da Auga e da Pedra in\u00edciase nos Sete Mu\u00ed\u00f1os e contin\u00faa pola marxe dereita do R\u00edo Esc\u00e1debas ata a aldea de As Esc\u00e1debas, por donde retorna \u00e1 s\u00faa orixe por un cami\u00f1o de terra.","breadcrumb":{"@id":"https:\/\/turismo.concellodeguitiriz.com\/en\/rutas\/ruta-da-auga-e-a-pedra\/#breadcrumb"},"inLanguage":"en-US","potentialAction":[{"@type":"ReadAction","target":["https:\/\/turismo.concellodeguitiriz.com\/en\/rutas\/ruta-da-auga-e-a-pedra\/"]}]},{"@type":"BreadcrumbList","@id":"https:\/\/turismo.concellodeguitiriz.com\/en\/rutas\/ruta-da-auga-e-a-pedra\/#breadcrumb","itemListElement":[{"@type":"ListItem","position":1,"name":"Portada","item":"https:\/\/turismo.concellodeguitiriz.com\/en\/"},{"@type":"ListItem","position":2,"name":"Rutas","item":"https:\/\/turismo.concellodeguitiriz.com\/en\/rutas\/"},{"@type":"ListItem","position":3,"name":"Ruta da Auga e a Pedra"}]},{"@type":"WebSite","@id":"https:\/\/turismo.concellodeguitiriz.com\/#website","url":"https:\/\/turismo.concellodeguitiriz.com\/","name":"Turismo de Guitiriz","description":"Concello de Guitiriz","publisher":{"@id":"https:\/\/turismo.concellodeguitiriz.com\/#organization"},"potentialAction":[{"@type":"SearchAction","target":{"@type":"EntryPoint","urlTemplate":"https:\/\/turismo.concellodeguitiriz.com\/?s={search_term_string}"},"query-input":"required name=search_term_string"}],"inLanguage":"en-US"},{"@type":"Organization","@id":"https:\/\/turismo.concellodeguitiriz.com\/#organization","name":"Turismo Guitiriz","url":"https:\/\/turismo.concellodeguitiriz.com\/","logo":{"@type":"ImageObject","inLanguage":"en-US","@id":"https:\/\/turismo.concellodeguitiriz.com\/#\/schema\/logo\/image\/","url":"https:\/\/turismo.concellodeguitiriz.com\/wp-content\/uploads\/2021\/06\/g-turismo-logopos.png","contentUrl":"https:\/\/turismo.concellodeguitiriz.com\/wp-content\/uploads\/2021\/06\/g-turismo-logopos.png","width":2001,"height":1024,"caption":"Turismo Guitiriz"},"image":{"@id":"https:\/\/turismo.concellodeguitiriz.com\/#\/schema\/logo\/image\/"},"sameAs":["https:\/\/www.instagram.com\/guitirizigualdade\/","https:\/\/www.facebook.com\/concellodeguitiriz\/"]}]}},"_links":{"self":[{"href":"https:\/\/turismo.concellodeguitiriz.com\/en\/wp-json\/wp\/v2\/pages\/1307","targetHints":{"allow":["GET"]}}],"collection":[{"href":"https:\/\/turismo.concellodeguitiriz.com\/en\/wp-json\/wp\/v2\/pages"}],"about":[{"href":"https:\/\/turismo.concellodeguitiriz.com\/en\/wp-json\/wp\/v2\/types\/page"}],"author":[{"embeddable":true,"href":"https:\/\/turismo.concellodeguitiriz.com\/en\/wp-json\/wp\/v2\/users\/1"}],"replies":[{"embeddable":true,"href":"https:\/\/turismo.concellodeguitiriz.com\/en\/wp-json\/wp\/v2\/comments?post=1307"}],"version-history":[{"count":1,"href":"https:\/\/turismo.concellodeguitiriz.com\/en\/wp-json\/wp\/v2\/pages\/1307\/revisions"}],"predecessor-version":[{"id":1310,"href":"https:\/\/turismo.concellodeguitiriz.com\/en\/wp-json\/wp\/v2\/pages\/1307\/revisions\/1310"}],"up":[{"embeddable":true,"href":"https:\/\/turismo.concellodeguitiriz.com\/en\/wp-json\/wp\/v2\/pages\/1153"}],"wp:attachment":[{"href":"https:\/\/turismo.concellodeguitiriz.com\/en\/wp-json\/wp\/v2\/media?parent=1307"}],"curies":[{"name":"wp","href":"https:\/\/api.w.org\/{rel}","templated":true}]}}