{"id":1348,"date":"2021-06-23T13:29:24","date_gmt":"2021-06-23T13:29:24","guid":{"rendered":"https:\/\/turismo.concellodeguitiriz.com\/conece-guitiriz\/"},"modified":"2024-04-16T11:31:39","modified_gmt":"2024-04-16T11:31:39","slug":"conece-guitiriz","status":"publish","type":"page","link":"https:\/\/turismo.concellodeguitiriz.com\/en\/conece-guitiriz\/","title":{"rendered":"Co\u00f1ece Guitiriz"},"content":{"rendered":"<p>[vc_row foundry_padding=&#8221;pt64 pb64&#8243;][vc_column][vc_column_text]<\/p>\n<h1 class=\"historia\" style=\"text-align: center;\">Know Guitiriz<\/h1>\n<p>[\/vc_column_text][vc_row_inner el_id=&#8221;situacion&#8221;][vc_column_inner el_class=&#8221;col-boxed&#8221;][vc_column_text]<\/p>\n<h2 class=\"historia\">LOCATION<\/h2>\n<p>[\/vc_column_text][\/vc_column_inner][\/vc_row_inner][vc_row_inner][vc_column_inner el_class=&#8221;col-boxed&#8221; width=&#8221;1\/2&#8243;][vc_column_text]The municipality of Guitiriz belongs to the province of Lugo and to the region of Terra Ch\u00e1. This thermal village, with an area of 294 km\u00b2, borders the municipalities of Xermade, Vilalba, Begonte, Friol (belonging to the province of Lugo); Sobrado, Curtis-Teixeiro, Aranga, and Monfero (from the province of A Coru\u00f1a).<\/p>\n<p>The municipality has more than 5,000 inhabitants and is divided into 18 parishes that possess a great Historical-Cultural Heritage.<\/p>\n<p>Guitiriz, the municipality of water and stone, is also considered a thermal village. The springs of Pardi\u00f1as, Guitiriz, and Parga are famous for their medicinal waters; good for liver diseases, kidneys, skin infections, and digestive disorders. Many people visit our town to enjoy them and the natural environment in which they are located.<\/p>\n<p>And since we know that the way to someone&#8217;s heart is through their stomach, you can&#8217;t pass through Guitiriz without trying our gastronomy and, above all, our corn cake.[\/vc_column_text][\/vc_column_inner][vc_column_inner width=&#8221;1\/2&#8243;][vc_gmaps link=&#8221;#E-8_JTNDaWZyYW1lJTIwc3JjJTNEJTIyaHR0cHMlM0ElMkYlMkZ3d3cuZ29vZ2xlLmNvbSUyRm1hcHMlMkZlbWJlZCUzRnBiJTNEJTIxMW0xOCUyMTFtMTIlMjExbTMlMjExZDIzMjc0LjYzNDM4ODQ3NDE5JTIxMmQtNy45MDc0MjU1MzU4Nzk0MjglMjEzZDQzLjE4MTYwMDg2NDk2MTg4JTIxMm0zJTIxMWYwJTIxMmYwJTIxM2YwJTIxM20yJTIxMWkxMDI0JTIxMmk3NjglMjE0ZjEzLjElMjEzbTMlMjExbTIlMjExczB4ZDJlMjAyOGUzNDJkZDMzJTI1M0EweDQwNGY1ODI3M2NhZDQ1MCUyMTJzMjczMDAlMjUyMEd1aXRpcml6JTI1MkMlMjUyMEx1Z28lMjE1ZTAlMjEzbTIlMjExc2dsJTIxMnNlcyUyMTR2MTYyNDI5ODY4MjE4OSUyMTVtMiUyMTFzZ2wlMjEyc2VzJTIyJTIwd2lkdGglM0QlMjI2MDAlMjIlMjBoZWlnaHQlM0QlMjI0NTAlMjIlMjBzdHlsZSUzRCUyMmJvcmRlciUzQTAlM0IlMjIlMjBhbGxvd2Z1bGxzY3JlZW4lM0QlMjIlMjIlMjBsb2FkaW5nJTNEJTIybGF6eSUyMiUzRSUzQyUyRmlmcmFtZSUzRQ==&#8221;][\/vc_column_inner][\/vc_row_inner][\/vc_column][\/vc_row][vc_row foundry_padding=&#8221;pt0 pb0&#8243;][vc_column][vc_separator color=&#8221;custom&#8221; accent_color=&#8221;#454455&#8243;][\/vc_column][\/vc_row][vc_row foundry_padding=&#8221;pt64 pb64&#8243; el_id=&#8221;historia&#8221;][vc_column][vc_row_inner][vc_column_inner el_class=&#8221;col-boxed&#8221;][vc_column_text]<\/p>\n<h2 class=\"historia\">OUR HISTORY<\/h2>\n<p>[\/vc_column_text][\/vc_column_inner][\/vc_row_inner][vc_row_inner][vc_column_inner el_class=&#8221;col-boxed&#8221; width=&#8221;1\/2&#8243;][vc_column_text]Guitiriz was founded in the 6th century by the Suevic king Witerico, who baptized the town with his own name.<\/p>\n<p>In the year <strong>1822<\/strong>, Galicia was divided into 4 provinces, and within the Judicial District of Vilalba and as part of the province of Lugo, the municipalities of <strong>Parga and Lagostelle<\/strong> were included.<\/p>\n<p>A few years later, a Royal Decree of July 23, 1835, established new municipalities and distributed the parishes of each of them. The municipalities of Parga and Guitiriz were left with 12: Bec\u00edn, Lagostelle, Mariz, As Negradas, Santa Cruz, Santo Estevo, Santa Leocaia, San Salvador, Roca, Trasparga, O Vilar, and Os Vilares.[\/vc_column_text][\/vc_column_inner][vc_column_inner el_class=&#8221;col-boxed&#8221; width=&#8221;1\/2&#8243;][vc_column_text]<\/p>\n<div class=\"flex-1 overflow-hidden\">\n<div class=\"react-scroll-to-bottom--css-mhjlb-79elbk h-full\">\n<div class=\"react-scroll-to-bottom--css-mhjlb-1n7m0yu\">\n<div class=\"flex flex-col text-sm pb-9\">\n<div class=\"w-full text-token-text-primary\" dir=\"auto\" data-testid=\"conversation-turn-19\">\n<div class=\"px-4 py-2 justify-center text-base md:gap-6 m-auto\">\n<div class=\"flex flex-1 text-base mx-auto gap-3 juice:gap-4 juice:md:gap-6 md:px-5 lg:px-1 xl:px-5 md:max-w-3xl lg:max-w-[40rem] xl:max-w-[48rem]\">\n<div class=\"relative flex w-full flex-col agent-turn\">\n<div class=\"flex-col gap-1 md:gap-3\">\n<div class=\"flex flex-grow flex-col max-w-full\">\n<div class=\"min-h-[20px] text-message flex flex-col items-start gap-3 whitespace-pre-wrap break-words [.text-message+&amp;]:mt-5 overflow-x-auto\" dir=\"auto\" data-message-author-role=\"assistant\" data-message-id=\"aaf0d5ab-4bd0-43e6-b40c-fb4aec4c020f\">\n<div class=\"markdown prose w-full break-words dark:prose-invert light\">\n<p>Belonging to the Municipality of<strong> Baamonde<\/strong> were the parishes of P\u00edgara, Sambreixo, and Pedrafita. Buriz and Labrada, part of the former province of<strong> Betanzos<\/strong>, were assigned to Vilalba.<\/p>\n<p>In <strong>1840<\/strong>, part of the municipalities of Galicia were suppressed, and Parga and Guitiriz were unified into one, the Municipality of <strong>Trasparga<\/strong>, while the Municipality of <strong>Baamonde<\/strong> disappeared. All current parishes were assigned to this new Municipality, except for Santa Mari\u00f1a, which was created in the late 19th century.<\/p>\n<p>In <strong>1945<\/strong>, with its headquarters already in the present town, the municipality was renamed <strong>Guitiriz<\/strong>.<\/p>\n<\/div>\n<\/div>\n<\/div>\n<div class=\"mt-1 flex gap-3 empty:hidden\">\n<div class=\"text-gray-400 flex self-end lg:self-center items-center justify-center lg:justify-start mt-0 -ml-1 h-7 gap-[2px] invisible\">\n<div class=\"flex\"><\/div>\n<\/div>\n<\/div>\n<div class=\"pr-2 lg:pr-0\"><\/div>\n<\/div>\n<div class=\"absolute\">\n<div class=\"flex w-full gap-2 items-center justify-center\"><\/div>\n<\/div>\n<\/div>\n<\/div>\n<\/div>\n<\/div>\n<\/div>\n<\/div>\n<\/div>\n<\/div>\n<div class=\"w-full pt-2 md:pt-0 dark:border-white\/20 md:border-transparent md:dark:border-transparent md:w-[calc(100%-.5rem)]\">\n<form class=\"stretch mx-2 flex flex-row gap-3 last:mb-2 md:mx-4 md:last:mb-6 lg:mx-auto lg:max-w-2xl xl:max-w-3xl\">\n<div class=\"relative flex h-full flex-1 flex-col\">\n<div class=\"absolute bottom-full left-0 right-0\"><\/div>\n<div class=\"flex w-full items-center\"><\/div>\n<\/div>\n<\/form>\n<\/div>\n<p>[\/vc_column_text][\/vc_column_inner][\/vc_row_inner][\/vc_column][\/vc_row][vc_row full_width=&#8221;stretch_row_content_no_spaces&#8221; foundry_padding=&#8221;pt0&#8243; el_id=&#8221;row-fotos&#8221;][vc_column width=&#8221;1\/4&#8243; offset=&#8221;vc_col-xs-6&#8243;][vc_single_image image=&#8221;431&#8243; img_size=&#8221;full&#8221; alignment=&#8221;center&#8221; css_animation=&#8221;zoomIn&#8221;][\/vc_column][vc_column width=&#8221;1\/4&#8243; offset=&#8221;vc_col-xs-6&#8243;][vc_single_image image=&#8221;433&#8243; img_size=&#8221;full&#8221; alignment=&#8221;center&#8221; css_animation=&#8221;zoomIn&#8221;][\/vc_column][vc_column width=&#8221;1\/4&#8243; offset=&#8221;vc_col-xs-6&#8243;][vc_single_image image=&#8221;435&#8243; img_size=&#8221;full&#8221; alignment=&#8221;center&#8221; css_animation=&#8221;zoomIn&#8221;][\/vc_column][vc_column width=&#8221;1\/4&#8243; offset=&#8221;vc_col-xs-6&#8243;][vc_single_image image=&#8221;445&#8243; img_size=&#8221;full&#8221; alignment=&#8221;center&#8221; css_animation=&#8221;zoomIn&#8221;][\/vc_column][vc_column width=&#8221;1\/4&#8243; offset=&#8221;vc_col-xs-6&#8243;][vc_single_image image=&#8221;443&#8243; img_size=&#8221;full&#8221; alignment=&#8221;center&#8221; css_animation=&#8221;zoomIn&#8221;][\/vc_column][vc_column width=&#8221;1\/4&#8243; offset=&#8221;vc_col-xs-6&#8243;][vc_single_image image=&#8221;439&#8243; img_size=&#8221;full&#8221; alignment=&#8221;center&#8221; css_animation=&#8221;zoomIn&#8221;][\/vc_column][vc_column width=&#8221;1\/4&#8243; offset=&#8221;vc_col-xs-6&#8243;][vc_single_image image=&#8221;441&#8243; img_size=&#8221;full&#8221; alignment=&#8221;center&#8221; css_animation=&#8221;zoomIn&#8221;][\/vc_column][vc_column width=&#8221;1\/4&#8243; offset=&#8221;vc_col-xs-6&#8243;][vc_single_image image=&#8221;447&#8243; img_size=&#8221;full&#8221; alignment=&#8221;center&#8221; css_animation=&#8221;zoomIn&#8221;][\/vc_column][\/vc_row][vc_row foundry_background_style=&#8221;bg-secondary&#8221; foundry_padding=&#8221;pt64 pb64&#8243; el_class=&#8221;hidden&#8221;][vc_column][vc_column_text]<\/p>\n<h3 class=\"historia\">More&#8230;<\/h3>\n<p>[\/vc_column_text][vc_row_inner][vc_column_inner width=&#8221;1\/2&#8243;][vc_toggle title=&#8221; Cultures that left their mark on Guitiriz&#8221;]There are many corners in this town that bear witness to the presence of the Suebi, such as Mariz, Buriz, Amariz&#8230; The ending &#8220;iz&#8221; is characteristic of this people. But they weren&#8217;t the only ones; several populations left their mark on Guitiriz:<\/p>\n<p>The &#8220;Pena Xiboi Site,&#8221; for example, of Epipaleolithic influence and dated from 5,000 B.C., is a huge rock that served as a natural shelter for the first inhabitants of these lands. In 1990, it was declared a Cultural Heritage Site by the Galician Government, and the archaeological remains found in 1994 on this rock are currently exhibited in the Viladonga <a href=\"https:\/\/viladonga.xunta.gal\/es\/visita\">Museum in Castro de Rei<\/a>.<\/p>\n<p>Megalithic culture left its mark with funerary monuments such as dolmens, tumuli, or menhirs. Likewise, Celtic culture left a strong imprint on our town. Our hillforts are circular or oval-shaped and, in many cases, have pre-hillforts with defensive and shelter functions for animals.<\/p>\n<p>However, the most significant presence, and also the most present in the environment, is that of the Romans. These lands were a transit point for the Roman road that connected Lucus Augusti with Brigantia.[\/vc_toggle][\/vc_column_inner][vc_column_inner width=&#8221;1\/2&#8243;][vc_toggle title=&#8221;Monarchical influences&#8221;]In the Middle Ages, monarchial influences arrived, with the various lands of Guitiriz being subject to monasteries. Thus, Mariz, Negradas, Sambreixo, and Santa Leocadia belonged to the Sobrado Monastery, while the parishes of Labrada, Buriz, and Os Vilares belonged to the Monfero Monastery.<\/p>\n<p>It is known that in the 19th century, the road leading from Guitiriz to Curtis could be targeted by bandits or raiders. Therefore, during the reign of Isabel II (1833-1868), a building was constructed in the town of Guitiriz where travelers could spend the night. This construction also served to collect tolls.[\/vc_toggle][\/vc_column_inner][\/vc_row_inner][\/vc_column][\/vc_row]<\/p>\n","protected":false},"excerpt":{"rendered":"<p>[vc_row foundry_padding=&#8221;pt64 pb64&#8243;][vc_column][vc_column_text] Know Guitiriz [\/vc_column_text][vc_row_inner el_id=&#8221;situacion&#8221;][vc_column_inner el_class=&#8221;col-boxed&#8221;][vc_column_text] LOCATION [\/vc_column_text][\/vc_column_inner][\/vc_row_inner][vc_row_inner][vc_column_inner el_class=&#8221;col-boxed&#8221; width=&#8221;1\/2&#8243;][vc_column_text]The municipality of Guitiriz belongs to the province of Lugo&#8230;<\/p>\n","protected":false},"author":1,"featured_media":0,"parent":0,"menu_order":0,"comment_status":"closed","ping_status":"closed","template":"","meta":{"footnotes":"","_links_to":"","_links_to_target":""},"class_list":["post-1348","page","type-page","status-publish","hentry"],"yoast_head":"<!-- This site is optimized with the Yoast SEO plugin v19.13 - https:\/\/yoast.com\/wordpress\/plugins\/seo\/ -->\n<title>Co\u00f1ece Guitiriz | Turismo de Guitiriz<\/title>\n<meta name=\"description\" content=\"Podes consultar a localizaci\u00f3n e a historia do Concello de Guitiriz, co\u00f1ece un pouco m\u00e1is sobre esta pequena vila termal.\" \/>\n<meta name=\"robots\" content=\"index, follow, max-snippet:-1, max-image-preview:large, max-video-preview:-1\" \/>\n<link rel=\"canonical\" href=\"https:\/\/turismo.concellodeguitiriz.com\/en\/conece-guitiriz\/\" \/>\n<meta property=\"og:locale\" content=\"en_US\" \/>\n<meta property=\"og:type\" content=\"article\" \/>\n<meta property=\"og:title\" content=\"Co\u00f1ece Guitiriz | Turismo de Guitiriz\" \/>\n<meta property=\"og:description\" content=\"Podes consultar a localizaci\u00f3n e a historia do Concello de Guitiriz, co\u00f1ece un pouco m\u00e1is sobre esta pequena vila termal.\" \/>\n<meta property=\"og:url\" content=\"https:\/\/turismo.concellodeguitiriz.com\/en\/conece-guitiriz\/\" \/>\n<meta property=\"og:site_name\" content=\"Turismo de Guitiriz\" \/>\n<meta property=\"article:publisher\" content=\"https:\/\/www.facebook.com\/concellodeguitiriz\/\" \/>\n<meta property=\"article:modified_time\" content=\"2024-04-16T11:31:39+00:00\" \/>\n<meta name=\"twitter:card\" content=\"summary_large_image\" \/>\n<meta name=\"twitter:title\" content=\"Co\u00f1ece Guitiriz | Turismo de Guitiriz\" \/>\n<meta name=\"twitter:description\" content=\"Podes consultar a localizaci\u00f3n e a historia do Concello de Guitiriz, co\u00f1ece un pouco m\u00e1is sobre esta pequena vila termal.\" \/>\n<meta name=\"twitter:label1\" content=\"Est. reading time\" \/>\n\t<meta name=\"twitter:data1\" content=\"4 minutes\" \/>\n<script type=\"application\/ld+json\" class=\"yoast-schema-graph\">{\"@context\":\"https:\/\/schema.org\",\"@graph\":[{\"@type\":\"WebPage\",\"@id\":\"https:\/\/turismo.concellodeguitiriz.com\/en\/conece-guitiriz\/\",\"url\":\"https:\/\/turismo.concellodeguitiriz.com\/en\/conece-guitiriz\/\",\"name\":\"Co\u00f1ece Guitiriz | Turismo de Guitiriz\",\"isPartOf\":{\"@id\":\"https:\/\/turismo.concellodeguitiriz.com\/#website\"},\"datePublished\":\"2021-06-23T13:29:24+00:00\",\"dateModified\":\"2024-04-16T11:31:39+00:00\",\"description\":\"Podes consultar a localizaci\u00f3n e a historia do Concello de Guitiriz, co\u00f1ece un pouco m\u00e1is sobre esta pequena vila termal.\",\"breadcrumb\":{\"@id\":\"https:\/\/turismo.concellodeguitiriz.com\/en\/conece-guitiriz\/#breadcrumb\"},\"inLanguage\":\"en-US\",\"potentialAction\":[{\"@type\":\"ReadAction\",\"target\":[\"https:\/\/turismo.concellodeguitiriz.com\/en\/conece-guitiriz\/\"]}]},{\"@type\":\"BreadcrumbList\",\"@id\":\"https:\/\/turismo.concellodeguitiriz.com\/en\/conece-guitiriz\/#breadcrumb\",\"itemListElement\":[{\"@type\":\"ListItem\",\"position\":1,\"name\":\"Portada\",\"item\":\"https:\/\/turismo.concellodeguitiriz.com\/en\/\"},{\"@type\":\"ListItem\",\"position\":2,\"name\":\"Co\u00f1ece Guitiriz\"}]},{\"@type\":\"WebSite\",\"@id\":\"https:\/\/turismo.concellodeguitiriz.com\/#website\",\"url\":\"https:\/\/turismo.concellodeguitiriz.com\/\",\"name\":\"Turismo de Guitiriz\",\"description\":\"Concello de Guitiriz\",\"publisher\":{\"@id\":\"https:\/\/turismo.concellodeguitiriz.com\/#organization\"},\"potentialAction\":[{\"@type\":\"SearchAction\",\"target\":{\"@type\":\"EntryPoint\",\"urlTemplate\":\"https:\/\/turismo.concellodeguitiriz.com\/?s={search_term_string}\"},\"query-input\":\"required name=search_term_string\"}],\"inLanguage\":\"en-US\"},{\"@type\":\"Organization\",\"@id\":\"https:\/\/turismo.concellodeguitiriz.com\/#organization\",\"name\":\"Turismo Guitiriz\",\"url\":\"https:\/\/turismo.concellodeguitiriz.com\/\",\"logo\":{\"@type\":\"ImageObject\",\"inLanguage\":\"en-US\",\"@id\":\"https:\/\/turismo.concellodeguitiriz.com\/#\/schema\/logo\/image\/\",\"url\":\"https:\/\/turismo.concellodeguitiriz.com\/wp-content\/uploads\/2021\/06\/g-turismo-logopos.png\",\"contentUrl\":\"https:\/\/turismo.concellodeguitiriz.com\/wp-content\/uploads\/2021\/06\/g-turismo-logopos.png\",\"width\":2001,\"height\":1024,\"caption\":\"Turismo Guitiriz\"},\"image\":{\"@id\":\"https:\/\/turismo.concellodeguitiriz.com\/#\/schema\/logo\/image\/\"},\"sameAs\":[\"https:\/\/www.instagram.com\/guitirizigualdade\/\",\"https:\/\/www.facebook.com\/concellodeguitiriz\/\"]}]}<\/script>\n<!-- \/ Yoast SEO plugin. -->","yoast_head_json":{"title":"Co\u00f1ece Guitiriz | Turismo de Guitiriz","description":"Podes consultar a localizaci\u00f3n e a historia do Concello de Guitiriz, co\u00f1ece un pouco m\u00e1is sobre esta pequena vila termal.","robots":{"index":"index","follow":"follow","max-snippet":"max-snippet:-1","max-image-preview":"max-image-preview:large","max-video-preview":"max-video-preview:-1"},"canonical":"https:\/\/turismo.concellodeguitiriz.com\/en\/conece-guitiriz\/","og_locale":"en_US","og_type":"article","og_title":"Co\u00f1ece Guitiriz | Turismo de Guitiriz","og_description":"Podes consultar a localizaci\u00f3n e a historia do Concello de Guitiriz, co\u00f1ece un pouco m\u00e1is sobre esta pequena vila termal.","og_url":"https:\/\/turismo.concellodeguitiriz.com\/en\/conece-guitiriz\/","og_site_name":"Turismo de Guitiriz","article_publisher":"https:\/\/www.facebook.com\/concellodeguitiriz\/","article_modified_time":"2024-04-16T11:31:39+00:00","twitter_card":"summary_large_image","twitter_title":"Co\u00f1ece Guitiriz | Turismo de Guitiriz","twitter_description":"Podes consultar a localizaci\u00f3n e a historia do Concello de Guitiriz, co\u00f1ece un pouco m\u00e1is sobre esta pequena vila termal.","twitter_misc":{"Est. reading time":"4 minutes"},"schema":{"@context":"https:\/\/schema.org","@graph":[{"@type":"WebPage","@id":"https:\/\/turismo.concellodeguitiriz.com\/en\/conece-guitiriz\/","url":"https:\/\/turismo.concellodeguitiriz.com\/en\/conece-guitiriz\/","name":"Co\u00f1ece Guitiriz | Turismo de Guitiriz","isPartOf":{"@id":"https:\/\/turismo.concellodeguitiriz.com\/#website"},"datePublished":"2021-06-23T13:29:24+00:00","dateModified":"2024-04-16T11:31:39+00:00","description":"Podes consultar a localizaci\u00f3n e a historia do Concello de Guitiriz, co\u00f1ece un pouco m\u00e1is sobre esta pequena vila termal.","breadcrumb":{"@id":"https:\/\/turismo.concellodeguitiriz.com\/en\/conece-guitiriz\/#breadcrumb"},"inLanguage":"en-US","potentialAction":[{"@type":"ReadAction","target":["https:\/\/turismo.concellodeguitiriz.com\/en\/conece-guitiriz\/"]}]},{"@type":"BreadcrumbList","@id":"https:\/\/turismo.concellodeguitiriz.com\/en\/conece-guitiriz\/#breadcrumb","itemListElement":[{"@type":"ListItem","position":1,"name":"Portada","item":"https:\/\/turismo.concellodeguitiriz.com\/en\/"},{"@type":"ListItem","position":2,"name":"Co\u00f1ece Guitiriz"}]},{"@type":"WebSite","@id":"https:\/\/turismo.concellodeguitiriz.com\/#website","url":"https:\/\/turismo.concellodeguitiriz.com\/","name":"Turismo de Guitiriz","description":"Concello de Guitiriz","publisher":{"@id":"https:\/\/turismo.concellodeguitiriz.com\/#organization"},"potentialAction":[{"@type":"SearchAction","target":{"@type":"EntryPoint","urlTemplate":"https:\/\/turismo.concellodeguitiriz.com\/?s={search_term_string}"},"query-input":"required name=search_term_string"}],"inLanguage":"en-US"},{"@type":"Organization","@id":"https:\/\/turismo.concellodeguitiriz.com\/#organization","name":"Turismo Guitiriz","url":"https:\/\/turismo.concellodeguitiriz.com\/","logo":{"@type":"ImageObject","inLanguage":"en-US","@id":"https:\/\/turismo.concellodeguitiriz.com\/#\/schema\/logo\/image\/","url":"https:\/\/turismo.concellodeguitiriz.com\/wp-content\/uploads\/2021\/06\/g-turismo-logopos.png","contentUrl":"https:\/\/turismo.concellodeguitiriz.com\/wp-content\/uploads\/2021\/06\/g-turismo-logopos.png","width":2001,"height":1024,"caption":"Turismo Guitiriz"},"image":{"@id":"https:\/\/turismo.concellodeguitiriz.com\/#\/schema\/logo\/image\/"},"sameAs":["https:\/\/www.instagram.com\/guitirizigualdade\/","https:\/\/www.facebook.com\/concellodeguitiriz\/"]}]}},"_links":{"self":[{"href":"https:\/\/turismo.concellodeguitiriz.com\/en\/wp-json\/wp\/v2\/pages\/1348","targetHints":{"allow":["GET"]}}],"collection":[{"href":"https:\/\/turismo.concellodeguitiriz.com\/en\/wp-json\/wp\/v2\/pages"}],"about":[{"href":"https:\/\/turismo.concellodeguitiriz.com\/en\/wp-json\/wp\/v2\/types\/page"}],"author":[{"embeddable":true,"href":"https:\/\/turismo.concellodeguitiriz.com\/en\/wp-json\/wp\/v2\/users\/1"}],"replies":[{"embeddable":true,"href":"https:\/\/turismo.concellodeguitiriz.com\/en\/wp-json\/wp\/v2\/comments?post=1348"}],"version-history":[{"count":2,"href":"https:\/\/turismo.concellodeguitiriz.com\/en\/wp-json\/wp\/v2\/pages\/1348\/revisions"}],"predecessor-version":[{"id":1359,"href":"https:\/\/turismo.concellodeguitiriz.com\/en\/wp-json\/wp\/v2\/pages\/1348\/revisions\/1359"}],"wp:attachment":[{"href":"https:\/\/turismo.concellodeguitiriz.com\/en\/wp-json\/wp\/v2\/media?parent=1348"}],"curies":[{"name":"wp","href":"https:\/\/api.w.org\/{rel}","templated":true}]}}