{"id":25,"date":"2021-06-21T17:30:02","date_gmt":"2021-06-21T17:30:02","guid":{"rendered":"https:\/\/turismo.concellodeguitiriz.com\/?page_id=25"},"modified":"2024-01-30T18:37:23","modified_gmt":"2024-01-30T18:37:23","slug":"guitiriz","status":"publish","type":"page","link":"https:\/\/turismo.concellodeguitiriz.com\/en\/guitiriz\/","title":{"rendered":"Co\u00f1ece Guitiriz"},"content":{"rendered":"<p>[vc_row foundry_padding=&#8221;pt64 pb64&#8243;][vc_column][vc_column_text]<\/p>\n<h1 class=\"historia\" style=\"text-align: center;\">Get to know Guitiriz<\/h1>\n<p>[\/vc_column_text][vc_row_inner][vc_column_inner el_class=&#8221;col-boxed&#8221;][vc_column_text]<\/p>\n<h2 class=\"historia\">SITUATION<\/h2>\n<p>[\/vc_column_text][\/vc_column_inner][\/vc_row_inner][vc_row_inner][vc_column_inner el_class=&#8221;col-boxed&#8221; width=&#8221;1\/2&#8243;][vc_column_text]The City Council of Guitiriz belongs to Lugo and the region of Terra Ch\u00e1. This thermal town, 249km long, delimits with the municipalities of Xermade, Vilalba, Begonte, Friol (Lugo) and Sobrado, Curtis-Teixeiro, Aranga and Monfero (A Coru\u00f1a).<\/p>\n<p>Guitiriz has more than 5.000 inhabitants and is divided into 18 parishes with a great Hitorical- Cultural Heritage.<\/p>\n<p>Guitiriz, the land of water and stone, is also considered a thermal town. The fountains of Pardi\u00f1as, Guitiriz and Parga are famous for their medicinal waters; good for liver aliments, kidneys, skin infections and digestive disorders. Many people visit our town to enjoy them and the natural environment in which they\u00b4re located.<\/p>\n<p>And since we know that heart is conquered by the stomach, you can\u00b4t visit Guitiriz without tasting our gastronomy and above all, our corn cake.[\/vc_column_text][\/vc_column_inner][vc_column_inner width=&#8221;1\/2&#8243;][vc_gmaps link=&#8221;#E-8_JTNDaWZyYW1lJTIwc3JjJTNEJTIyaHR0cHMlM0ElMkYlMkZ3d3cuZ29vZ2xlLmNvbSUyRm1hcHMlMkZlbWJlZCUzRnBiJTNEJTIxMW0xOCUyMTFtMTIlMjExbTMlMjExZDIzMjc0LjYzNDM4ODQ3NDE5JTIxMmQtNy45MDc0MjU1MzU4Nzk0MjglMjEzZDQzLjE4MTYwMDg2NDk2MTg4JTIxMm0zJTIxMWYwJTIxMmYwJTIxM2YwJTIxM20yJTIxMWkxMDI0JTIxMmk3NjglMjE0ZjEzLjElMjEzbTMlMjExbTIlMjExczB4ZDJlMjAyOGUzNDJkZDMzJTI1M0EweDQwNGY1ODI3M2NhZDQ1MCUyMTJzMjczMDAlMjUyMEd1aXRpcml6JTI1MkMlMjUyMEx1Z28lMjE1ZTAlMjEzbTIlMjExc2dsJTIxMnNlcyUyMTR2MTYyNDI5ODY4MjE4OSUyMTVtMiUyMTFzZ2wlMjEyc2VzJTIyJTIwd2lkdGglM0QlMjI2MDAlMjIlMjBoZWlnaHQlM0QlMjI0NTAlMjIlMjBzdHlsZSUzRCUyMmJvcmRlciUzQTAlM0IlMjIlMjBhbGxvd2Z1bGxzY3JlZW4lM0QlMjIlMjIlMjBsb2FkaW5nJTNEJTIybGF6eSUyMiUzRSUzQyUyRmlmcmFtZSUzRQ==&#8221;][\/vc_column_inner][\/vc_row_inner][\/vc_column][\/vc_row][vc_row foundry_padding=&#8221;pt0 pb0&#8243;][vc_column][vc_separator color=&#8221;custom&#8221; accent_color=&#8221;#454455&#8243;][\/vc_column][\/vc_row][vc_row foundry_padding=&#8221;pt64 pb64&#8243;][vc_column][vc_row_inner][vc_column_inner el_class=&#8221;col-boxed&#8221;][vc_column_text]<\/p>\n<h2 class=\"historia\">OUR HISTORY<\/h2>\n<p>[\/vc_column_text][\/vc_column_inner][\/vc_row_inner][vc_row_inner][vc_column_inner el_class=&#8221;col-boxed&#8221; width=&#8221;1\/2&#8243;][vc_column_text]Guitiriz was founded in the VI century, by the Swabian king Witerico; who baptises the town with his own name.<\/p>\n<p>In <strong>1822<\/strong>, Galicia was divided into 4 provinces and within the Judicial Party of Vilalba and as part of the province of Lugo, the municipalities of <strong>Parga and Lagostelle<\/strong>.<\/p>\n<p>A few years later, a Royal Decree of July 23, 1835, established new municipalities and divided each of their parishes. The municipalities of Parga and Guitiriz were left with 12: Bec\u00edn, Lagostelle, Mariz, As Negradas, Santa Cruz, Santo Estevo, Santa Leocaia, San Salvador, Roca, Trasparga, O Vilar, and Os Vilares.[\/vc_column_text][\/vc_column_inner][vc_column_inner el_class=&#8221;col-boxed&#8221; width=&#8221;1\/2&#8243;][vc_column_text]Belonging to the <strong>Baamonde City Council<\/strong> were the parishes of P\u00edgara, Sambreixo and Pedrafita. O Buriz and Labrada, part of the old province of Betanzos, were awarded to Vilalba.<\/p>\n<p>In <strong>1840<\/strong> part of the municipalities of Galicia were abolished, and Parga and Guitiriz were unified into themselves, the <strong>Trasparga City Council<\/strong>, while the Baamonde City Council disappeared. This new City Council was assigned all the current parishes, except for Santa Mari\u00f1a, which was created at the end of the 19<sup>th<\/sup> century.<\/p>\n<p>In <strong>1945<\/strong>, already based in the current town, the town hall was renamed <strong>Guitiriz<\/strong>.[\/vc_column_text][\/vc_column_inner][\/vc_row_inner][\/vc_column][\/vc_row][vc_row foundry_background_style=&#8221;bg-secondary&#8221; foundry_padding=&#8221;pt64 pb64&#8243; el_class=&#8221;hidden&#8221;][vc_column][vc_column_text]<\/p>\n<h3 class=\"historia\">Adem\u00e1is&#8230;<\/h3>\n<p>[\/vc_column_text][vc_row_inner][vc_column_inner width=&#8221;1\/2&#8243;][vc_toggle title=&#8221;Culturas que deixaron pegada en Guitiriz&#8221;]Moitos son os recunchos desta vila que deixan constancia de que os suevos estiveron por aqu\u00ed, como son Mariz, Buriz, Amariz\u2026. A terminaci\u00f3n \u201ciz\u201d \u00e9 caracter\u00edstica de este pobo. Pero, non foron os \u00fanicos, varias poboaci\u00f3ns deixaron a s\u00faa pegada en Guitiriz:<\/p>\n<p>O \u201cXacemento da Pena Xiboi\u201d, por exemplo, de influencia <strong>epipaleol\u00edtica<\/strong> e datada do ano 5.000 A.C, \u00e9 unha enorme rocha que serviu como abrigo natural do primeiros poboadores destas terras. En 1990 foi declarado Ben de Interese Cultural pola Xunta de Galicia e os restos arqueol\u00f3xicos, atopados en 1994 nesta rocha, est\u00e1n expostos actualmente no <a href=\"https:\/\/viladonga.xunta.gal\/es\/visita\">Museo\u00a0de Viladonga en Castro de Rei<\/a>.<\/p>\n<p>A <strong>cultura megal\u00edtica<\/strong> deixou pegada con monumentos f\u00fanebres como as m\u00e1moas, medorras ou modias. As\u00ed mesmo, a <strong>cultura castrexa<\/strong> deixou unha forte impronta no noso pobo. Os nosos castros te\u00f1en forma circular ou oval e, en moitos casos, te\u00f1en antecastros con funci\u00f3n defensiva e de cobixo para os animais.<\/p>\n<p>Sen embargo, a presenza m\u00e1is significativa, e tam\u00e9n m\u00e1is presente no entorno, \u00e9 a dos <strong>Romanos<\/strong>. Estas terras foron lugar de paso da v\u00eda romana que un\u00eda Lucus Augusti con Brigantia.[\/vc_toggle][\/vc_column_inner][vc_column_inner width=&#8221;1\/2&#8243;][vc_toggle title=&#8221;Influencias Monarcais&#8221;]Na <strong>Idade Media<\/strong> chegan as influencias Monarcais, quedando as distintas terras de Guitiriz supeditadas \u00f3s mosteiros, as\u00ed Mariz, Negradas, Sambreixo e Santa Leocadia pertenc\u00edan \u00f3 <strong>Mosteiro de Sobrado<\/strong> e as parroquias de Labrada, Buriz e Os Vilares \u00f3 <strong>Mosteiro de Monfero<\/strong>.<\/p>\n<p>S\u00e1bese que no <strong>s\u00e9culo XIX<\/strong> o cami\u00f1o que se dirix\u00eda desde Guitiriz cara a Curtis pod\u00eda ser obxectivo de bandidos ou asaltadores, por iso, no reinado de Isabel II (1833-1868) constru\u00eduse na vila guitiricense un edificio para os viaxeiros puideran facer noite. Dita construci\u00f3n serviu tam\u00e9n para cobrar a portaxe.[\/vc_toggle][\/vc_column_inner][\/vc_row_inner][\/vc_column][\/vc_row]<\/p>\n","protected":false},"excerpt":{"rendered":"<p>[vc_row foundry_padding=&#8221;pt64 pb64&#8243;][vc_column][vc_column_text] Get to know Guitiriz [\/vc_column_text][vc_row_inner][vc_column_inner el_class=&#8221;col-boxed&#8221;][vc_column_text] SITUATION [\/vc_column_text][\/vc_column_inner][\/vc_row_inner][vc_row_inner][vc_column_inner el_class=&#8221;col-boxed&#8221; width=&#8221;1\/2&#8243;][vc_column_text]The City Council of Guitiriz belongs to Lugo and&#8230;<\/p>\n","protected":false},"author":1,"featured_media":0,"parent":0,"menu_order":0,"comment_status":"closed","ping_status":"closed","template":"","meta":{"footnotes":"","_links_to":"","_links_to_target":""},"class_list":["post-25","page","type-page","status-publish","hentry"],"yoast_head":"<!-- This site is optimized with the Yoast SEO plugin v19.13 - https:\/\/yoast.com\/wordpress\/plugins\/seo\/ -->\n<title>Co\u00f1ece Guitiriz | Turismo de Guitiriz<\/title>\n<meta name=\"description\" content=\"Descobre a ubicaci\u00f3n e a historia de Guitiriz, a co\u00f1ecida como vila termal da Terra Ch\u00e1, pertencente a provincia de Lugo.\" \/>\n<meta name=\"robots\" content=\"index, follow, max-snippet:-1, max-image-preview:large, max-video-preview:-1\" \/>\n<link rel=\"canonical\" href=\"https:\/\/turismo.concellodeguitiriz.com\/en\/guitiriz\/\" \/>\n<meta property=\"og:locale\" content=\"en_US\" \/>\n<meta property=\"og:type\" content=\"article\" \/>\n<meta property=\"og:title\" content=\"Co\u00f1ece Guitiriz | Turismo de Guitiriz\" \/>\n<meta property=\"og:description\" content=\"Descobre a ubicaci\u00f3n e a historia de Guitiriz, a co\u00f1ecida como vila termal da Terra Ch\u00e1, pertencente a provincia de Lugo.\" \/>\n<meta property=\"og:url\" content=\"https:\/\/turismo.concellodeguitiriz.com\/en\/guitiriz\/\" \/>\n<meta property=\"og:site_name\" content=\"Turismo de Guitiriz\" \/>\n<meta property=\"article:publisher\" content=\"https:\/\/www.facebook.com\/concellodeguitiriz\/\" \/>\n<meta property=\"article:modified_time\" content=\"2024-01-30T18:37:23+00:00\" \/>\n<meta name=\"twitter:card\" content=\"summary_large_image\" \/>\n<meta name=\"twitter:title\" content=\"Co\u00f1ece Guitiriz | Turismo de Guitiriz\" \/>\n<meta name=\"twitter:description\" content=\"Descobre a ubicaci\u00f3n e a historia de Guitiriz, a co\u00f1ecida como vila termal da Terra Ch\u00e1, pertencente a provincia de Lugo.\" \/>\n<meta name=\"twitter:label1\" content=\"Est. reading time\" \/>\n\t<meta name=\"twitter:data1\" content=\"3 minutes\" \/>\n<script type=\"application\/ld+json\" class=\"yoast-schema-graph\">{\"@context\":\"https:\/\/schema.org\",\"@graph\":[{\"@type\":\"WebPage\",\"@id\":\"https:\/\/turismo.concellodeguitiriz.com\/en\/guitiriz\/\",\"url\":\"https:\/\/turismo.concellodeguitiriz.com\/en\/guitiriz\/\",\"name\":\"Co\u00f1ece Guitiriz | Turismo de Guitiriz\",\"isPartOf\":{\"@id\":\"https:\/\/turismo.concellodeguitiriz.com\/#website\"},\"datePublished\":\"2021-06-21T17:30:02+00:00\",\"dateModified\":\"2024-01-30T18:37:23+00:00\",\"description\":\"Descobre a ubicaci\u00f3n e a historia de Guitiriz, a co\u00f1ecida como vila termal da Terra Ch\u00e1, pertencente a provincia de Lugo.\",\"breadcrumb\":{\"@id\":\"https:\/\/turismo.concellodeguitiriz.com\/en\/guitiriz\/#breadcrumb\"},\"inLanguage\":\"en-US\",\"potentialAction\":[{\"@type\":\"ReadAction\",\"target\":[\"https:\/\/turismo.concellodeguitiriz.com\/en\/guitiriz\/\"]}]},{\"@type\":\"BreadcrumbList\",\"@id\":\"https:\/\/turismo.concellodeguitiriz.com\/en\/guitiriz\/#breadcrumb\",\"itemListElement\":[{\"@type\":\"ListItem\",\"position\":1,\"name\":\"Portada\",\"item\":\"https:\/\/turismo.concellodeguitiriz.com\/en\/\"},{\"@type\":\"ListItem\",\"position\":2,\"name\":\"Co\u00f1ece Guitiriz\"}]},{\"@type\":\"WebSite\",\"@id\":\"https:\/\/turismo.concellodeguitiriz.com\/#website\",\"url\":\"https:\/\/turismo.concellodeguitiriz.com\/\",\"name\":\"Turismo de Guitiriz\",\"description\":\"Concello de Guitiriz\",\"publisher\":{\"@id\":\"https:\/\/turismo.concellodeguitiriz.com\/#organization\"},\"potentialAction\":[{\"@type\":\"SearchAction\",\"target\":{\"@type\":\"EntryPoint\",\"urlTemplate\":\"https:\/\/turismo.concellodeguitiriz.com\/?s={search_term_string}\"},\"query-input\":\"required name=search_term_string\"}],\"inLanguage\":\"en-US\"},{\"@type\":\"Organization\",\"@id\":\"https:\/\/turismo.concellodeguitiriz.com\/#organization\",\"name\":\"Turismo Guitiriz\",\"url\":\"https:\/\/turismo.concellodeguitiriz.com\/\",\"logo\":{\"@type\":\"ImageObject\",\"inLanguage\":\"en-US\",\"@id\":\"https:\/\/turismo.concellodeguitiriz.com\/#\/schema\/logo\/image\/\",\"url\":\"https:\/\/turismo.concellodeguitiriz.com\/wp-content\/uploads\/2021\/06\/g-turismo-logopos.png\",\"contentUrl\":\"https:\/\/turismo.concellodeguitiriz.com\/wp-content\/uploads\/2021\/06\/g-turismo-logopos.png\",\"width\":2001,\"height\":1024,\"caption\":\"Turismo Guitiriz\"},\"image\":{\"@id\":\"https:\/\/turismo.concellodeguitiriz.com\/#\/schema\/logo\/image\/\"},\"sameAs\":[\"https:\/\/www.instagram.com\/guitirizigualdade\/\",\"https:\/\/www.facebook.com\/concellodeguitiriz\/\"]}]}<\/script>\n<!-- \/ Yoast SEO plugin. -->","yoast_head_json":{"title":"Co\u00f1ece Guitiriz | Turismo de Guitiriz","description":"Descobre a ubicaci\u00f3n e a historia de Guitiriz, a co\u00f1ecida como vila termal da Terra Ch\u00e1, pertencente a provincia de Lugo.","robots":{"index":"index","follow":"follow","max-snippet":"max-snippet:-1","max-image-preview":"max-image-preview:large","max-video-preview":"max-video-preview:-1"},"canonical":"https:\/\/turismo.concellodeguitiriz.com\/en\/guitiriz\/","og_locale":"en_US","og_type":"article","og_title":"Co\u00f1ece Guitiriz | Turismo de Guitiriz","og_description":"Descobre a ubicaci\u00f3n e a historia de Guitiriz, a co\u00f1ecida como vila termal da Terra Ch\u00e1, pertencente a provincia de Lugo.","og_url":"https:\/\/turismo.concellodeguitiriz.com\/en\/guitiriz\/","og_site_name":"Turismo de Guitiriz","article_publisher":"https:\/\/www.facebook.com\/concellodeguitiriz\/","article_modified_time":"2024-01-30T18:37:23+00:00","twitter_card":"summary_large_image","twitter_title":"Co\u00f1ece Guitiriz | Turismo de Guitiriz","twitter_description":"Descobre a ubicaci\u00f3n e a historia de Guitiriz, a co\u00f1ecida como vila termal da Terra Ch\u00e1, pertencente a provincia de Lugo.","twitter_misc":{"Est. reading time":"3 minutes"},"schema":{"@context":"https:\/\/schema.org","@graph":[{"@type":"WebPage","@id":"https:\/\/turismo.concellodeguitiriz.com\/en\/guitiriz\/","url":"https:\/\/turismo.concellodeguitiriz.com\/en\/guitiriz\/","name":"Co\u00f1ece Guitiriz | Turismo de Guitiriz","isPartOf":{"@id":"https:\/\/turismo.concellodeguitiriz.com\/#website"},"datePublished":"2021-06-21T17:30:02+00:00","dateModified":"2024-01-30T18:37:23+00:00","description":"Descobre a ubicaci\u00f3n e a historia de Guitiriz, a co\u00f1ecida como vila termal da Terra Ch\u00e1, pertencente a provincia de Lugo.","breadcrumb":{"@id":"https:\/\/turismo.concellodeguitiriz.com\/en\/guitiriz\/#breadcrumb"},"inLanguage":"en-US","potentialAction":[{"@type":"ReadAction","target":["https:\/\/turismo.concellodeguitiriz.com\/en\/guitiriz\/"]}]},{"@type":"BreadcrumbList","@id":"https:\/\/turismo.concellodeguitiriz.com\/en\/guitiriz\/#breadcrumb","itemListElement":[{"@type":"ListItem","position":1,"name":"Portada","item":"https:\/\/turismo.concellodeguitiriz.com\/en\/"},{"@type":"ListItem","position":2,"name":"Co\u00f1ece Guitiriz"}]},{"@type":"WebSite","@id":"https:\/\/turismo.concellodeguitiriz.com\/#website","url":"https:\/\/turismo.concellodeguitiriz.com\/","name":"Turismo de Guitiriz","description":"Concello de Guitiriz","publisher":{"@id":"https:\/\/turismo.concellodeguitiriz.com\/#organization"},"potentialAction":[{"@type":"SearchAction","target":{"@type":"EntryPoint","urlTemplate":"https:\/\/turismo.concellodeguitiriz.com\/?s={search_term_string}"},"query-input":"required name=search_term_string"}],"inLanguage":"en-US"},{"@type":"Organization","@id":"https:\/\/turismo.concellodeguitiriz.com\/#organization","name":"Turismo Guitiriz","url":"https:\/\/turismo.concellodeguitiriz.com\/","logo":{"@type":"ImageObject","inLanguage":"en-US","@id":"https:\/\/turismo.concellodeguitiriz.com\/#\/schema\/logo\/image\/","url":"https:\/\/turismo.concellodeguitiriz.com\/wp-content\/uploads\/2021\/06\/g-turismo-logopos.png","contentUrl":"https:\/\/turismo.concellodeguitiriz.com\/wp-content\/uploads\/2021\/06\/g-turismo-logopos.png","width":2001,"height":1024,"caption":"Turismo Guitiriz"},"image":{"@id":"https:\/\/turismo.concellodeguitiriz.com\/#\/schema\/logo\/image\/"},"sameAs":["https:\/\/www.instagram.com\/guitirizigualdade\/","https:\/\/www.facebook.com\/concellodeguitiriz\/"]}]}},"_links":{"self":[{"href":"https:\/\/turismo.concellodeguitiriz.com\/en\/wp-json\/wp\/v2\/pages\/25","targetHints":{"allow":["GET"]}}],"collection":[{"href":"https:\/\/turismo.concellodeguitiriz.com\/en\/wp-json\/wp\/v2\/pages"}],"about":[{"href":"https:\/\/turismo.concellodeguitiriz.com\/en\/wp-json\/wp\/v2\/types\/page"}],"author":[{"embeddable":true,"href":"https:\/\/turismo.concellodeguitiriz.com\/en\/wp-json\/wp\/v2\/users\/1"}],"replies":[{"embeddable":true,"href":"https:\/\/turismo.concellodeguitiriz.com\/en\/wp-json\/wp\/v2\/comments?post=25"}],"version-history":[{"count":12,"href":"https:\/\/turismo.concellodeguitiriz.com\/en\/wp-json\/wp\/v2\/pages\/25\/revisions"}],"predecessor-version":[{"id":1108,"href":"https:\/\/turismo.concellodeguitiriz.com\/en\/wp-json\/wp\/v2\/pages\/25\/revisions\/1108"}],"wp:attachment":[{"href":"https:\/\/turismo.concellodeguitiriz.com\/en\/wp-json\/wp\/v2\/media?parent=25"}],"curies":[{"name":"wp","href":"https:\/\/api.w.org\/{rel}","templated":true}]}}