{"id":1103,"date":"2021-06-21T17:30:02","date_gmt":"2021-06-21T17:30:02","guid":{"rendered":"https:\/\/turismo.concellodeguitiriz.com\/guitiriz\/"},"modified":"2021-06-21T17:30:02","modified_gmt":"2021-06-21T17:30:02","slug":"guitiriz","status":"publish","type":"page","link":"https:\/\/turismo.concellodeguitiriz.com\/es\/guitiriz\/","title":{"rendered":"Co\u00f1ece Guitiriz"},"content":{"rendered":"<p>[vc_row foundry_padding=\u00bbpt64 pb64&#8243;][vc_column][vc_column_text]<\/p>\n<h1 class=\"historia\" style=\"text-align: center;\">Co\u00f1ece Guitiriz<\/h1>\n<p>[\/vc_column_text][vc_row_inner][vc_column_inner el_class=\u00bbcol-boxed\u00bb][vc_column_text]<\/p>\n<h2 class=\"historia\">SITUACI\u00d3N<\/h2>\n<p>[\/vc_column_text][\/vc_column_inner][\/vc_row_inner][vc_row_inner][vc_column_inner el_class=\u00bbcol-boxed\u00bb width=\u00bb1\/2&#8243;][vc_column_text]O Concello de Guitiriz pertence \u00e1 provincia de Lugo e \u00e1 <a href=\"https:\/\/www.turismo.gal\/que-visitar\/xeodestinos\/lugo-e-a-terra-cha\" target=\"_blank\" rel=\"noopener\">comarca da Terra Ch\u00e1<\/a>. Esta vila termal, de 294 km\u00b2 de extensi\u00f3n, delimita cos concellos de Xermade, Vilalba, Begonte, Friol (pertencentes \u00e1 provincia de Lugo); Sobrado, Curtis-Teixeiro, Aranga e Monfero (da provincia de A Coru\u00f1a).<\/p>\n<p>O Concello conta con m\u00e1is de 5.000 habitantes e div\u00eddese en <a href=\"https:\/\/turismo.concellodeguitiriz.com\/es\/parroquias\/\">18 parroquias<\/a> que pos\u00faen un gran Patrimonio Hist\u00f3rico-Cultural.<\/p>\n<p>Guitiriz, o municipio da <strong>auga e a pedra<\/strong>, \u00e9 considerada tam\u00e9n como <strong>vila termal<\/strong>. As fontes de Pardi\u00f1as, Guitiriz e Parga son famosas polas s\u00faas augas medicinais; boas para doenzas de f\u00edgado, riles, infecci\u00f3ns da pel e trastornos dixestivos. \u00c9 moita a xente que visita o noso pobo para desfrutar delas e do entorno natural no que se sit\u00faan.<\/p>\n<p>E como sabemos que o coraz\u00f3n se conquista polo est\u00f3mago, non podes pasar por Guitiriz sen probar a nosa <a href=\"https:\/\/turismo.concellodeguitiriz.com\/es\/comer-dormir\/\">gastronom\u00eda<\/a> e sobre todo, a nosa <a href=\"\/torta-millo\">torta de millo<\/a>.[\/vc_column_text][\/vc_column_inner][vc_column_inner width=\u00bb1\/2&#8243;][vc_gmaps link=\u00bb#E-8_JTNDaWZyYW1lJTIwc3JjJTNEJTIyaHR0cHMlM0ElMkYlMkZ3d3cuZ29vZ2xlLmNvbSUyRm1hcHMlMkZlbWJlZCUzRnBiJTNEJTIxMW0xOCUyMTFtMTIlMjExbTMlMjExZDIzMjc0LjYzNDM4ODQ3NDE5JTIxMmQtNy45MDc0MjU1MzU4Nzk0MjglMjEzZDQzLjE4MTYwMDg2NDk2MTg4JTIxMm0zJTIxMWYwJTIxMmYwJTIxM2YwJTIxM20yJTIxMWkxMDI0JTIxMmk3NjglMjE0ZjEzLjElMjEzbTMlMjExbTIlMjExczB4ZDJlMjAyOGUzNDJkZDMzJTI1M0EweDQwNGY1ODI3M2NhZDQ1MCUyMTJzMjczMDAlMjUyMEd1aXRpcml6JTI1MkMlMjUyMEx1Z28lMjE1ZTAlMjEzbTIlMjExc2dsJTIxMnNlcyUyMTR2MTYyNDI5ODY4MjE4OSUyMTVtMiUyMTFzZ2wlMjEyc2VzJTIyJTIwd2lkdGglM0QlMjI2MDAlMjIlMjBoZWlnaHQlM0QlMjI0NTAlMjIlMjBzdHlsZSUzRCUyMmJvcmRlciUzQTAlM0IlMjIlMjBhbGxvd2Z1bGxzY3JlZW4lM0QlMjIlMjIlMjBsb2FkaW5nJTNEJTIybGF6eSUyMiUzRSUzQyUyRmlmcmFtZSUzRQ==\u00bb][\/vc_column_inner][\/vc_row_inner][\/vc_column][\/vc_row][vc_row foundry_padding=\u00bbpt0 pb0&#8243;][vc_column][vc_separator color=\u00bbcustom\u00bb accent_color=\u00bb#454455&#8243;][\/vc_column][\/vc_row][vc_row foundry_padding=\u00bbpt64 pb64&#8243;][vc_column][vc_row_inner][vc_column_inner el_class=\u00bbcol-boxed\u00bb][vc_column_text]<\/p>\n<h2 class=\"historia\">A NOSA HISTORIA<\/h2>\n<p>[\/vc_column_text][\/vc_column_inner][\/vc_row_inner][vc_row_inner][vc_column_inner el_class=\u00bbcol-boxed\u00bb width=\u00bb1\/2&#8243;][vc_column_text]Guitiriz f\u00fandase no s\u00e9culo VI, polo <a href=\"http:\/\/dbe.rah.es\/biografias\/6013\/witerico\" target=\"_blank\" rel=\"noopener\">rei suevo Witerico<\/a>; o cal bautiza a vila co seu propio nome.<\/p>\n<p>No ano <strong>1822<\/strong>, Galicia queda dividida en 4 provincias e dentro do Partido Xudicial de Vilalba e como parte da provincia de Lugo, quedaron inclu\u00eddos os concellos de <strong>Parga e Lagostelle<\/strong>.<\/p>\n<p>Poucos anos despois, un Real Decreto do 23 de xullo de 1835, estableceu novos concellos e distribu\u00edu as parroquias de cada un deles. Os concellos de Parga e Guitiriz quedaron con 12: Bec\u00edn, Lagostelle, Mariz, As Negradas, Santa Cruz, Santo Estevo, Santa Locaia, San Salvador, Roca, Trasparga, O Vilar e Os Vilares.[\/vc_column_text][\/vc_column_inner][vc_column_inner el_class=\u00bbcol-boxed\u00bb width=\u00bb1\/2&#8243;][vc_column_text]Pertencentes ao <strong>Concello de Baamonde<\/strong> estaban as parroquias de P\u00edgara, Sambreixo e Pedrafita. O Buriz e Labrada, foran parte da antiga provincia de Betanzos, foron adxudicadas a <strong>Vilalba<\/strong>.<\/p>\n<p>En <strong>1840<\/strong> supr\u00edmense parte dos concellos de Galicia e Parga e Guitiriz quedan unificados en un mesmo, o <strong>Concello de Trasparga<\/strong>, mentras que o Concello de Baamonde desapareceu. A este novo Concello asign\u00e1ronselle todas as parroquias actuais, ag\u00e1s Santa Mari\u00f1a, que se creou a finais do s\u00e9culo XIX.<\/p>\n<p>En <strong>1945<\/strong>, con sede xa na vila actual, o concello pasa a chamarse <strong>Guitiriz<\/strong>.[\/vc_column_text][\/vc_column_inner][\/vc_row_inner][\/vc_column][\/vc_row][vc_row foundry_background_style=\u00bbbg-secondary\u00bb foundry_padding=\u00bbpt64 pb64&#8243; el_class=\u00bbhidden\u00bb][vc_column][vc_column_text]<\/p>\n<h3 class=\"historia\">Adem\u00e1is&#8230;<\/h3>\n<p>[\/vc_column_text][vc_row_inner][vc_column_inner width=\u00bb1\/2&#8243;][vc_toggle title=\u00bbCulturas que deixaron pegada en Guitiriz\u00bb]Moitos son os recunchos desta vila que deixan constancia de que os suevos estiveron por aqu\u00ed, como son Mariz, Buriz, Amariz\u2026. A terminaci\u00f3n \u201ciz\u201d \u00e9 caracter\u00edstica de este pobo. Pero, non foron os \u00fanicos, varias poboaci\u00f3ns deixaron a s\u00faa pegada en Guitiriz:<\/p>\n<p>O \u201cXacemento da Pena Xiboi\u201d, por exemplo, de influencia <strong>epipaleol\u00edtica<\/strong> e datada do ano 5.000 A.C, \u00e9 unha enorme rocha que serviu como abrigo natural do primeiros poboadores destas terras. En 1990 foi declarado Ben de Interese Cultural pola Xunta de Galicia e os restos arqueol\u00f3xicos, atopados en 1994 nesta rocha, est\u00e1n expostos actualmente no <a href=\"https:\/\/viladonga.xunta.gal\/es\/visita\">Museo\u00a0de Viladonga en Castro de Rei<\/a>.<\/p>\n<p>A <strong>cultura megal\u00edtica<\/strong> deixou pegada con monumentos f\u00fanebres como as m\u00e1moas, medorras ou modias. As\u00ed mesmo, a <strong>cultura castrexa<\/strong> deixou unha forte impronta no noso pobo. Os nosos castros te\u00f1en forma circular ou oval e, en moitos casos, te\u00f1en antecastros con funci\u00f3n defensiva e de cobixo para os animais.<\/p>\n<p>Sen embargo, a presenza m\u00e1is significativa, e tam\u00e9n m\u00e1is presente no entorno, \u00e9 a dos <strong>Romanos<\/strong>. Estas terras foron lugar de paso da v\u00eda romana que un\u00eda Lucus Augusti con Brigantia.[\/vc_toggle][\/vc_column_inner][vc_column_inner width=\u00bb1\/2&#8243;][vc_toggle title=\u00bbInfluencias Monarcais\u00bb]Na <strong>Idade Media<\/strong> chegan as influencias Monarcais, quedando as distintas terras de Guitiriz supeditadas \u00f3s mosteiros, as\u00ed Mariz, Negradas, Sambreixo e Santa Leocadia pertenc\u00edan \u00f3 <strong>Mosteiro de Sobrado<\/strong> e as parroquias de Labrada, Buriz e Os Vilares \u00f3 <strong>Mosteiro de Monfero<\/strong>.<\/p>\n<p>S\u00e1bese que no <strong>s\u00e9culo XIX<\/strong> o cami\u00f1o que se dirix\u00eda desde Guitiriz cara a Curtis pod\u00eda ser obxectivo de bandidos ou asaltadores, por iso, no reinado de Isabel II (1833-1868) constru\u00eduse na vila guitiricense un edificio para os viaxeiros puideran facer noite. Dita construci\u00f3n serviu tam\u00e9n para cobrar a portaxe.[\/vc_toggle][\/vc_column_inner][\/vc_row_inner][\/vc_column][\/vc_row]<\/p>\n","protected":false},"excerpt":{"rendered":"<p>[vc_row foundry_padding=\u00bbpt64 pb64&#8243;][vc_column][vc_column_text] Co\u00f1ece Guitiriz [\/vc_column_text][vc_row_inner][vc_column_inner el_class=\u00bbcol-boxed\u00bb][vc_column_text] SITUACI\u00d3N [\/vc_column_text][\/vc_column_inner][\/vc_row_inner][vc_row_inner][vc_column_inner el_class=\u00bbcol-boxed\u00bb width=\u00bb1\/2&#8243;][vc_column_text]O Concello de Guitiriz pertence \u00e1 provincia de Lugo e \u00e1&#8230;<\/p>\n","protected":false},"author":1,"featured_media":0,"parent":0,"menu_order":0,"comment_status":"closed","ping_status":"closed","template":"","meta":{"footnotes":"","_links_to":"","_links_to_target":""},"class_list":["post-1103","page","type-page","status-publish","hentry"],"yoast_head":"<!-- This site is optimized with the Yoast SEO plugin v19.13 - https:\/\/yoast.com\/wordpress\/plugins\/seo\/ -->\n<title>Co\u00f1ece Guitiriz | Turismo de Guitiriz<\/title>\n<meta name=\"robots\" content=\"index, follow, max-snippet:-1, max-image-preview:large, max-video-preview:-1\" \/>\n<link rel=\"canonical\" href=\"https:\/\/turismo.concellodeguitiriz.com\/es\/guitiriz\/\" \/>\n<meta property=\"og:locale\" content=\"es_ES\" \/>\n<meta property=\"og:type\" content=\"article\" \/>\n<meta property=\"og:title\" content=\"Co\u00f1ece Guitiriz | Turismo de Guitiriz\" \/>\n<meta property=\"og:description\" content=\"[vc_row foundry_padding=\u00bbpt64 pb64&#8243;][vc_column][vc_column_text] Co\u00f1ece Guitiriz [\/vc_column_text][vc_row_inner][vc_column_inner el_class=\u00bbcol-boxed\u00bb][vc_column_text] SITUACI\u00d3N [\/vc_column_text][\/vc_column_inner][\/vc_row_inner][vc_row_inner][vc_column_inner el_class=\u00bbcol-boxed\u00bb width=\u00bb1\/2&#8243;][vc_column_text]O Concello de Guitiriz pertence \u00e1 provincia de Lugo e \u00e1...\" \/>\n<meta property=\"og:url\" content=\"https:\/\/turismo.concellodeguitiriz.com\/es\/guitiriz\/\" \/>\n<meta property=\"og:site_name\" content=\"Turismo de Guitiriz\" \/>\n<meta property=\"article:publisher\" content=\"https:\/\/www.facebook.com\/concellodeguitiriz\/\" \/>\n<meta name=\"twitter:card\" content=\"summary_large_image\" \/>\n<meta name=\"twitter:label1\" content=\"Tiempo de lectura\" \/>\n\t<meta name=\"twitter:data1\" content=\"5 minutos\" \/>\n<script type=\"application\/ld+json\" class=\"yoast-schema-graph\">{\"@context\":\"https:\/\/schema.org\",\"@graph\":[{\"@type\":\"WebPage\",\"@id\":\"https:\/\/turismo.concellodeguitiriz.com\/es\/guitiriz\/\",\"url\":\"https:\/\/turismo.concellodeguitiriz.com\/es\/guitiriz\/\",\"name\":\"Co\u00f1ece Guitiriz | Turismo de Guitiriz\",\"isPartOf\":{\"@id\":\"https:\/\/turismo.concellodeguitiriz.com\/#website\"},\"datePublished\":\"2021-06-21T17:30:02+00:00\",\"dateModified\":\"2021-06-21T17:30:02+00:00\",\"breadcrumb\":{\"@id\":\"https:\/\/turismo.concellodeguitiriz.com\/es\/guitiriz\/#breadcrumb\"},\"inLanguage\":\"es\",\"potentialAction\":[{\"@type\":\"ReadAction\",\"target\":[\"https:\/\/turismo.concellodeguitiriz.com\/es\/guitiriz\/\"]}]},{\"@type\":\"BreadcrumbList\",\"@id\":\"https:\/\/turismo.concellodeguitiriz.com\/es\/guitiriz\/#breadcrumb\",\"itemListElement\":[{\"@type\":\"ListItem\",\"position\":1,\"name\":\"Portada\",\"item\":\"https:\/\/turismo.concellodeguitiriz.com\/es\/\"},{\"@type\":\"ListItem\",\"position\":2,\"name\":\"Co\u00f1ece Guitiriz\"}]},{\"@type\":\"WebSite\",\"@id\":\"https:\/\/turismo.concellodeguitiriz.com\/#website\",\"url\":\"https:\/\/turismo.concellodeguitiriz.com\/\",\"name\":\"Turismo de Guitiriz\",\"description\":\"Concello de Guitiriz\",\"publisher\":{\"@id\":\"https:\/\/turismo.concellodeguitiriz.com\/#organization\"},\"potentialAction\":[{\"@type\":\"SearchAction\",\"target\":{\"@type\":\"EntryPoint\",\"urlTemplate\":\"https:\/\/turismo.concellodeguitiriz.com\/?s={search_term_string}\"},\"query-input\":\"required name=search_term_string\"}],\"inLanguage\":\"es\"},{\"@type\":\"Organization\",\"@id\":\"https:\/\/turismo.concellodeguitiriz.com\/#organization\",\"name\":\"Turismo Guitiriz\",\"url\":\"https:\/\/turismo.concellodeguitiriz.com\/\",\"logo\":{\"@type\":\"ImageObject\",\"inLanguage\":\"es\",\"@id\":\"https:\/\/turismo.concellodeguitiriz.com\/#\/schema\/logo\/image\/\",\"url\":\"https:\/\/turismo.concellodeguitiriz.com\/wp-content\/uploads\/2021\/06\/g-turismo-logopos.png\",\"contentUrl\":\"https:\/\/turismo.concellodeguitiriz.com\/wp-content\/uploads\/2021\/06\/g-turismo-logopos.png\",\"width\":2001,\"height\":1024,\"caption\":\"Turismo Guitiriz\"},\"image\":{\"@id\":\"https:\/\/turismo.concellodeguitiriz.com\/#\/schema\/logo\/image\/\"},\"sameAs\":[\"https:\/\/www.instagram.com\/guitirizigualdade\/\",\"https:\/\/www.facebook.com\/concellodeguitiriz\/\"]}]}<\/script>\n<!-- \/ Yoast SEO plugin. -->","yoast_head_json":{"title":"Co\u00f1ece Guitiriz | Turismo de Guitiriz","robots":{"index":"index","follow":"follow","max-snippet":"max-snippet:-1","max-image-preview":"max-image-preview:large","max-video-preview":"max-video-preview:-1"},"canonical":"https:\/\/turismo.concellodeguitiriz.com\/es\/guitiriz\/","og_locale":"es_ES","og_type":"article","og_title":"Co\u00f1ece Guitiriz | Turismo de Guitiriz","og_description":"[vc_row foundry_padding=\u00bbpt64 pb64&#8243;][vc_column][vc_column_text] Co\u00f1ece Guitiriz [\/vc_column_text][vc_row_inner][vc_column_inner el_class=\u00bbcol-boxed\u00bb][vc_column_text] SITUACI\u00d3N [\/vc_column_text][\/vc_column_inner][\/vc_row_inner][vc_row_inner][vc_column_inner el_class=\u00bbcol-boxed\u00bb width=\u00bb1\/2&#8243;][vc_column_text]O Concello de Guitiriz pertence \u00e1 provincia de Lugo e \u00e1...","og_url":"https:\/\/turismo.concellodeguitiriz.com\/es\/guitiriz\/","og_site_name":"Turismo de Guitiriz","article_publisher":"https:\/\/www.facebook.com\/concellodeguitiriz\/","twitter_card":"summary_large_image","twitter_misc":{"Tiempo de lectura":"5 minutos"},"schema":{"@context":"https:\/\/schema.org","@graph":[{"@type":"WebPage","@id":"https:\/\/turismo.concellodeguitiriz.com\/es\/guitiriz\/","url":"https:\/\/turismo.concellodeguitiriz.com\/es\/guitiriz\/","name":"Co\u00f1ece Guitiriz | Turismo de Guitiriz","isPartOf":{"@id":"https:\/\/turismo.concellodeguitiriz.com\/#website"},"datePublished":"2021-06-21T17:30:02+00:00","dateModified":"2021-06-21T17:30:02+00:00","breadcrumb":{"@id":"https:\/\/turismo.concellodeguitiriz.com\/es\/guitiriz\/#breadcrumb"},"inLanguage":"es","potentialAction":[{"@type":"ReadAction","target":["https:\/\/turismo.concellodeguitiriz.com\/es\/guitiriz\/"]}]},{"@type":"BreadcrumbList","@id":"https:\/\/turismo.concellodeguitiriz.com\/es\/guitiriz\/#breadcrumb","itemListElement":[{"@type":"ListItem","position":1,"name":"Portada","item":"https:\/\/turismo.concellodeguitiriz.com\/es\/"},{"@type":"ListItem","position":2,"name":"Co\u00f1ece Guitiriz"}]},{"@type":"WebSite","@id":"https:\/\/turismo.concellodeguitiriz.com\/#website","url":"https:\/\/turismo.concellodeguitiriz.com\/","name":"Turismo de Guitiriz","description":"Concello de Guitiriz","publisher":{"@id":"https:\/\/turismo.concellodeguitiriz.com\/#organization"},"potentialAction":[{"@type":"SearchAction","target":{"@type":"EntryPoint","urlTemplate":"https:\/\/turismo.concellodeguitiriz.com\/?s={search_term_string}"},"query-input":"required name=search_term_string"}],"inLanguage":"es"},{"@type":"Organization","@id":"https:\/\/turismo.concellodeguitiriz.com\/#organization","name":"Turismo Guitiriz","url":"https:\/\/turismo.concellodeguitiriz.com\/","logo":{"@type":"ImageObject","inLanguage":"es","@id":"https:\/\/turismo.concellodeguitiriz.com\/#\/schema\/logo\/image\/","url":"https:\/\/turismo.concellodeguitiriz.com\/wp-content\/uploads\/2021\/06\/g-turismo-logopos.png","contentUrl":"https:\/\/turismo.concellodeguitiriz.com\/wp-content\/uploads\/2021\/06\/g-turismo-logopos.png","width":2001,"height":1024,"caption":"Turismo Guitiriz"},"image":{"@id":"https:\/\/turismo.concellodeguitiriz.com\/#\/schema\/logo\/image\/"},"sameAs":["https:\/\/www.instagram.com\/guitirizigualdade\/","https:\/\/www.facebook.com\/concellodeguitiriz\/"]}]}},"_links":{"self":[{"href":"https:\/\/turismo.concellodeguitiriz.com\/es\/wp-json\/wp\/v2\/pages\/1103","targetHints":{"allow":["GET"]}}],"collection":[{"href":"https:\/\/turismo.concellodeguitiriz.com\/es\/wp-json\/wp\/v2\/pages"}],"about":[{"href":"https:\/\/turismo.concellodeguitiriz.com\/es\/wp-json\/wp\/v2\/types\/page"}],"author":[{"embeddable":true,"href":"https:\/\/turismo.concellodeguitiriz.com\/es\/wp-json\/wp\/v2\/users\/1"}],"replies":[{"embeddable":true,"href":"https:\/\/turismo.concellodeguitiriz.com\/es\/wp-json\/wp\/v2\/comments?post=1103"}],"version-history":[{"count":1,"href":"https:\/\/turismo.concellodeguitiriz.com\/es\/wp-json\/wp\/v2\/pages\/1103\/revisions"}],"predecessor-version":[{"id":1106,"href":"https:\/\/turismo.concellodeguitiriz.com\/es\/wp-json\/wp\/v2\/pages\/1103\/revisions\/1106"}],"wp:attachment":[{"href":"https:\/\/turismo.concellodeguitiriz.com\/es\/wp-json\/wp\/v2\/media?parent=1103"}],"curies":[{"name":"wp","href":"https:\/\/api.w.org\/{rel}","templated":true}]}}