{"id":1325,"date":"2024-03-14T11:58:35","date_gmt":"2024-03-14T11:58:35","guid":{"rendered":"https:\/\/turismo.concellodeguitiriz.com\/rutas\/ruta-do-rio-requeixo-2\/"},"modified":"2024-03-15T10:10:06","modified_gmt":"2024-03-15T10:10:06","slug":"ruta-do-rio-requeixo","status":"publish","type":"page","link":"https:\/\/turismo.concellodeguitiriz.com\/es\/rutas\/ruta-do-rio-requeixo\/","title":{"rendered":"Ruta do R\u00edo Requeixo"},"content":{"rendered":"<p>[vc_row foundry_background_style=\u00bbbg-primary\u00bb foundry_padding=\u00bbpt64 pb64&#8243;][vc_column][vc_column_text]<\/p>\n<h1 class=\"historia\" style=\"text-align: center;\">Ruta do R\u00edo Requeixo<\/h1>\n<p>[\/vc_column_text][vc_row_inner][vc_column_inner width=\u00bb2\/3&#8243; offset=\u00bbvc_col-lg-offset-2 vc_col-md-offset-2&#8243;][vc_column_text]A <strong>Ruta do R\u00edo Requeixo<\/strong> in\u00edciase na Ponte de Roca a e de seguindo introd\u00facese en sendeiros de pescadores, sempre a beira do r\u00edo Requeixo, ata chegar \u00e1 Ponte do Porto dos Bois.[\/vc_column_text][\/vc_column_inner][\/vc_row_inner][\/vc_column][\/vc_row][vc_row foundry_padding=\u00bbpb0&#8243;][vc_column][vc_row_inner el_class=\u00bbico-rutas hidden-xs hidden-sm\u00bb][vc_column_inner width=\u00bb1\/3&#8243;][vc_single_image image=\u00bb83&#8243; img_size=\u00bbfull\u00bb alignment=\u00bbcenter\u00bb el_class=\u00bbico\u00bb][vc_column_text]<\/p>\n<p style=\"text-align: center;\">Nivel de dificultade<\/p>\n<p style=\"text-align: center;\"><strong class=\"dificultad baja\">&#8211;<\/strong><\/p>\n<p>[\/vc_column_text][\/vc_column_inner][vc_column_inner width=\u00bb1\/3&#8243;][vc_single_image image=\u00bb85&#8243; img_size=\u00bbfull\u00bb alignment=\u00bbcenter\u00bb el_class=\u00bbico\u00bb][vc_column_text]<\/p>\n<p style=\"text-align: center;\">Tempo<\/p>\n<p style=\"text-align: center;\"><strong>2:20h<\/strong><\/p>\n<p>[\/vc_column_text][\/vc_column_inner][vc_column_inner width=\u00bb1\/3&#8243;][vc_single_image image=\u00bb81&#8243; img_size=\u00bbfull\u00bb alignment=\u00bbcenter\u00bb el_class=\u00bbico\u00bb][vc_column_text]<\/p>\n<p style=\"text-align: center;\">Distancia<\/p>\n<p style=\"text-align: center;\"><strong>9,1km<\/strong><\/p>\n<p>[\/vc_column_text][\/vc_column_inner][\/vc_row_inner][vc_row_inner equal_height=\u00bbyes\u00bb content_placement=\u00bbmiddle\u00bb el_class=\u00bbinfo-rutas visible-xs visible-sm\u00bb][vc_column_inner width=\u00bb1\/4&#8243; offset=\u00bbvc_col-xs-3&#8243;][vc_single_image image=\u00bb83&#8243; img_size=\u00bbfull\u00bb alignment=\u00bbcenter\u00bb el_class=\u00bbico\u00bb][\/vc_column_inner][vc_column_inner width=\u00bb3\/4&#8243; offset=\u00bbvc_col-xs-9&#8243;][vc_column_text]<\/p>\n<p style=\"text-align: left;\">Nivel de dificultade: <strong>&#8211;<\/strong><\/p>\n<p>[\/vc_column_text][\/vc_column_inner][\/vc_row_inner][vc_row_inner equal_height=\u00bbyes\u00bb content_placement=\u00bbmiddle\u00bb el_class=\u00bbinfo-rutas visible-xs visible-sm\u00bb][vc_column_inner width=\u00bb1\/4&#8243; offset=\u00bbvc_col-xs-3&#8243;][vc_single_image image=\u00bb85&#8243; img_size=\u00bbfull\u00bb alignment=\u00bbcenter\u00bb el_class=\u00bbico\u00bb][\/vc_column_inner][vc_column_inner width=\u00bb3\/4&#8243; offset=\u00bbvc_col-xs-9&#8243;][vc_column_text]<\/p>\n<p style=\"text-align: left;\">Tempo: <strong>2:20h<\/strong><\/p>\n<p>[\/vc_column_text][\/vc_column_inner][\/vc_row_inner][vc_row_inner equal_height=\u00bbyes\u00bb content_placement=\u00bbmiddle\u00bb el_class=\u00bbinfo-rutas visible-xs visible-sm\u00bb][vc_column_inner width=\u00bb1\/4&#8243; offset=\u00bbvc_col-xs-3&#8243;][vc_single_image image=\u00bb81&#8243; img_size=\u00bbfull\u00bb alignment=\u00bbcenter\u00bb el_class=\u00bbico\u00bb][\/vc_column_inner][vc_column_inner width=\u00bb3\/4&#8243; offset=\u00bbvc_col-xs-9&#8243;][vc_column_text]<\/p>\n<p style=\"text-align: left;\">Distancia: <strong>9,1km<\/strong><\/p>\n<p>[\/vc_column_text][\/vc_column_inner][\/vc_row_inner][\/vc_column][\/vc_row][vc_row foundry_padding=\u00bbpt64 pb64&#8243;][vc_column][vc_row_inner][vc_column_inner width=\u00bb2\/3&#8243; offset=\u00bbvc_col-lg-offset-2 vc_col-md-offset-2&#8243;][vc_column_text]Percorrendo esta ruta poder\u00e1s gozar dun entorno natural excelente, onde a man do home axudou a manter tanto a flora como a fauna aut\u00f3ctona intacta.[\/vc_column_text][vc_column_text el_class=\u00bbhidden-xs hidde-sm\u00bb]Adem\u00e1is, gran cantidade de aves acompa\u00f1ar\u00e1n cos seus sons o ru\u00eddo que fai a auga \u00f3 bater coas pedras que salpican o cauce do r\u00edo.[\/vc_column_text][\/vc_column_inner][\/vc_row_inner][\/vc_column][\/vc_row][vc_row foundry_background_style=\u00bbbg-secondary\u00bb foundry_padding=\u00bbpt0 pb0&#8243; el_class=\u00bbprefooter\u00bb][vc_column][vc_row_inner][vc_column_inner width=\u00bb2\/3&#8243; offset=\u00bbvc_col-lg-offset-2 vc_col-md-offset-2&#8243;][vc_column_text]<\/p>\n<h5>Se necesitas m\u00e1is informaci\u00f3n, ponte en contacto con n\u00f3s e estaremos encantados de mostrarche todos os recunchos desta ruta.<\/h5>\n<p style=\"text-align: center;\"><a class=\"btn\" href=\"https:\/\/turismo.concellodeguitiriz.com\/es\/contacto\/\">Contacto<\/a><\/p>\n<p>[\/vc_column_text][\/vc_column_inner][\/vc_row_inner][\/vc_column][\/vc_row][vc_row][vc_column width=\u00bb1\/2&#8243;][vc_single_image image=\u00bb1291&#8243; img_size=\u00bbfull\u00bb][\/vc_column][vc_column width=\u00bb1\/2&#8243;][vc_single_image image=\u00bb1294&#8243; img_size=\u00bbfull\u00bb][\/vc_column][\/vc_row]<\/p>\n","protected":false},"excerpt":{"rendered":"<p>[vc_row foundry_background_style=\u00bbbg-primary\u00bb foundry_padding=\u00bbpt64 pb64&#8243;][vc_column][vc_column_text] Ruta do R\u00edo Requeixo [\/vc_column_text][vc_row_inner][vc_column_inner width=\u00bb2\/3&#8243; offset=\u00bbvc_col-lg-offset-2 vc_col-md-offset-2&#8243;][vc_column_text]A Ruta do R\u00edo Requeixo in\u00edciase na Ponte de Roca&#8230;<\/p>\n","protected":false},"author":1,"featured_media":0,"parent":880,"menu_order":0,"comment_status":"closed","ping_status":"closed","template":"","meta":{"footnotes":"","_links_to":"","_links_to_target":""},"class_list":["post-1325","page","type-page","status-publish","hentry"],"yoast_head":"<!-- This site is optimized with the Yoast SEO plugin v19.13 - https:\/\/yoast.com\/wordpress\/plugins\/seo\/ -->\n<title>Ruta do R\u00edo Requeixo | Turismo de Guitiriz<\/title>\n<meta name=\"description\" content=\"A Ruta da Auga e da Pedra in\u00edciase nos Sete Mu\u00ed\u00f1os e contin\u00faa pola marxe dereita do R\u00edo Esc\u00e1debas ata a aldea de As Esc\u00e1debas, por donde retorna \u00e1 s\u00faa orixe por un cami\u00f1o de terra.\" \/>\n<meta name=\"robots\" content=\"index, follow, max-snippet:-1, max-image-preview:large, max-video-preview:-1\" \/>\n<link rel=\"canonical\" href=\"https:\/\/turismo.concellodeguitiriz.com\/es\/rutas\/ruta-do-rio-requeixo\/\" \/>\n<meta property=\"og:locale\" content=\"es_ES\" \/>\n<meta property=\"og:type\" content=\"article\" \/>\n<meta property=\"og:title\" content=\"Ruta da Auga e da Pedra | Turismo de Guitiriz\" \/>\n<meta property=\"og:description\" content=\"A Ruta da Auga e da Pedra in\u00edciase nos Sete Mu\u00ed\u00f1os e contin\u00faa pola marxe dereita do R\u00edo Esc\u00e1debas ata a aldea de As Esc\u00e1debas, por donde retorna \u00e1 s\u00faa orixe por un cami\u00f1o de terra.\" \/>\n<meta property=\"og:url\" content=\"https:\/\/turismo.concellodeguitiriz.com\/es\/rutas\/ruta-do-rio-requeixo\/\" \/>\n<meta property=\"og:site_name\" content=\"Turismo de Guitiriz\" \/>\n<meta property=\"article:publisher\" content=\"https:\/\/www.facebook.com\/concellodeguitiriz\/\" \/>\n<meta property=\"article:modified_time\" content=\"2024-03-15T10:10:06+00:00\" \/>\n<meta name=\"twitter:card\" content=\"summary_large_image\" \/>\n<meta name=\"twitter:title\" content=\"Ruta da Auga e da Pedra | Turismo de Guitiriz\" \/>\n<meta name=\"twitter:description\" content=\"A Ruta da Auga e da Pedra in\u00edciase nos Sete Mu\u00ed\u00f1os e contin\u00faa pola marxe dereita do R\u00edo Esc\u00e1debas ata a aldea de As Esc\u00e1debas, por donde retorna \u00e1 s\u00faa orixe por un cami\u00f1o de terra.\" \/>\n<meta name=\"twitter:label1\" content=\"Tiempo de lectura\" \/>\n\t<meta name=\"twitter:data1\" content=\"2 minutos\" \/>\n<script type=\"application\/ld+json\" class=\"yoast-schema-graph\">{\"@context\":\"https:\/\/schema.org\",\"@graph\":[{\"@type\":\"WebPage\",\"@id\":\"https:\/\/turismo.concellodeguitiriz.com\/es\/rutas\/ruta-do-rio-requeixo\/\",\"url\":\"https:\/\/turismo.concellodeguitiriz.com\/es\/rutas\/ruta-do-rio-requeixo\/\",\"name\":\"Ruta do R\u00edo Requeixo | Turismo de Guitiriz\",\"isPartOf\":{\"@id\":\"https:\/\/turismo.concellodeguitiriz.com\/#website\"},\"datePublished\":\"2024-03-14T11:58:35+00:00\",\"dateModified\":\"2024-03-15T10:10:06+00:00\",\"description\":\"A Ruta da Auga e da Pedra in\u00edciase nos Sete Mu\u00ed\u00f1os e contin\u00faa pola marxe dereita do R\u00edo Esc\u00e1debas ata a aldea de As Esc\u00e1debas, por donde retorna \u00e1 s\u00faa orixe por un cami\u00f1o de terra.\",\"breadcrumb\":{\"@id\":\"https:\/\/turismo.concellodeguitiriz.com\/es\/rutas\/ruta-do-rio-requeixo\/#breadcrumb\"},\"inLanguage\":\"es\",\"potentialAction\":[{\"@type\":\"ReadAction\",\"target\":[\"https:\/\/turismo.concellodeguitiriz.com\/es\/rutas\/ruta-do-rio-requeixo\/\"]}]},{\"@type\":\"BreadcrumbList\",\"@id\":\"https:\/\/turismo.concellodeguitiriz.com\/es\/rutas\/ruta-do-rio-requeixo\/#breadcrumb\",\"itemListElement\":[{\"@type\":\"ListItem\",\"position\":1,\"name\":\"Portada\",\"item\":\"https:\/\/turismo.concellodeguitiriz.com\/es\/\"},{\"@type\":\"ListItem\",\"position\":2,\"name\":\"Rutas\",\"item\":\"https:\/\/turismo.concellodeguitiriz.com\/es\/rutas\/\"},{\"@type\":\"ListItem\",\"position\":3,\"name\":\"Ruta do R\u00edo Requeixo\"}]},{\"@type\":\"WebSite\",\"@id\":\"https:\/\/turismo.concellodeguitiriz.com\/#website\",\"url\":\"https:\/\/turismo.concellodeguitiriz.com\/\",\"name\":\"Turismo de Guitiriz\",\"description\":\"Concello de Guitiriz\",\"publisher\":{\"@id\":\"https:\/\/turismo.concellodeguitiriz.com\/#organization\"},\"potentialAction\":[{\"@type\":\"SearchAction\",\"target\":{\"@type\":\"EntryPoint\",\"urlTemplate\":\"https:\/\/turismo.concellodeguitiriz.com\/?s={search_term_string}\"},\"query-input\":\"required name=search_term_string\"}],\"inLanguage\":\"es\"},{\"@type\":\"Organization\",\"@id\":\"https:\/\/turismo.concellodeguitiriz.com\/#organization\",\"name\":\"Turismo Guitiriz\",\"url\":\"https:\/\/turismo.concellodeguitiriz.com\/\",\"logo\":{\"@type\":\"ImageObject\",\"inLanguage\":\"es\",\"@id\":\"https:\/\/turismo.concellodeguitiriz.com\/#\/schema\/logo\/image\/\",\"url\":\"https:\/\/turismo.concellodeguitiriz.com\/wp-content\/uploads\/2021\/06\/g-turismo-logopos.png\",\"contentUrl\":\"https:\/\/turismo.concellodeguitiriz.com\/wp-content\/uploads\/2021\/06\/g-turismo-logopos.png\",\"width\":2001,\"height\":1024,\"caption\":\"Turismo Guitiriz\"},\"image\":{\"@id\":\"https:\/\/turismo.concellodeguitiriz.com\/#\/schema\/logo\/image\/\"},\"sameAs\":[\"https:\/\/www.instagram.com\/guitirizigualdade\/\",\"https:\/\/www.facebook.com\/concellodeguitiriz\/\"]}]}<\/script>\n<!-- \/ Yoast SEO plugin. -->","yoast_head_json":{"title":"Ruta do R\u00edo Requeixo | Turismo de Guitiriz","description":"A Ruta da Auga e da Pedra in\u00edciase nos Sete Mu\u00ed\u00f1os e contin\u00faa pola marxe dereita do R\u00edo Esc\u00e1debas ata a aldea de As Esc\u00e1debas, por donde retorna \u00e1 s\u00faa orixe por un cami\u00f1o de terra.","robots":{"index":"index","follow":"follow","max-snippet":"max-snippet:-1","max-image-preview":"max-image-preview:large","max-video-preview":"max-video-preview:-1"},"canonical":"https:\/\/turismo.concellodeguitiriz.com\/es\/rutas\/ruta-do-rio-requeixo\/","og_locale":"es_ES","og_type":"article","og_title":"Ruta da Auga e da Pedra | Turismo de Guitiriz","og_description":"A Ruta da Auga e da Pedra in\u00edciase nos Sete Mu\u00ed\u00f1os e contin\u00faa pola marxe dereita do R\u00edo Esc\u00e1debas ata a aldea de As Esc\u00e1debas, por donde retorna \u00e1 s\u00faa orixe por un cami\u00f1o de terra.","og_url":"https:\/\/turismo.concellodeguitiriz.com\/es\/rutas\/ruta-do-rio-requeixo\/","og_site_name":"Turismo de Guitiriz","article_publisher":"https:\/\/www.facebook.com\/concellodeguitiriz\/","article_modified_time":"2024-03-15T10:10:06+00:00","twitter_card":"summary_large_image","twitter_title":"Ruta da Auga e da Pedra | Turismo de Guitiriz","twitter_description":"A Ruta da Auga e da Pedra in\u00edciase nos Sete Mu\u00ed\u00f1os e contin\u00faa pola marxe dereita do R\u00edo Esc\u00e1debas ata a aldea de As Esc\u00e1debas, por donde retorna \u00e1 s\u00faa orixe por un cami\u00f1o de terra.","twitter_misc":{"Tiempo de lectura":"2 minutos"},"schema":{"@context":"https:\/\/schema.org","@graph":[{"@type":"WebPage","@id":"https:\/\/turismo.concellodeguitiriz.com\/es\/rutas\/ruta-do-rio-requeixo\/","url":"https:\/\/turismo.concellodeguitiriz.com\/es\/rutas\/ruta-do-rio-requeixo\/","name":"Ruta do R\u00edo Requeixo | Turismo de Guitiriz","isPartOf":{"@id":"https:\/\/turismo.concellodeguitiriz.com\/#website"},"datePublished":"2024-03-14T11:58:35+00:00","dateModified":"2024-03-15T10:10:06+00:00","description":"A Ruta da Auga e da Pedra in\u00edciase nos Sete Mu\u00ed\u00f1os e contin\u00faa pola marxe dereita do R\u00edo Esc\u00e1debas ata a aldea de As Esc\u00e1debas, por donde retorna \u00e1 s\u00faa orixe por un cami\u00f1o de terra.","breadcrumb":{"@id":"https:\/\/turismo.concellodeguitiriz.com\/es\/rutas\/ruta-do-rio-requeixo\/#breadcrumb"},"inLanguage":"es","potentialAction":[{"@type":"ReadAction","target":["https:\/\/turismo.concellodeguitiriz.com\/es\/rutas\/ruta-do-rio-requeixo\/"]}]},{"@type":"BreadcrumbList","@id":"https:\/\/turismo.concellodeguitiriz.com\/es\/rutas\/ruta-do-rio-requeixo\/#breadcrumb","itemListElement":[{"@type":"ListItem","position":1,"name":"Portada","item":"https:\/\/turismo.concellodeguitiriz.com\/es\/"},{"@type":"ListItem","position":2,"name":"Rutas","item":"https:\/\/turismo.concellodeguitiriz.com\/es\/rutas\/"},{"@type":"ListItem","position":3,"name":"Ruta do R\u00edo Requeixo"}]},{"@type":"WebSite","@id":"https:\/\/turismo.concellodeguitiriz.com\/#website","url":"https:\/\/turismo.concellodeguitiriz.com\/","name":"Turismo de Guitiriz","description":"Concello de Guitiriz","publisher":{"@id":"https:\/\/turismo.concellodeguitiriz.com\/#organization"},"potentialAction":[{"@type":"SearchAction","target":{"@type":"EntryPoint","urlTemplate":"https:\/\/turismo.concellodeguitiriz.com\/?s={search_term_string}"},"query-input":"required name=search_term_string"}],"inLanguage":"es"},{"@type":"Organization","@id":"https:\/\/turismo.concellodeguitiriz.com\/#organization","name":"Turismo Guitiriz","url":"https:\/\/turismo.concellodeguitiriz.com\/","logo":{"@type":"ImageObject","inLanguage":"es","@id":"https:\/\/turismo.concellodeguitiriz.com\/#\/schema\/logo\/image\/","url":"https:\/\/turismo.concellodeguitiriz.com\/wp-content\/uploads\/2021\/06\/g-turismo-logopos.png","contentUrl":"https:\/\/turismo.concellodeguitiriz.com\/wp-content\/uploads\/2021\/06\/g-turismo-logopos.png","width":2001,"height":1024,"caption":"Turismo Guitiriz"},"image":{"@id":"https:\/\/turismo.concellodeguitiriz.com\/#\/schema\/logo\/image\/"},"sameAs":["https:\/\/www.instagram.com\/guitirizigualdade\/","https:\/\/www.facebook.com\/concellodeguitiriz\/"]}]}},"_links":{"self":[{"href":"https:\/\/turismo.concellodeguitiriz.com\/es\/wp-json\/wp\/v2\/pages\/1325","targetHints":{"allow":["GET"]}}],"collection":[{"href":"https:\/\/turismo.concellodeguitiriz.com\/es\/wp-json\/wp\/v2\/pages"}],"about":[{"href":"https:\/\/turismo.concellodeguitiriz.com\/es\/wp-json\/wp\/v2\/types\/page"}],"author":[{"embeddable":true,"href":"https:\/\/turismo.concellodeguitiriz.com\/es\/wp-json\/wp\/v2\/users\/1"}],"replies":[{"embeddable":true,"href":"https:\/\/turismo.concellodeguitiriz.com\/es\/wp-json\/wp\/v2\/comments?post=1325"}],"version-history":[{"count":1,"href":"https:\/\/turismo.concellodeguitiriz.com\/es\/wp-json\/wp\/v2\/pages\/1325\/revisions"}],"predecessor-version":[{"id":1327,"href":"https:\/\/turismo.concellodeguitiriz.com\/es\/wp-json\/wp\/v2\/pages\/1325\/revisions\/1327"}],"up":[{"embeddable":true,"href":"https:\/\/turismo.concellodeguitiriz.com\/es\/wp-json\/wp\/v2\/pages\/880"}],"wp:attachment":[{"href":"https:\/\/turismo.concellodeguitiriz.com\/es\/wp-json\/wp\/v2\/media?parent=1325"}],"curies":[{"name":"wp","href":"https:\/\/api.w.org\/{rel}","templated":true}]}}