{"id":787,"date":"2021-06-23T13:29:24","date_gmt":"2021-06-23T13:29:24","guid":{"rendered":"https:\/\/turismo.concellodeguitiriz.com\/conece-guitiriz\/"},"modified":"2022-01-12T16:19:49","modified_gmt":"2022-01-12T16:19:49","slug":"conece-guitiriz","status":"publish","type":"page","link":"https:\/\/turismo.concellodeguitiriz.com\/es\/conece-guitiriz\/","title":{"rendered":"Conoce Guitiriz"},"content":{"rendered":"<p>[vc_row foundry_padding=\u00bbpt64 pb64&#8243;][vc_column][vc_column_text]<\/p>\n<h1 class=\"historia\" style=\"text-align: center;\">Conoce Guitiriz<\/h1>\n<p>[\/vc_column_text][vc_row_inner el_id=\u00bbsituacion\u00bb][vc_column_inner el_class=\u00bbcol-boxed\u00bb][vc_column_text]<\/p>\n<h2 class=\"historia\">SITUACI\u00d3N<\/h2>\n<p>[\/vc_column_text][\/vc_column_inner][\/vc_row_inner][vc_row_inner][vc_column_inner el_class=\u00bbcol-boxed\u00bb width=\u00bb1\/2&#8243;][vc_column_text]El Ayuntamiento de Guitiriz pertenece a la provincia de Lugo y a la <a href=\"https:\/\/www.turismo.gal\/que-visitar\/xeodestinos\/lugo-e-a-terra-cha\" target=\"_blank\" rel=\"noopener\">comarca de la Terra Ch\u00e1<\/a>. Esta villa termal, de 294 km\u00b2 de extensi\u00f3n, delimita con los ayuntamientos de Xermade, Vilalba, Begonte, Friol (de la provincia de Lugo); Sobrado, Curtis-Teixeiro, Aranga e Monfero (de la provincia de A Coru\u00f1a).<\/p>\n<p>El Ayuntamiento cuenta con m\u00e1s de 5.000 habitantes y se divide en <a href=\"https:\/\/turismo.concellodeguitiriz.com\/es\/parroquias\/\">18 parroquias<\/a> con un gran Patrimonio Hist\u00f3rico-Cultural.<\/p>\n<p>Guitiriz, el municipio del <strong>agua y la piedra<\/strong>, es considerada tambi\u00e9n como <strong>villa termal<\/strong>. Las fuentes de Pardi\u00f1as, Guitiriz y Parga son famosas por sus aguas medicinales; buenas para las dolencias de h\u00edgado, ri\u00f1ones, infecciones de la piel y trastornos digestivos. Mucha gente visita nuestro pueblo para disfrutar de ellas y del entorno natural en el que se sit\u00faan.<\/p>\n<p>Y como sabemos que el coraz\u00f3n se conquista por el est\u00f3mago, no puedes pasar por Guitiriz sin probar nuestra\u00a0<a href=\"\/es\/comer-dormir\/\">gastronom\u00eda<\/a> y sobre todo, nuestra <a href=\"\/es\/torta-maiz\">torta de ma\u00edz<\/a>.[\/vc_column_text][\/vc_column_inner][vc_column_inner width=\u00bb1\/2&#8243;][vc_gmaps link=\u00bb#E-8_JTNDaWZyYW1lJTIwc3JjJTNEJTIyaHR0cHMlM0ElMkYlMkZ3d3cuZ29vZ2xlLmNvbSUyRm1hcHMlMkZlbWJlZCUzRnBiJTNEJTIxMW0xOCUyMTFtMTIlMjExbTMlMjExZDIzMjc0LjYzNDM4ODQ3NDE5JTIxMmQtNy45MDc0MjU1MzU4Nzk0MjglMjEzZDQzLjE4MTYwMDg2NDk2MTg4JTIxMm0zJTIxMWYwJTIxMmYwJTIxM2YwJTIxM20yJTIxMWkxMDI0JTIxMmk3NjglMjE0ZjEzLjElMjEzbTMlMjExbTIlMjExczB4ZDJlMjAyOGUzNDJkZDMzJTI1M0EweDQwNGY1ODI3M2NhZDQ1MCUyMTJzMjczMDAlMjUyMEd1aXRpcml6JTI1MkMlMjUyMEx1Z28lMjE1ZTAlMjEzbTIlMjExc2dsJTIxMnNlcyUyMTR2MTYyNDI5ODY4MjE4OSUyMTVtMiUyMTFzZ2wlMjEyc2VzJTIyJTIwd2lkdGglM0QlMjI2MDAlMjIlMjBoZWlnaHQlM0QlMjI0NTAlMjIlMjBzdHlsZSUzRCUyMmJvcmRlciUzQTAlM0IlMjIlMjBhbGxvd2Z1bGxzY3JlZW4lM0QlMjIlMjIlMjBsb2FkaW5nJTNEJTIybGF6eSUyMiUzRSUzQyUyRmlmcmFtZSUzRQ==\u00bb][\/vc_column_inner][\/vc_row_inner][\/vc_column][\/vc_row][vc_row foundry_padding=\u00bbpt0 pb0&#8243;][vc_column][vc_separator color=\u00bbcustom\u00bb accent_color=\u00bb#454455&#8243;][\/vc_column][\/vc_row][vc_row foundry_padding=\u00bbpt64 pb64&#8243; el_id=\u00bbhistoria\u00bb][vc_column][vc_row_inner][vc_column_inner el_class=\u00bbcol-boxed\u00bb][vc_column_text]<\/p>\n<h2 class=\"historia\">NUESTRA HISTORIA<\/h2>\n<p>[\/vc_column_text][\/vc_column_inner][\/vc_row_inner][vc_row_inner][vc_column_inner el_class=\u00bbcol-boxed\u00bb width=\u00bb1\/2&#8243;][vc_column_text]Guitiriz se funda en el siglo VI, por el <a href=\"http:\/\/dbe.rah.es\/biografias\/6013\/witerico\" target=\"_blank\" rel=\"noopener\">rey suevo Witerico<\/a>; quien bautiza el pueblo con su propio nombre.<\/p>\n<p>En el a\u00f1o <strong>1822<\/strong>, Galicia queda dividida en 4 provincias y dentro del Partido Judicial de Vilalba y como parte de la provincia de Lugo, quedaron inclu\u00eddos los ayuntamientos de <strong>Parga y Lagostelle<\/strong>.<\/p>\n<p>Pocos a\u00f1os despu\u00e9s, un Real Decreto del 23 de julio de 1835, estableci\u00f3 nuevos ayuntamientos y dividi\u00f3 las parroquias de cada uno de ellos. Los ayuntamientos de Parga y Guitiriz se quedaron con 12: Bec\u00edn, Lagostelle, Mariz, As Negradas, Santa Cruz, Santo Estevo, Santa Leocaia, San Salvador, Roca, Trasparga, O Vilar y Os Vilares.[\/vc_column_text][\/vc_column_inner][vc_column_inner el_class=\u00bbcol-boxed\u00bb width=\u00bb1\/2&#8243;][vc_column_text]Pertenecientes al <strong>Ayuntamiento de Baamonde<\/strong> estaban las parroquias de P\u00edgara, Sambreixo y Pedrafita. O Buriz y Labrada, parte de la antigua provincia de Betanzos, fueron adjudicadas a <strong>Vilalba<\/strong>.<\/p>\n<p>En <strong>1840<\/strong> se suprimen parte de los ayuntamientos de Galicia, y Parga y Guitiriz quedan unificados en uno mismo, el <strong>Ayuntamiento de Traspara<\/strong>, mientras que el Ayuntamiento de Baamonde desapareci\u00f3. A este nuevo Ayuntamiento se le asignaron todas las parroquias actuales, excepto Santa Mari\u00f1a, que se cre\u00f3 a finales del siglo XIX.<\/p>\n<p>En <strong>1945<\/strong>, con sede ya en la villa actual, el ayuntamiento pasa a llamarse <strong>Guitiriz<\/strong>.[\/vc_column_text][\/vc_column_inner][\/vc_row_inner][\/vc_column][\/vc_row][vc_row full_width=\u00bbstretch_row_content_no_spaces\u00bb foundry_padding=\u00bbpt0&#8243; el_id=\u00bbrow-fotos\u00bb][vc_column width=\u00bb1\/4&#8243; offset=\u00bbvc_col-xs-6&#8243;][vc_single_image image=\u00bb431&#8243; img_size=\u00bbfull\u00bb alignment=\u00bbcenter\u00bb css_animation=\u00bbzoomIn\u00bb][\/vc_column][vc_column width=\u00bb1\/4&#8243; offset=\u00bbvc_col-xs-6&#8243;][vc_single_image image=\u00bb433&#8243; img_size=\u00bbfull\u00bb alignment=\u00bbcenter\u00bb css_animation=\u00bbzoomIn\u00bb][\/vc_column][vc_column width=\u00bb1\/4&#8243; offset=\u00bbvc_col-xs-6&#8243;][vc_single_image image=\u00bb435&#8243; img_size=\u00bbfull\u00bb alignment=\u00bbcenter\u00bb css_animation=\u00bbzoomIn\u00bb][\/vc_column][vc_column width=\u00bb1\/4&#8243; offset=\u00bbvc_col-xs-6&#8243;][vc_single_image image=\u00bb445&#8243; img_size=\u00bbfull\u00bb alignment=\u00bbcenter\u00bb css_animation=\u00bbzoomIn\u00bb][\/vc_column][vc_column width=\u00bb1\/4&#8243; offset=\u00bbvc_col-xs-6&#8243;][vc_single_image image=\u00bb443&#8243; img_size=\u00bbfull\u00bb alignment=\u00bbcenter\u00bb css_animation=\u00bbzoomIn\u00bb][\/vc_column][vc_column width=\u00bb1\/4&#8243; offset=\u00bbvc_col-xs-6&#8243;][vc_single_image image=\u00bb439&#8243; img_size=\u00bbfull\u00bb alignment=\u00bbcenter\u00bb css_animation=\u00bbzoomIn\u00bb][\/vc_column][vc_column width=\u00bb1\/4&#8243; offset=\u00bbvc_col-xs-6&#8243;][vc_single_image image=\u00bb441&#8243; img_size=\u00bbfull\u00bb alignment=\u00bbcenter\u00bb css_animation=\u00bbzoomIn\u00bb][\/vc_column][vc_column width=\u00bb1\/4&#8243; offset=\u00bbvc_col-xs-6&#8243;][vc_single_image image=\u00bb447&#8243; img_size=\u00bbfull\u00bb alignment=\u00bbcenter\u00bb css_animation=\u00bbzoomIn\u00bb][\/vc_column][\/vc_row][vc_row foundry_background_style=\u00bbbg-secondary\u00bb foundry_padding=\u00bbpt64 pb64&#8243; el_class=\u00bbhidden\u00bb][vc_column][vc_column_text]<\/p>\n<h3 class=\"historia\">Adem\u00e1is&#8230;<\/h3>\n<p>[\/vc_column_text][vc_row_inner][vc_column_inner width=\u00bb1\/2&#8243;][vc_toggle title=\u00bbCulturas que deixaron pegada en Guitiriz\u00bb]Moitos son os recunchos desta vila que deixan constancia de que os suevos estiveron por aqu\u00ed, como son Mariz, Buriz, Amariz\u2026. A terminaci\u00f3n \u201ciz\u201d \u00e9 caracter\u00edstica de este pobo. Pero, non foron os \u00fanicos, varias poboaci\u00f3ns deixaron a s\u00faa pegada en Guitiriz:<\/p>\n<p>O \u201cXacemento da Pena Xiboi\u201d, por exemplo, de influencia <strong>epipaleol\u00edtica<\/strong> e datada do ano 5.000 A.C, \u00e9 unha enorme rocha que serviu como abrigo natural do primeiros poboadores destas terras. En 1990 foi declarado Ben de Interese Cultural pola Xunta de Galicia e os restos arqueol\u00f3xicos, atopados en 1994 nesta rocha, est\u00e1n expostos actualmente no <a href=\"https:\/\/viladonga.xunta.gal\/es\/visita\">Museo\u00a0de Viladonga en Castro de Rei<\/a>.<\/p>\n<p>A <strong>cultura megal\u00edtica<\/strong> deixou pegada con monumentos f\u00fanebres como as m\u00e1moas, medorras ou modias. As\u00ed mesmo, a <strong>cultura castrexa<\/strong> deixou unha forte impronta no noso pobo. Os nosos castros te\u00f1en forma circular ou oval e, en moitos casos, te\u00f1en antecastros con funci\u00f3n defensiva e de cobixo para os animais.<\/p>\n<p>Sen embargo, a presenza m\u00e1is significativa, e tam\u00e9n m\u00e1is presente no entorno, \u00e9 a dos <strong>Romanos<\/strong>. Estas terras foron lugar de paso da v\u00eda romana que un\u00eda Lucus Augusti con Brigantia.[\/vc_toggle][\/vc_column_inner][vc_column_inner width=\u00bb1\/2&#8243;][vc_toggle title=\u00bbInfluencias Monarcais\u00bb]Na <strong>Idade Media<\/strong> chegan as influencias Monarcais, quedando as distintas terras de Guitiriz supeditadas \u00f3s mosteiros, as\u00ed Mariz, Negradas, Sambreixo e Santa Leocadia pertenc\u00edan \u00f3 <strong>Mosteiro de Sobrado<\/strong> e as parroquias de Labrada, Buriz e Os Vilares \u00f3 <strong>Mosteiro de Monfero<\/strong>.<\/p>\n<p>S\u00e1bese que no <strong>s\u00e9culo XIX<\/strong> o cami\u00f1o que se dirix\u00eda desde Guitiriz cara a Curtis pod\u00eda ser obxectivo de bandidos ou asaltadores, por iso, no reinado de Isabel II (1833-1868) constru\u00eduse na vila guitiricense un edificio para os viaxeiros puideran facer noite. Dita construci\u00f3n serviu tam\u00e9n para cobrar a portaxe.[\/vc_toggle][\/vc_column_inner][\/vc_row_inner][\/vc_column][\/vc_row]<\/p>\n","protected":false},"excerpt":{"rendered":"<p>[vc_row foundry_padding=\u00bbpt64 pb64&#8243;][vc_column][vc_column_text] Conoce Guitiriz [\/vc_column_text][vc_row_inner el_id=\u00bbsituacion\u00bb][vc_column_inner el_class=\u00bbcol-boxed\u00bb][vc_column_text] SITUACI\u00d3N [\/vc_column_text][\/vc_column_inner][\/vc_row_inner][vc_row_inner][vc_column_inner el_class=\u00bbcol-boxed\u00bb width=\u00bb1\/2&#8243;][vc_column_text]El Ayuntamiento de Guitiriz pertenece a la provincia de Lugo&#8230;<\/p>\n","protected":false},"author":1,"featured_media":0,"parent":0,"menu_order":0,"comment_status":"closed","ping_status":"closed","template":"","meta":{"footnotes":"","_links_to":"","_links_to_target":""},"class_list":["post-787","page","type-page","status-publish","hentry"],"yoast_head":"<!-- This site is optimized with the Yoast SEO plugin v19.13 - https:\/\/yoast.com\/wordpress\/plugins\/seo\/ -->\n<title>Conoce Guitiriz | Turismo de Guitiriz<\/title>\n<meta name=\"description\" content=\"Puedes consultar la localizaci\u00f3n y la historia del Ayuntamiento de Guitiriz, conoce un poco m\u00e1s sobre esta peque\u00f1a villa termal.\" \/>\n<meta name=\"robots\" content=\"index, follow, max-snippet:-1, max-image-preview:large, max-video-preview:-1\" \/>\n<link rel=\"canonical\" href=\"https:\/\/turismo.concellodeguitiriz.com\/es\/conece-guitiriz\/\" \/>\n<meta property=\"og:locale\" content=\"es_ES\" \/>\n<meta property=\"og:type\" content=\"article\" \/>\n<meta property=\"og:title\" content=\"Conoce Guitiriz | Turismo de Guitiriz\" \/>\n<meta property=\"og:description\" content=\"Puedes consultar la localizaci\u00f3n y la historia del Ayuntamiento de Guitiriz, conoce un poco m\u00e1s sobre esta peque\u00f1a villa termal.\" \/>\n<meta property=\"og:url\" content=\"https:\/\/turismo.concellodeguitiriz.com\/es\/conece-guitiriz\/\" \/>\n<meta property=\"og:site_name\" content=\"Turismo de Guitiriz\" \/>\n<meta property=\"article:publisher\" content=\"https:\/\/www.facebook.com\/concellodeguitiriz\/\" \/>\n<meta property=\"article:modified_time\" content=\"2022-01-12T16:19:49+00:00\" \/>\n<meta name=\"twitter:card\" content=\"summary_large_image\" \/>\n<meta name=\"twitter:title\" content=\"Conoce Guitiriz | Turismo de Guitiriz\" \/>\n<meta name=\"twitter:description\" content=\"Puedes consultar la localizaci\u00f3n y la historia del Ayuntamiento de Guitiriz, conoce un poco m\u00e1s sobre esta peque\u00f1a villa termal.\" \/>\n<meta name=\"twitter:label1\" content=\"Tiempo de lectura\" \/>\n\t<meta name=\"twitter:data1\" content=\"4 minutos\" \/>\n<script type=\"application\/ld+json\" class=\"yoast-schema-graph\">{\"@context\":\"https:\/\/schema.org\",\"@graph\":[{\"@type\":\"WebPage\",\"@id\":\"https:\/\/turismo.concellodeguitiriz.com\/es\/conece-guitiriz\/\",\"url\":\"https:\/\/turismo.concellodeguitiriz.com\/es\/conece-guitiriz\/\",\"name\":\"Conoce Guitiriz | Turismo de Guitiriz\",\"isPartOf\":{\"@id\":\"https:\/\/turismo.concellodeguitiriz.com\/#website\"},\"datePublished\":\"2021-06-23T13:29:24+00:00\",\"dateModified\":\"2022-01-12T16:19:49+00:00\",\"description\":\"Puedes consultar la localizaci\u00f3n y la historia del Ayuntamiento de Guitiriz, conoce un poco m\u00e1s sobre esta peque\u00f1a villa termal.\",\"breadcrumb\":{\"@id\":\"https:\/\/turismo.concellodeguitiriz.com\/es\/conece-guitiriz\/#breadcrumb\"},\"inLanguage\":\"es\",\"potentialAction\":[{\"@type\":\"ReadAction\",\"target\":[\"https:\/\/turismo.concellodeguitiriz.com\/es\/conece-guitiriz\/\"]}]},{\"@type\":\"BreadcrumbList\",\"@id\":\"https:\/\/turismo.concellodeguitiriz.com\/es\/conece-guitiriz\/#breadcrumb\",\"itemListElement\":[{\"@type\":\"ListItem\",\"position\":1,\"name\":\"Portada\",\"item\":\"https:\/\/turismo.concellodeguitiriz.com\/es\/\"},{\"@type\":\"ListItem\",\"position\":2,\"name\":\"Conoce Guitiriz\"}]},{\"@type\":\"WebSite\",\"@id\":\"https:\/\/turismo.concellodeguitiriz.com\/#website\",\"url\":\"https:\/\/turismo.concellodeguitiriz.com\/\",\"name\":\"Turismo de Guitiriz\",\"description\":\"Concello de Guitiriz\",\"publisher\":{\"@id\":\"https:\/\/turismo.concellodeguitiriz.com\/#organization\"},\"potentialAction\":[{\"@type\":\"SearchAction\",\"target\":{\"@type\":\"EntryPoint\",\"urlTemplate\":\"https:\/\/turismo.concellodeguitiriz.com\/?s={search_term_string}\"},\"query-input\":\"required name=search_term_string\"}],\"inLanguage\":\"es\"},{\"@type\":\"Organization\",\"@id\":\"https:\/\/turismo.concellodeguitiriz.com\/#organization\",\"name\":\"Turismo Guitiriz\",\"url\":\"https:\/\/turismo.concellodeguitiriz.com\/\",\"logo\":{\"@type\":\"ImageObject\",\"inLanguage\":\"es\",\"@id\":\"https:\/\/turismo.concellodeguitiriz.com\/#\/schema\/logo\/image\/\",\"url\":\"https:\/\/turismo.concellodeguitiriz.com\/wp-content\/uploads\/2021\/06\/g-turismo-logopos.png\",\"contentUrl\":\"https:\/\/turismo.concellodeguitiriz.com\/wp-content\/uploads\/2021\/06\/g-turismo-logopos.png\",\"width\":2001,\"height\":1024,\"caption\":\"Turismo Guitiriz\"},\"image\":{\"@id\":\"https:\/\/turismo.concellodeguitiriz.com\/#\/schema\/logo\/image\/\"},\"sameAs\":[\"https:\/\/www.instagram.com\/guitirizigualdade\/\",\"https:\/\/www.facebook.com\/concellodeguitiriz\/\"]}]}<\/script>\n<!-- \/ Yoast SEO plugin. -->","yoast_head_json":{"title":"Conoce Guitiriz | Turismo de Guitiriz","description":"Puedes consultar la localizaci\u00f3n y la historia del Ayuntamiento de Guitiriz, conoce un poco m\u00e1s sobre esta peque\u00f1a villa termal.","robots":{"index":"index","follow":"follow","max-snippet":"max-snippet:-1","max-image-preview":"max-image-preview:large","max-video-preview":"max-video-preview:-1"},"canonical":"https:\/\/turismo.concellodeguitiriz.com\/es\/conece-guitiriz\/","og_locale":"es_ES","og_type":"article","og_title":"Conoce Guitiriz | Turismo de Guitiriz","og_description":"Puedes consultar la localizaci\u00f3n y la historia del Ayuntamiento de Guitiriz, conoce un poco m\u00e1s sobre esta peque\u00f1a villa termal.","og_url":"https:\/\/turismo.concellodeguitiriz.com\/es\/conece-guitiriz\/","og_site_name":"Turismo de Guitiriz","article_publisher":"https:\/\/www.facebook.com\/concellodeguitiriz\/","article_modified_time":"2022-01-12T16:19:49+00:00","twitter_card":"summary_large_image","twitter_title":"Conoce Guitiriz | Turismo de Guitiriz","twitter_description":"Puedes consultar la localizaci\u00f3n y la historia del Ayuntamiento de Guitiriz, conoce un poco m\u00e1s sobre esta peque\u00f1a villa termal.","twitter_misc":{"Tiempo de lectura":"4 minutos"},"schema":{"@context":"https:\/\/schema.org","@graph":[{"@type":"WebPage","@id":"https:\/\/turismo.concellodeguitiriz.com\/es\/conece-guitiriz\/","url":"https:\/\/turismo.concellodeguitiriz.com\/es\/conece-guitiriz\/","name":"Conoce Guitiriz | Turismo de Guitiriz","isPartOf":{"@id":"https:\/\/turismo.concellodeguitiriz.com\/#website"},"datePublished":"2021-06-23T13:29:24+00:00","dateModified":"2022-01-12T16:19:49+00:00","description":"Puedes consultar la localizaci\u00f3n y la historia del Ayuntamiento de Guitiriz, conoce un poco m\u00e1s sobre esta peque\u00f1a villa termal.","breadcrumb":{"@id":"https:\/\/turismo.concellodeguitiriz.com\/es\/conece-guitiriz\/#breadcrumb"},"inLanguage":"es","potentialAction":[{"@type":"ReadAction","target":["https:\/\/turismo.concellodeguitiriz.com\/es\/conece-guitiriz\/"]}]},{"@type":"BreadcrumbList","@id":"https:\/\/turismo.concellodeguitiriz.com\/es\/conece-guitiriz\/#breadcrumb","itemListElement":[{"@type":"ListItem","position":1,"name":"Portada","item":"https:\/\/turismo.concellodeguitiriz.com\/es\/"},{"@type":"ListItem","position":2,"name":"Conoce Guitiriz"}]},{"@type":"WebSite","@id":"https:\/\/turismo.concellodeguitiriz.com\/#website","url":"https:\/\/turismo.concellodeguitiriz.com\/","name":"Turismo de Guitiriz","description":"Concello de Guitiriz","publisher":{"@id":"https:\/\/turismo.concellodeguitiriz.com\/#organization"},"potentialAction":[{"@type":"SearchAction","target":{"@type":"EntryPoint","urlTemplate":"https:\/\/turismo.concellodeguitiriz.com\/?s={search_term_string}"},"query-input":"required name=search_term_string"}],"inLanguage":"es"},{"@type":"Organization","@id":"https:\/\/turismo.concellodeguitiriz.com\/#organization","name":"Turismo Guitiriz","url":"https:\/\/turismo.concellodeguitiriz.com\/","logo":{"@type":"ImageObject","inLanguage":"es","@id":"https:\/\/turismo.concellodeguitiriz.com\/#\/schema\/logo\/image\/","url":"https:\/\/turismo.concellodeguitiriz.com\/wp-content\/uploads\/2021\/06\/g-turismo-logopos.png","contentUrl":"https:\/\/turismo.concellodeguitiriz.com\/wp-content\/uploads\/2021\/06\/g-turismo-logopos.png","width":2001,"height":1024,"caption":"Turismo Guitiriz"},"image":{"@id":"https:\/\/turismo.concellodeguitiriz.com\/#\/schema\/logo\/image\/"},"sameAs":["https:\/\/www.instagram.com\/guitirizigualdade\/","https:\/\/www.facebook.com\/concellodeguitiriz\/"]}]}},"_links":{"self":[{"href":"https:\/\/turismo.concellodeguitiriz.com\/es\/wp-json\/wp\/v2\/pages\/787","targetHints":{"allow":["GET"]}}],"collection":[{"href":"https:\/\/turismo.concellodeguitiriz.com\/es\/wp-json\/wp\/v2\/pages"}],"about":[{"href":"https:\/\/turismo.concellodeguitiriz.com\/es\/wp-json\/wp\/v2\/types\/page"}],"author":[{"embeddable":true,"href":"https:\/\/turismo.concellodeguitiriz.com\/es\/wp-json\/wp\/v2\/users\/1"}],"replies":[{"embeddable":true,"href":"https:\/\/turismo.concellodeguitiriz.com\/es\/wp-json\/wp\/v2\/comments?post=787"}],"version-history":[{"count":3,"href":"https:\/\/turismo.concellodeguitiriz.com\/es\/wp-json\/wp\/v2\/pages\/787\/revisions"}],"predecessor-version":[{"id":1024,"href":"https:\/\/turismo.concellodeguitiriz.com\/es\/wp-json\/wp\/v2\/pages\/787\/revisions\/1024"}],"wp:attachment":[{"href":"https:\/\/turismo.concellodeguitiriz.com\/es\/wp-json\/wp\/v2\/media?parent=787"}],"curies":[{"name":"wp","href":"https:\/\/api.w.org\/{rel}","templated":true}]}}