{"id":796,"date":"2021-07-07T15:10:52","date_gmt":"2021-07-07T15:10:52","guid":{"rendered":"https:\/\/turismo.concellodeguitiriz.com\/contacto\/"},"modified":"2021-08-01T08:43:37","modified_gmt":"2021-08-01T08:43:37","slug":"contacto","status":"publish","type":"page","link":"https:\/\/turismo.concellodeguitiriz.com\/es\/contacto\/","title":{"rendered":"Contacto"},"content":{"rendered":"<p>[vc_row foundry_padding=\u00bbpt64 pb64&#8243;][vc_column][vc_row_inner][vc_column_inner width=\u00bb2\/3&#8243; offset=\u00bbvc_col-lg-offset-2 vc_col-md-offset-2&#8243;][vc_column_text]<\/p>\n<h1 style=\"text-align: center;\">OFICINA DE TURISMO<\/h1>\n<p>En la Oficina de Turismo de Guitiriz podr\u00e1s encontrar informaci\u00f3n sobre los principales puntos de inter\u00e9s tur\u00edstico de Guitiriz y alrededores, conocer la oferta de <a href=\"\/es\/comer-dormir\">restaurantes y alojamientos<\/a> y solicitar toda la informaci\u00f3n necesaria para moverse por toda la Terra Ch\u00e1 y provincia de Lugo.[\/vc_column_text][vc_toggle title=\u00bbSOLICITA INFORMACI\u00d3N\u00bb]<div class=\"wpcf7 no-js\" id=\"wpcf7-f799-o1\" lang=\"es-ES\" dir=\"ltr\">\n<div class=\"screen-reader-response\"><p role=\"status\" aria-live=\"polite\" aria-atomic=\"true\"><\/p> <ul><\/ul><\/div>\n<form action=\"\/es\/wp-json\/wp\/v2\/pages\/796#wpcf7-f799-o1\" method=\"post\" class=\"wpcf7-form init\" aria-label=\"Formulario de contacto\" novalidate=\"novalidate\" data-status=\"init\">\n<div style=\"display: none;\">\n<input type=\"hidden\" name=\"_wpcf7\" value=\"799\" \/>\n<input type=\"hidden\" name=\"_wpcf7_version\" value=\"5.7.2\" \/>\n<input type=\"hidden\" name=\"_wpcf7_locale\" value=\"es_ES\" \/>\n<input type=\"hidden\" name=\"_wpcf7_unit_tag\" value=\"wpcf7-f799-o1\" \/>\n<input type=\"hidden\" name=\"_wpcf7_container_post\" value=\"0\" \/>\n<input type=\"hidden\" name=\"_wpcf7_posted_data_hash\" value=\"\" \/>\n<\/div>\n<p><span class=\"wpcf7-form-control-wrap\" data-name=\"nombre\"><input size=\"40\" class=\"wpcf7-form-control wpcf7-text wpcf7-validates-as-required\" aria-required=\"true\" aria-invalid=\"false\" placeholder=\"Nombre*\" value=\"\" type=\"text\" name=\"nombre\" \/><\/span>\n<\/p>\n<p><span class=\"wpcf7-form-control-wrap\" data-name=\"apellidos\"><input size=\"40\" class=\"wpcf7-form-control wpcf7-text wpcf7-validates-as-required\" aria-required=\"true\" aria-invalid=\"false\" placeholder=\"Apellidos*\" value=\"\" type=\"text\" name=\"apellidos\" \/><\/span>\n<\/p>\n<p><span class=\"wpcf7-form-control-wrap\" data-name=\"email-180\"><input size=\"40\" class=\"wpcf7-form-control wpcf7-text wpcf7-email wpcf7-validates-as-required wpcf7-validates-as-email\" aria-required=\"true\" aria-invalid=\"false\" placeholder=\"Mail*\" value=\"\" type=\"email\" name=\"email-180\" \/><\/span>\n<\/p>\n<p><span class=\"wpcf7-form-control-wrap\" data-name=\"textarea-445\"><textarea cols=\"40\" rows=\"10\" class=\"wpcf7-form-control wpcf7-textarea wpcf7-validates-as-required autoExpand\" aria-required=\"true\" aria-invalid=\"false\" placeholder=\"Mensaje*\" name=\"textarea-445\"><\/textarea><\/span>\n<\/p>\n<p><span class=\"wpcf7-form-control-wrap\" data-name=\"acceptance-725\"><span class=\"wpcf7-form-control wpcf7-acceptance\"><span class=\"wpcf7-list-item\"><label><input type=\"checkbox\" name=\"acceptance-725\" value=\"1\" aria-invalid=\"false\" \/><span class=\"wpcf7-list-item-label\"><span class=\"contacto-accept\">Estoy de acuerdo y acepto la <a  href=\"https:\/\/www.concellodeguitiriz.com\/gl\/content\/pol%C3%ADtica-de-protecci%C3%B3n-de-datos\" target=\"_blank\">Pol\u00edtica de privacidad<\/a>. Este sitio est\u00e1 protegido por Recaptcha y se aplican a <a href=\"https:\/\/policies.google.com\/privacy\" target=\"_blank\">Pol\u00edtica de privacidad<\/a> y los <a href=\"https:\/\/policies.google.com\/terms\" target=\"_blank\">T\u00e9rminos de servicio de Google<\/a>.<\/span><\/label><\/span><\/span><\/span>\n<\/p>\n<div class=\"btn-form\">\n\t<p><input class=\"wpcf7-form-control has-spinner wpcf7-submit\" type=\"submit\" value=\"Enviar\" \/>\n\t<\/p>\n<\/div><div class=\"wpcf7-response-output\" aria-hidden=\"true\"><\/div><\/form><\/div>\n<p>Tambi\u00e9n nos puedes escribir en el n\u00famero\u00a0<a href=\"https:\/\/api.whatsapp.com\/send?phone=+34630053350\" target=\"_blank\" rel=\"noopener\"><i class=\"fab fa-whatsapp\"><\/i> 630 053 350<\/a>[\/vc_toggle][vc_empty_space height=\u00bb50px\u00bb el_class=\u00bbhidden-xs hidde-sm\u00bb][\/vc_column_inner][\/vc_row_inner][vc_row_inner equal_height=\u00bbyes\u00bb content_placement=\u00bbmiddle\u00bb][vc_column_inner el_class=\u00bbdireccion\u00bb width=\u00bb5\/12&#8243;][vc_column_text]<\/p>\n<h2 style=\"text-align: left;\">Contacto<\/h2>\n<p>[\/vc_column_text][vc_column_text el_class=\u00bbtexto-contacto\u00bb]<a href=\"https:\/\/goo.gl\/maps\/EKM1UzAJjhqKFj7u6\" target=\"_blank\" rel=\"noopener\"><i class=\"fas fa-map-pin\"><\/i> R\u00faa do Concello, 4, 27300 Guitiriz, Lugo<br \/>\n(Casa Constitucional)<\/a><\/p>\n<p><a href=\"https:\/\/api.whatsapp.com\/send?phone=+34630053350\" target=\"_blank\" rel=\"noopener\"><i class=\"fab fa-whatsapp\"><\/i> 630 053 350<\/a><br \/>\n<a href=\"tel:+34982370109\" target=\"_blank\" rel=\"noopener\"><i class=\"fas fa-phone-alt\"><\/i> Tel. 982 370 109<\/a><\/p>\n<p><a href=\"mailto:turismo@concellodeguitiriz.com\"><i class=\"fas fa-envelope\"><\/i> turismo@concellodeguitiriz.com<\/a><\/p>\n<h5><i class=\"fas fa-clock\"><\/i> LUNES A VIERNES de 9:00-15:00h<\/h5>\n<h5>En \u00e9poca de verano, tambi\u00e9n:<br \/>\n<i class=\"fas fa-clock\"><\/i> S\u00c1BADOS de 11:00-13:30h<\/h5>\n<p>[\/vc_column_text][\/vc_column_inner][vc_column_inner width=\u00bb1\/2&#8243; offset=\u00bbvc_col-lg-offset-1 vc_col-md-offset-1&#8243;][vc_gmaps link=\u00bb#E-8_JTNDaWZyYW1lJTIwc3JjJTNEJTIyaHR0cHMlM0ElMkYlMkZ3d3cuZ29vZ2xlLmNvbSUyRm1hcHMlMkZlbWJlZCUzRnBiJTNEJTIxMW0xOCUyMTFtMTIlMjExbTMlMjExZDI5MDkuMzYyMjEwNjYzMzk2NiUyMTJkLTcuODk2NDEyMTg0NTI0NjQxNiUyMTNkNDMuMTgwOTEwMTkwODU5NTElMjEybTMlMjExZjAlMjEyZjAlMjEzZjAlMjEzbTIlMjExaTEwMjQlMjEyaTc2OCUyMTRmMTMuMSUyMTNtMyUyMTFtMiUyMTFzMHhkMmUyMjQ4MjY4ZGJjMWYlMjUzQTB4ZDgxM2Q3M2JlZTkzNDZlMiUyMTJzUiUyNUMzJTI1QkFhJTI1MjBkbyUyNTIwQ29uY2VsbG8lMjUyQyUyNTIwNCUyNTJDJTI1MjAyNzMwMCUyNTIwR3VpdGlyaXolMjUyQyUyNTIwTHVnbyUyMTVlMCUyMTNtMiUyMTFzZXMlMjEyc2VzJTIxNHYxNjI1NjcwNDI4MTA5JTIxNW0yJTIxMXNlcyUyMTJzZXMlMjIlMjB3aWR0aCUzRCUyMjYwMCUyMiUyMGhlaWdodCUzRCUyMjQ1MCUyMiUyMHN0eWxlJTNEJTIyYm9yZGVyJTNBMCUzQiUyMiUyMGFsbG93ZnVsbHNjcmVlbiUzRCUyMiUyMiUyMGxvYWRpbmclM0QlMjJsYXp5JTIyJTNFJTNDJTJGaWZyYW1lJTNF\u00bb el_class=\u00bbhidden-xs hidde-sm\u00bb][\/vc_column_inner][\/vc_row_inner][\/vc_column][\/vc_row][vc_row foundry_background_style=\u00bbbg-secondary\u00bb foundry_padding=\u00bbpt64 pb64&#8243; el_id=\u00bbvisita-guiada\u00bb][vc_column][vc_row_inner][vc_column_inner width=\u00bb2\/3&#8243;][vc_column_text]<\/p>\n<h2 class=\"historia\"><strong>Si quieres visitar Guitiriz&#8230;<\/strong><\/h2>\n<p class=\"subtitulo\" style=\"text-align: left;\">con la ayuda de un\/a gu\u00eda, \u00a1no te olvides de descargar el formulario de solicitud para pedir una <strong>Visita Guiada Gratuita<\/strong>!<\/p>\n<p>[\/vc_column_text][\/vc_column_inner][vc_column_inner width=\u00bb1\/3&#8243;][\/vc_column_inner][\/vc_row_inner][vc_row_inner][vc_column_inner width=\u00bb1\/3&#8243;][vc_single_image image=\u00bb256&#8243; img_size=\u00bb\u00bb alignment=\u00bbcenter\u00bb el_class=\u00bbico\u00bb][vc_column_text]<\/p>\n<p style=\"text-align: center;\">Grupos de m\u00edn. 10 e m\u00e1x. 60*<\/p>\n<p class=\"asterisco\" style=\"text-align: center;\">*consultar por protocolo COVID<\/p>\n<p>[\/vc_column_text][\/vc_column_inner][vc_column_inner width=\u00bb1\/3&#8243;][vc_single_image image=\u00bb258&#8243; img_size=\u00bb\u00bb alignment=\u00bbcenter\u00bb el_class=\u00bbico\u00bb][vc_column_text]<\/p>\n<p style=\"text-align: center;\">Las visitas son<br \/>\ncompletamente GRATUITAS<\/p>\n<p>[\/vc_column_text][\/vc_column_inner][vc_column_inner width=\u00bb1\/3&#8243;][vc_single_image image=\u00bb260&#8243; img_size=\u00bb\u00bb alignment=\u00bbcenter\u00bb el_class=\u00bbico\u00bb][vc_column_text]<\/p>\n<p style=\"text-align: center;\">La responsabilidad<br \/>\nrepercute en el grupo<\/p>\n<p>[\/vc_column_text][\/vc_column_inner][\/vc_row_inner][vc_column_text]<\/p>\n<p style=\"text-align: center;\"><a class=\"btn\" href=\"\/wp-content\/uploads\/2021\/07\/TCG_formulario-visitas.pdf\" target=\"_blank\" rel=\"noopener\">Descargar Solicitud de Visita Guiada*<\/a><\/p>\n<p style=\"text-align: center;\">*debes enviar el formulario cumplimentado a <strong><a href=\"mailto:turismo@concellodeguitiriz.com\">turismo@concellodeguitiriz.com<\/a><\/strong><\/p>\n<p>[\/vc_column_text][\/vc_column][\/vc_row][vc_row foundry_padding=\u00bbpt64 pb64&#8243; el_id=\u00bbexperiencia\u00bb][vc_column][vc_row_inner equal_height=\u00bbyes\u00bb content_placement=\u00bbmiddle\u00bb][vc_column_inner width=\u00bb1\/3&#8243;][vc_column_text]<\/p>\n<h2 class=\"historia\"><strong>Si ya estuviste en Guitiriz<\/strong><\/h2>\n<p>[\/vc_column_text][\/vc_column_inner][vc_column_inner width=\u00bb7\/12&#8243; offset=\u00bbvc_col-lg-offset-1 vc_col-md-offset-1&#8243;][vc_column_text]<\/p>\n<p class=\"subtitulo\" style=\"text-align: left;\">\u00a1Cu\u00e9ntamos tu experiencia en Guitiriz!<br \/>\n\u00a1Tu opini\u00f3n nos importa y mucho! Gracias<\/p>\n<p>[\/vc_column_text][vc_column_text]<a class=\"btn\" href=\"https:\/\/forms.gle\/9XEgJSsojDrgXurL6\" target=\"_blank\" rel=\"noopener\">Cubrir encuesta<\/a>[\/vc_column_text][\/vc_column_inner][\/vc_row_inner][\/vc_column][\/vc_row]<\/p>\n","protected":false},"excerpt":{"rendered":"<p>[vc_row foundry_padding=\u00bbpt64 pb64&#8243;][vc_column][vc_row_inner][vc_column_inner width=\u00bb2\/3&#8243; offset=\u00bbvc_col-lg-offset-2 vc_col-md-offset-2&#8243;][vc_column_text] OFICINA DE TURISMO En la Oficina de Turismo de Guitiriz podr\u00e1s encontrar informaci\u00f3n sobre los&#8230;<\/p>\n","protected":false},"author":1,"featured_media":0,"parent":0,"menu_order":0,"comment_status":"closed","ping_status":"closed","template":"","meta":{"footnotes":"","_links_to":"","_links_to_target":""},"class_list":["post-796","page","type-page","status-publish","hentry"],"yoast_head":"<!-- This site is optimized with the Yoast SEO plugin v19.13 - https:\/\/yoast.com\/wordpress\/plugins\/seo\/ -->\n<title>Contacto | Turismo de Guitiriz<\/title>\n<meta name=\"description\" content=\"\u00bfNecesitas informaci\u00f3n sobre Guitiriz? Ponte en contacto con nosotros, solicita una visita guiada o cu\u00e9ntanos tu experiencia.\" \/>\n<meta name=\"robots\" content=\"index, follow, max-snippet:-1, max-image-preview:large, max-video-preview:-1\" \/>\n<link rel=\"canonical\" href=\"https:\/\/turismo.concellodeguitiriz.com\/es\/contacto\/\" \/>\n<meta property=\"og:locale\" content=\"es_ES\" \/>\n<meta property=\"og:type\" content=\"article\" \/>\n<meta property=\"og:title\" content=\"Contacto | Turismo de Guitiriz\" \/>\n<meta property=\"og:description\" content=\"\u00bfNecesitas informaci\u00f3n sobre Guitiriz? Ponte en contacto con nosotros, solicita una visita guiada o cu\u00e9ntanos tu experiencia.\" \/>\n<meta property=\"og:url\" content=\"https:\/\/turismo.concellodeguitiriz.com\/es\/contacto\/\" \/>\n<meta property=\"og:site_name\" content=\"Turismo de Guitiriz\" \/>\n<meta property=\"article:publisher\" content=\"https:\/\/www.facebook.com\/concellodeguitiriz\/\" \/>\n<meta property=\"article:modified_time\" content=\"2021-08-01T08:43:37+00:00\" \/>\n<meta name=\"twitter:card\" content=\"summary_large_image\" \/>\n<meta name=\"twitter:title\" content=\"Contacto | Turismo de Guitiriz\" \/>\n<meta name=\"twitter:description\" content=\"\u00bfNecesitas informaci\u00f3n sobre Guitiriz? Ponte en contacto con nosotros, solicita una visita guiada o cu\u00e9ntanos tu experiencia.\" \/>\n<meta name=\"twitter:label1\" content=\"Tiempo de lectura\" \/>\n\t<meta name=\"twitter:data1\" content=\"2 minutos\" \/>\n<script type=\"application\/ld+json\" class=\"yoast-schema-graph\">{\"@context\":\"https:\/\/schema.org\",\"@graph\":[{\"@type\":\"WebPage\",\"@id\":\"https:\/\/turismo.concellodeguitiriz.com\/es\/contacto\/\",\"url\":\"https:\/\/turismo.concellodeguitiriz.com\/es\/contacto\/\",\"name\":\"Contacto | Turismo de Guitiriz\",\"isPartOf\":{\"@id\":\"https:\/\/turismo.concellodeguitiriz.com\/#website\"},\"datePublished\":\"2021-07-07T15:10:52+00:00\",\"dateModified\":\"2021-08-01T08:43:37+00:00\",\"description\":\"\u00bfNecesitas informaci\u00f3n sobre Guitiriz? Ponte en contacto con nosotros, solicita una visita guiada o cu\u00e9ntanos tu experiencia.\",\"breadcrumb\":{\"@id\":\"https:\/\/turismo.concellodeguitiriz.com\/es\/contacto\/#breadcrumb\"},\"inLanguage\":\"es\",\"potentialAction\":[{\"@type\":\"ReadAction\",\"target\":[\"https:\/\/turismo.concellodeguitiriz.com\/es\/contacto\/\"]}]},{\"@type\":\"BreadcrumbList\",\"@id\":\"https:\/\/turismo.concellodeguitiriz.com\/es\/contacto\/#breadcrumb\",\"itemListElement\":[{\"@type\":\"ListItem\",\"position\":1,\"name\":\"Portada\",\"item\":\"https:\/\/turismo.concellodeguitiriz.com\/es\/\"},{\"@type\":\"ListItem\",\"position\":2,\"name\":\"Contacto\"}]},{\"@type\":\"WebSite\",\"@id\":\"https:\/\/turismo.concellodeguitiriz.com\/#website\",\"url\":\"https:\/\/turismo.concellodeguitiriz.com\/\",\"name\":\"Turismo de Guitiriz\",\"description\":\"Concello de Guitiriz\",\"publisher\":{\"@id\":\"https:\/\/turismo.concellodeguitiriz.com\/#organization\"},\"potentialAction\":[{\"@type\":\"SearchAction\",\"target\":{\"@type\":\"EntryPoint\",\"urlTemplate\":\"https:\/\/turismo.concellodeguitiriz.com\/?s={search_term_string}\"},\"query-input\":\"required name=search_term_string\"}],\"inLanguage\":\"es\"},{\"@type\":\"Organization\",\"@id\":\"https:\/\/turismo.concellodeguitiriz.com\/#organization\",\"name\":\"Turismo Guitiriz\",\"url\":\"https:\/\/turismo.concellodeguitiriz.com\/\",\"logo\":{\"@type\":\"ImageObject\",\"inLanguage\":\"es\",\"@id\":\"https:\/\/turismo.concellodeguitiriz.com\/#\/schema\/logo\/image\/\",\"url\":\"https:\/\/turismo.concellodeguitiriz.com\/wp-content\/uploads\/2021\/06\/g-turismo-logopos.png\",\"contentUrl\":\"https:\/\/turismo.concellodeguitiriz.com\/wp-content\/uploads\/2021\/06\/g-turismo-logopos.png\",\"width\":2001,\"height\":1024,\"caption\":\"Turismo Guitiriz\"},\"image\":{\"@id\":\"https:\/\/turismo.concellodeguitiriz.com\/#\/schema\/logo\/image\/\"},\"sameAs\":[\"https:\/\/www.instagram.com\/guitirizigualdade\/\",\"https:\/\/www.facebook.com\/concellodeguitiriz\/\"]}]}<\/script>\n<!-- \/ Yoast SEO plugin. -->","yoast_head_json":{"title":"Contacto | Turismo de Guitiriz","description":"\u00bfNecesitas informaci\u00f3n sobre Guitiriz? Ponte en contacto con nosotros, solicita una visita guiada o cu\u00e9ntanos tu experiencia.","robots":{"index":"index","follow":"follow","max-snippet":"max-snippet:-1","max-image-preview":"max-image-preview:large","max-video-preview":"max-video-preview:-1"},"canonical":"https:\/\/turismo.concellodeguitiriz.com\/es\/contacto\/","og_locale":"es_ES","og_type":"article","og_title":"Contacto | Turismo de Guitiriz","og_description":"\u00bfNecesitas informaci\u00f3n sobre Guitiriz? Ponte en contacto con nosotros, solicita una visita guiada o cu\u00e9ntanos tu experiencia.","og_url":"https:\/\/turismo.concellodeguitiriz.com\/es\/contacto\/","og_site_name":"Turismo de Guitiriz","article_publisher":"https:\/\/www.facebook.com\/concellodeguitiriz\/","article_modified_time":"2021-08-01T08:43:37+00:00","twitter_card":"summary_large_image","twitter_title":"Contacto | Turismo de Guitiriz","twitter_description":"\u00bfNecesitas informaci\u00f3n sobre Guitiriz? Ponte en contacto con nosotros, solicita una visita guiada o cu\u00e9ntanos tu experiencia.","twitter_misc":{"Tiempo de lectura":"2 minutos"},"schema":{"@context":"https:\/\/schema.org","@graph":[{"@type":"WebPage","@id":"https:\/\/turismo.concellodeguitiriz.com\/es\/contacto\/","url":"https:\/\/turismo.concellodeguitiriz.com\/es\/contacto\/","name":"Contacto | Turismo de Guitiriz","isPartOf":{"@id":"https:\/\/turismo.concellodeguitiriz.com\/#website"},"datePublished":"2021-07-07T15:10:52+00:00","dateModified":"2021-08-01T08:43:37+00:00","description":"\u00bfNecesitas informaci\u00f3n sobre Guitiriz? Ponte en contacto con nosotros, solicita una visita guiada o cu\u00e9ntanos tu experiencia.","breadcrumb":{"@id":"https:\/\/turismo.concellodeguitiriz.com\/es\/contacto\/#breadcrumb"},"inLanguage":"es","potentialAction":[{"@type":"ReadAction","target":["https:\/\/turismo.concellodeguitiriz.com\/es\/contacto\/"]}]},{"@type":"BreadcrumbList","@id":"https:\/\/turismo.concellodeguitiriz.com\/es\/contacto\/#breadcrumb","itemListElement":[{"@type":"ListItem","position":1,"name":"Portada","item":"https:\/\/turismo.concellodeguitiriz.com\/es\/"},{"@type":"ListItem","position":2,"name":"Contacto"}]},{"@type":"WebSite","@id":"https:\/\/turismo.concellodeguitiriz.com\/#website","url":"https:\/\/turismo.concellodeguitiriz.com\/","name":"Turismo de Guitiriz","description":"Concello de Guitiriz","publisher":{"@id":"https:\/\/turismo.concellodeguitiriz.com\/#organization"},"potentialAction":[{"@type":"SearchAction","target":{"@type":"EntryPoint","urlTemplate":"https:\/\/turismo.concellodeguitiriz.com\/?s={search_term_string}"},"query-input":"required name=search_term_string"}],"inLanguage":"es"},{"@type":"Organization","@id":"https:\/\/turismo.concellodeguitiriz.com\/#organization","name":"Turismo Guitiriz","url":"https:\/\/turismo.concellodeguitiriz.com\/","logo":{"@type":"ImageObject","inLanguage":"es","@id":"https:\/\/turismo.concellodeguitiriz.com\/#\/schema\/logo\/image\/","url":"https:\/\/turismo.concellodeguitiriz.com\/wp-content\/uploads\/2021\/06\/g-turismo-logopos.png","contentUrl":"https:\/\/turismo.concellodeguitiriz.com\/wp-content\/uploads\/2021\/06\/g-turismo-logopos.png","width":2001,"height":1024,"caption":"Turismo Guitiriz"},"image":{"@id":"https:\/\/turismo.concellodeguitiriz.com\/#\/schema\/logo\/image\/"},"sameAs":["https:\/\/www.instagram.com\/guitirizigualdade\/","https:\/\/www.facebook.com\/concellodeguitiriz\/"]}]}},"_links":{"self":[{"href":"https:\/\/turismo.concellodeguitiriz.com\/es\/wp-json\/wp\/v2\/pages\/796","targetHints":{"allow":["GET"]}}],"collection":[{"href":"https:\/\/turismo.concellodeguitiriz.com\/es\/wp-json\/wp\/v2\/pages"}],"about":[{"href":"https:\/\/turismo.concellodeguitiriz.com\/es\/wp-json\/wp\/v2\/types\/page"}],"author":[{"embeddable":true,"href":"https:\/\/turismo.concellodeguitiriz.com\/es\/wp-json\/wp\/v2\/users\/1"}],"replies":[{"embeddable":true,"href":"https:\/\/turismo.concellodeguitiriz.com\/es\/wp-json\/wp\/v2\/comments?post=796"}],"version-history":[{"count":2,"href":"https:\/\/turismo.concellodeguitiriz.com\/es\/wp-json\/wp\/v2\/pages\/796\/revisions"}],"predecessor-version":[{"id":800,"href":"https:\/\/turismo.concellodeguitiriz.com\/es\/wp-json\/wp\/v2\/pages\/796\/revisions\/800"}],"wp:attachment":[{"href":"https:\/\/turismo.concellodeguitiriz.com\/es\/wp-json\/wp\/v2\/media?parent=796"}],"curies":[{"name":"wp","href":"https:\/\/api.w.org\/{rel}","templated":true}]}}