{"id":830,"date":"2021-07-21T15:08:08","date_gmt":"2021-07-21T15:08:08","guid":{"rendered":"https:\/\/turismo.concellodeguitiriz.com\/parroquias\/mariz\/"},"modified":"2021-08-01T10:31:07","modified_gmt":"2021-08-01T10:31:07","slug":"mariz","status":"publish","type":"page","link":"https:\/\/turismo.concellodeguitiriz.com\/es\/parroquias\/mariz\/","title":{"rendered":"Mariz"},"content":{"rendered":"<p>[vc_row foundry_background_style=\u00bbbg-secondary\u00bb foundry_padding=\u00bbpt64 pb64&#8243;][vc_column][vc_column_text]<a href=\"\/es\/parroquias\/\"><i class=\"fas fa-long-arrow-alt-left\"><\/i> Ver todas las Parroquias<\/a>[\/vc_column_text][vc_column_text]<\/p>\n<h1 style=\"text-align: center;\">Mariz<\/h1>\n<p>[\/vc_column_text][\/vc_column][\/vc_row][vc_row foundry_padding=\u00bbpt64 pb64&#8243; el_class=\u00bbcontainer-parroquias\u00bb][vc_column el_class=\u00bbgrid-parroquias\u00bb][vc_tta_tour active_section=\u00bb1&#8243; el_class=\u00bbtour-parroquias\u00bb][vc_tta_section i_icon_fontawesome=\u00bbfas fa-map-marker-alt\u00bb add_icon=\u00bbtrue\u00bb title=\u00bbSituaci\u00f3n\u00bb tab_id=\u00bbsituacion\u00bb][vc_column_text]<i class=\"fas fa-map-marker-alt\"><\/i> <strong>Situaci\u00f3n<\/strong>: Situada a 3,5 km del n\u00facleo municipal.<br \/>\n<a href=\"https:\/\/maps.app.goo.gl\/QietkjQ3c5VSeWZw9\" target=\"_blank\" rel=\"noopener\">Consulta ubicaci\u00f3n<\/a><\/p>\n<p><i class=\"fas fa-route\"><\/i> <strong>Entidades poblacionales:<\/strong> 15<br \/>\nA Abelleira, O Campizo, O Cando, As Coutadas, A Cu\u00ed\u00f1a, A Fracela, Mariz, Mezonzo, O Ombral, A Portaescoira Porto de Recimil, Pradieiro, A Viladonega, Vilasus\u00e1, Xestelas.[\/vc_column_text][\/vc_tta_section][vc_tta_section i_icon_fontawesome=\u00bbfas fa-book-open\u00bb add_icon=\u00bbtrue\u00bb title=\u00bbConoce Mariz\u00bb tab_id=\u00bbconoce\u00bb][vc_row_inner][vc_column_inner][vc_column_text]El elemento m\u00e1s representativo de Mariz es la Iglesia de Santa Eulalia, de estilo rom\u00e1nico, fue reconstru\u00edda en el a\u00f1o 1945 a partir de restos de una casa se\u00f1orial: \u00abO pazo da casa Tulla\u00bb de esta forma no presenta el aspecto de una iglesia t\u00edpica. En su parte superior, conserva una piedra gravada con una figura de brazos abiertos que se encuentra en la primitiva iglesia.<\/p>\n<p>En Mariz, al igual que en todo el Ayuntamiento, abundan los molinos de agua. Los molinos de \u00abA Mui\u00f1eira\u00bb est\u00e1n situados junto a un riachuelo y cuenta con cinco a distintas alturas ajust\u00e1ndose a las cascadas de agua.[\/vc_column_text][\/vc_column_inner][\/vc_row_inner][\/vc_tta_section][vc_tta_section i_icon_fontawesome=\u00bbfas fa-eye\u00bb add_icon=\u00bbtrue\u00bb title=\u00bbQu\u00e9 ver\u00bb tab_id=\u00bbque-ver\u00bb][vc_row_inner][vc_column_inner width=\u00bb1\/2&#8243; offset=\u00bbvc_col-xs-6&#8243;][vc_single_image image=\u00bb566&#8243; img_size=\u00bbfull\u00bb alignment=\u00bbcenter\u00bb][\/vc_column_inner][vc_column_inner width=\u00bb1\/2&#8243; offset=\u00bbvc_col-xs-6&#8243;][vc_single_image image=\u00bb564&#8243; img_size=\u00bbfull\u00bb alignment=\u00bbcenter\u00bb][\/vc_column_inner][\/vc_row_inner][\/vc_tta_section][vc_tta_section i_icon_fontawesome=\u00bbfas fa-calendar\u00bb add_icon=\u00bbtrue\u00bb title=\u00bbFiestas\u00bb tab_id=\u00bbfestas\u00bb][vc_column_text]<i class=\"fas fa-calendar\"><\/i> <strong>Fiestas<\/strong>:<\/p>\n<ul>\n<li>24 \u2013 25 de agosto en honor a San Bartolom\u00e9.<\/li>\n<li>Semana santa: la \u00abFesta do Lume e da Auga\u00bb (Vigilia pascual), que conjuga elementos m\u00edticos y religiosos, en esta celebraci\u00f3n se baja al r\u00edo a bendicir el agua.<\/li>\n<\/ul>\n<p>[\/vc_column_text][\/vc_tta_section][\/vc_tta_tour][\/vc_column][\/vc_row]<\/p>\n","protected":false},"excerpt":{"rendered":"<p>[vc_row foundry_background_style=\u00bbbg-secondary\u00bb foundry_padding=\u00bbpt64 pb64&#8243;][vc_column][vc_column_text] Ver todas las Parroquias[\/vc_column_text][vc_column_text] Mariz [\/vc_column_text][\/vc_column][\/vc_row][vc_row foundry_padding=\u00bbpt64 pb64&#8243; el_class=\u00bbcontainer-parroquias\u00bb][vc_column el_class=\u00bbgrid-parroquias\u00bb][vc_tta_tour active_section=\u00bb1&#8243; el_class=\u00bbtour-parroquias\u00bb][vc_tta_section i_icon_fontawesome=\u00bbfas fa-map-marker-alt\u00bb add_icon=\u00bbtrue\u00bb title=\u00bbSituaci\u00f3n\u00bb tab_id=\u00bbsituacion\u00bb][vc_column_text]&#8230;<\/p>\n","protected":false},"author":1,"featured_media":0,"parent":671,"menu_order":0,"comment_status":"closed","ping_status":"closed","template":"","meta":{"footnotes":"","_links_to":"","_links_to_target":""},"class_list":["post-830","page","type-page","status-publish","hentry"],"yoast_head":"<!-- This site is optimized with the Yoast SEO plugin v19.13 - https:\/\/yoast.com\/wordpress\/plugins\/seo\/ -->\n<title>Mariz | Turismo de Guitiriz<\/title>\n<meta name=\"description\" content=\"En Mariz, a 3,5km del n\u00facleo municipal, al igual que en todo el Ayuntamiento, abundan los molinos de agua y su iglesia de estilo rom\u00e1nico.\" \/>\n<meta name=\"robots\" content=\"index, follow, max-snippet:-1, max-image-preview:large, max-video-preview:-1\" \/>\n<link rel=\"canonical\" href=\"https:\/\/turismo.concellodeguitiriz.com\/es\/parroquias\/mariz\/\" \/>\n<meta property=\"og:locale\" content=\"es_ES\" \/>\n<meta property=\"og:type\" content=\"article\" \/>\n<meta property=\"og:title\" content=\"Mariz | Turismo de Guitiriz\" \/>\n<meta property=\"og:description\" content=\"En Mariz, a 3,5km del n\u00facleo municipal, al igual que en todo el Ayuntamiento, abundan los molinos de agua y su iglesia de estilo rom\u00e1nico.\" \/>\n<meta property=\"og:url\" content=\"https:\/\/turismo.concellodeguitiriz.com\/es\/parroquias\/mariz\/\" \/>\n<meta property=\"og:site_name\" content=\"Turismo de Guitiriz\" \/>\n<meta property=\"article:publisher\" content=\"https:\/\/www.facebook.com\/concellodeguitiriz\/\" \/>\n<meta property=\"article:modified_time\" content=\"2021-08-01T10:31:07+00:00\" \/>\n<meta name=\"twitter:card\" content=\"summary_large_image\" \/>\n<meta name=\"twitter:title\" content=\"Mariz | Turismo de Guitiriz\" \/>\n<meta name=\"twitter:description\" content=\"En Mariz, a 3,5km del n\u00facleo municipal, al igual que en todo el Ayuntamiento, abundan los molinos de agua y su iglesia de estilo rom\u00e1nico.\" \/>\n<meta name=\"twitter:label1\" content=\"Tiempo de lectura\" \/>\n\t<meta name=\"twitter:data1\" content=\"2 minutos\" \/>\n<script type=\"application\/ld+json\" class=\"yoast-schema-graph\">{\"@context\":\"https:\/\/schema.org\",\"@graph\":[{\"@type\":\"WebPage\",\"@id\":\"https:\/\/turismo.concellodeguitiriz.com\/es\/parroquias\/mariz\/\",\"url\":\"https:\/\/turismo.concellodeguitiriz.com\/es\/parroquias\/mariz\/\",\"name\":\"Mariz | Turismo de Guitiriz\",\"isPartOf\":{\"@id\":\"https:\/\/turismo.concellodeguitiriz.com\/#website\"},\"datePublished\":\"2021-07-21T15:08:08+00:00\",\"dateModified\":\"2021-08-01T10:31:07+00:00\",\"description\":\"En Mariz, a 3,5km del n\u00facleo municipal, al igual que en todo el Ayuntamiento, abundan los molinos de agua y su iglesia de estilo rom\u00e1nico.\",\"breadcrumb\":{\"@id\":\"https:\/\/turismo.concellodeguitiriz.com\/es\/parroquias\/mariz\/#breadcrumb\"},\"inLanguage\":\"es\",\"potentialAction\":[{\"@type\":\"ReadAction\",\"target\":[\"https:\/\/turismo.concellodeguitiriz.com\/es\/parroquias\/mariz\/\"]}]},{\"@type\":\"BreadcrumbList\",\"@id\":\"https:\/\/turismo.concellodeguitiriz.com\/es\/parroquias\/mariz\/#breadcrumb\",\"itemListElement\":[{\"@type\":\"ListItem\",\"position\":1,\"name\":\"Portada\",\"item\":\"https:\/\/turismo.concellodeguitiriz.com\/es\/\"},{\"@type\":\"ListItem\",\"position\":2,\"name\":\"Parroquias\",\"item\":\"https:\/\/turismo.concellodeguitiriz.com\/es\/parroquias\/\"},{\"@type\":\"ListItem\",\"position\":3,\"name\":\"Mariz\"}]},{\"@type\":\"WebSite\",\"@id\":\"https:\/\/turismo.concellodeguitiriz.com\/#website\",\"url\":\"https:\/\/turismo.concellodeguitiriz.com\/\",\"name\":\"Turismo de Guitiriz\",\"description\":\"Concello de Guitiriz\",\"publisher\":{\"@id\":\"https:\/\/turismo.concellodeguitiriz.com\/#organization\"},\"potentialAction\":[{\"@type\":\"SearchAction\",\"target\":{\"@type\":\"EntryPoint\",\"urlTemplate\":\"https:\/\/turismo.concellodeguitiriz.com\/?s={search_term_string}\"},\"query-input\":\"required name=search_term_string\"}],\"inLanguage\":\"es\"},{\"@type\":\"Organization\",\"@id\":\"https:\/\/turismo.concellodeguitiriz.com\/#organization\",\"name\":\"Turismo Guitiriz\",\"url\":\"https:\/\/turismo.concellodeguitiriz.com\/\",\"logo\":{\"@type\":\"ImageObject\",\"inLanguage\":\"es\",\"@id\":\"https:\/\/turismo.concellodeguitiriz.com\/#\/schema\/logo\/image\/\",\"url\":\"https:\/\/turismo.concellodeguitiriz.com\/wp-content\/uploads\/2021\/06\/g-turismo-logopos.png\",\"contentUrl\":\"https:\/\/turismo.concellodeguitiriz.com\/wp-content\/uploads\/2021\/06\/g-turismo-logopos.png\",\"width\":2001,\"height\":1024,\"caption\":\"Turismo Guitiriz\"},\"image\":{\"@id\":\"https:\/\/turismo.concellodeguitiriz.com\/#\/schema\/logo\/image\/\"},\"sameAs\":[\"https:\/\/www.instagram.com\/guitirizigualdade\/\",\"https:\/\/www.facebook.com\/concellodeguitiriz\/\"]}]}<\/script>\n<!-- \/ Yoast SEO plugin. -->","yoast_head_json":{"title":"Mariz | Turismo de Guitiriz","description":"En Mariz, a 3,5km del n\u00facleo municipal, al igual que en todo el Ayuntamiento, abundan los molinos de agua y su iglesia de estilo rom\u00e1nico.","robots":{"index":"index","follow":"follow","max-snippet":"max-snippet:-1","max-image-preview":"max-image-preview:large","max-video-preview":"max-video-preview:-1"},"canonical":"https:\/\/turismo.concellodeguitiriz.com\/es\/parroquias\/mariz\/","og_locale":"es_ES","og_type":"article","og_title":"Mariz | Turismo de Guitiriz","og_description":"En Mariz, a 3,5km del n\u00facleo municipal, al igual que en todo el Ayuntamiento, abundan los molinos de agua y su iglesia de estilo rom\u00e1nico.","og_url":"https:\/\/turismo.concellodeguitiriz.com\/es\/parroquias\/mariz\/","og_site_name":"Turismo de Guitiriz","article_publisher":"https:\/\/www.facebook.com\/concellodeguitiriz\/","article_modified_time":"2021-08-01T10:31:07+00:00","twitter_card":"summary_large_image","twitter_title":"Mariz | Turismo de Guitiriz","twitter_description":"En Mariz, a 3,5km del n\u00facleo municipal, al igual que en todo el Ayuntamiento, abundan los molinos de agua y su iglesia de estilo rom\u00e1nico.","twitter_misc":{"Tiempo de lectura":"2 minutos"},"schema":{"@context":"https:\/\/schema.org","@graph":[{"@type":"WebPage","@id":"https:\/\/turismo.concellodeguitiriz.com\/es\/parroquias\/mariz\/","url":"https:\/\/turismo.concellodeguitiriz.com\/es\/parroquias\/mariz\/","name":"Mariz | Turismo de Guitiriz","isPartOf":{"@id":"https:\/\/turismo.concellodeguitiriz.com\/#website"},"datePublished":"2021-07-21T15:08:08+00:00","dateModified":"2021-08-01T10:31:07+00:00","description":"En Mariz, a 3,5km del n\u00facleo municipal, al igual que en todo el Ayuntamiento, abundan los molinos de agua y su iglesia de estilo rom\u00e1nico.","breadcrumb":{"@id":"https:\/\/turismo.concellodeguitiriz.com\/es\/parroquias\/mariz\/#breadcrumb"},"inLanguage":"es","potentialAction":[{"@type":"ReadAction","target":["https:\/\/turismo.concellodeguitiriz.com\/es\/parroquias\/mariz\/"]}]},{"@type":"BreadcrumbList","@id":"https:\/\/turismo.concellodeguitiriz.com\/es\/parroquias\/mariz\/#breadcrumb","itemListElement":[{"@type":"ListItem","position":1,"name":"Portada","item":"https:\/\/turismo.concellodeguitiriz.com\/es\/"},{"@type":"ListItem","position":2,"name":"Parroquias","item":"https:\/\/turismo.concellodeguitiriz.com\/es\/parroquias\/"},{"@type":"ListItem","position":3,"name":"Mariz"}]},{"@type":"WebSite","@id":"https:\/\/turismo.concellodeguitiriz.com\/#website","url":"https:\/\/turismo.concellodeguitiriz.com\/","name":"Turismo de Guitiriz","description":"Concello de Guitiriz","publisher":{"@id":"https:\/\/turismo.concellodeguitiriz.com\/#organization"},"potentialAction":[{"@type":"SearchAction","target":{"@type":"EntryPoint","urlTemplate":"https:\/\/turismo.concellodeguitiriz.com\/?s={search_term_string}"},"query-input":"required name=search_term_string"}],"inLanguage":"es"},{"@type":"Organization","@id":"https:\/\/turismo.concellodeguitiriz.com\/#organization","name":"Turismo Guitiriz","url":"https:\/\/turismo.concellodeguitiriz.com\/","logo":{"@type":"ImageObject","inLanguage":"es","@id":"https:\/\/turismo.concellodeguitiriz.com\/#\/schema\/logo\/image\/","url":"https:\/\/turismo.concellodeguitiriz.com\/wp-content\/uploads\/2021\/06\/g-turismo-logopos.png","contentUrl":"https:\/\/turismo.concellodeguitiriz.com\/wp-content\/uploads\/2021\/06\/g-turismo-logopos.png","width":2001,"height":1024,"caption":"Turismo Guitiriz"},"image":{"@id":"https:\/\/turismo.concellodeguitiriz.com\/#\/schema\/logo\/image\/"},"sameAs":["https:\/\/www.instagram.com\/guitirizigualdade\/","https:\/\/www.facebook.com\/concellodeguitiriz\/"]}]}},"_links":{"self":[{"href":"https:\/\/turismo.concellodeguitiriz.com\/es\/wp-json\/wp\/v2\/pages\/830","targetHints":{"allow":["GET"]}}],"collection":[{"href":"https:\/\/turismo.concellodeguitiriz.com\/es\/wp-json\/wp\/v2\/pages"}],"about":[{"href":"https:\/\/turismo.concellodeguitiriz.com\/es\/wp-json\/wp\/v2\/types\/page"}],"author":[{"embeddable":true,"href":"https:\/\/turismo.concellodeguitiriz.com\/es\/wp-json\/wp\/v2\/users\/1"}],"replies":[{"embeddable":true,"href":"https:\/\/turismo.concellodeguitiriz.com\/es\/wp-json\/wp\/v2\/comments?post=830"}],"version-history":[{"count":2,"href":"https:\/\/turismo.concellodeguitiriz.com\/es\/wp-json\/wp\/v2\/pages\/830\/revisions"}],"predecessor-version":[{"id":839,"href":"https:\/\/turismo.concellodeguitiriz.com\/es\/wp-json\/wp\/v2\/pages\/830\/revisions\/839"}],"up":[{"embeddable":true,"href":"https:\/\/turismo.concellodeguitiriz.com\/es\/wp-json\/wp\/v2\/pages\/671"}],"wp:attachment":[{"href":"https:\/\/turismo.concellodeguitiriz.com\/es\/wp-json\/wp\/v2\/media?parent=830"}],"curies":[{"name":"wp","href":"https:\/\/api.w.org\/{rel}","templated":true}]}}