{"id":843,"date":"2021-07-21T15:57:39","date_gmt":"2021-07-21T15:57:39","guid":{"rendered":"https:\/\/turismo.concellodeguitiriz.com\/parroquias\/parga\/"},"modified":"2022-01-12T17:17:35","modified_gmt":"2022-01-12T17:17:35","slug":"parga","status":"publish","type":"page","link":"https:\/\/turismo.concellodeguitiriz.com\/es\/parroquias\/parga\/","title":{"rendered":"Parga"},"content":{"rendered":"<p>[vc_row foundry_background_style=\u00bbbg-secondary\u00bb foundry_padding=\u00bbpt64 pb64&#8243;][vc_column][vc_column_text]<a href=\"\/es\/parroquias\/\"><i class=\"fas fa-long-arrow-alt-left\"><\/i> Ver todas las Parroquias<\/a>[\/vc_column_text][vc_column_text]<\/p>\n<h1 style=\"text-align: center;\">Parga<\/h1>\n<p>[\/vc_column_text][\/vc_column][\/vc_row][vc_row foundry_padding=\u00bbpt64 pb64&#8243; el_class=\u00bbcontainer-parroquias\u00bb][vc_column el_class=\u00bbgrid-parroquias\u00bb][vc_tta_tour active_section=\u00bb1&#8243; el_class=\u00bbtour-parroquias\u00bb][vc_tta_section i_icon_fontawesome=\u00bbfas fa-map-marker-alt\u00bb add_icon=\u00bbtrue\u00bb title=\u00bbSituaci\u00f3n\u00bb tab_id=\u00bbsituacion\u00bb][vc_column_text]<i class=\"fas fa-map-marker-alt\"><\/i> <strong>Situaci\u00f3n<\/strong>: Situada a 6km del n\u00facleo municipal.<br \/>\n<a href=\"https:\/\/maps.app.goo.gl\/zPnVPcmRJvT8uXcq8\" target=\"_blank\" rel=\"noopener\">Consulta ubicaci\u00f3n<\/a><\/p>\n<p><i class=\"fas fa-route\"><\/i> <strong>Entidades poblacionales:<\/strong> 13<br \/>\nO Carballal, Cercedo, O Bux\u00edo, A Chantada,O Covelo, Ferreira, A Vilonchada, Gali\u00f1eiro, Monteme\u00e1, A Ponte, A Pobra de Parga, Portopulgo, A Tolda.[\/vc_column_text][\/vc_tta_section][vc_tta_section i_icon_fontawesome=\u00bbfas fa-book-open\u00bb add_icon=\u00bbtrue\u00bb title=\u00bbConoce Parga\u00bb tab_id=\u00bbconoce\u00bb][vc_row_inner][vc_column_inner][vc_column_text]En esta parroquia est\u00e1 situada la Fuente de Valdov\u00edn, que es una de las tres fuentes minero medicinales que hay en el ayuntamiento. Otro de los parajes naturales que posee un encanto especial es el \u00c1rea Recreativa da Carballeira situada a la orilla del r\u00edo Parga.<\/p>\n<p>Adem\u00e1s, destaca el CIT (Centro de Iniciativas Tur\u00edsticas) donde se puede jugar al f\u00fatbol, baloncesto o simplemente descansar disfrutando de la hermosura del lugar.<\/p>\n<p>Parga posee un riqu\u00edsimo patrimonio hist\u00f3rico y cultural, podemos encontrar restos de monumentos pertenecientes a la cultura epipaleol\u00edtica como es El Yacimiento de \u201cPena Xiboi\u201d, declarado reconocimiento patrimonial.<\/p>\n<p>Otro de los lugares m\u00e1s emblem\u00e1ticos de Parga es el entorno de la Iglesia Parroquial, donde podemos ver restos de sarc\u00f3fagos antropoides, as\u00ed como, los restos del Castillo de Parga y el crucero que hay en sus alrededores. Al lado del centro de salud se encuentra la Capilla de San Jos\u00e9. En su interior hay un retablo de estilo barroco y talla de la Virgen con el Ni\u00f1o.[\/vc_column_text][\/vc_column_inner][\/vc_row_inner][\/vc_tta_section][vc_tta_section i_icon_fontawesome=\u00bbfas fa-eye\u00bb add_icon=\u00bbtrue\u00bb title=\u00bbQu\u00e9 ver\u00bb tab_id=\u00bbque-ver\u00bb][vc_row_inner][vc_column_inner width=\u00bb1\/2&#8243; offset=\u00bbvc_col-xs-6&#8243;][vc_single_image image=\u00bb600&#8243; img_size=\u00bbfull\u00bb alignment=\u00bbcenter\u00bb][\/vc_column_inner][vc_column_inner width=\u00bb1\/2&#8243;][vc_single_image image=\u00bb748&#8243; img_size=\u00bbfull\u00bb alignment=\u00bbcenter\u00bb][\/vc_column_inner][\/vc_row_inner][vc_row_inner][vc_column_inner width=\u00bb1\/2&#8243; offset=\u00bbvc_col-xs-6&#8243;][vc_single_image image=\u00bb752&#8243; img_size=\u00bbfull\u00bb alignment=\u00bbcenter\u00bb][\/vc_column_inner][vc_column_inner width=\u00bb1\/2&#8243;][vc_single_image image=\u00bb598&#8243; img_size=\u00bbfull\u00bb alignment=\u00bbcenter\u00bb][\/vc_column_inner][\/vc_row_inner][\/vc_tta_section][vc_tta_section i_icon_fontawesome=\u00bbfas fa-calendar\u00bb add_icon=\u00bbtrue\u00bb title=\u00bbFiestas\u00bb tab_id=\u00bbfestas\u00bb][vc_column_text]<i class=\"fas fa-calendar\"><\/i> <strong>Fiestas<\/strong>: 3\u00ba fin de semana de agosto, en honor de San Roque.<\/p>\n<p>En Parga abundan las fiestas y las ferias.<\/p>\n<ul>\n<li>Las ferias se celebran los domingos entre los d\u00edas 9 y 15 y el \u00faltimo domingo del mes.<\/li>\n<li>La conocida como \u201cFeira da Canteir\u00eda, artesan\u00eda e callos\u201d , donde podemos ver c\u00f3mo los canteros trabajan la piedra, as\u00ed como, disfrutar de uno de los platos t\u00edpicos de la zona. En este d\u00eda abundan las meriendas familiares en el \u00e1rea recreativa.<\/li>\n<\/ul>\n<p>[\/vc_column_text][\/vc_tta_section][\/vc_tta_tour][\/vc_column][\/vc_row]<\/p>\n","protected":false},"excerpt":{"rendered":"<p>[vc_row foundry_background_style=\u00bbbg-secondary\u00bb foundry_padding=\u00bbpt64 pb64&#8243;][vc_column][vc_column_text] Ver todas las Parroquias[\/vc_column_text][vc_column_text] Parga [\/vc_column_text][\/vc_column][\/vc_row][vc_row foundry_padding=\u00bbpt64 pb64&#8243; el_class=\u00bbcontainer-parroquias\u00bb][vc_column el_class=\u00bbgrid-parroquias\u00bb][vc_tta_tour active_section=\u00bb1&#8243; el_class=\u00bbtour-parroquias\u00bb][vc_tta_section i_icon_fontawesome=\u00bbfas fa-map-marker-alt\u00bb add_icon=\u00bbtrue\u00bb title=\u00bbSituaci\u00f3n\u00bb tab_id=\u00bbsituacion\u00bb][vc_column_text]&#8230;<\/p>\n","protected":false},"author":1,"featured_media":0,"parent":671,"menu_order":0,"comment_status":"closed","ping_status":"closed","template":"","meta":{"footnotes":"","_links_to":"","_links_to_target":""},"class_list":["post-843","page","type-page","status-publish","hentry"],"yoast_head":"<!-- This site is optimized with the Yoast SEO plugin v19.13 - https:\/\/yoast.com\/wordpress\/plugins\/seo\/ -->\n<title>Parga | Turismo de Guitiriz<\/title>\n<meta name=\"description\" content=\"Parga es un lugar id\u00f3neo para disfrutar de un d\u00eda de ocio. Adem\u00e1s, de sus maravillosos paisajes, puedes acudir el primeir domingo de cada mes a su feria.\" \/>\n<meta name=\"robots\" content=\"index, follow, max-snippet:-1, max-image-preview:large, max-video-preview:-1\" \/>\n<link rel=\"canonical\" href=\"https:\/\/turismo.concellodeguitiriz.com\/es\/parroquias\/parga\/\" \/>\n<meta property=\"og:locale\" content=\"es_ES\" \/>\n<meta property=\"og:type\" content=\"article\" \/>\n<meta property=\"og:title\" content=\"Parga | Turismo de Guitiriz\" \/>\n<meta property=\"og:description\" content=\"Parga es un lugar id\u00f3neo para disfrutar de un d\u00eda de ocio. Adem\u00e1s, de sus maravillosos paisajes, puedes acudir el primeir domingo de cada mes a su feria.\" \/>\n<meta property=\"og:url\" content=\"https:\/\/turismo.concellodeguitiriz.com\/es\/parroquias\/parga\/\" \/>\n<meta property=\"og:site_name\" content=\"Turismo de Guitiriz\" \/>\n<meta property=\"article:publisher\" content=\"https:\/\/www.facebook.com\/concellodeguitiriz\/\" \/>\n<meta property=\"article:modified_time\" content=\"2022-01-12T17:17:35+00:00\" \/>\n<meta name=\"twitter:card\" content=\"summary_large_image\" \/>\n<meta name=\"twitter:title\" content=\"Parga | Turismo de Guitiriz\" \/>\n<meta name=\"twitter:description\" content=\"Parga es un lugar id\u00f3neo para disfrutar de un d\u00eda de ocio. Adem\u00e1s, de sus maravillosos paisajes, puedes acudir el primeir domingo de cada mes a su feria.\" \/>\n<meta name=\"twitter:label1\" content=\"Tiempo de lectura\" \/>\n\t<meta name=\"twitter:data1\" content=\"2 minutos\" \/>\n<script type=\"application\/ld+json\" class=\"yoast-schema-graph\">{\"@context\":\"https:\/\/schema.org\",\"@graph\":[{\"@type\":\"WebPage\",\"@id\":\"https:\/\/turismo.concellodeguitiriz.com\/es\/parroquias\/parga\/\",\"url\":\"https:\/\/turismo.concellodeguitiriz.com\/es\/parroquias\/parga\/\",\"name\":\"Parga | Turismo de Guitiriz\",\"isPartOf\":{\"@id\":\"https:\/\/turismo.concellodeguitiriz.com\/#website\"},\"datePublished\":\"2021-07-21T15:57:39+00:00\",\"dateModified\":\"2022-01-12T17:17:35+00:00\",\"description\":\"Parga es un lugar id\u00f3neo para disfrutar de un d\u00eda de ocio. Adem\u00e1s, de sus maravillosos paisajes, puedes acudir el primeir domingo de cada mes a su feria.\",\"breadcrumb\":{\"@id\":\"https:\/\/turismo.concellodeguitiriz.com\/es\/parroquias\/parga\/#breadcrumb\"},\"inLanguage\":\"es\",\"potentialAction\":[{\"@type\":\"ReadAction\",\"target\":[\"https:\/\/turismo.concellodeguitiriz.com\/es\/parroquias\/parga\/\"]}]},{\"@type\":\"BreadcrumbList\",\"@id\":\"https:\/\/turismo.concellodeguitiriz.com\/es\/parroquias\/parga\/#breadcrumb\",\"itemListElement\":[{\"@type\":\"ListItem\",\"position\":1,\"name\":\"Portada\",\"item\":\"https:\/\/turismo.concellodeguitiriz.com\/es\/\"},{\"@type\":\"ListItem\",\"position\":2,\"name\":\"Parroquias\",\"item\":\"https:\/\/turismo.concellodeguitiriz.com\/es\/parroquias\/\"},{\"@type\":\"ListItem\",\"position\":3,\"name\":\"Parga\"}]},{\"@type\":\"WebSite\",\"@id\":\"https:\/\/turismo.concellodeguitiriz.com\/#website\",\"url\":\"https:\/\/turismo.concellodeguitiriz.com\/\",\"name\":\"Turismo de Guitiriz\",\"description\":\"Concello de Guitiriz\",\"publisher\":{\"@id\":\"https:\/\/turismo.concellodeguitiriz.com\/#organization\"},\"potentialAction\":[{\"@type\":\"SearchAction\",\"target\":{\"@type\":\"EntryPoint\",\"urlTemplate\":\"https:\/\/turismo.concellodeguitiriz.com\/?s={search_term_string}\"},\"query-input\":\"required name=search_term_string\"}],\"inLanguage\":\"es\"},{\"@type\":\"Organization\",\"@id\":\"https:\/\/turismo.concellodeguitiriz.com\/#organization\",\"name\":\"Turismo Guitiriz\",\"url\":\"https:\/\/turismo.concellodeguitiriz.com\/\",\"logo\":{\"@type\":\"ImageObject\",\"inLanguage\":\"es\",\"@id\":\"https:\/\/turismo.concellodeguitiriz.com\/#\/schema\/logo\/image\/\",\"url\":\"https:\/\/turismo.concellodeguitiriz.com\/wp-content\/uploads\/2021\/06\/g-turismo-logopos.png\",\"contentUrl\":\"https:\/\/turismo.concellodeguitiriz.com\/wp-content\/uploads\/2021\/06\/g-turismo-logopos.png\",\"width\":2001,\"height\":1024,\"caption\":\"Turismo Guitiriz\"},\"image\":{\"@id\":\"https:\/\/turismo.concellodeguitiriz.com\/#\/schema\/logo\/image\/\"},\"sameAs\":[\"https:\/\/www.instagram.com\/guitirizigualdade\/\",\"https:\/\/www.facebook.com\/concellodeguitiriz\/\"]}]}<\/script>\n<!-- \/ Yoast SEO plugin. -->","yoast_head_json":{"title":"Parga | Turismo de Guitiriz","description":"Parga es un lugar id\u00f3neo para disfrutar de un d\u00eda de ocio. Adem\u00e1s, de sus maravillosos paisajes, puedes acudir el primeir domingo de cada mes a su feria.","robots":{"index":"index","follow":"follow","max-snippet":"max-snippet:-1","max-image-preview":"max-image-preview:large","max-video-preview":"max-video-preview:-1"},"canonical":"https:\/\/turismo.concellodeguitiriz.com\/es\/parroquias\/parga\/","og_locale":"es_ES","og_type":"article","og_title":"Parga | Turismo de Guitiriz","og_description":"Parga es un lugar id\u00f3neo para disfrutar de un d\u00eda de ocio. Adem\u00e1s, de sus maravillosos paisajes, puedes acudir el primeir domingo de cada mes a su feria.","og_url":"https:\/\/turismo.concellodeguitiriz.com\/es\/parroquias\/parga\/","og_site_name":"Turismo de Guitiriz","article_publisher":"https:\/\/www.facebook.com\/concellodeguitiriz\/","article_modified_time":"2022-01-12T17:17:35+00:00","twitter_card":"summary_large_image","twitter_title":"Parga | Turismo de Guitiriz","twitter_description":"Parga es un lugar id\u00f3neo para disfrutar de un d\u00eda de ocio. Adem\u00e1s, de sus maravillosos paisajes, puedes acudir el primeir domingo de cada mes a su feria.","twitter_misc":{"Tiempo de lectura":"2 minutos"},"schema":{"@context":"https:\/\/schema.org","@graph":[{"@type":"WebPage","@id":"https:\/\/turismo.concellodeguitiriz.com\/es\/parroquias\/parga\/","url":"https:\/\/turismo.concellodeguitiriz.com\/es\/parroquias\/parga\/","name":"Parga | Turismo de Guitiriz","isPartOf":{"@id":"https:\/\/turismo.concellodeguitiriz.com\/#website"},"datePublished":"2021-07-21T15:57:39+00:00","dateModified":"2022-01-12T17:17:35+00:00","description":"Parga es un lugar id\u00f3neo para disfrutar de un d\u00eda de ocio. Adem\u00e1s, de sus maravillosos paisajes, puedes acudir el primeir domingo de cada mes a su feria.","breadcrumb":{"@id":"https:\/\/turismo.concellodeguitiriz.com\/es\/parroquias\/parga\/#breadcrumb"},"inLanguage":"es","potentialAction":[{"@type":"ReadAction","target":["https:\/\/turismo.concellodeguitiriz.com\/es\/parroquias\/parga\/"]}]},{"@type":"BreadcrumbList","@id":"https:\/\/turismo.concellodeguitiriz.com\/es\/parroquias\/parga\/#breadcrumb","itemListElement":[{"@type":"ListItem","position":1,"name":"Portada","item":"https:\/\/turismo.concellodeguitiriz.com\/es\/"},{"@type":"ListItem","position":2,"name":"Parroquias","item":"https:\/\/turismo.concellodeguitiriz.com\/es\/parroquias\/"},{"@type":"ListItem","position":3,"name":"Parga"}]},{"@type":"WebSite","@id":"https:\/\/turismo.concellodeguitiriz.com\/#website","url":"https:\/\/turismo.concellodeguitiriz.com\/","name":"Turismo de Guitiriz","description":"Concello de Guitiriz","publisher":{"@id":"https:\/\/turismo.concellodeguitiriz.com\/#organization"},"potentialAction":[{"@type":"SearchAction","target":{"@type":"EntryPoint","urlTemplate":"https:\/\/turismo.concellodeguitiriz.com\/?s={search_term_string}"},"query-input":"required name=search_term_string"}],"inLanguage":"es"},{"@type":"Organization","@id":"https:\/\/turismo.concellodeguitiriz.com\/#organization","name":"Turismo Guitiriz","url":"https:\/\/turismo.concellodeguitiriz.com\/","logo":{"@type":"ImageObject","inLanguage":"es","@id":"https:\/\/turismo.concellodeguitiriz.com\/#\/schema\/logo\/image\/","url":"https:\/\/turismo.concellodeguitiriz.com\/wp-content\/uploads\/2021\/06\/g-turismo-logopos.png","contentUrl":"https:\/\/turismo.concellodeguitiriz.com\/wp-content\/uploads\/2021\/06\/g-turismo-logopos.png","width":2001,"height":1024,"caption":"Turismo Guitiriz"},"image":{"@id":"https:\/\/turismo.concellodeguitiriz.com\/#\/schema\/logo\/image\/"},"sameAs":["https:\/\/www.instagram.com\/guitirizigualdade\/","https:\/\/www.facebook.com\/concellodeguitiriz\/"]}]}},"_links":{"self":[{"href":"https:\/\/turismo.concellodeguitiriz.com\/es\/wp-json\/wp\/v2\/pages\/843","targetHints":{"allow":["GET"]}}],"collection":[{"href":"https:\/\/turismo.concellodeguitiriz.com\/es\/wp-json\/wp\/v2\/pages"}],"about":[{"href":"https:\/\/turismo.concellodeguitiriz.com\/es\/wp-json\/wp\/v2\/types\/page"}],"author":[{"embeddable":true,"href":"https:\/\/turismo.concellodeguitiriz.com\/es\/wp-json\/wp\/v2\/users\/1"}],"replies":[{"embeddable":true,"href":"https:\/\/turismo.concellodeguitiriz.com\/es\/wp-json\/wp\/v2\/comments?post=843"}],"version-history":[{"count":5,"href":"https:\/\/turismo.concellodeguitiriz.com\/es\/wp-json\/wp\/v2\/pages\/843\/revisions"}],"predecessor-version":[{"id":1026,"href":"https:\/\/turismo.concellodeguitiriz.com\/es\/wp-json\/wp\/v2\/pages\/843\/revisions\/1026"}],"up":[{"embeddable":true,"href":"https:\/\/turismo.concellodeguitiriz.com\/es\/wp-json\/wp\/v2\/pages\/671"}],"wp:attachment":[{"href":"https:\/\/turismo.concellodeguitiriz.com\/es\/wp-json\/wp\/v2\/media?parent=843"}],"curies":[{"name":"wp","href":"https:\/\/api.w.org\/{rel}","templated":true}]}}