{"id":868,"date":"2021-07-13T16:21:49","date_gmt":"2021-07-13T16:21:49","guid":{"rendered":"https:\/\/turismo.concellodeguitiriz.com\/parroquias\/guitiriz\/"},"modified":"2023-09-25T07:21:34","modified_gmt":"2023-09-25T07:21:34","slug":"guitiriz","status":"publish","type":"page","link":"https:\/\/turismo.concellodeguitiriz.com\/es\/parroquias\/guitiriz\/","title":{"rendered":"San Xo\u00e1n de Lagostelle"},"content":{"rendered":"<p>[vc_row foundry_background_style=\u00bbbg-secondary\u00bb foundry_padding=\u00bbpt64 pb64&#8243;][vc_column][vc_column_text]<a href=\"\/es\/parroquias\/\"><i class=\"fas fa-long-arrow-alt-left\"><\/i> Ver todas las Parroquias<\/a>[\/vc_column_text][vc_column_text]<\/p>\n<h1 style=\"text-align: center;\">San Xo\u00e1n de Lagostelle<\/h1>\n<p>[\/vc_column_text][\/vc_column][\/vc_row][vc_row foundry_padding=\u00bbpt64 pb64&#8243; el_class=\u00bbcontainer-parroquias\u00bb][vc_column el_class=\u00bbgrid-parroquias\u00bb][vc_tta_tour active_section=\u00bb1&#8243; el_class=\u00bbtour-parroquias\u00bb][vc_tta_section i_icon_fontawesome=\u00bbfas fa-map-marker-alt\u00bb add_icon=\u00bbtrue\u00bb title=\u00bbSituaci\u00f3n\u00bb tab_id=\u00bbsituacion\u00bb][vc_column_text]<i class=\"fas fa-map-marker-alt\"><\/i> <strong>Situaci\u00f3n<\/strong>: N\u00facleo municipal.<\/p>\n<p><i class=\"fas fa-route\"><\/i><strong>Entidades poblacionales:<\/strong> 14<br \/>\nGuitiriz, e as aldeas de Acevedo, Amariz, Ansede, Arx\u00e1, Barreiro, Belote, Cabanacomba, Cezar , Esc\u00e1debas, Xomelio, A Landoreira, Os Li\u00f1ares, Pardi\u00f1as, O Pazo, O Penedo, O Sangui\u00f1edo, Senande, Sesulfe, A Torre.[\/vc_column_text][\/vc_tta_section][vc_tta_section i_icon_fontawesome=\u00bbfas fa-book-open\u00bb add_icon=\u00bbtrue\u00bb title=\u00bbConoce Guitiriz\u00bb tab_id=\u00bbconoce\u00bb][vc_row_inner][vc_column_inner][vc_column_text]Guitiriz y las aldeas pr\u00f3ximas forman la parroquia de San Xo\u00e1n de Lagostelle, a la cual pertenecen el\u00a0\u201c<strong>\u00c1rea Recreativa San Xo\u00e1n de Lagostelle<\/strong>\u201d y el \u201c<strong>\u00c1rea Recreativa dos Sete Mu\u00ed\u00f1os<\/strong>\u201d. Unos parajes naturales que nos permiten entrar de lleno en contacto con la naturaleza y conocer de primera mano la flora y la fauna local.<\/p>\n<p>En el <strong>\u201c\u00c1rea Recreativa San Xo\u00e1n de Lagostelle\u201d<\/strong> se encuentra un gran pantano, por el cual es conocido popularmente el lugar. Otro de los espacios naturales a destacar es el paseo fluvial que va desde la Ponteveiga hasta los <strong>\u00abSete Mu\u00ed\u00f1os\u00bb<\/strong>, un paseo que forma parte de uno de los tramos de la conocido Ruta del Agua.<\/p>\n<p>En el n\u00facleo municipal, destaca el Reloj Analem\u00e1tico de Sol, situado en la plaza. Se llama as\u00ed, porque el gnomon se desplaza durante el a\u00f1o seg\u00fan la declinaci\u00f3n solar. As\u00ed, es el propio observador quien, situado sobre la fecha, se\u00f1ala la hora con su propia sombra. A su lado est\u00e1 la Iglesia Parroquial de Santa Mar\u00eda, tambi\u00e9n la Iglesia de San Xo\u00e1n de Lagostella, cerca del cuartel de la Guardia Civil en Torre Vella.<\/p>\n<p>En la plaza de O Curro Vello podemos ver la \u00abCapilla de Ecce Homo\u00bb del siglo XX, propiedad de los due\u00f1os de la Casa Barxa. En su interior hay un retablo con im\u00e1genes de la Virgen, San Jos\u00e9 y el Ni\u00f1o, Cristo Salvador y el Ecce Homo.<\/p>\n<p>En el n\u00facleo urbano de Guitiriz se encuentra el Balneario, restaurado e inaugurado en 2003. En su hermoso recinto podemos ver una mezquita de la Guerra Civil, ya que, durante esa \u00e9poca el Balneario fue un hospital militar.<\/p>\n<p>Junto con la arquitectura religiosa tambi\u00e9n hay muestras de la arquitectura civil, como es el Pazo de Camarasa; A Torre, una antigua casa fuerte de 1372 que dio nombre al lugar en el que se encuentra, esta misma fue destruida y reedificada en el a\u00f1o 1863.[\/vc_column_text][\/vc_column_inner][\/vc_row_inner][\/vc_tta_section][vc_tta_section i_icon_fontawesome=\u00bbfas fa-eye\u00bb add_icon=\u00bbtrue\u00bb title=\u00bbQu\u00e9 ver\u00bb tab_id=\u00bbque-ver\u00bb][vc_row_inner][vc_column_inner width=\u00bb1\/2&#8243; offset=\u00bbvc_col-xs-6&#8243;][vc_single_image image=\u00bb760&#8243; img_size=\u00bbfull\u00bb alignment=\u00bbcenter\u00bb][\/vc_column_inner][vc_column_inner width=\u00bb1\/2&#8243; offset=\u00bbvc_col-xs-6&#8243;][vc_single_image image=\u00bb750&#8243; img_size=\u00bbfull\u00bb alignment=\u00bbcenter\u00bb][\/vc_column_inner][\/vc_row_inner][vc_row_inner][vc_column_inner width=\u00bb1\/2&#8243; offset=\u00bbvc_col-xs-6&#8243;][vc_single_image image=\u00bb754&#8243; img_size=\u00bbfull\u00bb alignment=\u00bbcenter\u00bb][\/vc_column_inner][vc_column_inner width=\u00bb1\/2&#8243; offset=\u00bbvc_col-xs-6&#8243;][vc_single_image image=\u00bb116&#8243; img_size=\u00bbfull\u00bb alignment=\u00bbcenter\u00bb][\/vc_column_inner][\/vc_row_inner][vc_row_inner][vc_column_inner width=\u00bb1\/2&#8243; offset=\u00bbvc_col-xs-6&#8243;][vc_single_image image=\u00bb762&#8243; img_size=\u00bbfull\u00bb alignment=\u00bbcenter\u00bb][\/vc_column_inner][vc_column_inner width=\u00bb1\/2&#8243; offset=\u00bbvc_col-xs-6&#8243;][vc_single_image image=\u00bb739&#8243; img_size=\u00bbfull\u00bb alignment=\u00bbcenter\u00bb][\/vc_column_inner][\/vc_row_inner][\/vc_tta_section][vc_tta_section i_icon_fontawesome=\u00bbfas fa-calendar\u00bb add_icon=\u00bbtrue\u00bb title=\u00bbFiestas\u00bb tab_id=\u00bbfiestas\u00bb][vc_column_text]<i class=\"fas fa-calendar\"><\/i> <strong>Fiestas<\/strong>:<\/p>\n<ul>\n<li>En honor a San Juan (Guitiriz) los d\u00edas 23 e 24 de junio, uni\u00e9ndolos con el fin de semana m\u00e1s pr\u00f3ximo.<\/li>\n<li>14 de septiembre. Fiesta del Ecce Homo, en O Curro Vello.<\/li>\n<li>Primer fin de semana de agosto. Festival de Pardi\u00f1as.<\/li>\n<li>Primer domingo de junio. Fiesta de la Torta de Ma\u00edz.<\/li>\n<li>Todos los mi\u00e9rcoles se celebra el mercado en la praza del pueblo.<\/li>\n<\/ul>\n<p>[\/vc_column_text][\/vc_tta_section][\/vc_tta_tour][\/vc_column][\/vc_row]<\/p>\n","protected":false},"excerpt":{"rendered":"<p>[vc_row foundry_background_style=\u00bbbg-secondary\u00bb foundry_padding=\u00bbpt64 pb64&#8243;][vc_column][vc_column_text] Ver todas las Parroquias[\/vc_column_text][vc_column_text] San Xo\u00e1n de Lagostelle [\/vc_column_text][\/vc_column][\/vc_row][vc_row foundry_padding=\u00bbpt64 pb64&#8243; el_class=\u00bbcontainer-parroquias\u00bb][vc_column el_class=\u00bbgrid-parroquias\u00bb][vc_tta_tour active_section=\u00bb1&#8243; el_class=\u00bbtour-parroquias\u00bb][vc_tta_section i_icon_fontawesome=\u00bbfas fa-map-marker-alt\u00bb&#8230;<\/p>\n","protected":false},"author":1,"featured_media":0,"parent":671,"menu_order":0,"comment_status":"closed","ping_status":"closed","template":"","meta":{"footnotes":"","_links_to":"","_links_to_target":""},"class_list":["post-868","page","type-page","status-publish","hentry"],"yoast_head":"<!-- This site is optimized with the Yoast SEO plugin v19.13 - https:\/\/yoast.com\/wordpress\/plugins\/seo\/ -->\n<title>San Xo\u00e1n de Lagostelle | Turismo de Guitiriz<\/title>\n<meta name=\"description\" content=\"Guitiriz y las aldeas pr\u00f3ximas forman la parroquia de San Xo\u00e1n de Lagostelle, a la cual pertenecen el\u00a0\u201c\u00c1rea Recreativa San Xo\u00e1n de Lagostelle\u201d y el \u201c\u00c1rea Recreativa dos Sete Mu\u00ed\u00f1os\u201d.\" \/>\n<meta name=\"robots\" content=\"index, follow, max-snippet:-1, max-image-preview:large, max-video-preview:-1\" \/>\n<link rel=\"canonical\" href=\"https:\/\/turismo.concellodeguitiriz.com\/es\/parroquias\/guitiriz\/\" \/>\n<meta property=\"og:locale\" content=\"es_ES\" \/>\n<meta property=\"og:type\" content=\"article\" \/>\n<meta property=\"og:title\" content=\"San Xo\u00e1n de Lagostelle | Turismo de Guitiriz\" \/>\n<meta property=\"og:description\" content=\"Guitiriz y las aldeas pr\u00f3ximas forman la parroquia de San Xo\u00e1n de Lagostelle, a la cual pertenecen el\u00a0\u201c\u00c1rea Recreativa San Xo\u00e1n de Lagostelle\u201d y el \u201c\u00c1rea Recreativa dos Sete Mu\u00ed\u00f1os\u201d.\" \/>\n<meta property=\"og:url\" content=\"https:\/\/turismo.concellodeguitiriz.com\/es\/parroquias\/guitiriz\/\" \/>\n<meta property=\"og:site_name\" content=\"Turismo de Guitiriz\" \/>\n<meta property=\"article:publisher\" content=\"https:\/\/www.facebook.com\/concellodeguitiriz\/\" \/>\n<meta property=\"article:modified_time\" content=\"2023-09-25T07:21:34+00:00\" \/>\n<meta name=\"twitter:card\" content=\"summary_large_image\" \/>\n<meta name=\"twitter:title\" content=\"San Xo\u00e1n de Lagostelle | Turismo de Guitiriz\" \/>\n<meta name=\"twitter:description\" content=\"Guitiriz y las aldeas pr\u00f3ximas forman la parroquia de San Xo\u00e1n de Lagostelle, a la cual pertenecen el\u00a0\u201c\u00c1rea Recreativa San Xo\u00e1n de Lagostelle\u201d y el \u201c\u00c1rea Recreativa dos Sete Mu\u00ed\u00f1os\u201d.\" \/>\n<meta name=\"twitter:label1\" content=\"Tiempo de lectura\" \/>\n\t<meta name=\"twitter:data1\" content=\"3 minutos\" \/>\n<script type=\"application\/ld+json\" class=\"yoast-schema-graph\">{\"@context\":\"https:\/\/schema.org\",\"@graph\":[{\"@type\":\"WebPage\",\"@id\":\"https:\/\/turismo.concellodeguitiriz.com\/es\/parroquias\/guitiriz\/\",\"url\":\"https:\/\/turismo.concellodeguitiriz.com\/es\/parroquias\/guitiriz\/\",\"name\":\"San Xo\u00e1n de Lagostelle | Turismo de Guitiriz\",\"isPartOf\":{\"@id\":\"https:\/\/turismo.concellodeguitiriz.com\/#website\"},\"datePublished\":\"2021-07-13T16:21:49+00:00\",\"dateModified\":\"2023-09-25T07:21:34+00:00\",\"description\":\"Guitiriz y las aldeas pr\u00f3ximas forman la parroquia de San Xo\u00e1n de Lagostelle, a la cual pertenecen el\u00a0\u201c\u00c1rea Recreativa San Xo\u00e1n de Lagostelle\u201d y el \u201c\u00c1rea Recreativa dos Sete Mu\u00ed\u00f1os\u201d.\",\"breadcrumb\":{\"@id\":\"https:\/\/turismo.concellodeguitiriz.com\/es\/parroquias\/guitiriz\/#breadcrumb\"},\"inLanguage\":\"es\",\"potentialAction\":[{\"@type\":\"ReadAction\",\"target\":[\"https:\/\/turismo.concellodeguitiriz.com\/es\/parroquias\/guitiriz\/\"]}]},{\"@type\":\"BreadcrumbList\",\"@id\":\"https:\/\/turismo.concellodeguitiriz.com\/es\/parroquias\/guitiriz\/#breadcrumb\",\"itemListElement\":[{\"@type\":\"ListItem\",\"position\":1,\"name\":\"Portada\",\"item\":\"https:\/\/turismo.concellodeguitiriz.com\/es\/\"},{\"@type\":\"ListItem\",\"position\":2,\"name\":\"Parroquias\",\"item\":\"https:\/\/turismo.concellodeguitiriz.com\/es\/parroquias\/\"},{\"@type\":\"ListItem\",\"position\":3,\"name\":\"San Xo\u00e1n de Lagostelle\"}]},{\"@type\":\"WebSite\",\"@id\":\"https:\/\/turismo.concellodeguitiriz.com\/#website\",\"url\":\"https:\/\/turismo.concellodeguitiriz.com\/\",\"name\":\"Turismo de Guitiriz\",\"description\":\"Concello de Guitiriz\",\"publisher\":{\"@id\":\"https:\/\/turismo.concellodeguitiriz.com\/#organization\"},\"potentialAction\":[{\"@type\":\"SearchAction\",\"target\":{\"@type\":\"EntryPoint\",\"urlTemplate\":\"https:\/\/turismo.concellodeguitiriz.com\/?s={search_term_string}\"},\"query-input\":\"required name=search_term_string\"}],\"inLanguage\":\"es\"},{\"@type\":\"Organization\",\"@id\":\"https:\/\/turismo.concellodeguitiriz.com\/#organization\",\"name\":\"Turismo Guitiriz\",\"url\":\"https:\/\/turismo.concellodeguitiriz.com\/\",\"logo\":{\"@type\":\"ImageObject\",\"inLanguage\":\"es\",\"@id\":\"https:\/\/turismo.concellodeguitiriz.com\/#\/schema\/logo\/image\/\",\"url\":\"https:\/\/turismo.concellodeguitiriz.com\/wp-content\/uploads\/2021\/06\/g-turismo-logopos.png\",\"contentUrl\":\"https:\/\/turismo.concellodeguitiriz.com\/wp-content\/uploads\/2021\/06\/g-turismo-logopos.png\",\"width\":2001,\"height\":1024,\"caption\":\"Turismo Guitiriz\"},\"image\":{\"@id\":\"https:\/\/turismo.concellodeguitiriz.com\/#\/schema\/logo\/image\/\"},\"sameAs\":[\"https:\/\/www.instagram.com\/guitirizigualdade\/\",\"https:\/\/www.facebook.com\/concellodeguitiriz\/\"]}]}<\/script>\n<!-- \/ Yoast SEO plugin. -->","yoast_head_json":{"title":"San Xo\u00e1n de Lagostelle | Turismo de Guitiriz","description":"Guitiriz y las aldeas pr\u00f3ximas forman la parroquia de San Xo\u00e1n de Lagostelle, a la cual pertenecen el\u00a0\u201c\u00c1rea Recreativa San Xo\u00e1n de Lagostelle\u201d y el \u201c\u00c1rea Recreativa dos Sete Mu\u00ed\u00f1os\u201d.","robots":{"index":"index","follow":"follow","max-snippet":"max-snippet:-1","max-image-preview":"max-image-preview:large","max-video-preview":"max-video-preview:-1"},"canonical":"https:\/\/turismo.concellodeguitiriz.com\/es\/parroquias\/guitiriz\/","og_locale":"es_ES","og_type":"article","og_title":"San Xo\u00e1n de Lagostelle | Turismo de Guitiriz","og_description":"Guitiriz y las aldeas pr\u00f3ximas forman la parroquia de San Xo\u00e1n de Lagostelle, a la cual pertenecen el\u00a0\u201c\u00c1rea Recreativa San Xo\u00e1n de Lagostelle\u201d y el \u201c\u00c1rea Recreativa dos Sete Mu\u00ed\u00f1os\u201d.","og_url":"https:\/\/turismo.concellodeguitiriz.com\/es\/parroquias\/guitiriz\/","og_site_name":"Turismo de Guitiriz","article_publisher":"https:\/\/www.facebook.com\/concellodeguitiriz\/","article_modified_time":"2023-09-25T07:21:34+00:00","twitter_card":"summary_large_image","twitter_title":"San Xo\u00e1n de Lagostelle | Turismo de Guitiriz","twitter_description":"Guitiriz y las aldeas pr\u00f3ximas forman la parroquia de San Xo\u00e1n de Lagostelle, a la cual pertenecen el\u00a0\u201c\u00c1rea Recreativa San Xo\u00e1n de Lagostelle\u201d y el \u201c\u00c1rea Recreativa dos Sete Mu\u00ed\u00f1os\u201d.","twitter_misc":{"Tiempo de lectura":"3 minutos"},"schema":{"@context":"https:\/\/schema.org","@graph":[{"@type":"WebPage","@id":"https:\/\/turismo.concellodeguitiriz.com\/es\/parroquias\/guitiriz\/","url":"https:\/\/turismo.concellodeguitiriz.com\/es\/parroquias\/guitiriz\/","name":"San Xo\u00e1n de Lagostelle | Turismo de Guitiriz","isPartOf":{"@id":"https:\/\/turismo.concellodeguitiriz.com\/#website"},"datePublished":"2021-07-13T16:21:49+00:00","dateModified":"2023-09-25T07:21:34+00:00","description":"Guitiriz y las aldeas pr\u00f3ximas forman la parroquia de San Xo\u00e1n de Lagostelle, a la cual pertenecen el\u00a0\u201c\u00c1rea Recreativa San Xo\u00e1n de Lagostelle\u201d y el \u201c\u00c1rea Recreativa dos Sete Mu\u00ed\u00f1os\u201d.","breadcrumb":{"@id":"https:\/\/turismo.concellodeguitiriz.com\/es\/parroquias\/guitiriz\/#breadcrumb"},"inLanguage":"es","potentialAction":[{"@type":"ReadAction","target":["https:\/\/turismo.concellodeguitiriz.com\/es\/parroquias\/guitiriz\/"]}]},{"@type":"BreadcrumbList","@id":"https:\/\/turismo.concellodeguitiriz.com\/es\/parroquias\/guitiriz\/#breadcrumb","itemListElement":[{"@type":"ListItem","position":1,"name":"Portada","item":"https:\/\/turismo.concellodeguitiriz.com\/es\/"},{"@type":"ListItem","position":2,"name":"Parroquias","item":"https:\/\/turismo.concellodeguitiriz.com\/es\/parroquias\/"},{"@type":"ListItem","position":3,"name":"San Xo\u00e1n de Lagostelle"}]},{"@type":"WebSite","@id":"https:\/\/turismo.concellodeguitiriz.com\/#website","url":"https:\/\/turismo.concellodeguitiriz.com\/","name":"Turismo de Guitiriz","description":"Concello de Guitiriz","publisher":{"@id":"https:\/\/turismo.concellodeguitiriz.com\/#organization"},"potentialAction":[{"@type":"SearchAction","target":{"@type":"EntryPoint","urlTemplate":"https:\/\/turismo.concellodeguitiriz.com\/?s={search_term_string}"},"query-input":"required name=search_term_string"}],"inLanguage":"es"},{"@type":"Organization","@id":"https:\/\/turismo.concellodeguitiriz.com\/#organization","name":"Turismo Guitiriz","url":"https:\/\/turismo.concellodeguitiriz.com\/","logo":{"@type":"ImageObject","inLanguage":"es","@id":"https:\/\/turismo.concellodeguitiriz.com\/#\/schema\/logo\/image\/","url":"https:\/\/turismo.concellodeguitiriz.com\/wp-content\/uploads\/2021\/06\/g-turismo-logopos.png","contentUrl":"https:\/\/turismo.concellodeguitiriz.com\/wp-content\/uploads\/2021\/06\/g-turismo-logopos.png","width":2001,"height":1024,"caption":"Turismo Guitiriz"},"image":{"@id":"https:\/\/turismo.concellodeguitiriz.com\/#\/schema\/logo\/image\/"},"sameAs":["https:\/\/www.instagram.com\/guitirizigualdade\/","https:\/\/www.facebook.com\/concellodeguitiriz\/"]}]}},"_links":{"self":[{"href":"https:\/\/turismo.concellodeguitiriz.com\/es\/wp-json\/wp\/v2\/pages\/868","targetHints":{"allow":["GET"]}}],"collection":[{"href":"https:\/\/turismo.concellodeguitiriz.com\/es\/wp-json\/wp\/v2\/pages"}],"about":[{"href":"https:\/\/turismo.concellodeguitiriz.com\/es\/wp-json\/wp\/v2\/types\/page"}],"author":[{"embeddable":true,"href":"https:\/\/turismo.concellodeguitiriz.com\/es\/wp-json\/wp\/v2\/users\/1"}],"replies":[{"embeddable":true,"href":"https:\/\/turismo.concellodeguitiriz.com\/es\/wp-json\/wp\/v2\/comments?post=868"}],"version-history":[{"count":3,"href":"https:\/\/turismo.concellodeguitiriz.com\/es\/wp-json\/wp\/v2\/pages\/868\/revisions"}],"predecessor-version":[{"id":1068,"href":"https:\/\/turismo.concellodeguitiriz.com\/es\/wp-json\/wp\/v2\/pages\/868\/revisions\/1068"}],"up":[{"embeddable":true,"href":"https:\/\/turismo.concellodeguitiriz.com\/es\/wp-json\/wp\/v2\/pages\/671"}],"wp:attachment":[{"href":"https:\/\/turismo.concellodeguitiriz.com\/es\/wp-json\/wp\/v2\/media?parent=868"}],"curies":[{"name":"wp","href":"https:\/\/api.w.org\/{rel}","templated":true}]}}