{"id":870,"date":"2021-07-21T16:05:53","date_gmt":"2021-07-21T16:05:53","guid":{"rendered":"https:\/\/turismo.concellodeguitiriz.com\/parroquias\/sta-leocadia\/"},"modified":"2021-08-01T16:32:47","modified_gmt":"2021-08-01T16:32:47","slug":"sta-leocadia","status":"publish","type":"page","link":"https:\/\/turismo.concellodeguitiriz.com\/es\/parroquias\/sta-leocadia\/","title":{"rendered":"Santa Leocadia"},"content":{"rendered":"<p>[vc_row foundry_background_style=\u00bbbg-secondary\u00bb foundry_padding=\u00bbpt64 pb64&#8243;][vc_column][vc_column_text]<a href=\"\/es\/parroquias\/\"><i class=\"fas fa-long-arrow-alt-left\"><\/i> Ver todas las Parroquias<\/a>[\/vc_column_text][vc_column_text]<\/p>\n<h1 style=\"text-align: center;\">Santa Leocadia<\/h1>\n<p>[\/vc_column_text][\/vc_column][\/vc_row][vc_row foundry_padding=\u00bbpt64 pb64&#8243; el_class=\u00bbcontainer-parroquias\u00bb][vc_column el_class=\u00bbgrid-parroquias\u00bb][vc_tta_tour active_section=\u00bb1&#8243; el_class=\u00bbtour-parroquias\u00bb][vc_tta_section i_icon_fontawesome=\u00bbfas fa-map-marker-alt\u00bb add_icon=\u00bbtrue\u00bb title=\u00bbSituaci\u00f3n\u00bb tab_id=\u00bbsituacion\u00bb][vc_column_text]<i class=\"fas fa-map-marker-alt\"><\/i> <strong>Situaci\u00f3n<\/strong>: Situada a 7,5km del n\u00facleo municipal.<br \/>\n<a href=\"https:\/\/maps.app.goo.gl\/smNnGBbKuATMV6ax9\" target=\"_blank\" rel=\"noopener\">Consulta ubicaci\u00f3n<\/a><\/p>\n<p><i class=\"fas fa-route\"><\/i> <strong>Entidades poblacionales:<\/strong> 11<br \/>\nAldar, Cabana, Carballedo,A Conchada, Diga\u00f1e, Eirexe, A Laxe, O Outeiri\u00f1o, A Pateira, A Raposeira, Saa.[\/vc_column_text][\/vc_tta_section][vc_tta_section i_icon_fontawesome=\u00bbfas fa-book-open\u00bb add_icon=\u00bbtrue\u00bb title=\u00bbConoce Santa Leocadia\u00bb tab_id=\u00bbconoce\u00bb][vc_row_inner][vc_column_inner][vc_column_text]<\/p>\n<p class=\"rtejustify\">El <a href=\"https:\/\/turismo.concellodeguitiriz.com\/es\/camino\/\">Camino de Santiago<\/a> abandona las tierras de Guitiriz a su paso por Santa Leocadia, por eso merece una visita a su hermosa Iglesia Parroquial, situada en el lugar de Eirexe. \u00c9sta fue construida en el Siglo XVII, pero se reform\u00f3 en los siglos XIX e XX.<\/p>\n<p class=\"rtejustify\">El interior de la iglesia es muy acogedor, en la rectoral se conserva una pila bautismal del S. XVII, semiesf\u00e9rica y con grandes estr\u00edas salientes. En el atrio de la iglesia parroquial destaca un Crucero, que form\u00f3 parte del antiguo \u201cV\u00eda Cruces\u201d y el crucero de \u00abA Raposeira\u201d en A Raposeira, situado en un cruce de caminos.<\/p>\n<p class=\"rtejustify\">En Sta Leocadia podemos probar las famosas aguas de Guitiriz en la Fuente de \u00abA Pateira\u201d, el \u201cPozo do Pinto\u201d o el \u00abPozo da Cabana\u00bb.<\/p>\n<p>[\/vc_column_text][\/vc_column_inner][\/vc_row_inner][\/vc_tta_section][vc_tta_section i_icon_fontawesome=\u00bbfas fa-eye\u00bb add_icon=\u00bbtrue\u00bb title=\u00bbQu\u00e9 ver\u00bb tab_id=\u00bbque-ver\u00bb][vc_row_inner][vc_column_inner offset=\u00bbvc_col-xs-6&#8243;][vc_single_image image=\u00bb604&#8243; img_size=\u00bbfull\u00bb alignment=\u00bbcenter\u00bb][\/vc_column_inner][\/vc_row_inner][\/vc_tta_section][vc_tta_section i_icon_fontawesome=\u00bbfas fa-calendar\u00bb add_icon=\u00bbtrue\u00bb title=\u00bbFiestas\u00bb tab_id=\u00bbfestas\u00bb][vc_column_text]<i class=\"fas fa-calendar\"><\/i> <strong>Fiestas<\/strong>: En honor a San Antonio el domingo anterior al San Juan.[\/vc_column_text][\/vc_tta_section][\/vc_tta_tour][\/vc_column][\/vc_row]<\/p>\n","protected":false},"excerpt":{"rendered":"<p>[vc_row foundry_background_style=\u00bbbg-secondary\u00bb foundry_padding=\u00bbpt64 pb64&#8243;][vc_column][vc_column_text] Ver todas las Parroquias[\/vc_column_text][vc_column_text] Santa Leocadia [\/vc_column_text][\/vc_column][\/vc_row][vc_row foundry_padding=\u00bbpt64 pb64&#8243; el_class=\u00bbcontainer-parroquias\u00bb][vc_column el_class=\u00bbgrid-parroquias\u00bb][vc_tta_tour active_section=\u00bb1&#8243; el_class=\u00bbtour-parroquias\u00bb][vc_tta_section i_icon_fontawesome=\u00bbfas fa-map-marker-alt\u00bb add_icon=\u00bbtrue\u00bb title=\u00bbSituaci\u00f3n\u00bb&#8230;<\/p>\n","protected":false},"author":1,"featured_media":0,"parent":671,"menu_order":0,"comment_status":"closed","ping_status":"closed","template":"","meta":{"footnotes":"","_links_to":"","_links_to_target":""},"class_list":["post-870","page","type-page","status-publish","hentry"],"yoast_head":"<!-- This site is optimized with the Yoast SEO plugin v19.13 - https:\/\/yoast.com\/wordpress\/plugins\/seo\/ -->\n<title>Santa Leocadia | Turismo de Guitiriz<\/title>\n<meta name=\"description\" content=\"En Santa Leocadia puedes ver su hermosa Iglesia Parroquial, situada en Eirexe. Y varias fuentes donde tomar las aguas de nuestra villa.\" \/>\n<meta name=\"robots\" content=\"index, follow, max-snippet:-1, max-image-preview:large, max-video-preview:-1\" \/>\n<link rel=\"canonical\" href=\"https:\/\/turismo.concellodeguitiriz.com\/es\/parroquias\/sta-leocadia\/\" \/>\n<meta property=\"og:locale\" content=\"es_ES\" \/>\n<meta property=\"og:type\" content=\"article\" \/>\n<meta property=\"og:title\" content=\"Santa Leocadia | Turismo de Guitiriz\" \/>\n<meta property=\"og:description\" content=\"En Santa Leocadia puedes ver su hermosa Iglesia Parroquial, situada en Eirexe. Y varias fuentes donde tomar las aguas de nuestra villa.\" \/>\n<meta property=\"og:url\" content=\"https:\/\/turismo.concellodeguitiriz.com\/es\/parroquias\/sta-leocadia\/\" \/>\n<meta property=\"og:site_name\" content=\"Turismo de Guitiriz\" \/>\n<meta property=\"article:publisher\" content=\"https:\/\/www.facebook.com\/concellodeguitiriz\/\" \/>\n<meta property=\"article:modified_time\" content=\"2021-08-01T16:32:47+00:00\" \/>\n<meta name=\"twitter:card\" content=\"summary_large_image\" \/>\n<meta name=\"twitter:title\" content=\"Santa Leocadia | Turismo de Guitiriz\" \/>\n<meta name=\"twitter:description\" content=\"En Santa Leocadia puedes ver su hermosa Iglesia Parroquial, situada en Eirexe. Y varias fuentes donde tomar las aguas de nuestra villa.\" \/>\n<meta name=\"twitter:label1\" content=\"Tiempo de lectura\" \/>\n\t<meta name=\"twitter:data1\" content=\"1 minuto\" \/>\n<script type=\"application\/ld+json\" class=\"yoast-schema-graph\">{\"@context\":\"https:\/\/schema.org\",\"@graph\":[{\"@type\":\"WebPage\",\"@id\":\"https:\/\/turismo.concellodeguitiriz.com\/es\/parroquias\/sta-leocadia\/\",\"url\":\"https:\/\/turismo.concellodeguitiriz.com\/es\/parroquias\/sta-leocadia\/\",\"name\":\"Santa Leocadia | Turismo de Guitiriz\",\"isPartOf\":{\"@id\":\"https:\/\/turismo.concellodeguitiriz.com\/#website\"},\"datePublished\":\"2021-07-21T16:05:53+00:00\",\"dateModified\":\"2021-08-01T16:32:47+00:00\",\"description\":\"En Santa Leocadia puedes ver su hermosa Iglesia Parroquial, situada en Eirexe. Y varias fuentes donde tomar las aguas de nuestra villa.\",\"breadcrumb\":{\"@id\":\"https:\/\/turismo.concellodeguitiriz.com\/es\/parroquias\/sta-leocadia\/#breadcrumb\"},\"inLanguage\":\"es\",\"potentialAction\":[{\"@type\":\"ReadAction\",\"target\":[\"https:\/\/turismo.concellodeguitiriz.com\/es\/parroquias\/sta-leocadia\/\"]}]},{\"@type\":\"BreadcrumbList\",\"@id\":\"https:\/\/turismo.concellodeguitiriz.com\/es\/parroquias\/sta-leocadia\/#breadcrumb\",\"itemListElement\":[{\"@type\":\"ListItem\",\"position\":1,\"name\":\"Portada\",\"item\":\"https:\/\/turismo.concellodeguitiriz.com\/es\/\"},{\"@type\":\"ListItem\",\"position\":2,\"name\":\"Parroquias\",\"item\":\"https:\/\/turismo.concellodeguitiriz.com\/es\/parroquias\/\"},{\"@type\":\"ListItem\",\"position\":3,\"name\":\"Santa Leocadia\"}]},{\"@type\":\"WebSite\",\"@id\":\"https:\/\/turismo.concellodeguitiriz.com\/#website\",\"url\":\"https:\/\/turismo.concellodeguitiriz.com\/\",\"name\":\"Turismo de Guitiriz\",\"description\":\"Concello de Guitiriz\",\"publisher\":{\"@id\":\"https:\/\/turismo.concellodeguitiriz.com\/#organization\"},\"potentialAction\":[{\"@type\":\"SearchAction\",\"target\":{\"@type\":\"EntryPoint\",\"urlTemplate\":\"https:\/\/turismo.concellodeguitiriz.com\/?s={search_term_string}\"},\"query-input\":\"required name=search_term_string\"}],\"inLanguage\":\"es\"},{\"@type\":\"Organization\",\"@id\":\"https:\/\/turismo.concellodeguitiriz.com\/#organization\",\"name\":\"Turismo Guitiriz\",\"url\":\"https:\/\/turismo.concellodeguitiriz.com\/\",\"logo\":{\"@type\":\"ImageObject\",\"inLanguage\":\"es\",\"@id\":\"https:\/\/turismo.concellodeguitiriz.com\/#\/schema\/logo\/image\/\",\"url\":\"https:\/\/turismo.concellodeguitiriz.com\/wp-content\/uploads\/2021\/06\/g-turismo-logopos.png\",\"contentUrl\":\"https:\/\/turismo.concellodeguitiriz.com\/wp-content\/uploads\/2021\/06\/g-turismo-logopos.png\",\"width\":2001,\"height\":1024,\"caption\":\"Turismo Guitiriz\"},\"image\":{\"@id\":\"https:\/\/turismo.concellodeguitiriz.com\/#\/schema\/logo\/image\/\"},\"sameAs\":[\"https:\/\/www.instagram.com\/guitirizigualdade\/\",\"https:\/\/www.facebook.com\/concellodeguitiriz\/\"]}]}<\/script>\n<!-- \/ Yoast SEO plugin. -->","yoast_head_json":{"title":"Santa Leocadia | Turismo de Guitiriz","description":"En Santa Leocadia puedes ver su hermosa Iglesia Parroquial, situada en Eirexe. Y varias fuentes donde tomar las aguas de nuestra villa.","robots":{"index":"index","follow":"follow","max-snippet":"max-snippet:-1","max-image-preview":"max-image-preview:large","max-video-preview":"max-video-preview:-1"},"canonical":"https:\/\/turismo.concellodeguitiriz.com\/es\/parroquias\/sta-leocadia\/","og_locale":"es_ES","og_type":"article","og_title":"Santa Leocadia | Turismo de Guitiriz","og_description":"En Santa Leocadia puedes ver su hermosa Iglesia Parroquial, situada en Eirexe. Y varias fuentes donde tomar las aguas de nuestra villa.","og_url":"https:\/\/turismo.concellodeguitiriz.com\/es\/parroquias\/sta-leocadia\/","og_site_name":"Turismo de Guitiriz","article_publisher":"https:\/\/www.facebook.com\/concellodeguitiriz\/","article_modified_time":"2021-08-01T16:32:47+00:00","twitter_card":"summary_large_image","twitter_title":"Santa Leocadia | Turismo de Guitiriz","twitter_description":"En Santa Leocadia puedes ver su hermosa Iglesia Parroquial, situada en Eirexe. Y varias fuentes donde tomar las aguas de nuestra villa.","twitter_misc":{"Tiempo de lectura":"1 minuto"},"schema":{"@context":"https:\/\/schema.org","@graph":[{"@type":"WebPage","@id":"https:\/\/turismo.concellodeguitiriz.com\/es\/parroquias\/sta-leocadia\/","url":"https:\/\/turismo.concellodeguitiriz.com\/es\/parroquias\/sta-leocadia\/","name":"Santa Leocadia | Turismo de Guitiriz","isPartOf":{"@id":"https:\/\/turismo.concellodeguitiriz.com\/#website"},"datePublished":"2021-07-21T16:05:53+00:00","dateModified":"2021-08-01T16:32:47+00:00","description":"En Santa Leocadia puedes ver su hermosa Iglesia Parroquial, situada en Eirexe. Y varias fuentes donde tomar las aguas de nuestra villa.","breadcrumb":{"@id":"https:\/\/turismo.concellodeguitiriz.com\/es\/parroquias\/sta-leocadia\/#breadcrumb"},"inLanguage":"es","potentialAction":[{"@type":"ReadAction","target":["https:\/\/turismo.concellodeguitiriz.com\/es\/parroquias\/sta-leocadia\/"]}]},{"@type":"BreadcrumbList","@id":"https:\/\/turismo.concellodeguitiriz.com\/es\/parroquias\/sta-leocadia\/#breadcrumb","itemListElement":[{"@type":"ListItem","position":1,"name":"Portada","item":"https:\/\/turismo.concellodeguitiriz.com\/es\/"},{"@type":"ListItem","position":2,"name":"Parroquias","item":"https:\/\/turismo.concellodeguitiriz.com\/es\/parroquias\/"},{"@type":"ListItem","position":3,"name":"Santa Leocadia"}]},{"@type":"WebSite","@id":"https:\/\/turismo.concellodeguitiriz.com\/#website","url":"https:\/\/turismo.concellodeguitiriz.com\/","name":"Turismo de Guitiriz","description":"Concello de Guitiriz","publisher":{"@id":"https:\/\/turismo.concellodeguitiriz.com\/#organization"},"potentialAction":[{"@type":"SearchAction","target":{"@type":"EntryPoint","urlTemplate":"https:\/\/turismo.concellodeguitiriz.com\/?s={search_term_string}"},"query-input":"required name=search_term_string"}],"inLanguage":"es"},{"@type":"Organization","@id":"https:\/\/turismo.concellodeguitiriz.com\/#organization","name":"Turismo Guitiriz","url":"https:\/\/turismo.concellodeguitiriz.com\/","logo":{"@type":"ImageObject","inLanguage":"es","@id":"https:\/\/turismo.concellodeguitiriz.com\/#\/schema\/logo\/image\/","url":"https:\/\/turismo.concellodeguitiriz.com\/wp-content\/uploads\/2021\/06\/g-turismo-logopos.png","contentUrl":"https:\/\/turismo.concellodeguitiriz.com\/wp-content\/uploads\/2021\/06\/g-turismo-logopos.png","width":2001,"height":1024,"caption":"Turismo Guitiriz"},"image":{"@id":"https:\/\/turismo.concellodeguitiriz.com\/#\/schema\/logo\/image\/"},"sameAs":["https:\/\/www.instagram.com\/guitirizigualdade\/","https:\/\/www.facebook.com\/concellodeguitiriz\/"]}]}},"_links":{"self":[{"href":"https:\/\/turismo.concellodeguitiriz.com\/es\/wp-json\/wp\/v2\/pages\/870","targetHints":{"allow":["GET"]}}],"collection":[{"href":"https:\/\/turismo.concellodeguitiriz.com\/es\/wp-json\/wp\/v2\/pages"}],"about":[{"href":"https:\/\/turismo.concellodeguitiriz.com\/es\/wp-json\/wp\/v2\/types\/page"}],"author":[{"embeddable":true,"href":"https:\/\/turismo.concellodeguitiriz.com\/es\/wp-json\/wp\/v2\/users\/1"}],"replies":[{"embeddable":true,"href":"https:\/\/turismo.concellodeguitiriz.com\/es\/wp-json\/wp\/v2\/comments?post=870"}],"version-history":[{"count":2,"href":"https:\/\/turismo.concellodeguitiriz.com\/es\/wp-json\/wp\/v2\/pages\/870\/revisions"}],"predecessor-version":[{"id":873,"href":"https:\/\/turismo.concellodeguitiriz.com\/es\/wp-json\/wp\/v2\/pages\/870\/revisions\/873"}],"up":[{"embeddable":true,"href":"https:\/\/turismo.concellodeguitiriz.com\/es\/wp-json\/wp\/v2\/pages\/671"}],"wp:attachment":[{"href":"https:\/\/turismo.concellodeguitiriz.com\/es\/wp-json\/wp\/v2\/media?parent=870"}],"curies":[{"name":"wp","href":"https:\/\/api.w.org\/{rel}","templated":true}]}}