{"id":890,"date":"2021-06-30T17:00:50","date_gmt":"2021-06-30T17:00:50","guid":{"rendered":"https:\/\/turismo.concellodeguitiriz.com\/rutas\/ruta-auga\/"},"modified":"2021-08-01T17:11:34","modified_gmt":"2021-08-01T17:11:34","slug":"ruta-auga","status":"publish","type":"page","link":"https:\/\/turismo.concellodeguitiriz.com\/es\/rutas\/ruta-auga\/","title":{"rendered":"Ruta del Agua"},"content":{"rendered":"<p>[vc_row foundry_background_style=\u00bbbg-primary\u00bb foundry_padding=\u00bbpt64 pb64&#8243;][vc_column][vc_column_text]<\/p>\n<h1 class=\"historia\" style=\"text-align: center;\">Ruta del Agua<\/h1>\n<p>[\/vc_column_text][vc_row_inner][vc_column_inner width=\u00bb2\/3&#8243; offset=\u00bbvc_col-lg-offset-2 vc_col-md-offset-2&#8243;][vc_column_text]La <strong>Ruta del Agua<\/strong> es un paseo por la naturaleza, historia, literatura y etnograf\u00eda de este hermoso Ayuntamiento. Este recorrido de unos 20 km enlaza el Camino Norte de Santiago con las 3 fuentes medicionales del Ayuntamiento: Fuente de Valdov\u00edn, Parga; Fuente de San X\u00f3an, Lagostelle y Fuente de Pardi\u00f1as, Pardi\u00f1as.<\/p>\n<p style=\"text-align: center;\"><a class=\"btn-ruta\" href=\"#\">Descargar folleto de la ruta<\/a><\/p>\n<p>[\/vc_column_text][\/vc_column_inner][\/vc_row_inner][\/vc_column][\/vc_row][vc_row foundry_padding=\u00bbpb0&#8243;][vc_column][vc_row_inner el_class=\u00bbico-rutas hidden-xs hidden-sm\u00bb][vc_column_inner width=\u00bb1\/3&#8243;][vc_single_image image=\u00bb83&#8243; img_size=\u00bbfull\u00bb alignment=\u00bbcenter\u00bb el_class=\u00bbico\u00bb][vc_column_text]<\/p>\n<p style=\"text-align: center;\">Nivel de dificultad<\/p>\n<p style=\"text-align: center;\"><strong class=\"dificultad baja\">Media-baja<\/strong><\/p>\n<p>[\/vc_column_text][\/vc_column_inner][vc_column_inner width=\u00bb1\/3&#8243;][vc_single_image image=\u00bb85&#8243; img_size=\u00bbfull\u00bb alignment=\u00bbcenter\u00bb el_class=\u00bbico\u00bb][vc_column_text]<\/p>\n<p style=\"text-align: center;\">Tiempo<\/p>\n<p style=\"text-align: center;\"><strong>6:30h<\/strong><\/p>\n<p>[\/vc_column_text][\/vc_column_inner][vc_column_inner width=\u00bb1\/3&#8243;][vc_single_image image=\u00bb81&#8243; img_size=\u00bbfull\u00bb alignment=\u00bbcenter\u00bb el_class=\u00bbico\u00bb][vc_column_text]<\/p>\n<p style=\"text-align: center;\">Distancia<\/p>\n<p style=\"text-align: center;\"><strong>19,6km<\/strong><\/p>\n<p>[\/vc_column_text][\/vc_column_inner][\/vc_row_inner][vc_row_inner equal_height=\u00bbyes\u00bb content_placement=\u00bbmiddle\u00bb el_class=\u00bbinfo-rutas visible-xs visible-sm\u00bb][vc_column_inner width=\u00bb1\/4&#8243; offset=\u00bbvc_col-xs-3&#8243;][vc_single_image image=\u00bb83&#8243; img_size=\u00bbfull\u00bb alignment=\u00bbcenter\u00bb el_class=\u00bbico\u00bb][\/vc_column_inner][vc_column_inner width=\u00bb3\/4&#8243; offset=\u00bbvc_col-xs-9&#8243;][vc_column_text]<\/p>\n<p style=\"text-align: left;\">Nivel de dificultad: <strong class=\"dificultad baja\">Media-baja<\/strong><\/p>\n<p>[\/vc_column_text][\/vc_column_inner][\/vc_row_inner][vc_row_inner equal_height=\u00bbyes\u00bb content_placement=\u00bbmiddle\u00bb el_class=\u00bbinfo-rutas visible-xs visible-sm\u00bb][vc_column_inner width=\u00bb1\/4&#8243; offset=\u00bbvc_col-xs-3&#8243;][vc_single_image image=\u00bb85&#8243; img_size=\u00bbfull\u00bb alignment=\u00bbcenter\u00bb el_class=\u00bbico\u00bb][\/vc_column_inner][vc_column_inner width=\u00bb3\/4&#8243; offset=\u00bbvc_col-xs-9&#8243;][vc_column_text]<\/p>\n<p style=\"text-align: left;\">Tiempo: <strong>6:30h<\/strong><\/p>\n<p>[\/vc_column_text][\/vc_column_inner][\/vc_row_inner][vc_row_inner equal_height=\u00bbyes\u00bb content_placement=\u00bbmiddle\u00bb el_class=\u00bbinfo-rutas visible-xs visible-sm\u00bb][vc_column_inner width=\u00bb1\/4&#8243; offset=\u00bbvc_col-xs-3&#8243;][vc_single_image image=\u00bb81&#8243; img_size=\u00bbfull\u00bb alignment=\u00bbcenter\u00bb el_class=\u00bbico\u00bb][\/vc_column_inner][vc_column_inner width=\u00bb3\/4&#8243; offset=\u00bbvc_col-xs-9&#8243;][vc_column_text]<\/p>\n<p style=\"text-align: left;\">Distancia: <strong>19,6km<\/strong><\/p>\n<p>[\/vc_column_text][\/vc_column_inner][\/vc_row_inner][\/vc_column][\/vc_row][vc_row foundry_padding=\u00bbpt64 pb64&#8243;][vc_column][vc_row_inner][vc_column_inner width=\u00bb2\/3&#8243; offset=\u00bbvc_col-lg-offset-2 vc_col-md-offset-2&#8243;][vc_column_text]Al inicio, en un lugar emblem\u00e1tico de Guitiriz, est\u00e1 la parroquia de Sambreixo, en un paraje singular conocido como San Alberte donde confluyen un puente romano, una interesante capilla g\u00f3tica con crucero de este siglo (esculpido por la cantera local Josefa) y un asombroso conjunto natural con gran variedad de \u00e1rboles; todo a la orilla del r\u00edo Parga que en esta zona ya es adulto y corre a juntarse con el Landra, unos kil\u00f3metros despu\u00e9s. Muy cerca de aqu\u00ed, subiendo solo unos metros a la izquierda, se encuentra el mirador de Sambreixo desde el que se puede disfrutar de una hermosa visi\u00f3n de la zona.[\/vc_column_text][\/vc_column_inner][\/vc_row_inner][\/vc_column][\/vc_row][vc_row full_width=\u00bbstretch_row_content_no_spaces\u00bb foundry_padding=\u00bbpt64 pb64&#8243; el_class=\u00bbrow-fotos\u00bb][vc_column][vc_column_text]<\/p>\n<h2 class=\"historia\" style=\"text-align: center;\">La ruta se divide en 3 tramos<\/h2>\n<p>[\/vc_column_text][\/vc_column][vc_column width=\u00bb1\/3&#8243;][vc_single_image image=\u00bb737&#8243; img_size=\u00bbfull\u00bb alignment=\u00bbcenter\u00bb][vc_column_text]<\/p>\n<p style=\"text-align: center;\">San Alberte \u2013 Fonte de Valdov\u00edn<br \/>\n4.650 m.<\/p>\n<p>[\/vc_column_text][\/vc_column][vc_column width=\u00bb1\/3&#8243;][vc_single_image image=\u00bb600&#8243; img_size=\u00bbfull\u00bb alignment=\u00bbcenter\u00bb][vc_column_text]<\/p>\n<p style=\"text-align: center;\">Fonte de Valdov\u00edn \u2013 Fonte de San Xo\u00e1n<br \/>\n8.100 m.<\/p>\n<p>[\/vc_column_text][\/vc_column][vc_column width=\u00bb1\/3&#8243;][vc_single_image image=\u00bb739&#8243; img_size=\u00bbfull\u00bb alignment=\u00bbcenter\u00bb][vc_column_text]<\/p>\n<p style=\"text-align: center;\">Fonte de San Xo\u00e1n \u2013 Fonte de Pardi\u00f1as<br \/>\n6.900 m.<\/p>\n<p>[\/vc_column_text][\/vc_column][\/vc_row][vc_row foundry_padding=\u00bbpt64 pb64&#8243;][vc_column][vc_row_inner][vc_column_inner width=\u00bb2\/3&#8243; offset=\u00bbvc_col-lg-offset-2 vc_col-md-offset-2&#8243;][vc_column_text el_class=\u00bbhidden-xs hidde-sm\u00bb]Los tramos indican y se dividen en cuatro puntos fundamentales de la ruta: El Camino de Santiago a su paso por la zona de San Alberte en Sambreixo, la fuente de Valdov\u00edn en Parga, la de San Xo\u00e1n en el complejo termal de Lagostelle (Guitiriz) y la de Pardi\u00f1as. Los subtramos dividen cada tramo principal tomando como referencia lugares que poseen acceso rodado. Algunos subtramos a\u00fan admiten otras divisiones porque existen puntos a los que se accede por antiguos caminos de carro sin asfaltar.<\/p>\n<p>La Ruta del Agua, tal como indica su nombre, pretende mostrar el potencial acu\u00edfero de Guitiriz, tanto en su aspecto de salud como en el valor vital del l\u00edquido elemento en general. Adem\u00e1s de contener las fuentes de aguas medicionales que desde hace m\u00e1s de un siglo vienen curando dolencias a guitiricenses y turistas, la ruta transcurre en la mayor parte de su recorrido a la orilla de un r\u00edo y pasa por varias zonas donde se juntan dos o tres riachuelos.[\/vc_column_text][\/vc_column_inner][\/vc_row_inner][\/vc_column][\/vc_row][vc_row foundry_background_style=\u00bbbg-secondary\u00bb foundry_padding=\u00bbpt0 pb0&#8243; el_class=\u00bbprefooter\u00bb][vc_column][vc_row_inner][vc_column_inner width=\u00bb2\/3&#8243; offset=\u00bbvc_col-lg-offset-2 vc_col-md-offset-2&#8243;][vc_column_text]<\/p>\n<h5>Si necesitas m\u00e1s informaci\u00f3n, ponte en contacto con nosotros y estaremos encantados de mostrarte todos los entresijos de la ruta.<\/h5>\n<p style=\"text-align: center;\"><a class=\"btn\" href=\"https:\/\/turismo.concellodeguitiriz.com\/es\/contacto\/\">Contacto<\/a><\/p>\n<p>[\/vc_column_text][\/vc_column_inner][\/vc_row_inner][\/vc_column][\/vc_row]<\/p>\n","protected":false},"excerpt":{"rendered":"<p>[vc_row foundry_background_style=\u00bbbg-primary\u00bb foundry_padding=\u00bbpt64 pb64&#8243;][vc_column][vc_column_text] Ruta del Agua [\/vc_column_text][vc_row_inner][vc_column_inner width=\u00bb2\/3&#8243; offset=\u00bbvc_col-lg-offset-2 vc_col-md-offset-2&#8243;][vc_column_text]La Ruta del Agua es un paseo por la naturaleza, historia,&#8230;<\/p>\n","protected":false},"author":1,"featured_media":0,"parent":880,"menu_order":0,"comment_status":"closed","ping_status":"closed","template":"","meta":{"footnotes":"","_links_to":"","_links_to_target":""},"class_list":["post-890","page","type-page","status-publish","hentry"],"yoast_head":"<!-- This site is optimized with the Yoast SEO plugin v19.13 - https:\/\/yoast.com\/wordpress\/plugins\/seo\/ -->\n<title>Ruta del Agua | Turismo de Guitiriz<\/title>\n<meta name=\"description\" content=\"La Ruta del Agua es un paseo por la naturaleza, historia, literatura y etnograf\u00eda de este hermoso Ayuntamiento.\" \/>\n<meta name=\"robots\" content=\"index, follow, max-snippet:-1, max-image-preview:large, max-video-preview:-1\" \/>\n<link rel=\"canonical\" href=\"https:\/\/turismo.concellodeguitiriz.com\/es\/rutas\/ruta-auga\/\" \/>\n<meta property=\"og:locale\" content=\"es_ES\" \/>\n<meta property=\"og:type\" content=\"article\" \/>\n<meta property=\"og:title\" content=\"Ruta da Auga | Turismo de Guitiriz\" \/>\n<meta property=\"og:description\" content=\"La Ruta del Agua es un paseo por la naturaleza, historia, literatura y etnograf\u00eda de este hermoso Ayuntamiento.\" \/>\n<meta property=\"og:url\" content=\"https:\/\/turismo.concellodeguitiriz.com\/es\/rutas\/ruta-auga\/\" \/>\n<meta property=\"og:site_name\" content=\"Turismo de Guitiriz\" \/>\n<meta property=\"article:publisher\" content=\"https:\/\/www.facebook.com\/concellodeguitiriz\/\" \/>\n<meta property=\"article:modified_time\" content=\"2021-08-01T17:11:34+00:00\" \/>\n<meta name=\"twitter:card\" content=\"summary_large_image\" \/>\n<meta name=\"twitter:title\" content=\"Ruta da Auga | Turismo de Guitiriz\" \/>\n<meta name=\"twitter:description\" content=\"La Ruta del Agua es un paseo por la naturaleza, historia, literatura y etnograf\u00eda de este hermoso Ayuntamiento.\" \/>\n<meta name=\"twitter:label1\" content=\"Tiempo de lectura\" \/>\n\t<meta name=\"twitter:data1\" content=\"3 minutos\" \/>\n<script type=\"application\/ld+json\" class=\"yoast-schema-graph\">{\"@context\":\"https:\/\/schema.org\",\"@graph\":[{\"@type\":\"WebPage\",\"@id\":\"https:\/\/turismo.concellodeguitiriz.com\/es\/rutas\/ruta-auga\/\",\"url\":\"https:\/\/turismo.concellodeguitiriz.com\/es\/rutas\/ruta-auga\/\",\"name\":\"Ruta del Agua | Turismo de Guitiriz\",\"isPartOf\":{\"@id\":\"https:\/\/turismo.concellodeguitiriz.com\/#website\"},\"datePublished\":\"2021-06-30T17:00:50+00:00\",\"dateModified\":\"2021-08-01T17:11:34+00:00\",\"description\":\"La Ruta del Agua es un paseo por la naturaleza, historia, literatura y etnograf\u00eda de este hermoso Ayuntamiento.\",\"breadcrumb\":{\"@id\":\"https:\/\/turismo.concellodeguitiriz.com\/es\/rutas\/ruta-auga\/#breadcrumb\"},\"inLanguage\":\"es\",\"potentialAction\":[{\"@type\":\"ReadAction\",\"target\":[\"https:\/\/turismo.concellodeguitiriz.com\/es\/rutas\/ruta-auga\/\"]}]},{\"@type\":\"BreadcrumbList\",\"@id\":\"https:\/\/turismo.concellodeguitiriz.com\/es\/rutas\/ruta-auga\/#breadcrumb\",\"itemListElement\":[{\"@type\":\"ListItem\",\"position\":1,\"name\":\"Portada\",\"item\":\"https:\/\/turismo.concellodeguitiriz.com\/es\/\"},{\"@type\":\"ListItem\",\"position\":2,\"name\":\"Rutas\",\"item\":\"https:\/\/turismo.concellodeguitiriz.com\/es\/rutas\/\"},{\"@type\":\"ListItem\",\"position\":3,\"name\":\"Ruta del Agua\"}]},{\"@type\":\"WebSite\",\"@id\":\"https:\/\/turismo.concellodeguitiriz.com\/#website\",\"url\":\"https:\/\/turismo.concellodeguitiriz.com\/\",\"name\":\"Turismo de Guitiriz\",\"description\":\"Concello de Guitiriz\",\"publisher\":{\"@id\":\"https:\/\/turismo.concellodeguitiriz.com\/#organization\"},\"potentialAction\":[{\"@type\":\"SearchAction\",\"target\":{\"@type\":\"EntryPoint\",\"urlTemplate\":\"https:\/\/turismo.concellodeguitiriz.com\/?s={search_term_string}\"},\"query-input\":\"required name=search_term_string\"}],\"inLanguage\":\"es\"},{\"@type\":\"Organization\",\"@id\":\"https:\/\/turismo.concellodeguitiriz.com\/#organization\",\"name\":\"Turismo Guitiriz\",\"url\":\"https:\/\/turismo.concellodeguitiriz.com\/\",\"logo\":{\"@type\":\"ImageObject\",\"inLanguage\":\"es\",\"@id\":\"https:\/\/turismo.concellodeguitiriz.com\/#\/schema\/logo\/image\/\",\"url\":\"https:\/\/turismo.concellodeguitiriz.com\/wp-content\/uploads\/2021\/06\/g-turismo-logopos.png\",\"contentUrl\":\"https:\/\/turismo.concellodeguitiriz.com\/wp-content\/uploads\/2021\/06\/g-turismo-logopos.png\",\"width\":2001,\"height\":1024,\"caption\":\"Turismo Guitiriz\"},\"image\":{\"@id\":\"https:\/\/turismo.concellodeguitiriz.com\/#\/schema\/logo\/image\/\"},\"sameAs\":[\"https:\/\/www.instagram.com\/guitirizigualdade\/\",\"https:\/\/www.facebook.com\/concellodeguitiriz\/\"]}]}<\/script>\n<!-- \/ Yoast SEO plugin. -->","yoast_head_json":{"title":"Ruta del Agua | Turismo de Guitiriz","description":"La Ruta del Agua es un paseo por la naturaleza, historia, literatura y etnograf\u00eda de este hermoso Ayuntamiento.","robots":{"index":"index","follow":"follow","max-snippet":"max-snippet:-1","max-image-preview":"max-image-preview:large","max-video-preview":"max-video-preview:-1"},"canonical":"https:\/\/turismo.concellodeguitiriz.com\/es\/rutas\/ruta-auga\/","og_locale":"es_ES","og_type":"article","og_title":"Ruta da Auga | Turismo de Guitiriz","og_description":"La Ruta del Agua es un paseo por la naturaleza, historia, literatura y etnograf\u00eda de este hermoso Ayuntamiento.","og_url":"https:\/\/turismo.concellodeguitiriz.com\/es\/rutas\/ruta-auga\/","og_site_name":"Turismo de Guitiriz","article_publisher":"https:\/\/www.facebook.com\/concellodeguitiriz\/","article_modified_time":"2021-08-01T17:11:34+00:00","twitter_card":"summary_large_image","twitter_title":"Ruta da Auga | Turismo de Guitiriz","twitter_description":"La Ruta del Agua es un paseo por la naturaleza, historia, literatura y etnograf\u00eda de este hermoso Ayuntamiento.","twitter_misc":{"Tiempo de lectura":"3 minutos"},"schema":{"@context":"https:\/\/schema.org","@graph":[{"@type":"WebPage","@id":"https:\/\/turismo.concellodeguitiriz.com\/es\/rutas\/ruta-auga\/","url":"https:\/\/turismo.concellodeguitiriz.com\/es\/rutas\/ruta-auga\/","name":"Ruta del Agua | Turismo de Guitiriz","isPartOf":{"@id":"https:\/\/turismo.concellodeguitiriz.com\/#website"},"datePublished":"2021-06-30T17:00:50+00:00","dateModified":"2021-08-01T17:11:34+00:00","description":"La Ruta del Agua es un paseo por la naturaleza, historia, literatura y etnograf\u00eda de este hermoso Ayuntamiento.","breadcrumb":{"@id":"https:\/\/turismo.concellodeguitiriz.com\/es\/rutas\/ruta-auga\/#breadcrumb"},"inLanguage":"es","potentialAction":[{"@type":"ReadAction","target":["https:\/\/turismo.concellodeguitiriz.com\/es\/rutas\/ruta-auga\/"]}]},{"@type":"BreadcrumbList","@id":"https:\/\/turismo.concellodeguitiriz.com\/es\/rutas\/ruta-auga\/#breadcrumb","itemListElement":[{"@type":"ListItem","position":1,"name":"Portada","item":"https:\/\/turismo.concellodeguitiriz.com\/es\/"},{"@type":"ListItem","position":2,"name":"Rutas","item":"https:\/\/turismo.concellodeguitiriz.com\/es\/rutas\/"},{"@type":"ListItem","position":3,"name":"Ruta del Agua"}]},{"@type":"WebSite","@id":"https:\/\/turismo.concellodeguitiriz.com\/#website","url":"https:\/\/turismo.concellodeguitiriz.com\/","name":"Turismo de Guitiriz","description":"Concello de Guitiriz","publisher":{"@id":"https:\/\/turismo.concellodeguitiriz.com\/#organization"},"potentialAction":[{"@type":"SearchAction","target":{"@type":"EntryPoint","urlTemplate":"https:\/\/turismo.concellodeguitiriz.com\/?s={search_term_string}"},"query-input":"required name=search_term_string"}],"inLanguage":"es"},{"@type":"Organization","@id":"https:\/\/turismo.concellodeguitiriz.com\/#organization","name":"Turismo Guitiriz","url":"https:\/\/turismo.concellodeguitiriz.com\/","logo":{"@type":"ImageObject","inLanguage":"es","@id":"https:\/\/turismo.concellodeguitiriz.com\/#\/schema\/logo\/image\/","url":"https:\/\/turismo.concellodeguitiriz.com\/wp-content\/uploads\/2021\/06\/g-turismo-logopos.png","contentUrl":"https:\/\/turismo.concellodeguitiriz.com\/wp-content\/uploads\/2021\/06\/g-turismo-logopos.png","width":2001,"height":1024,"caption":"Turismo Guitiriz"},"image":{"@id":"https:\/\/turismo.concellodeguitiriz.com\/#\/schema\/logo\/image\/"},"sameAs":["https:\/\/www.instagram.com\/guitirizigualdade\/","https:\/\/www.facebook.com\/concellodeguitiriz\/"]}]}},"_links":{"self":[{"href":"https:\/\/turismo.concellodeguitiriz.com\/es\/wp-json\/wp\/v2\/pages\/890","targetHints":{"allow":["GET"]}}],"collection":[{"href":"https:\/\/turismo.concellodeguitiriz.com\/es\/wp-json\/wp\/v2\/pages"}],"about":[{"href":"https:\/\/turismo.concellodeguitiriz.com\/es\/wp-json\/wp\/v2\/types\/page"}],"author":[{"embeddable":true,"href":"https:\/\/turismo.concellodeguitiriz.com\/es\/wp-json\/wp\/v2\/users\/1"}],"replies":[{"embeddable":true,"href":"https:\/\/turismo.concellodeguitiriz.com\/es\/wp-json\/wp\/v2\/comments?post=890"}],"version-history":[{"count":3,"href":"https:\/\/turismo.concellodeguitiriz.com\/es\/wp-json\/wp\/v2\/pages\/890\/revisions"}],"predecessor-version":[{"id":897,"href":"https:\/\/turismo.concellodeguitiriz.com\/es\/wp-json\/wp\/v2\/pages\/890\/revisions\/897"}],"up":[{"embeddable":true,"href":"https:\/\/turismo.concellodeguitiriz.com\/es\/wp-json\/wp\/v2\/pages\/880"}],"wp:attachment":[{"href":"https:\/\/turismo.concellodeguitiriz.com\/es\/wp-json\/wp\/v2\/media?parent=890"}],"curies":[{"name":"wp","href":"https:\/\/api.w.org\/{rel}","templated":true}]}}