{"id":900,"date":"2021-07-01T16:27:09","date_gmt":"2021-07-01T16:27:09","guid":{"rendered":"https:\/\/turismo.concellodeguitiriz.com\/rutas\/ruta-diazcastro\/"},"modified":"2021-08-01T17:22:21","modified_gmt":"2021-08-01T17:22:21","slug":"ruta-diazcastro","status":"publish","type":"page","link":"https:\/\/turismo.concellodeguitiriz.com\/es\/rutas\/ruta-diazcastro\/","title":{"rendered":"Ruta de la Piedra de D\u00edaz Castro"},"content":{"rendered":"<p>[vc_row foundry_background_style=\u00bbbg-primary\u00bb foundry_padding=\u00bbpt64 pb64&#8243;][vc_column][vc_column_text]<\/p>\n<h1 class=\"historia\" style=\"text-align: center;\">Ruta de la Piedra de D\u00edaz Castro<\/h1>\n<p>[\/vc_column_text][vc_row_inner][vc_column_inner width=\u00bb2\/3&#8243; offset=\u00bbvc_col-lg-offset-2 vc_col-md-offset-2&#8243;][vc_column_text]La <strong>Ruta de la Piedra de D\u00edaz Castro<\/strong> muestra los hermosos paisajes que sirvieron de inspiraci\u00f3n de los poemas de Xos\u00e9 Mar\u00eda D\u00edaz Castro, impregnados de la relaci\u00f3n del hombre con la tierra, a trav\u00e9s de la visi\u00f3n de la vida de los vecinos de la aldea.<\/p>\n<p style=\"text-align: center;\"><a class=\"btn-ruta\" href=\"#\">Descargar folleto de la ruta<\/a><\/p>\n<p>[\/vc_column_text][\/vc_column_inner][\/vc_row_inner][\/vc_column][\/vc_row][vc_row foundry_padding=\u00bbpb0&#8243;][vc_column][vc_row_inner el_class=\u00bbico-rutas hidden-xs hidden-sm\u00bb][vc_column_inner width=\u00bb1\/3&#8243;][vc_single_image image=\u00bb83&#8243; img_size=\u00bbfull\u00bb alignment=\u00bbcenter\u00bb el_class=\u00bbico\u00bb][vc_column_text]<\/p>\n<p style=\"text-align: center;\">Nivel de dificultad<\/p>\n<p style=\"text-align: center;\"><strong class=\"dificultad baja\">Baja<\/strong><\/p>\n<p>[\/vc_column_text][\/vc_column_inner][vc_column_inner width=\u00bb1\/3&#8243;][vc_single_image image=\u00bb85&#8243; img_size=\u00bbfull\u00bb alignment=\u00bbcenter\u00bb el_class=\u00bbico\u00bb][vc_column_text]<\/p>\n<p style=\"text-align: center;\">Tiempo<\/p>\n<p style=\"text-align: center;\"><strong>1:20h<\/strong><\/p>\n<p>[\/vc_column_text][\/vc_column_inner][vc_column_inner width=\u00bb1\/3&#8243;][vc_single_image image=\u00bb81&#8243; img_size=\u00bbfull\u00bb alignment=\u00bbcenter\u00bb el_class=\u00bbico\u00bb][vc_column_text]<\/p>\n<p style=\"text-align: center;\">Distancia<\/p>\n<p style=\"text-align: center;\"><strong>4,85km<\/strong><\/p>\n<p>[\/vc_column_text][\/vc_column_inner][\/vc_row_inner][vc_row_inner equal_height=\u00bbyes\u00bb content_placement=\u00bbmiddle\u00bb el_class=\u00bbinfo-rutas visible-xs visible-sm\u00bb][vc_column_inner width=\u00bb1\/4&#8243; offset=\u00bbvc_col-xs-3&#8243;][vc_single_image image=\u00bb83&#8243; img_size=\u00bbfull\u00bb alignment=\u00bbcenter\u00bb el_class=\u00bbico\u00bb][\/vc_column_inner][vc_column_inner width=\u00bb3\/4&#8243; offset=\u00bbvc_col-xs-9&#8243;][vc_column_text]<\/p>\n<p style=\"text-align: left;\">Nivel de dificultad: <strong class=\"dificultad baja\">Baja<\/strong><\/p>\n<p>[\/vc_column_text][\/vc_column_inner][\/vc_row_inner][vc_row_inner equal_height=\u00bbyes\u00bb content_placement=\u00bbmiddle\u00bb el_class=\u00bbinfo-rutas visible-xs visible-sm\u00bb][vc_column_inner width=\u00bb1\/4&#8243; offset=\u00bbvc_col-xs-3&#8243;][vc_single_image image=\u00bb85&#8243; img_size=\u00bbfull\u00bb alignment=\u00bbcenter\u00bb el_class=\u00bbico\u00bb][\/vc_column_inner][vc_column_inner width=\u00bb3\/4&#8243; offset=\u00bbvc_col-xs-9&#8243;][vc_column_text]<\/p>\n<p style=\"text-align: left;\">Tiempo: <strong>1:20h<\/strong><\/p>\n<p>[\/vc_column_text][\/vc_column_inner][\/vc_row_inner][vc_row_inner equal_height=\u00bbyes\u00bb content_placement=\u00bbmiddle\u00bb el_class=\u00bbinfo-rutas visible-xs visible-sm\u00bb][vc_column_inner width=\u00bb1\/4&#8243; offset=\u00bbvc_col-xs-3&#8243;][vc_single_image image=\u00bb81&#8243; img_size=\u00bbfull\u00bb alignment=\u00bbcenter\u00bb el_class=\u00bbico\u00bb][\/vc_column_inner][vc_column_inner width=\u00bb3\/4&#8243; offset=\u00bbvc_col-xs-9&#8243;][vc_column_text]<\/p>\n<p style=\"text-align: left;\">Distancia: <strong>4,85km<\/strong><\/p>\n<p>[\/vc_column_text][\/vc_column_inner][\/vc_row_inner][\/vc_column][\/vc_row][vc_row foundry_padding=\u00bbpt64 pb64&#8243;][vc_column][vc_row_inner][vc_column_inner width=\u00bb2\/3&#8243; offset=\u00bbvc_col-lg-offset-2 vc_col-md-offset-2&#8243;][vc_column_text]La ruta empieza en el lugar de O Vilari\u00f1o, al lado de la casa del nacimiento del poeta, caminando entre robles, abedules y casta\u00f1os se llega a la casa de los antigos canteros, testigos de una de las profesiones m\u00e1s representativas del lugar. La ruta se adentra por caminos de tierra donde los diferentes muros de piedra delimitan en un paisaje tocado por la mano del hombre, dibujando un mosaico de campos alternando con bosques naturales.[\/vc_column_text][vc_column_text el_class=\u00bbhidden-xs hidde-sm\u00bb]A trav\u00e9s de una variante, se puede reducir la distancia a O Buriz y visitar el petr\u00f3glifo \u201cO Agro das Calzadas\u201d. La ruta tambi\u00e9n presenta dos derivaciones, una que nos lleva al crucero de Riotorto y otra a Porto Mu\u00ed\u00f1o donde podemos ver los restos de un molino y un antiguo lavadero, donde el poeta, camino a la escuela, sol\u00eda hacer una parada para hablar con mujeres que acud\u00edan all\u00ed a lavar la ropa, lugar que aparece representado a trav\u00e9s de los versos del poema de \u00abV\u00edsperas\u00bb.[\/vc_column_text][\/vc_column_inner][\/vc_row_inner][\/vc_column][\/vc_row][vc_row full_width=\u00bbstretch_row_content_no_spaces\u00bb foundry_padding=\u00bbpt64 pb64&#8243; el_class=\u00bbrow-fotos hidden\u00bb][vc_column width=\u00bb1\/2&#8243;][vc_single_image img_size=\u00bbfull\u00bb alignment=\u00bbcenter\u00bb][\/vc_column][vc_column width=\u00bb1\/2&#8243;][vc_single_image img_size=\u00bbfull\u00bb alignment=\u00bbcenter\u00bb][\/vc_column][\/vc_row][vc_row foundry_background_style=\u00bbbg-secondary\u00bb foundry_padding=\u00bbpt0 pb0&#8243; el_class=\u00bbprefooter\u00bb][vc_column][vc_row_inner][vc_column_inner width=\u00bb2\/3&#8243; offset=\u00bbvc_col-lg-offset-2 vc_col-md-offset-2&#8243;][vc_column_text]<\/p>\n<h5>Si necesitas m\u00e1s informaci\u00f3n, ponte en contacto con nosotros y estaremos encantados de mostrarte todos los entresijos de esta ruta.<\/h5>\n<p style=\"text-align: center;\"><a class=\"btn\" href=\"https:\/\/turismo.concellodeguitiriz.com\/es\/contacto\/\">Contacto<\/a><\/p>\n<p>[\/vc_column_text][\/vc_column_inner][\/vc_row_inner][\/vc_column][\/vc_row]<\/p>\n","protected":false},"excerpt":{"rendered":"<p>[vc_row foundry_background_style=\u00bbbg-primary\u00bb foundry_padding=\u00bbpt64 pb64&#8243;][vc_column][vc_column_text] Ruta de la Piedra de D\u00edaz Castro [\/vc_column_text][vc_row_inner][vc_column_inner width=\u00bb2\/3&#8243; offset=\u00bbvc_col-lg-offset-2 vc_col-md-offset-2&#8243;][vc_column_text]La Ruta de la Piedra de D\u00edaz&#8230;<\/p>\n","protected":false},"author":1,"featured_media":0,"parent":880,"menu_order":0,"comment_status":"closed","ping_status":"closed","template":"","meta":{"footnotes":"","_links_to":"","_links_to_target":""},"class_list":["post-900","page","type-page","status-publish","hentry"],"yoast_head":"<!-- This site is optimized with the Yoast SEO plugin v19.13 - https:\/\/yoast.com\/wordpress\/plugins\/seo\/ -->\n<title>Ruta de la Piedra de D\u00edaz Castro | Turismo de Guitiriz<\/title>\n<meta name=\"description\" content=\"La Ruta de la Piedra de D\u00edaz Castro muestra los hermosos paisajes que sirvieron de inspiraci\u00f3n de los poemas de Xos\u00e9 Mar\u00eda D\u00edaz Castro, impregnados de la relaci\u00f3n del hombre con la tierra, a trav\u00e9s de la visi\u00f3n de la vida de los vecinos de la aldea.\" \/>\n<meta name=\"robots\" content=\"index, follow, max-snippet:-1, max-image-preview:large, max-video-preview:-1\" \/>\n<link rel=\"canonical\" href=\"https:\/\/turismo.concellodeguitiriz.com\/es\/rutas\/ruta-diazcastro\/\" \/>\n<meta property=\"og:locale\" content=\"es_ES\" \/>\n<meta property=\"og:type\" content=\"article\" \/>\n<meta property=\"og:title\" content=\"A Ruta da Pedra de D\u00edaz Castro | Turismo de Guitiriz\" \/>\n<meta property=\"og:description\" content=\"La Ruta de la Piedra de D\u00edaz Castro muestra los hermosos paisajes que sirvieron de inspiraci\u00f3n de los poemas de Xos\u00e9 Mar\u00eda D\u00edaz Castro, impregnados de la relaci\u00f3n del hombre con la tierra, a trav\u00e9s de la visi\u00f3n de la vida de los vecinos de la aldea.\" \/>\n<meta property=\"og:url\" content=\"https:\/\/turismo.concellodeguitiriz.com\/es\/rutas\/ruta-diazcastro\/\" \/>\n<meta property=\"og:site_name\" content=\"Turismo de Guitiriz\" \/>\n<meta property=\"article:publisher\" content=\"https:\/\/www.facebook.com\/concellodeguitiriz\/\" \/>\n<meta property=\"article:modified_time\" content=\"2021-08-01T17:22:21+00:00\" \/>\n<meta name=\"twitter:card\" content=\"summary_large_image\" \/>\n<meta name=\"twitter:title\" content=\"A Ruta da Pedra de D\u00edaz Castro | Turismo de Guitiriz\" \/>\n<meta name=\"twitter:description\" content=\"La Ruta de la Piedra de D\u00edaz Castro muestra los hermosos paisajes que sirvieron de inspiraci\u00f3n de los poemas de Xos\u00e9 Mar\u00eda D\u00edaz Castro, impregnados de la relaci\u00f3n del hombre con la tierra, a trav\u00e9s de la visi\u00f3n de la vida de los vecinos de la aldea.\" \/>\n<meta name=\"twitter:label1\" content=\"Tiempo de lectura\" \/>\n\t<meta name=\"twitter:data1\" content=\"2 minutos\" \/>\n<script type=\"application\/ld+json\" class=\"yoast-schema-graph\">{\"@context\":\"https:\/\/schema.org\",\"@graph\":[{\"@type\":\"WebPage\",\"@id\":\"https:\/\/turismo.concellodeguitiriz.com\/es\/rutas\/ruta-diazcastro\/\",\"url\":\"https:\/\/turismo.concellodeguitiriz.com\/es\/rutas\/ruta-diazcastro\/\",\"name\":\"Ruta de la Piedra de D\u00edaz Castro | Turismo de Guitiriz\",\"isPartOf\":{\"@id\":\"https:\/\/turismo.concellodeguitiriz.com\/#website\"},\"datePublished\":\"2021-07-01T16:27:09+00:00\",\"dateModified\":\"2021-08-01T17:22:21+00:00\",\"description\":\"La Ruta de la Piedra de D\u00edaz Castro muestra los hermosos paisajes que sirvieron de inspiraci\u00f3n de los poemas de Xos\u00e9 Mar\u00eda D\u00edaz Castro, impregnados de la relaci\u00f3n del hombre con la tierra, a trav\u00e9s de la visi\u00f3n de la vida de los vecinos de la aldea.\",\"breadcrumb\":{\"@id\":\"https:\/\/turismo.concellodeguitiriz.com\/es\/rutas\/ruta-diazcastro\/#breadcrumb\"},\"inLanguage\":\"es\",\"potentialAction\":[{\"@type\":\"ReadAction\",\"target\":[\"https:\/\/turismo.concellodeguitiriz.com\/es\/rutas\/ruta-diazcastro\/\"]}]},{\"@type\":\"BreadcrumbList\",\"@id\":\"https:\/\/turismo.concellodeguitiriz.com\/es\/rutas\/ruta-diazcastro\/#breadcrumb\",\"itemListElement\":[{\"@type\":\"ListItem\",\"position\":1,\"name\":\"Portada\",\"item\":\"https:\/\/turismo.concellodeguitiriz.com\/es\/\"},{\"@type\":\"ListItem\",\"position\":2,\"name\":\"Rutas\",\"item\":\"https:\/\/turismo.concellodeguitiriz.com\/es\/rutas\/\"},{\"@type\":\"ListItem\",\"position\":3,\"name\":\"Ruta de la Piedra de D\u00edaz Castro\"}]},{\"@type\":\"WebSite\",\"@id\":\"https:\/\/turismo.concellodeguitiriz.com\/#website\",\"url\":\"https:\/\/turismo.concellodeguitiriz.com\/\",\"name\":\"Turismo de Guitiriz\",\"description\":\"Concello de Guitiriz\",\"publisher\":{\"@id\":\"https:\/\/turismo.concellodeguitiriz.com\/#organization\"},\"potentialAction\":[{\"@type\":\"SearchAction\",\"target\":{\"@type\":\"EntryPoint\",\"urlTemplate\":\"https:\/\/turismo.concellodeguitiriz.com\/?s={search_term_string}\"},\"query-input\":\"required name=search_term_string\"}],\"inLanguage\":\"es\"},{\"@type\":\"Organization\",\"@id\":\"https:\/\/turismo.concellodeguitiriz.com\/#organization\",\"name\":\"Turismo Guitiriz\",\"url\":\"https:\/\/turismo.concellodeguitiriz.com\/\",\"logo\":{\"@type\":\"ImageObject\",\"inLanguage\":\"es\",\"@id\":\"https:\/\/turismo.concellodeguitiriz.com\/#\/schema\/logo\/image\/\",\"url\":\"https:\/\/turismo.concellodeguitiriz.com\/wp-content\/uploads\/2021\/06\/g-turismo-logopos.png\",\"contentUrl\":\"https:\/\/turismo.concellodeguitiriz.com\/wp-content\/uploads\/2021\/06\/g-turismo-logopos.png\",\"width\":2001,\"height\":1024,\"caption\":\"Turismo Guitiriz\"},\"image\":{\"@id\":\"https:\/\/turismo.concellodeguitiriz.com\/#\/schema\/logo\/image\/\"},\"sameAs\":[\"https:\/\/www.instagram.com\/guitirizigualdade\/\",\"https:\/\/www.facebook.com\/concellodeguitiriz\/\"]}]}<\/script>\n<!-- \/ Yoast SEO plugin. -->","yoast_head_json":{"title":"Ruta de la Piedra de D\u00edaz Castro | Turismo de Guitiriz","description":"La Ruta de la Piedra de D\u00edaz Castro muestra los hermosos paisajes que sirvieron de inspiraci\u00f3n de los poemas de Xos\u00e9 Mar\u00eda D\u00edaz Castro, impregnados de la relaci\u00f3n del hombre con la tierra, a trav\u00e9s de la visi\u00f3n de la vida de los vecinos de la aldea.","robots":{"index":"index","follow":"follow","max-snippet":"max-snippet:-1","max-image-preview":"max-image-preview:large","max-video-preview":"max-video-preview:-1"},"canonical":"https:\/\/turismo.concellodeguitiriz.com\/es\/rutas\/ruta-diazcastro\/","og_locale":"es_ES","og_type":"article","og_title":"A Ruta da Pedra de D\u00edaz Castro | Turismo de Guitiriz","og_description":"La Ruta de la Piedra de D\u00edaz Castro muestra los hermosos paisajes que sirvieron de inspiraci\u00f3n de los poemas de Xos\u00e9 Mar\u00eda D\u00edaz Castro, impregnados de la relaci\u00f3n del hombre con la tierra, a trav\u00e9s de la visi\u00f3n de la vida de los vecinos de la aldea.","og_url":"https:\/\/turismo.concellodeguitiriz.com\/es\/rutas\/ruta-diazcastro\/","og_site_name":"Turismo de Guitiriz","article_publisher":"https:\/\/www.facebook.com\/concellodeguitiriz\/","article_modified_time":"2021-08-01T17:22:21+00:00","twitter_card":"summary_large_image","twitter_title":"A Ruta da Pedra de D\u00edaz Castro | Turismo de Guitiriz","twitter_description":"La Ruta de la Piedra de D\u00edaz Castro muestra los hermosos paisajes que sirvieron de inspiraci\u00f3n de los poemas de Xos\u00e9 Mar\u00eda D\u00edaz Castro, impregnados de la relaci\u00f3n del hombre con la tierra, a trav\u00e9s de la visi\u00f3n de la vida de los vecinos de la aldea.","twitter_misc":{"Tiempo de lectura":"2 minutos"},"schema":{"@context":"https:\/\/schema.org","@graph":[{"@type":"WebPage","@id":"https:\/\/turismo.concellodeguitiriz.com\/es\/rutas\/ruta-diazcastro\/","url":"https:\/\/turismo.concellodeguitiriz.com\/es\/rutas\/ruta-diazcastro\/","name":"Ruta de la Piedra de D\u00edaz Castro | Turismo de Guitiriz","isPartOf":{"@id":"https:\/\/turismo.concellodeguitiriz.com\/#website"},"datePublished":"2021-07-01T16:27:09+00:00","dateModified":"2021-08-01T17:22:21+00:00","description":"La Ruta de la Piedra de D\u00edaz Castro muestra los hermosos paisajes que sirvieron de inspiraci\u00f3n de los poemas de Xos\u00e9 Mar\u00eda D\u00edaz Castro, impregnados de la relaci\u00f3n del hombre con la tierra, a trav\u00e9s de la visi\u00f3n de la vida de los vecinos de la aldea.","breadcrumb":{"@id":"https:\/\/turismo.concellodeguitiriz.com\/es\/rutas\/ruta-diazcastro\/#breadcrumb"},"inLanguage":"es","potentialAction":[{"@type":"ReadAction","target":["https:\/\/turismo.concellodeguitiriz.com\/es\/rutas\/ruta-diazcastro\/"]}]},{"@type":"BreadcrumbList","@id":"https:\/\/turismo.concellodeguitiriz.com\/es\/rutas\/ruta-diazcastro\/#breadcrumb","itemListElement":[{"@type":"ListItem","position":1,"name":"Portada","item":"https:\/\/turismo.concellodeguitiriz.com\/es\/"},{"@type":"ListItem","position":2,"name":"Rutas","item":"https:\/\/turismo.concellodeguitiriz.com\/es\/rutas\/"},{"@type":"ListItem","position":3,"name":"Ruta de la Piedra de D\u00edaz Castro"}]},{"@type":"WebSite","@id":"https:\/\/turismo.concellodeguitiriz.com\/#website","url":"https:\/\/turismo.concellodeguitiriz.com\/","name":"Turismo de Guitiriz","description":"Concello de Guitiriz","publisher":{"@id":"https:\/\/turismo.concellodeguitiriz.com\/#organization"},"potentialAction":[{"@type":"SearchAction","target":{"@type":"EntryPoint","urlTemplate":"https:\/\/turismo.concellodeguitiriz.com\/?s={search_term_string}"},"query-input":"required name=search_term_string"}],"inLanguage":"es"},{"@type":"Organization","@id":"https:\/\/turismo.concellodeguitiriz.com\/#organization","name":"Turismo Guitiriz","url":"https:\/\/turismo.concellodeguitiriz.com\/","logo":{"@type":"ImageObject","inLanguage":"es","@id":"https:\/\/turismo.concellodeguitiriz.com\/#\/schema\/logo\/image\/","url":"https:\/\/turismo.concellodeguitiriz.com\/wp-content\/uploads\/2021\/06\/g-turismo-logopos.png","contentUrl":"https:\/\/turismo.concellodeguitiriz.com\/wp-content\/uploads\/2021\/06\/g-turismo-logopos.png","width":2001,"height":1024,"caption":"Turismo Guitiriz"},"image":{"@id":"https:\/\/turismo.concellodeguitiriz.com\/#\/schema\/logo\/image\/"},"sameAs":["https:\/\/www.instagram.com\/guitirizigualdade\/","https:\/\/www.facebook.com\/concellodeguitiriz\/"]}]}},"_links":{"self":[{"href":"https:\/\/turismo.concellodeguitiriz.com\/es\/wp-json\/wp\/v2\/pages\/900","targetHints":{"allow":["GET"]}}],"collection":[{"href":"https:\/\/turismo.concellodeguitiriz.com\/es\/wp-json\/wp\/v2\/pages"}],"about":[{"href":"https:\/\/turismo.concellodeguitiriz.com\/es\/wp-json\/wp\/v2\/types\/page"}],"author":[{"embeddable":true,"href":"https:\/\/turismo.concellodeguitiriz.com\/es\/wp-json\/wp\/v2\/users\/1"}],"replies":[{"embeddable":true,"href":"https:\/\/turismo.concellodeguitiriz.com\/es\/wp-json\/wp\/v2\/comments?post=900"}],"version-history":[{"count":2,"href":"https:\/\/turismo.concellodeguitiriz.com\/es\/wp-json\/wp\/v2\/pages\/900\/revisions"}],"predecessor-version":[{"id":906,"href":"https:\/\/turismo.concellodeguitiriz.com\/es\/wp-json\/wp\/v2\/pages\/900\/revisions\/906"}],"up":[{"embeddable":true,"href":"https:\/\/turismo.concellodeguitiriz.com\/es\/wp-json\/wp\/v2\/pages\/880"}],"wp:attachment":[{"href":"https:\/\/turismo.concellodeguitiriz.com\/es\/wp-json\/wp\/v2\/media?parent=900"}],"curies":[{"name":"wp","href":"https:\/\/api.w.org\/{rel}","templated":true}]}}