{"id":912,"date":"2021-07-13T13:54:24","date_gmt":"2021-07-13T13:54:24","guid":{"rendered":"https:\/\/turismo.concellodeguitiriz.com\/torta-maiz\/"},"modified":"2021-08-01T17:38:57","modified_gmt":"2021-08-01T17:38:57","slug":"torta-maiz","status":"publish","type":"page","link":"https:\/\/turismo.concellodeguitiriz.com\/es\/torta-maiz\/","title":{"rendered":"Torta de ma\u00edz"},"content":{"rendered":"<p>[vc_row foundry_padding=\u00bbpt64 pb64&#8243;][vc_column][vc_column_text]<\/p>\n<h1 style=\"text-align: center;\">Torta de ma\u00edz de Guitiriz<\/h1>\n<p>[\/vc_column_text][vc_row_inner equal_height=\u00bbyes\u00bb content_placement=\u00bbmiddle\u00bb][vc_column_inner el_class=\u00bbcol-boxed\u00bb width=\u00bb1\/2&#8243;][vc_column_text]Guitiriz es conocida por su torta de ma\u00edz, un bizcocho artesanal que tiene como ingredientes: huevos, az\u00facar, mantequilla y harina de ma\u00edz.<\/p>\n<p><strong>Pero, conoces las historias que envuelven la torta de ma\u00edz?<\/strong><\/p>\n<p>Entre los vecinos corre la leyenda de que esta receta naci\u00f3 de una visita de los reyes de la Sagrada Familia a la aldea de O Boedo. Nadie les quer\u00eda dar hospedaje, excepto una humilde familia de O Boedo, que les brind\u00f3 su casa, a pesar de ser muy pobres y no tener ni para comer. La reina le pidi\u00f3 a la madre de familia que hiciese una torta con harina de ma\u00edz, a lo que la mujer se neg\u00f3 no confiando en el resultado. La reina, ante su negativa le dijo: \u00abEs tan cierto que de ah\u00ed va a salir un bizcocho buen\u00edsimo, como que esta aldea se va a inundar\u00bb y as\u00ed fue.<\/p>\n<p>La historia m\u00e1s realista dice que hab\u00eda en el pueblo una familia que hac\u00eda este bizcocho y que lleg\u00f3 a tener tanto \u00e9xito que, cuando tuvieron que irse, dejaron la receta a otras panader\u00edas para que siguiesen comercializando este manjar.[\/vc_column_text][\/vc_column_inner][vc_column_inner width=\u00bb1\/2&#8243;][vc_single_image image=\u00bb417&#8243; img_size=\u00bbfull\u00bb alignment=\u00bbcenter\u00bb css_animation=\u00bbzoomIn\u00bb][\/vc_column_inner][\/vc_row_inner][\/vc_column][\/vc_row][vc_row foundry_padding=\u00bbpt64 pb64&#8243; el_class=\u00bbfondo-amarillo\u00bb][vc_column][vc_row_inner][vc_column_inner el_class=\u00bbcol-boxed\u00bb][vc_column_text]<\/p>\n<h2 class=\"historia\" style=\"text-align: center;\">Donde puedes encontrarla<\/h2>\n<p>[\/vc_column_text][\/vc_column_inner][\/vc_row_inner][vc_row_inner][vc_column_inner el_class=\u00bbcaja-sombra\u00bb width=\u00bb1\/4&#8243;][vc_single_image image=\u00bb424&#8243; img_size=\u00bb\u00bb alignment=\u00bbcenter\u00bb el_class=\u00bbico\u00bb][vc_column_text]<\/p>\n<p style=\"text-align: center;\"><a href=\"https:\/\/panaderialaesquina.com\/nuestros-productos\/reposteria.html\" target=\"_blank\" rel=\"noopener\">Panader\u00eda La Esquina<\/a><\/p>\n<p>[\/vc_column_text][\/vc_column_inner][vc_column_inner el_class=\u00bbcaja-sombra\u00bb width=\u00bb1\/4&#8243;][vc_single_image image=\u00bb424&#8243; img_size=\u00bb\u00bb alignment=\u00bbcenter\u00bb el_class=\u00bbico\u00bb][vc_column_text]<\/p>\n<p style=\"text-align: center;\"><a href=\"https:\/\/www.panaderiadavid.com\/\" target=\"_blank\" rel=\"noopener\">Panader\u00eda David<\/a><\/p>\n<p>[\/vc_column_text][\/vc_column_inner][vc_column_inner el_class=\u00bbcaja-sombra\u00bb width=\u00bb1\/4&#8243;][vc_single_image image=\u00bb424&#8243; img_size=\u00bb\u00bb alignment=\u00bbcenter\u00bb el_class=\u00bbico\u00bb][vc_column_text]<\/p>\n<p style=\"text-align: center;\">Panader\u00eda G\u00f3mez<\/p>\n<p>[\/vc_column_text][\/vc_column_inner][vc_column_inner el_class=\u00bbcaja-sombra\u00bb width=\u00bb1\/4&#8243;][vc_single_image image=\u00bb424&#8243; img_size=\u00bb\u00bb alignment=\u00bbcenter\u00bb el_class=\u00bbico\u00bb][vc_column_text]<\/p>\n<p style=\"text-align: center;\">Panader\u00eda La Artesana<\/p>\n<p>[\/vc_column_text][\/vc_column_inner][\/vc_row_inner][\/vc_column][\/vc_row]<\/p>\n","protected":false},"excerpt":{"rendered":"<p>[vc_row foundry_padding=\u00bbpt64 pb64&#8243;][vc_column][vc_column_text] Torta de ma\u00edz de Guitiriz [\/vc_column_text][vc_row_inner equal_height=\u00bbyes\u00bb content_placement=\u00bbmiddle\u00bb][vc_column_inner el_class=\u00bbcol-boxed\u00bb width=\u00bb1\/2&#8243;][vc_column_text]Guitiriz es conocida por su torta de ma\u00edz, un&#8230;<\/p>\n","protected":false},"author":1,"featured_media":0,"parent":0,"menu_order":0,"comment_status":"closed","ping_status":"closed","template":"","meta":{"footnotes":"","_links_to":"","_links_to_target":""},"class_list":["post-912","page","type-page","status-publish","hentry"],"yoast_head":"<!-- This site is optimized with the Yoast SEO plugin v19.13 - https:\/\/yoast.com\/wordpress\/plugins\/seo\/ -->\n<title>Torta de ma\u00edz | Turismo de Guitiriz<\/title>\n<meta name=\"description\" content=\"Guitiriz es conocida por su torta de ma\u00edz, un bizcocho artesanal que tiene como ingredientes: huevos, az\u00facar, mantequilla y harina de ma\u00edz.\" \/>\n<meta name=\"robots\" content=\"index, follow, max-snippet:-1, max-image-preview:large, max-video-preview:-1\" \/>\n<link rel=\"canonical\" href=\"https:\/\/turismo.concellodeguitiriz.com\/es\/torta-maiz\/\" \/>\n<meta property=\"og:locale\" content=\"es_ES\" \/>\n<meta property=\"og:type\" content=\"article\" \/>\n<meta property=\"og:title\" content=\"Torta de Millo | Turismo de Guitiriz\" \/>\n<meta property=\"og:description\" content=\"Guitiriz es conocida por su torta de ma\u00edz, un bizcocho artesanal que tiene como ingredientes: huevos, az\u00facar, mantequilla y harina de ma\u00edz.\" \/>\n<meta property=\"og:url\" content=\"https:\/\/turismo.concellodeguitiriz.com\/es\/torta-maiz\/\" \/>\n<meta property=\"og:site_name\" content=\"Turismo de Guitiriz\" \/>\n<meta property=\"article:publisher\" content=\"https:\/\/www.facebook.com\/concellodeguitiriz\/\" \/>\n<meta property=\"article:modified_time\" content=\"2021-08-01T17:38:57+00:00\" \/>\n<meta name=\"twitter:card\" content=\"summary_large_image\" \/>\n<meta name=\"twitter:title\" content=\"Torta de Millo | Turismo de Guitiriz\" \/>\n<meta name=\"twitter:description\" content=\"Guitiriz es conocida por su torta de ma\u00edz, un bizcocho artesanal que tiene como ingredientes: huevos, az\u00facar, mantequilla y harina de ma\u00edz.\" \/>\n<meta name=\"twitter:label1\" content=\"Tiempo de lectura\" \/>\n\t<meta name=\"twitter:data1\" content=\"2 minutos\" \/>\n<script type=\"application\/ld+json\" class=\"yoast-schema-graph\">{\"@context\":\"https:\/\/schema.org\",\"@graph\":[{\"@type\":\"WebPage\",\"@id\":\"https:\/\/turismo.concellodeguitiriz.com\/es\/torta-maiz\/\",\"url\":\"https:\/\/turismo.concellodeguitiriz.com\/es\/torta-maiz\/\",\"name\":\"Torta de ma\u00edz | Turismo de Guitiriz\",\"isPartOf\":{\"@id\":\"https:\/\/turismo.concellodeguitiriz.com\/#website\"},\"datePublished\":\"2021-07-13T13:54:24+00:00\",\"dateModified\":\"2021-08-01T17:38:57+00:00\",\"description\":\"Guitiriz es conocida por su torta de ma\u00edz, un bizcocho artesanal que tiene como ingredientes: huevos, az\u00facar, mantequilla y harina de ma\u00edz.\",\"breadcrumb\":{\"@id\":\"https:\/\/turismo.concellodeguitiriz.com\/es\/torta-maiz\/#breadcrumb\"},\"inLanguage\":\"es\",\"potentialAction\":[{\"@type\":\"ReadAction\",\"target\":[\"https:\/\/turismo.concellodeguitiriz.com\/es\/torta-maiz\/\"]}]},{\"@type\":\"BreadcrumbList\",\"@id\":\"https:\/\/turismo.concellodeguitiriz.com\/es\/torta-maiz\/#breadcrumb\",\"itemListElement\":[{\"@type\":\"ListItem\",\"position\":1,\"name\":\"Portada\",\"item\":\"https:\/\/turismo.concellodeguitiriz.com\/es\/\"},{\"@type\":\"ListItem\",\"position\":2,\"name\":\"Torta de ma\u00edz\"}]},{\"@type\":\"WebSite\",\"@id\":\"https:\/\/turismo.concellodeguitiriz.com\/#website\",\"url\":\"https:\/\/turismo.concellodeguitiriz.com\/\",\"name\":\"Turismo de Guitiriz\",\"description\":\"Concello de Guitiriz\",\"publisher\":{\"@id\":\"https:\/\/turismo.concellodeguitiriz.com\/#organization\"},\"potentialAction\":[{\"@type\":\"SearchAction\",\"target\":{\"@type\":\"EntryPoint\",\"urlTemplate\":\"https:\/\/turismo.concellodeguitiriz.com\/?s={search_term_string}\"},\"query-input\":\"required name=search_term_string\"}],\"inLanguage\":\"es\"},{\"@type\":\"Organization\",\"@id\":\"https:\/\/turismo.concellodeguitiriz.com\/#organization\",\"name\":\"Turismo Guitiriz\",\"url\":\"https:\/\/turismo.concellodeguitiriz.com\/\",\"logo\":{\"@type\":\"ImageObject\",\"inLanguage\":\"es\",\"@id\":\"https:\/\/turismo.concellodeguitiriz.com\/#\/schema\/logo\/image\/\",\"url\":\"https:\/\/turismo.concellodeguitiriz.com\/wp-content\/uploads\/2021\/06\/g-turismo-logopos.png\",\"contentUrl\":\"https:\/\/turismo.concellodeguitiriz.com\/wp-content\/uploads\/2021\/06\/g-turismo-logopos.png\",\"width\":2001,\"height\":1024,\"caption\":\"Turismo Guitiriz\"},\"image\":{\"@id\":\"https:\/\/turismo.concellodeguitiriz.com\/#\/schema\/logo\/image\/\"},\"sameAs\":[\"https:\/\/www.instagram.com\/guitirizigualdade\/\",\"https:\/\/www.facebook.com\/concellodeguitiriz\/\"]}]}<\/script>\n<!-- \/ Yoast SEO plugin. -->","yoast_head_json":{"title":"Torta de ma\u00edz | Turismo de Guitiriz","description":"Guitiriz es conocida por su torta de ma\u00edz, un bizcocho artesanal que tiene como ingredientes: huevos, az\u00facar, mantequilla y harina de ma\u00edz.","robots":{"index":"index","follow":"follow","max-snippet":"max-snippet:-1","max-image-preview":"max-image-preview:large","max-video-preview":"max-video-preview:-1"},"canonical":"https:\/\/turismo.concellodeguitiriz.com\/es\/torta-maiz\/","og_locale":"es_ES","og_type":"article","og_title":"Torta de Millo | Turismo de Guitiriz","og_description":"Guitiriz es conocida por su torta de ma\u00edz, un bizcocho artesanal que tiene como ingredientes: huevos, az\u00facar, mantequilla y harina de ma\u00edz.","og_url":"https:\/\/turismo.concellodeguitiriz.com\/es\/torta-maiz\/","og_site_name":"Turismo de Guitiriz","article_publisher":"https:\/\/www.facebook.com\/concellodeguitiriz\/","article_modified_time":"2021-08-01T17:38:57+00:00","twitter_card":"summary_large_image","twitter_title":"Torta de Millo | Turismo de Guitiriz","twitter_description":"Guitiriz es conocida por su torta de ma\u00edz, un bizcocho artesanal que tiene como ingredientes: huevos, az\u00facar, mantequilla y harina de ma\u00edz.","twitter_misc":{"Tiempo de lectura":"2 minutos"},"schema":{"@context":"https:\/\/schema.org","@graph":[{"@type":"WebPage","@id":"https:\/\/turismo.concellodeguitiriz.com\/es\/torta-maiz\/","url":"https:\/\/turismo.concellodeguitiriz.com\/es\/torta-maiz\/","name":"Torta de ma\u00edz | Turismo de Guitiriz","isPartOf":{"@id":"https:\/\/turismo.concellodeguitiriz.com\/#website"},"datePublished":"2021-07-13T13:54:24+00:00","dateModified":"2021-08-01T17:38:57+00:00","description":"Guitiriz es conocida por su torta de ma\u00edz, un bizcocho artesanal que tiene como ingredientes: huevos, az\u00facar, mantequilla y harina de ma\u00edz.","breadcrumb":{"@id":"https:\/\/turismo.concellodeguitiriz.com\/es\/torta-maiz\/#breadcrumb"},"inLanguage":"es","potentialAction":[{"@type":"ReadAction","target":["https:\/\/turismo.concellodeguitiriz.com\/es\/torta-maiz\/"]}]},{"@type":"BreadcrumbList","@id":"https:\/\/turismo.concellodeguitiriz.com\/es\/torta-maiz\/#breadcrumb","itemListElement":[{"@type":"ListItem","position":1,"name":"Portada","item":"https:\/\/turismo.concellodeguitiriz.com\/es\/"},{"@type":"ListItem","position":2,"name":"Torta de ma\u00edz"}]},{"@type":"WebSite","@id":"https:\/\/turismo.concellodeguitiriz.com\/#website","url":"https:\/\/turismo.concellodeguitiriz.com\/","name":"Turismo de Guitiriz","description":"Concello de Guitiriz","publisher":{"@id":"https:\/\/turismo.concellodeguitiriz.com\/#organization"},"potentialAction":[{"@type":"SearchAction","target":{"@type":"EntryPoint","urlTemplate":"https:\/\/turismo.concellodeguitiriz.com\/?s={search_term_string}"},"query-input":"required name=search_term_string"}],"inLanguage":"es"},{"@type":"Organization","@id":"https:\/\/turismo.concellodeguitiriz.com\/#organization","name":"Turismo Guitiriz","url":"https:\/\/turismo.concellodeguitiriz.com\/","logo":{"@type":"ImageObject","inLanguage":"es","@id":"https:\/\/turismo.concellodeguitiriz.com\/#\/schema\/logo\/image\/","url":"https:\/\/turismo.concellodeguitiriz.com\/wp-content\/uploads\/2021\/06\/g-turismo-logopos.png","contentUrl":"https:\/\/turismo.concellodeguitiriz.com\/wp-content\/uploads\/2021\/06\/g-turismo-logopos.png","width":2001,"height":1024,"caption":"Turismo Guitiriz"},"image":{"@id":"https:\/\/turismo.concellodeguitiriz.com\/#\/schema\/logo\/image\/"},"sameAs":["https:\/\/www.instagram.com\/guitirizigualdade\/","https:\/\/www.facebook.com\/concellodeguitiriz\/"]}]}},"_links":{"self":[{"href":"https:\/\/turismo.concellodeguitiriz.com\/es\/wp-json\/wp\/v2\/pages\/912","targetHints":{"allow":["GET"]}}],"collection":[{"href":"https:\/\/turismo.concellodeguitiriz.com\/es\/wp-json\/wp\/v2\/pages"}],"about":[{"href":"https:\/\/turismo.concellodeguitiriz.com\/es\/wp-json\/wp\/v2\/types\/page"}],"author":[{"embeddable":true,"href":"https:\/\/turismo.concellodeguitiriz.com\/es\/wp-json\/wp\/v2\/users\/1"}],"replies":[{"embeddable":true,"href":"https:\/\/turismo.concellodeguitiriz.com\/es\/wp-json\/wp\/v2\/comments?post=912"}],"version-history":[{"count":2,"href":"https:\/\/turismo.concellodeguitiriz.com\/es\/wp-json\/wp\/v2\/pages\/912\/revisions"}],"predecessor-version":[{"id":915,"href":"https:\/\/turismo.concellodeguitiriz.com\/es\/wp-json\/wp\/v2\/pages\/912\/revisions\/915"}],"wp:attachment":[{"href":"https:\/\/turismo.concellodeguitiriz.com\/es\/wp-json\/wp\/v2\/media?parent=912"}],"curies":[{"name":"wp","href":"https:\/\/api.w.org\/{rel}","templated":true}]}}