{"id":913,"date":"2021-07-21T17:56:51","date_gmt":"2021-07-21T17:56:51","guid":{"rendered":"https:\/\/turismo.concellodeguitiriz.com\/sicted\/"},"modified":"2021-08-01T17:45:54","modified_gmt":"2021-08-01T17:45:54","slug":"sicted","status":"publish","type":"page","link":"https:\/\/turismo.concellodeguitiriz.com\/es\/sicted\/","title":{"rendered":"SICTED"},"content":{"rendered":"<p>[vc_row foundry_padding=\u00bbpt64 pb64&#8243;][vc_column][vc_column_text]<\/p>\n<h1 style=\"text-align: center;\">SICTED<\/h1>\n<p>[\/vc_column_text][vc_row_inner][vc_column_inner width=\u00bb2\/3&#8243; offset=\u00bbvc_col-lg-offset-2 vc_col-md-offset-2&#8243;][vc_column_text]<\/p>\n<p class=\"rtejustify\">El Sistema de <a href=\"https:\/\/www.calidadendestino.es\/\" target=\"_blank\" rel=\"noopener\">Calidad Tur\u00edstica en Destinos (SICTED)<\/a> es un proyecto auspiciado por la Secretaria General de Turismo y la Federaci\u00f3n Espa\u00f1ola de Municipios y Provincias, integrado en un marco de actuaciones del Plan Integral del Turismo Espa\u00f1ol (PICTE) dirigido a las organizaciones e instituciones, tanto p\u00fablicas como mixtas de los municipios.<\/p>\n<p class=\"rtejustify\">La idea surge ante la necesidad de dotar a los destinos tur\u00edsticos de mecanismos que permitan dirigir y aunar esfuerzos hacia un objetivo com\u00fan: la mejora de la calidad de los servicios que se ofrecen un mismo destino y alcanzar el nivel de calidad homog\u00e9neo (de nada sirve que te traten muy bien en un establecimiento si en el resto lo hacen mal, deben trabajar de forma conjunta y de una forma integrada en pro de la calidad y que repercuta en la satisfacci\u00f3n del cliente).<\/p>\n<p class=\"rtejustify\">El Ayuntamiento de Guitiriz empieza a trabajar en el SICTED en el a\u00f1o 2005, sufren un par\u00f3n de a\u00f1o y medio por motivos ajenos a la gesti\u00f3n municipal y se retoma en mayo de 2007. Desde entonces las empresas participantes siguen trabajando por alcanzar los niveles m\u00e1ximos de calidad y ofertar a sus clientes el mejor servicio.<\/p>\n<p>[\/vc_column_text][vc_single_image image=\u00bb636&#8243; img_size=\u00bbfull\u00bb alignment=\u00bbcenter\u00bb onclick=\u00bbcustom_link\u00bb img_link_target=\u00bb_blank\u00bb el_class=\u00bblogo\u00bb link=\u00bbhttps:\/\/www.calidadendestino.es\/\u00bb][\/vc_column_inner][\/vc_row_inner][\/vc_column][\/vc_row][vc_row foundry_background_style=\u00bbbg-secondary\u00bb foundry_padding=\u00bbpt64 pb64&#8243;][vc_column][vc_row_inner][vc_column_inner width=\u00bb2\/3&#8243; offset=\u00bbvc_col-lg-offset-2 vc_col-md-offset-2&#8243;][vc_column_text]<\/p>\n<h2 style=\"text-align: center;\"><strong>16 entidades<\/strong><\/h2>\n<p class=\"subtitulo\" style=\"text-align: center;\">de diferentes sectores, tanto p\u00fablicos como privados, participan en el programa en la actualidad<\/p>\n<p>[\/vc_column_text][\/vc_column_inner][\/vc_row_inner][vc_row_inner equal_height=\u00bbyes\u00bb content_placement=\u00bbmiddle\u00bb][vc_column_inner el_class=\u00bbcaja-sombra\u00bb width=\u00bb1\/4&#8243;][vc_column_text]<\/p>\n<h5 style=\"text-align: center;\">O.M de Turismo<\/h5>\n<p>[\/vc_column_text][\/vc_column_inner][vc_column_inner el_class=\u00bbcaja-sombra\u00bb width=\u00bb1\/4&#8243;][vc_column_text]<\/p>\n<h5 style=\"text-align: center;\">Policia Local<\/h5>\n<p>[\/vc_column_text][\/vc_column_inner][vc_column_inner el_class=\u00bbcaja-sombra\u00bb width=\u00bb1\/4&#8243;][vc_column_text]<\/p>\n<h5 style=\"text-align: center;\">Panader\u00eda La Esquina<\/h5>\n<p>[\/vc_column_text][\/vc_column_inner][vc_column_inner el_class=\u00bbcaja-sombra\u00bb width=\u00bb1\/4&#8243;][vc_column_text]<\/p>\n<h5 style=\"text-align: center;\">Panader\u00eda David<\/h5>\n<p>[\/vc_column_text][\/vc_column_inner][vc_column_inner][\/vc_column_inner][vc_column_inner el_class=\u00bbcaja-sombra\u00bb width=\u00bb1\/4&#8243;][vc_column_text]<\/p>\n<h5 style=\"text-align: center;\">Fotograf\u00eda Kantero<\/h5>\n<p>[\/vc_column_text][\/vc_column_inner][vc_column_inner el_class=\u00bbcaja-sombra\u00bb width=\u00bb1\/4&#8243;][vc_column_text]<\/p>\n<h5 style=\"text-align: center;\">Bar Xoldra<\/h5>\n<p>[\/vc_column_text][\/vc_column_inner][vc_column_inner el_class=\u00bbcaja-sombra\u00bb width=\u00bb1\/4&#8243;][vc_column_text]<\/p>\n<h5 style=\"text-align: center;\">Taper\u00eda O Korreo<\/h5>\n<p>[\/vc_column_text][\/vc_column_inner][vc_column_inner el_class=\u00bbcaja-sombra\u00bb width=\u00bb1\/4&#8243;][vc_column_text]<\/p>\n<h5 style=\"text-align: center;\">Bar Cit<\/h5>\n<p>[\/vc_column_text][\/vc_column_inner][vc_column_inner][\/vc_column_inner][vc_column_inner el_class=\u00bbcaja-sombra\u00bb width=\u00bb1\/4&#8243;][vc_column_text]<\/p>\n<h5 style=\"text-align: center;\">Restaurante La Casilla<\/h5>\n<p>[\/vc_column_text][\/vc_column_inner][vc_column_inner el_class=\u00bbcaja-sombra\u00bb width=\u00bb1\/4&#8243;][vc_column_text]<\/p>\n<h5 style=\"text-align: center;\">Albergue Wittericus<\/h5>\n<p>[\/vc_column_text][\/vc_column_inner][vc_column_inner el_class=\u00bbcaja-sombra\u00bb width=\u00bb1\/4&#8243;][vc_column_text]<\/p>\n<h5 style=\"text-align: center;\">Parrillada Merendero<\/h5>\n<p>[\/vc_column_text][\/vc_column_inner][vc_column_inner el_class=\u00bbcaja-sombra\u00bb width=\u00bb1\/4&#8243;][vc_column_text]<\/p>\n<h5 style=\"text-align: center;\">Parrillada A Capela<\/h5>\n<p>[\/vc_column_text][\/vc_column_inner][vc_column_inner][\/vc_column_inner][vc_column_inner el_class=\u00bbcaja-sombra\u00bb width=\u00bb1\/4&#8243;][vc_column_text]<\/p>\n<h5 style=\"text-align: center;\">Caf\u00e9 Bar Recreo<\/h5>\n<p>[\/vc_column_text][\/vc_column_inner][vc_column_inner el_class=\u00bbcaja-sombra\u00bb width=\u00bb1\/4&#8243;][vc_column_text]<\/p>\n<h5 style=\"text-align: center;\">Camping El Mes\u00f3n<\/h5>\n<p>[\/vc_column_text][\/vc_column_inner][vc_column_inner el_class=\u00bbcaja-sombra\u00bb width=\u00bb1\/4&#8243;][vc_column_text]<\/p>\n<h5 style=\"text-align: center;\">Taxi \u00c1ngel Neira<\/h5>\n<p>[\/vc_column_text][\/vc_column_inner][vc_column_inner el_class=\u00bbcaja-sombra\u00bb width=\u00bb1\/4&#8243;][vc_column_text]<\/p>\n<h5 style=\"text-align: center;\">Protecci\u00f3n Civil<\/h5>\n<p>[\/vc_column_text][\/vc_column_inner][\/vc_row_inner][\/vc_column][\/vc_row]<\/p>\n","protected":false},"excerpt":{"rendered":"<p>[vc_row foundry_padding=\u00bbpt64 pb64&#8243;][vc_column][vc_column_text] SICTED [\/vc_column_text][vc_row_inner][vc_column_inner width=\u00bb2\/3&#8243; offset=\u00bbvc_col-lg-offset-2 vc_col-md-offset-2&#8243;][vc_column_text] El Sistema de Calidad Tur\u00edstica en Destinos (SICTED) es un proyecto auspiciado por&#8230;<\/p>\n","protected":false},"author":1,"featured_media":0,"parent":0,"menu_order":0,"comment_status":"closed","ping_status":"closed","template":"","meta":{"footnotes":"","_links_to":"","_links_to_target":""},"class_list":["post-913","page","type-page","status-publish","hentry"],"yoast_head":"<!-- This site is optimized with the Yoast SEO plugin v19.13 - https:\/\/yoast.com\/wordpress\/plugins\/seo\/ -->\n<title>SICTED | Turismo de Guitiriz<\/title>\n<meta name=\"description\" content=\"El Ayuntamiento de Guitiriz trabaja con el SICTED y las empresas participantes trabajan para alcanzar los niveles m\u00e1ximos de calidad.\" \/>\n<meta name=\"robots\" content=\"index, follow, max-snippet:-1, max-image-preview:large, max-video-preview:-1\" \/>\n<link rel=\"canonical\" href=\"https:\/\/turismo.concellodeguitiriz.com\/es\/sicted\/\" \/>\n<meta property=\"og:locale\" content=\"es_ES\" \/>\n<meta property=\"og:type\" content=\"article\" \/>\n<meta property=\"og:title\" content=\"SICTED | Turismo de Guitiriz\" \/>\n<meta property=\"og:description\" content=\"El Ayuntamiento de Guitiriz trabaja con el SICTED y las empresas participantes trabajan para alcanzar los niveles m\u00e1ximos de calidad.\" \/>\n<meta property=\"og:url\" content=\"https:\/\/turismo.concellodeguitiriz.com\/es\/sicted\/\" \/>\n<meta property=\"og:site_name\" content=\"Turismo de Guitiriz\" \/>\n<meta property=\"article:publisher\" content=\"https:\/\/www.facebook.com\/concellodeguitiriz\/\" \/>\n<meta property=\"article:modified_time\" content=\"2021-08-01T17:45:54+00:00\" \/>\n<meta name=\"twitter:card\" content=\"summary_large_image\" \/>\n<meta name=\"twitter:title\" content=\"SICTED | Turismo de Guitiriz\" \/>\n<meta name=\"twitter:description\" content=\"El Ayuntamiento de Guitiriz trabaja con el SICTED y las empresas participantes trabajan para alcanzar los niveles m\u00e1ximos de calidad.\" \/>\n<meta name=\"twitter:label1\" content=\"Tiempo de lectura\" \/>\n\t<meta name=\"twitter:data1\" content=\"2 minutos\" \/>\n<script type=\"application\/ld+json\" class=\"yoast-schema-graph\">{\"@context\":\"https:\/\/schema.org\",\"@graph\":[{\"@type\":\"WebPage\",\"@id\":\"https:\/\/turismo.concellodeguitiriz.com\/es\/sicted\/\",\"url\":\"https:\/\/turismo.concellodeguitiriz.com\/es\/sicted\/\",\"name\":\"SICTED | Turismo de Guitiriz\",\"isPartOf\":{\"@id\":\"https:\/\/turismo.concellodeguitiriz.com\/#website\"},\"datePublished\":\"2021-07-21T17:56:51+00:00\",\"dateModified\":\"2021-08-01T17:45:54+00:00\",\"description\":\"El Ayuntamiento de Guitiriz trabaja con el SICTED y las empresas participantes trabajan para alcanzar los niveles m\u00e1ximos de calidad.\",\"breadcrumb\":{\"@id\":\"https:\/\/turismo.concellodeguitiriz.com\/es\/sicted\/#breadcrumb\"},\"inLanguage\":\"es\",\"potentialAction\":[{\"@type\":\"ReadAction\",\"target\":[\"https:\/\/turismo.concellodeguitiriz.com\/es\/sicted\/\"]}]},{\"@type\":\"BreadcrumbList\",\"@id\":\"https:\/\/turismo.concellodeguitiriz.com\/es\/sicted\/#breadcrumb\",\"itemListElement\":[{\"@type\":\"ListItem\",\"position\":1,\"name\":\"Portada\",\"item\":\"https:\/\/turismo.concellodeguitiriz.com\/es\/\"},{\"@type\":\"ListItem\",\"position\":2,\"name\":\"SICTED\"}]},{\"@type\":\"WebSite\",\"@id\":\"https:\/\/turismo.concellodeguitiriz.com\/#website\",\"url\":\"https:\/\/turismo.concellodeguitiriz.com\/\",\"name\":\"Turismo de Guitiriz\",\"description\":\"Concello de Guitiriz\",\"publisher\":{\"@id\":\"https:\/\/turismo.concellodeguitiriz.com\/#organization\"},\"potentialAction\":[{\"@type\":\"SearchAction\",\"target\":{\"@type\":\"EntryPoint\",\"urlTemplate\":\"https:\/\/turismo.concellodeguitiriz.com\/?s={search_term_string}\"},\"query-input\":\"required name=search_term_string\"}],\"inLanguage\":\"es\"},{\"@type\":\"Organization\",\"@id\":\"https:\/\/turismo.concellodeguitiriz.com\/#organization\",\"name\":\"Turismo Guitiriz\",\"url\":\"https:\/\/turismo.concellodeguitiriz.com\/\",\"logo\":{\"@type\":\"ImageObject\",\"inLanguage\":\"es\",\"@id\":\"https:\/\/turismo.concellodeguitiriz.com\/#\/schema\/logo\/image\/\",\"url\":\"https:\/\/turismo.concellodeguitiriz.com\/wp-content\/uploads\/2021\/06\/g-turismo-logopos.png\",\"contentUrl\":\"https:\/\/turismo.concellodeguitiriz.com\/wp-content\/uploads\/2021\/06\/g-turismo-logopos.png\",\"width\":2001,\"height\":1024,\"caption\":\"Turismo Guitiriz\"},\"image\":{\"@id\":\"https:\/\/turismo.concellodeguitiriz.com\/#\/schema\/logo\/image\/\"},\"sameAs\":[\"https:\/\/www.instagram.com\/guitirizigualdade\/\",\"https:\/\/www.facebook.com\/concellodeguitiriz\/\"]}]}<\/script>\n<!-- \/ Yoast SEO plugin. -->","yoast_head_json":{"title":"SICTED | Turismo de Guitiriz","description":"El Ayuntamiento de Guitiriz trabaja con el SICTED y las empresas participantes trabajan para alcanzar los niveles m\u00e1ximos de calidad.","robots":{"index":"index","follow":"follow","max-snippet":"max-snippet:-1","max-image-preview":"max-image-preview:large","max-video-preview":"max-video-preview:-1"},"canonical":"https:\/\/turismo.concellodeguitiriz.com\/es\/sicted\/","og_locale":"es_ES","og_type":"article","og_title":"SICTED | Turismo de Guitiriz","og_description":"El Ayuntamiento de Guitiriz trabaja con el SICTED y las empresas participantes trabajan para alcanzar los niveles m\u00e1ximos de calidad.","og_url":"https:\/\/turismo.concellodeguitiriz.com\/es\/sicted\/","og_site_name":"Turismo de Guitiriz","article_publisher":"https:\/\/www.facebook.com\/concellodeguitiriz\/","article_modified_time":"2021-08-01T17:45:54+00:00","twitter_card":"summary_large_image","twitter_title":"SICTED | Turismo de Guitiriz","twitter_description":"El Ayuntamiento de Guitiriz trabaja con el SICTED y las empresas participantes trabajan para alcanzar los niveles m\u00e1ximos de calidad.","twitter_misc":{"Tiempo de lectura":"2 minutos"},"schema":{"@context":"https:\/\/schema.org","@graph":[{"@type":"WebPage","@id":"https:\/\/turismo.concellodeguitiriz.com\/es\/sicted\/","url":"https:\/\/turismo.concellodeguitiriz.com\/es\/sicted\/","name":"SICTED | Turismo de Guitiriz","isPartOf":{"@id":"https:\/\/turismo.concellodeguitiriz.com\/#website"},"datePublished":"2021-07-21T17:56:51+00:00","dateModified":"2021-08-01T17:45:54+00:00","description":"El Ayuntamiento de Guitiriz trabaja con el SICTED y las empresas participantes trabajan para alcanzar los niveles m\u00e1ximos de calidad.","breadcrumb":{"@id":"https:\/\/turismo.concellodeguitiriz.com\/es\/sicted\/#breadcrumb"},"inLanguage":"es","potentialAction":[{"@type":"ReadAction","target":["https:\/\/turismo.concellodeguitiriz.com\/es\/sicted\/"]}]},{"@type":"BreadcrumbList","@id":"https:\/\/turismo.concellodeguitiriz.com\/es\/sicted\/#breadcrumb","itemListElement":[{"@type":"ListItem","position":1,"name":"Portada","item":"https:\/\/turismo.concellodeguitiriz.com\/es\/"},{"@type":"ListItem","position":2,"name":"SICTED"}]},{"@type":"WebSite","@id":"https:\/\/turismo.concellodeguitiriz.com\/#website","url":"https:\/\/turismo.concellodeguitiriz.com\/","name":"Turismo de Guitiriz","description":"Concello de Guitiriz","publisher":{"@id":"https:\/\/turismo.concellodeguitiriz.com\/#organization"},"potentialAction":[{"@type":"SearchAction","target":{"@type":"EntryPoint","urlTemplate":"https:\/\/turismo.concellodeguitiriz.com\/?s={search_term_string}"},"query-input":"required name=search_term_string"}],"inLanguage":"es"},{"@type":"Organization","@id":"https:\/\/turismo.concellodeguitiriz.com\/#organization","name":"Turismo Guitiriz","url":"https:\/\/turismo.concellodeguitiriz.com\/","logo":{"@type":"ImageObject","inLanguage":"es","@id":"https:\/\/turismo.concellodeguitiriz.com\/#\/schema\/logo\/image\/","url":"https:\/\/turismo.concellodeguitiriz.com\/wp-content\/uploads\/2021\/06\/g-turismo-logopos.png","contentUrl":"https:\/\/turismo.concellodeguitiriz.com\/wp-content\/uploads\/2021\/06\/g-turismo-logopos.png","width":2001,"height":1024,"caption":"Turismo Guitiriz"},"image":{"@id":"https:\/\/turismo.concellodeguitiriz.com\/#\/schema\/logo\/image\/"},"sameAs":["https:\/\/www.instagram.com\/guitirizigualdade\/","https:\/\/www.facebook.com\/concellodeguitiriz\/"]}]}},"_links":{"self":[{"href":"https:\/\/turismo.concellodeguitiriz.com\/es\/wp-json\/wp\/v2\/pages\/913","targetHints":{"allow":["GET"]}}],"collection":[{"href":"https:\/\/turismo.concellodeguitiriz.com\/es\/wp-json\/wp\/v2\/pages"}],"about":[{"href":"https:\/\/turismo.concellodeguitiriz.com\/es\/wp-json\/wp\/v2\/types\/page"}],"author":[{"embeddable":true,"href":"https:\/\/turismo.concellodeguitiriz.com\/es\/wp-json\/wp\/v2\/users\/1"}],"replies":[{"embeddable":true,"href":"https:\/\/turismo.concellodeguitiriz.com\/es\/wp-json\/wp\/v2\/comments?post=913"}],"version-history":[{"count":2,"href":"https:\/\/turismo.concellodeguitiriz.com\/es\/wp-json\/wp\/v2\/pages\/913\/revisions"}],"predecessor-version":[{"id":918,"href":"https:\/\/turismo.concellodeguitiriz.com\/es\/wp-json\/wp\/v2\/pages\/913\/revisions\/918"}],"wp:attachment":[{"href":"https:\/\/turismo.concellodeguitiriz.com\/es\/wp-json\/wp\/v2\/media?parent=913"}],"curies":[{"name":"wp","href":"https:\/\/api.w.org\/{rel}","templated":true}]}}