{"id":919,"date":"2021-07-15T19:14:02","date_gmt":"2021-07-15T19:14:02","guid":{"rendered":"https:\/\/turismo.concellodeguitiriz.com\/turismo-de-guitiriz\/"},"modified":"2026-02-12T09:19:24","modified_gmt":"2026-02-12T09:19:24","slug":"turismo-de-guitiriz","status":"publish","type":"page","link":"https:\/\/turismo.concellodeguitiriz.com\/es\/","title":{"rendered":"Turismo de Guitiriz"},"content":{"rendered":"<p>[vc_row full_width=\u00bbstretch_row_content_no_spaces\u00bb foundry_padding=\u00bbpt0 pb0&#8243; foundry_parallax=\u00bbnot-parallax\u00bb el_class=\u00bbfila-video\u00bb][vc_column][vc_raw_html]JTNDdmlkZW8lMjBhdXRvcGxheSUyMGxvb3AlMjBjb250cm9scyUyMG11dGVkJTIwaWQlM0QlMjJteVZpZGVvJTIyJTNFJTBBJTIwJTIwJTNDc291cmNlJTIwc3JjJTNEJTIyJTJGd3AtY29udGVudCUyRnVwbG9hZHMlMkYyMDIxJTJGMDclMkZ2aWRlb19ndWl0aXJpel9pbmljaW8ubXA0JTIyJTIwdHlwZSUzRCUyMnZpZGVvJTJGbXA0JTIyJTNFJTBBJTNDJTJGdmlkZW8lM0U=[\/vc_raw_html][vc_row_inner equal_height=\u00bbyes\u00bb content_placement=\u00bbmiddle\u00bb el_class=\u00bbtitulo-home\u00bb][vc_column_inner][vc_column_text]<\/p>\n<h1 style=\"text-align: center;\">Conoce el Ayuntamiento<br \/>\nde la Piedra y del Agua<\/h1>\n<p>[\/vc_column_text][\/vc_column_inner][\/vc_row_inner][vc_row_inner equal_height=\u00bbyes\u00bb el_class=\u00bbcol-categorias\u00bb][vc_column_inner el_class=\u00bbcaja-btn home\u00bb width=\u00bb1\/3&#8243;][vc_raw_html]JTNDYSUyMGhyZWYlM0QlMjIlMkZlcyUyRnBhcnJvcXVpYXMlMjIlM0UlMEElMDklM0NkaXYlMjBjbGFzcyUzRCUyMndwYl90ZXh0X2NvbHVtbiUyMHdwYl9jb250ZW50X2VsZW1lbnQlMjAlMjB3cGJfYW5pbWF0ZV93aGVuX2FsbW9zdF92aXNpYmxlJTIwd3BiX2ZhZGVJbiUyMGZhZGVJbiUyMHdwYl9zdGFydF9hbmltYXRpb24lMjBhbmltYXRlZCUyMiUzRSUwQSUzQ2RpdiUyMGNsYXNzJTNEJTIyaWNvLXJ1dGFzJTIyJTNFJTNDaW1nJTIwc3JjJTNEJTIyJTJGd3AtY29udGVudCUyRnVwbG9hZHMlMkYyMDIxJTJGMDclMkZjYW1hcmEuc3ZnJTIyJTNFJTIwJTNDaDIlMjBzdHlsZSUzRCUyMnRleHQtYWxpZ24lM0FjZW50ZXIlM0IlMjIlM0VRdSVDMyVBOSUyMHZlciUzQyUyRmgyJTNFJTNDJTJGZGl2JTNFJTBBJTA5JTNDJTJGZGl2JTNFJTBBJTNDJTJGYSUzRQ==[\/vc_raw_html][\/vc_column_inner][vc_column_inner el_class=\u00bbcaja-btn home\u00bb width=\u00bb1\/3&#8243;][vc_raw_html]JTNDYSUyMGhyZWYlM0QlMjIlMkZlcyUyRmNvbmVjZS1ndWl0aXJpeiUyRiUyM3NpdHVhY2lvbiUyMiUzRSUwQSUwOSUzQ2RpdiUyMGNsYXNzJTNEJTIyd3BiX3RleHRfY29sdW1uJTIwd3BiX2NvbnRlbnRfZWxlbWVudCUyMCUyMHdwYl9hbmltYXRlX3doZW5fYWxtb3N0X3Zpc2libGUlMjB3cGJfZmFkZUluJTIwZmFkZUluJTIwd3BiX3N0YXJ0X2FuaW1hdGlvbiUyMGFuaW1hdGVkJTIyJTNFJTBBJTNDZGl2JTIwY2xhc3MlM0QlMjJpY28tcnV0YXMlMjIlM0UlM0NpbWclMjBzcmMlM0QlMjIlMkZ3cC1jb250ZW50JTJGdXBsb2FkcyUyRjIwMjElMkYwNyUyRnViaWNhY2lvbi5zdmclMjIlM0UlMjAlM0NoMiUyMHN0eWxlJTNEJTIydGV4dC1hbGlnbiUzQWNlbnRlciUzQiUyMiUzRUMlQzMlQjNtbyUyMGxsZWdhciUzQyUyRmgyJTNFJTNDJTJGZGl2JTNFJTBBJTA5JTNDJTJGZGl2JTNFJTBBJTNDJTJGYSUzRQ==[\/vc_raw_html][\/vc_column_inner][vc_column_inner el_class=\u00bbcaja-btn home\u00bb width=\u00bb1\/3&#8243;][vc_raw_html]JTNDYSUyMGhyZWYlM0QlMjIlMkZlcyUyRmNvbWVyLWRvcm1pciUyMiUzRSUwQSUwOSUzQ2RpdiUyMGNsYXNzJTNEJTIyd3BiX3RleHRfY29sdW1uJTIwd3BiX2NvbnRlbnRfZWxlbWVudCUyMCUyMHdwYl9hbmltYXRlX3doZW5fYWxtb3N0X3Zpc2libGUlMjB3cGJfZmFkZUluJTIwZmFkZUluJTIwd3BiX3N0YXJ0X2FuaW1hdGlvbiUyMGFuaW1hdGVkJTIyJTNFJTBBJTNDZGl2JTIwY2xhc3MlM0QlMjJpY28tcnV0YXMlMjIlM0UlM0NpbWclMjBzcmMlM0QlMjIlMkZ3cC1jb250ZW50JTJGdXBsb2FkcyUyRjIwMjElMkYwNyUyRmNvbWVyLnN2ZyUyMiUzRSUyMCUzQ2gyJTIwc3R5bGUlM0QlMjJ0ZXh0LWFsaWduJTNBY2VudGVyJTNCJTIyJTNFQ29tZXIlMjB5JTIwZG9ybWlyJTNDJTJGaDIlM0UlM0MlMkZkaXYlM0UlMEElMDklM0MlMkZkaXYlM0UlMEElM0MlMkZhJTNF[\/vc_raw_html][\/vc_column_inner][\/vc_row_inner][\/vc_column][\/vc_row][vc_row foundry_background_style=\u00bbbg-dark\u00bb foundry_padding=\u00bbpt0 pb0&#8243; el_class=\u00bbprefooter-home\u00bb][vc_column width=\u00bb2\/3&#8243; offset=\u00bbvc_col-lg-offset-2 vc_col-md-offset-2&#8243;][vc_row_inner equal_height=\u00bbyes\u00bb content_placement=\u00bbmiddle\u00bb][vc_column_inner width=\u00bb1\/2&#8243;][\/vc_column_inner][vc_column_inner width=\u00bb1\/2&#8243;][vc_single_image image=\u00bb618&#8243; img_size=\u00bbfull\u00bb alignment=\u00bbcenter\u00bb onclick=\u00bbcustom_link\u00bb img_link_target=\u00bb_blank\u00bb el_class=\u00bblogo\u00bb link=\u00bbhttp:\/\/villastermales.es\/villa-termal\/guitiriz\/\u00bb][\/vc_column_inner][\/vc_row_inner][\/vc_column][\/vc_row]<\/p>\n","protected":false},"excerpt":{"rendered":"<p>[vc_row full_width=\u00bbstretch_row_content_no_spaces\u00bb foundry_padding=\u00bbpt0 pb0&#8243; foundry_parallax=\u00bbnot-parallax\u00bb el_class=\u00bbfila-video\u00bb][vc_column][vc_raw_html]JTNDdmlkZW8lMjBhdXRvcGxheSUyMGxvb3AlMjBjb250cm9scyUyMG11dGVkJTIwaWQlM0QlMjJteVZpZGVvJTIyJTNFJTBBJTIwJTIwJTNDc291cmNlJTIwc3JjJTNEJTIyJTJGd3AtY29udGVudCUyRnVwbG9hZHMlMkYyMDIxJTJGMDclMkZ2aWRlb19ndWl0aXJpel9pbmljaW8ubXA0JTIyJTIwdHlwZSUzRCUyMnZpZGVvJTJGbXA0JTIyJTNFJTBBJTNDJTJGdmlkZW8lM0U=[\/vc_raw_html][vc_row_inner equal_height=\u00bbyes\u00bb content_placement=\u00bbmiddle\u00bb el_class=\u00bbtitulo-home\u00bb][vc_column_inner][vc_column_text] Conoce el Ayuntamiento de la Piedra y del Agua [\/vc_column_text][\/vc_column_inner][\/vc_row_inner][vc_row_inner equal_height=\u00bbyes\u00bb el_class=\u00bbcol-categorias\u00bb][vc_column_inner&#8230;<\/p>\n","protected":false},"author":1,"featured_media":0,"parent":0,"menu_order":0,"comment_status":"closed","ping_status":"closed","template":"","meta":{"footnotes":"","_links_to":"","_links_to_target":""},"class_list":["post-919","page","type-page","status-publish","hentry"],"yoast_head":"<!-- This site is optimized with the Yoast SEO plugin v19.13 - https:\/\/yoast.com\/wordpress\/plugins\/seo\/ -->\n<title>Turismo de Guitiriz | Turismo de Guitiriz<\/title>\n<meta name=\"description\" content=\"Conoce el Ayuntamiento de Guitiriz, un entorno id\u00edlico con un gran Patrimonio Hist\u00f3rico-Cultural, entornos naturales y gastronom\u00eda exquisita.\" \/>\n<meta name=\"robots\" content=\"index, follow, max-snippet:-1, max-image-preview:large, max-video-preview:-1\" \/>\n<link rel=\"canonical\" href=\"https:\/\/turismo.concellodeguitiriz.com\/es\/\" \/>\n<meta property=\"og:locale\" content=\"es_ES\" \/>\n<meta property=\"og:type\" content=\"article\" \/>\n<meta property=\"og:title\" content=\"Turismo de Guitiriz\" \/>\n<meta property=\"og:description\" content=\"Conoce el Ayuntamiento de Guitiriz, un entorno id\u00edlico con un gran Patrimonio Hist\u00f3rico-Cultural, entornos naturales y gastronom\u00eda exquisita.\" \/>\n<meta property=\"og:url\" content=\"https:\/\/turismo.concellodeguitiriz.com\/es\/\" \/>\n<meta property=\"og:site_name\" content=\"Turismo de Guitiriz\" \/>\n<meta property=\"article:publisher\" content=\"https:\/\/www.facebook.com\/concellodeguitiriz\/\" \/>\n<meta property=\"article:modified_time\" content=\"2026-02-12T09:19:24+00:00\" \/>\n<meta property=\"og:image\" content=\"https:\/\/turismo.concellodeguitiriz.com\/wp-content\/uploads\/2021\/08\/SEOFB-concellodeguitiriz.jpg\" \/>\n\t<meta property=\"og:image:width\" content=\"2400\" \/>\n\t<meta property=\"og:image:height\" content=\"1260\" \/>\n\t<meta property=\"og:image:type\" content=\"image\/jpeg\" \/>\n<meta name=\"twitter:card\" content=\"summary_large_image\" \/>\n<meta name=\"twitter:title\" content=\"Turismo de Guitiriz\" \/>\n<meta name=\"twitter:description\" content=\"Conoce el Ayuntamiento de Guitiriz, un entorno id\u00edlico con un gran Patrimonio Hist\u00f3rico-Cultural, entornos naturales y gastronom\u00eda exquisita.\" \/>\n<meta name=\"twitter:image\" content=\"https:\/\/turismo.concellodeguitiriz.com\/wp-content\/uploads\/2021\/08\/SEOTW-concellodeguitiriz.jpg\" \/>\n<meta name=\"twitter:label1\" content=\"Tiempo de lectura\" \/>\n\t<meta name=\"twitter:data1\" content=\"1 minuto\" \/>\n<script type=\"application\/ld+json\" class=\"yoast-schema-graph\">{\"@context\":\"https:\/\/schema.org\",\"@graph\":[{\"@type\":\"WebPage\",\"@id\":\"https:\/\/turismo.concellodeguitiriz.com\/es\/\",\"url\":\"https:\/\/turismo.concellodeguitiriz.com\/es\/\",\"name\":\"Turismo de Guitiriz | Turismo de Guitiriz\",\"isPartOf\":{\"@id\":\"https:\/\/turismo.concellodeguitiriz.com\/#website\"},\"datePublished\":\"2021-07-15T19:14:02+00:00\",\"dateModified\":\"2026-02-12T09:19:24+00:00\",\"description\":\"Conoce el Ayuntamiento de Guitiriz, un entorno id\u00edlico con un gran Patrimonio Hist\u00f3rico-Cultural, entornos naturales y gastronom\u00eda exquisita.\",\"breadcrumb\":{\"@id\":\"https:\/\/turismo.concellodeguitiriz.com\/es\/#breadcrumb\"},\"inLanguage\":\"es\",\"potentialAction\":[{\"@type\":\"ReadAction\",\"target\":[\"https:\/\/turismo.concellodeguitiriz.com\/es\/\"]}]},{\"@type\":\"BreadcrumbList\",\"@id\":\"https:\/\/turismo.concellodeguitiriz.com\/es\/#breadcrumb\",\"itemListElement\":[{\"@type\":\"ListItem\",\"position\":1,\"name\":\"Portada\",\"item\":\"https:\/\/turismo.concellodeguitiriz.com\/es\/\"},{\"@type\":\"ListItem\",\"position\":2,\"name\":\"Turismo de Guitiriz\"}]},{\"@type\":\"WebSite\",\"@id\":\"https:\/\/turismo.concellodeguitiriz.com\/#website\",\"url\":\"https:\/\/turismo.concellodeguitiriz.com\/\",\"name\":\"Turismo de Guitiriz\",\"description\":\"Concello de Guitiriz\",\"publisher\":{\"@id\":\"https:\/\/turismo.concellodeguitiriz.com\/#organization\"},\"potentialAction\":[{\"@type\":\"SearchAction\",\"target\":{\"@type\":\"EntryPoint\",\"urlTemplate\":\"https:\/\/turismo.concellodeguitiriz.com\/?s={search_term_string}\"},\"query-input\":\"required name=search_term_string\"}],\"inLanguage\":\"es\"},{\"@type\":\"Organization\",\"@id\":\"https:\/\/turismo.concellodeguitiriz.com\/#organization\",\"name\":\"Turismo Guitiriz\",\"url\":\"https:\/\/turismo.concellodeguitiriz.com\/\",\"logo\":{\"@type\":\"ImageObject\",\"inLanguage\":\"es\",\"@id\":\"https:\/\/turismo.concellodeguitiriz.com\/#\/schema\/logo\/image\/\",\"url\":\"https:\/\/turismo.concellodeguitiriz.com\/wp-content\/uploads\/2021\/06\/g-turismo-logopos.png\",\"contentUrl\":\"https:\/\/turismo.concellodeguitiriz.com\/wp-content\/uploads\/2021\/06\/g-turismo-logopos.png\",\"width\":2001,\"height\":1024,\"caption\":\"Turismo Guitiriz\"},\"image\":{\"@id\":\"https:\/\/turismo.concellodeguitiriz.com\/#\/schema\/logo\/image\/\"},\"sameAs\":[\"https:\/\/www.instagram.com\/guitirizigualdade\/\",\"https:\/\/www.facebook.com\/concellodeguitiriz\/\"]}]}<\/script>\n<!-- \/ Yoast SEO plugin. -->","yoast_head_json":{"title":"Turismo de Guitiriz | Turismo de Guitiriz","description":"Conoce el Ayuntamiento de Guitiriz, un entorno id\u00edlico con un gran Patrimonio Hist\u00f3rico-Cultural, entornos naturales y gastronom\u00eda exquisita.","robots":{"index":"index","follow":"follow","max-snippet":"max-snippet:-1","max-image-preview":"max-image-preview:large","max-video-preview":"max-video-preview:-1"},"canonical":"https:\/\/turismo.concellodeguitiriz.com\/es\/","og_locale":"es_ES","og_type":"article","og_title":"Turismo de Guitiriz","og_description":"Conoce el Ayuntamiento de Guitiriz, un entorno id\u00edlico con un gran Patrimonio Hist\u00f3rico-Cultural, entornos naturales y gastronom\u00eda exquisita.","og_url":"https:\/\/turismo.concellodeguitiriz.com\/es\/","og_site_name":"Turismo de Guitiriz","article_publisher":"https:\/\/www.facebook.com\/concellodeguitiriz\/","article_modified_time":"2026-02-12T09:19:24+00:00","og_image":[{"width":2400,"height":1260,"url":"https:\/\/turismo.concellodeguitiriz.com\/wp-content\/uploads\/2021\/08\/SEOFB-concellodeguitiriz.jpg","type":"image\/jpeg"}],"twitter_card":"summary_large_image","twitter_title":"Turismo de Guitiriz","twitter_description":"Conoce el Ayuntamiento de Guitiriz, un entorno id\u00edlico con un gran Patrimonio Hist\u00f3rico-Cultural, entornos naturales y gastronom\u00eda exquisita.","twitter_image":"https:\/\/turismo.concellodeguitiriz.com\/wp-content\/uploads\/2021\/08\/SEOTW-concellodeguitiriz.jpg","twitter_misc":{"Tiempo de lectura":"1 minuto"},"schema":{"@context":"https:\/\/schema.org","@graph":[{"@type":"WebPage","@id":"https:\/\/turismo.concellodeguitiriz.com\/es\/","url":"https:\/\/turismo.concellodeguitiriz.com\/es\/","name":"Turismo de Guitiriz | Turismo de Guitiriz","isPartOf":{"@id":"https:\/\/turismo.concellodeguitiriz.com\/#website"},"datePublished":"2021-07-15T19:14:02+00:00","dateModified":"2026-02-12T09:19:24+00:00","description":"Conoce el Ayuntamiento de Guitiriz, un entorno id\u00edlico con un gran Patrimonio Hist\u00f3rico-Cultural, entornos naturales y gastronom\u00eda exquisita.","breadcrumb":{"@id":"https:\/\/turismo.concellodeguitiriz.com\/es\/#breadcrumb"},"inLanguage":"es","potentialAction":[{"@type":"ReadAction","target":["https:\/\/turismo.concellodeguitiriz.com\/es\/"]}]},{"@type":"BreadcrumbList","@id":"https:\/\/turismo.concellodeguitiriz.com\/es\/#breadcrumb","itemListElement":[{"@type":"ListItem","position":1,"name":"Portada","item":"https:\/\/turismo.concellodeguitiriz.com\/es\/"},{"@type":"ListItem","position":2,"name":"Turismo de Guitiriz"}]},{"@type":"WebSite","@id":"https:\/\/turismo.concellodeguitiriz.com\/#website","url":"https:\/\/turismo.concellodeguitiriz.com\/","name":"Turismo de Guitiriz","description":"Concello de Guitiriz","publisher":{"@id":"https:\/\/turismo.concellodeguitiriz.com\/#organization"},"potentialAction":[{"@type":"SearchAction","target":{"@type":"EntryPoint","urlTemplate":"https:\/\/turismo.concellodeguitiriz.com\/?s={search_term_string}"},"query-input":"required name=search_term_string"}],"inLanguage":"es"},{"@type":"Organization","@id":"https:\/\/turismo.concellodeguitiriz.com\/#organization","name":"Turismo Guitiriz","url":"https:\/\/turismo.concellodeguitiriz.com\/","logo":{"@type":"ImageObject","inLanguage":"es","@id":"https:\/\/turismo.concellodeguitiriz.com\/#\/schema\/logo\/image\/","url":"https:\/\/turismo.concellodeguitiriz.com\/wp-content\/uploads\/2021\/06\/g-turismo-logopos.png","contentUrl":"https:\/\/turismo.concellodeguitiriz.com\/wp-content\/uploads\/2021\/06\/g-turismo-logopos.png","width":2001,"height":1024,"caption":"Turismo Guitiriz"},"image":{"@id":"https:\/\/turismo.concellodeguitiriz.com\/#\/schema\/logo\/image\/"},"sameAs":["https:\/\/www.instagram.com\/guitirizigualdade\/","https:\/\/www.facebook.com\/concellodeguitiriz\/"]}]}},"_links":{"self":[{"href":"https:\/\/turismo.concellodeguitiriz.com\/es\/wp-json\/wp\/v2\/pages\/919","targetHints":{"allow":["GET"]}}],"collection":[{"href":"https:\/\/turismo.concellodeguitiriz.com\/es\/wp-json\/wp\/v2\/pages"}],"about":[{"href":"https:\/\/turismo.concellodeguitiriz.com\/es\/wp-json\/wp\/v2\/types\/page"}],"author":[{"embeddable":true,"href":"https:\/\/turismo.concellodeguitiriz.com\/es\/wp-json\/wp\/v2\/users\/1"}],"replies":[{"embeddable":true,"href":"https:\/\/turismo.concellodeguitiriz.com\/es\/wp-json\/wp\/v2\/comments?post=919"}],"version-history":[{"count":7,"href":"https:\/\/turismo.concellodeguitiriz.com\/es\/wp-json\/wp\/v2\/pages\/919\/revisions"}],"predecessor-version":[{"id":1469,"href":"https:\/\/turismo.concellodeguitiriz.com\/es\/wp-json\/wp\/v2\/pages\/919\/revisions\/1469"}],"wp:attachment":[{"href":"https:\/\/turismo.concellodeguitiriz.com\/es\/wp-json\/wp\/v2\/media?parent=919"}],"curies":[{"name":"wp","href":"https:\/\/api.w.org\/{rel}","templated":true}]}}